{"id":20352,"date":"2024-11-18T15:50:28","date_gmt":"2024-11-18T15:50:28","guid":{"rendered":"https:\/\/www.karinibutiik.ee\/?post_type=product&#038;p=20352"},"modified":"2025-07-01T00:46:17","modified_gmt":"2025-06-30T21:46:17","slug":"narmastega-gatsby-stiilis-kleit-2","status":"publish","type":"product","link":"https:\/\/www.karinibutiik.ee\/ru\/%d0%bf%d1%80%d0%be%d0%b4%d1%83%d0%ba%d1%82\/narmastega-gatsby-stiilis-kleit-2\/","title":{"rendered":"\u041f\u041b\u0410\u0422\u042c\u0415 \u0412 \u0421\u0422\u0418\u041b\u0415 \u0413\u042d\u0422\u0421\u0411\u0418 \u0421 \u0411\u0410\u0425\u0420\u041e\u041c\u041e\u0419"},"content":{"rendered":"<p>Klientide vaieldamatu lemmik! See mini pikkuses Gatsby stiilis kleit on t\u00f5eline pilgup\u00fc\u00fcdja, mis kiirgab glamuuri ja s\u00e4ra. L\u00e4ikivad detailid ja stiilsed narmad lisavad kleidile d\u00fcnaamilisust ja liikumist, tehes sellest ideaalse valiku pidulikeks s\u00fcndmusteks ja \u00f6\u00f6elu nautimiseks. Kleidiga oled alati t\u00e4helepanu keskpunktis ja s\u00e4rad nagu t\u00f5eline staar.<\/p>","protected":false},"excerpt":{"rendered":"<p>Klientide vaieldamatu lemmik! See mini pikkuses Gatsby stiilis kleit on t\u00f5eline pilgup\u00fc\u00fcdja, mis kiirgab glamuuri ja s\u00e4ra. L\u00e4ikivad detailid ja [&hellip;]<\/p>\n","protected":false},"featured_media":20344,"template":"","meta":{"site-sidebar-layout":"default","site-content-layout":"","ast-site-content-layout":"default","site-content-style":"default","site-sidebar-style":"default","ast-global-header-display":"","ast-banner-title-visibility":"","ast-main-header-display":"","ast-hfb-above-header-display":"","ast-hfb-below-header-display":"","ast-hfb-mobile-header-display":"","site-post-title":"","ast-breadcrumbs-content":"","ast-featured-img":"","footer-sml-layout":"","ast-disable-related-posts":"","theme-transparent-header-meta":"default","adv-header-id-meta":"","stick-header-meta":"default","header-above-stick-meta":"","header-main-stick-meta":"","header-below-stick-meta":"","astra-migrate-meta-layouts":"set","ast-page-background-enabled":"default","ast-page-background-meta":{"desktop":{"background-color":"var(--ast-global-color-4)","background-image":"","background-repeat":"repeat","background-position":"center center","background-size":"auto","background-attachment":"scroll","background-type":"","background-media":"","overlay-type":"","overlay-color":"","overlay-opacity":"","overlay-gradient":""},"tablet":{"background-color":"","background-image":"","background-repeat":"repeat","background-position":"center center","background-size":"auto","background-attachment":"scroll","background-type":"","background-media":"","overlay-type":"","overlay-color":"","overlay-opacity":"","overlay-gradient":""},"mobile":{"background-color":"","background-image":"","background-repeat":"repeat","background-position":"center center","background-size":"auto","background-attachment":"scroll","background-type":"","background-media":"","overlay-type":"","overlay-color":"","overlay-opacity":"","overlay-gradient":""}},"ast-content-background-meta":{"desktop":{"background-color":"var(--ast-global-color-5)","background-image":"","background-repeat":"repeat","background-position":"center center","background-size":"auto","background-attachment":"scroll","background-type":"","background-media":"","overlay-type":"","overlay-color":"","overlay-opacity":"","overlay-gradient":""},"tablet":{"background-color":"var(--ast-global-color-5)","background-image":"","background-repeat":"repeat","background-position":"center center","background-size":"auto","background-attachment":"scroll","background-type":"","background-media":"","overlay-type":"","overlay-color":"","overlay-opacity":"","overlay-gradient":""},"mobile":{"background-color":"var(--ast-global-color-5)","background-image":"","background-repeat":"repeat","background-position":"center center","background-size":"auto","background-attachment":"scroll","background-type":"","background-media":"","overlay-type":"","overlay-color":"","overlay-opacity":"","overlay-gradient":""}}},"product_brand":[],"product_cat":[347,364,346,351],"product_tag":[475,659,596,501,896,922,521,1123,536,96,919,859,864,1122],"class_list":{"0":"post-20352","1":"product","2":"type-product","3":"status-publish","4":"has-post-thumbnail","6":"product_cat-kleidid","7":"product_cat-minikleidid","8":"product_cat-naised","9":"product_cat-uued-tooted","10":"product_tag-dresshouse","11":"product_tag-gatsby-kleit","12":"product_tag-get-dressed","13":"product_tag-karini-butiik","14":"product_tag-naisteriiete-epood","15":"product_tag-pidulikud-naisteriided","16":"product_tag-pidulikud-riided","17":"product_tag-pidulikud-riided-tallinnas","18":"product_tag-pintsakud","19":"product_tag-puksid","20":"product_tag-sadelusega-riided","21":"product_tag-soodsad-naisteriided","22":"product_tag-stiilsed-naisteriided","23":"product_tag-vestid","24":"desktop-align-center","25":"tablet-align-center","26":"mobile-align-center","27":"ast-product-gallery-layout-horizontal-slider","28":"ast-product-single-variable","29":"ast-product-tabs-layout-horizontal","31":"first","32":"outofstock","33":"taxable","34":"shipping-taxable","35":"product-type-variable"},"supplier_id":null,"supplier_sku":"","barcode":null,"atum_controlled":true,"out_stock_date":null,"out_stock_threshold":null,"inheritable":true,"inbound_stock":0,"stock_on_hold":0,"sold_today":0,"sales_last_days":0,"reserved_stock":0,"customer_returns":0,"warehouse_damage":0,"lost_in_post":0,"other_logs":0,"out_stock_days":0,"lost_sales":0,"has_location":false,"update_date":"2025-12-05T11:18:49","atum_locations":[],"atum_stock_status":"outofstock","restock_status":false,"low_stock_amount":"","sales_update_date":"2025-12-05T11:18:49","calc_backorders":null,"yoast_head":"<!-- This site is optimized with the Yoast SEO plugin v26.9 - https:\/\/yoast.com\/product\/yoast-seo-wordpress\/ -->\n<title>NARMASTEGA GATSBY STIILIS KLEIT - Karini Butiik<\/title>\n<meta name=\"description\" content=\"See mini pikkuses Gatsby stiilis kleit on t\u00f5eline pilgup\u00fc\u00fcdja, mis kiirgab glamuuri ja s\u00e4ra. L\u00e4ikivad detailid ja stiilsed narmad lisavad kleidile d\u00fcnaamilisust ja liikumist, tehes sellest ideaalse valiku pidulikeks s\u00fcndmusteks ja \u00f6\u00f6elu nautimiseks.\" \/>\n<meta name=\"robots\" content=\"index, follow, max-snippet:-1, max-image-preview:large, max-video-preview:-1\" \/>\n<link rel=\"canonical\" href=\"https:\/\/www.karinibutiik.ee\/ru\/\u043f\u0440\u043e\u0434\u0443\u043a\u0442\/narmastega-gatsby-stiilis-kleit-2\/\" \/>\n<meta property=\"og:locale\" content=\"ru_RU\" \/>\n<meta property=\"og:type\" content=\"article\" \/>\n<meta property=\"og:title\" content=\"NARMASTEGA GATSBY STIILIS KLEIT - Karini Butiik\" \/>\n<meta property=\"og:description\" content=\"See mini pikkuses Gatsby stiilis kleit on t\u00f5eline pilgup\u00fc\u00fcdja, mis kiirgab glamuuri ja s\u00e4ra. L\u00e4ikivad detailid ja stiilsed narmad lisavad kleidile d\u00fcnaamilisust ja liikumist, tehes sellest ideaalse valiku pidulikeks s\u00fcndmusteks ja \u00f6\u00f6elu nautimiseks.\" \/>\n<meta property=\"og:url\" content=\"https:\/\/www.karinibutiik.ee\/ru\/\u043f\u0440\u043e\u0434\u0443\u043a\u0442\/narmastega-gatsby-stiilis-kleit-2\/\" \/>\n<meta property=\"og:site_name\" content=\"Karini Butiik\" \/>\n<meta property=\"article:publisher\" content=\"https:\/\/www.facebook.com\/karinibutiik.ee\" \/>\n<meta property=\"article:modified_time\" content=\"2025-06-30T21:46:17+00:00\" \/>\n<meta property=\"og:image\" content=\"https:\/\/www.karinibutiik.ee\/wp-content\/uploads\/2024\/11\/241116_Karini_Butiik_Erlend_Staub9-scaled-e1731944545720.jpg\" \/>\n\t<meta property=\"og:image:width\" content=\"1689\" \/>\n\t<meta property=\"og:image:height\" content=\"2248\" \/>\n\t<meta property=\"og:image:type\" content=\"image\/jpeg\" \/>\n<meta name=\"twitter:card\" content=\"summary_large_image\" \/>\n<meta name=\"twitter:label1\" content=\"\u0414\u043e\u0441\u0442\u0443\u043f\u043d\u043e\u0441\u0442\u044c\" \/>\n\t<meta name=\"twitter:data1\" content=\"\u0420\u0430\u0441\u043f\u0440\u043e\u0434\u0430\u043d\u043e\" \/>\n<script type=\"application\/ld+json\" class=\"yoast-schema-graph\">{\"@context\":\"https:\/\/schema.org\",\"@graph\":[{\"@type\":\"WebPage\",\"@id\":\"https:\/\/www.karinibutiik.ee\/toode\/narmastega-gatsby-stiilis-kleit-2\/\",\"url\":\"https:\/\/www.karinibutiik.ee\/toode\/narmastega-gatsby-stiilis-kleit-2\/\",\"name\":\"NARMASTEGA GATSBY STIILIS KLEIT - Karini Butiik\",\"isPartOf\":{\"@id\":\"https:\/\/www.karinibutiik.ee\/#website\"},\"primaryImageOfPage\":{\"@id\":\"https:\/\/www.karinibutiik.ee\/toode\/narmastega-gatsby-stiilis-kleit-2\/#primaryimage\"},\"image\":{\"@id\":\"https:\/\/www.karinibutiik.ee\/toode\/narmastega-gatsby-stiilis-kleit-2\/#primaryimage\"},\"thumbnailUrl\":\"https:\/\/www.karinibutiik.ee\/wp-content\/uploads\/2024\/11\/241116_Karini_Butiik_Erlend_Staub9-scaled-e1731944545720.jpg\",\"datePublished\":\"2024-11-18T15:50:28+00:00\",\"dateModified\":\"2025-06-30T21:46:17+00:00\",\"description\":\"See mini pikkuses Gatsby stiilis kleit on t\u00f5eline pilgup\u00fc\u00fcdja, mis kiirgab glamuuri ja s\u00e4ra. L\u00e4ikivad detailid ja stiilsed narmad lisavad kleidile d\u00fcnaamilisust ja liikumist, tehes sellest ideaalse valiku pidulikeks s\u00fcndmusteks ja \u00f6\u00f6elu nautimiseks.\",\"breadcrumb\":{\"@id\":\"https:\/\/www.karinibutiik.ee\/toode\/narmastega-gatsby-stiilis-kleit-2\/#breadcrumb\"},\"inLanguage\":\"ru-RU\",\"potentialAction\":[{\"@type\":\"ReadAction\",\"target\":[\"https:\/\/www.karinibutiik.ee\/toode\/narmastega-gatsby-stiilis-kleit-2\/\"]}]},{\"@type\":\"ImageObject\",\"inLanguage\":\"ru-RU\",\"@id\":\"https:\/\/www.karinibutiik.ee\/toode\/narmastega-gatsby-stiilis-kleit-2\/#primaryimage\",\"url\":\"https:\/\/www.karinibutiik.ee\/wp-content\/uploads\/2024\/11\/241116_Karini_Butiik_Erlend_Staub9-scaled-e1731944545720.jpg\",\"contentUrl\":\"https:\/\/www.karinibutiik.ee\/wp-content\/uploads\/2024\/11\/241116_Karini_Butiik_Erlend_Staub9-scaled-e1731944545720.jpg\",\"width\":1689,\"height\":2248},{\"@type\":\"BreadcrumbList\",\"@id\":\"https:\/\/www.karinibutiik.ee\/toode\/narmastega-gatsby-stiilis-kleit-2\/#breadcrumb\",\"itemListElement\":[{\"@type\":\"ListItem\",\"position\":1,\"name\":\"Home\",\"item\":\"https:\/\/www.karinibutiik.ee\/\"},{\"@type\":\"ListItem\",\"position\":2,\"name\":\"Pood\",\"item\":\"https:\/\/www.karinibutiik.ee\/pood\/\"},{\"@type\":\"ListItem\",\"position\":3,\"name\":\"NARMASTEGA GATSBY STIILIS KLEIT\"}]},{\"@type\":\"WebSite\",\"@id\":\"https:\/\/www.karinibutiik.ee\/#website\",\"url\":\"https:\/\/www.karinibutiik.ee\/\",\"name\":\"Karini Butiik\",\"description\":\"\",\"publisher\":{\"@id\":\"https:\/\/www.karinibutiik.ee\/#organization\"},\"potentialAction\":[{\"@type\":\"SearchAction\",\"target\":{\"@type\":\"EntryPoint\",\"urlTemplate\":\"https:\/\/www.karinibutiik.ee\/?s={search_term_string}\"},\"query-input\":{\"@type\":\"PropertyValueSpecification\",\"valueRequired\":true,\"valueName\":\"search_term_string\"}}],\"inLanguage\":\"ru-RU\"},{\"@type\":\"Organization\",\"@id\":\"https:\/\/www.karinibutiik.ee\/#organization\",\"name\":\"Karini Butiik\",\"url\":\"https:\/\/www.karinibutiik.ee\/\",\"logo\":{\"@type\":\"ImageObject\",\"inLanguage\":\"ru-RU\",\"@id\":\"https:\/\/www.karinibutiik.ee\/#\/schema\/logo\/image\/\",\"url\":\"https:\/\/www.karinibutiik.ee\/wp-content\/uploads\/2024\/10\/Kuj.-K-koopia.png\",\"contentUrl\":\"https:\/\/www.karinibutiik.ee\/wp-content\/uploads\/2024\/10\/Kuj.-K-koopia.png\",\"width\":500,\"height\":500,\"caption\":\"Karini Butiik\"},\"image\":{\"@id\":\"https:\/\/www.karinibutiik.ee\/#\/schema\/logo\/image\/\"},\"sameAs\":[\"https:\/\/www.facebook.com\/karinibutiik.ee\",\"https:\/\/www.instagram.com\/karinibutiik\"]}]}<\/script>\n<meta property=\"og:availability\" content=\"out of stock\" \/>\n<meta property=\"product:availability\" content=\"out of stock\" \/>\n<meta property=\"product:retailer_item_id\" content=\"0786-1\" \/>\n<meta property=\"product:condition\" content=\"new\" \/>\n<!-- \/ Yoast SEO plugin. -->","yoast_head_json":{"title":"NARMASTEGA GATSBY STIILIS KLEIT - Karini Butiik","description":"See mini pikkuses Gatsby stiilis kleit on t\u00f5eline pilgup\u00fc\u00fcdja, mis kiirgab glamuuri ja s\u00e4ra. L\u00e4ikivad detailid ja stiilsed narmad lisavad kleidile d\u00fcnaamilisust ja liikumist, tehes sellest ideaalse valiku pidulikeks s\u00fcndmusteks ja \u00f6\u00f6elu nautimiseks.","robots":{"index":"index","follow":"follow","max-snippet":"max-snippet:-1","max-image-preview":"max-image-preview:large","max-video-preview":"max-video-preview:-1"},"canonical":"https:\/\/www.karinibutiik.ee\/ru\/\u043f\u0440\u043e\u0434\u0443\u043a\u0442\/narmastega-gatsby-stiilis-kleit-2\/","og_locale":"ru_RU","og_type":"article","og_title":"NARMASTEGA GATSBY STIILIS KLEIT - Karini Butiik","og_description":"See mini pikkuses Gatsby stiilis kleit on t\u00f5eline pilgup\u00fc\u00fcdja, mis kiirgab glamuuri ja s\u00e4ra. L\u00e4ikivad detailid ja stiilsed narmad lisavad kleidile d\u00fcnaamilisust ja liikumist, tehes sellest ideaalse valiku pidulikeks s\u00fcndmusteks ja \u00f6\u00f6elu nautimiseks.","og_url":"https:\/\/www.karinibutiik.ee\/ru\/\u043f\u0440\u043e\u0434\u0443\u043a\u0442\/narmastega-gatsby-stiilis-kleit-2\/","og_site_name":"Karini Butiik","article_publisher":"https:\/\/www.facebook.com\/karinibutiik.ee","article_modified_time":"2025-06-30T21:46:17+00:00","og_image":[{"width":1689,"height":2248,"url":"https:\/\/www.karinibutiik.ee\/wp-content\/uploads\/2024\/11\/241116_Karini_Butiik_Erlend_Staub9-scaled-e1731944545720.jpg","type":"image\/jpeg"}],"twitter_card":"summary_large_image","twitter_misc":{"\u0414\u043e\u0441\u0442\u0443\u043f\u043d\u043e\u0441\u0442\u044c":"\u0420\u0430\u0441\u043f\u0440\u043e\u0434\u0430\u043d\u043e"},"schema":{"@context":"https:\/\/schema.org","@graph":[{"@type":"WebPage","@id":"https:\/\/www.karinibutiik.ee\/toode\/narmastega-gatsby-stiilis-kleit-2\/","url":"https:\/\/www.karinibutiik.ee\/toode\/narmastega-gatsby-stiilis-kleit-2\/","name":"NARMASTEGA GATSBY STIILIS KLEIT - Karini Butiik","isPartOf":{"@id":"https:\/\/www.karinibutiik.ee\/#website"},"primaryImageOfPage":{"@id":"https:\/\/www.karinibutiik.ee\/toode\/narmastega-gatsby-stiilis-kleit-2\/#primaryimage"},"image":{"@id":"https:\/\/www.karinibutiik.ee\/toode\/narmastega-gatsby-stiilis-kleit-2\/#primaryimage"},"thumbnailUrl":"https:\/\/www.karinibutiik.ee\/wp-content\/uploads\/2024\/11\/241116_Karini_Butiik_Erlend_Staub9-scaled-e1731944545720.jpg","datePublished":"2024-11-18T15:50:28+00:00","dateModified":"2025-06-30T21:46:17+00:00","description":"See mini pikkuses Gatsby stiilis kleit on t\u00f5eline pilgup\u00fc\u00fcdja, mis kiirgab glamuuri ja s\u00e4ra. L\u00e4ikivad detailid ja stiilsed narmad lisavad kleidile d\u00fcnaamilisust ja liikumist, tehes sellest ideaalse valiku pidulikeks s\u00fcndmusteks ja \u00f6\u00f6elu nautimiseks.","breadcrumb":{"@id":"https:\/\/www.karinibutiik.ee\/toode\/narmastega-gatsby-stiilis-kleit-2\/#breadcrumb"},"inLanguage":"ru-RU","potentialAction":[{"@type":"ReadAction","target":["https:\/\/www.karinibutiik.ee\/toode\/narmastega-gatsby-stiilis-kleit-2\/"]}]},{"@type":"ImageObject","inLanguage":"ru-RU","@id":"https:\/\/www.karinibutiik.ee\/toode\/narmastega-gatsby-stiilis-kleit-2\/#primaryimage","url":"https:\/\/www.karinibutiik.ee\/wp-content\/uploads\/2024\/11\/241116_Karini_Butiik_Erlend_Staub9-scaled-e1731944545720.jpg","contentUrl":"https:\/\/www.karinibutiik.ee\/wp-content\/uploads\/2024\/11\/241116_Karini_Butiik_Erlend_Staub9-scaled-e1731944545720.jpg","width":1689,"height":2248},{"@type":"BreadcrumbList","@id":"https:\/\/www.karinibutiik.ee\/toode\/narmastega-gatsby-stiilis-kleit-2\/#breadcrumb","itemListElement":[{"@type":"ListItem","position":1,"name":"Home","item":"https:\/\/www.karinibutiik.ee\/"},{"@type":"ListItem","position":2,"name":"Pood","item":"https:\/\/www.karinibutiik.ee\/pood\/"},{"@type":"ListItem","position":3,"name":"NARMASTEGA GATSBY STIILIS KLEIT"}]},{"@type":"WebSite","@id":"https:\/\/www.karinibutiik.ee\/#website","url":"https:\/\/www.karinibutiik.ee\/","name":"\u041a\u0430\u0440\u0438\u043d\u0438 \u0411\u0443\u0442\u0438\u043a","description":"","publisher":{"@id":"https:\/\/www.karinibutiik.ee\/#organization"},"potentialAction":[{"@type":"SearchAction","target":{"@type":"EntryPoint","urlTemplate":"https:\/\/www.karinibutiik.ee\/?s={search_term_string}"},"query-input":{"@type":"PropertyValueSpecification","valueRequired":true,"valueName":"search_term_string"}}],"inLanguage":"ru-RU"},{"@type":"Organization","@id":"https:\/\/www.karinibutiik.ee\/#organization","name":"\u041a\u0430\u0440\u0438\u043d\u0438 \u0411\u0443\u0442\u0438\u043a","url":"https:\/\/www.karinibutiik.ee\/","logo":{"@type":"ImageObject","inLanguage":"ru-RU","@id":"https:\/\/www.karinibutiik.ee\/#\/schema\/logo\/image\/","url":"https:\/\/www.karinibutiik.ee\/wp-content\/uploads\/2024\/10\/Kuj.-K-koopia.png","contentUrl":"https:\/\/www.karinibutiik.ee\/wp-content\/uploads\/2024\/10\/Kuj.-K-koopia.png","width":500,"height":500,"caption":"Karini Butiik"},"image":{"@id":"https:\/\/www.karinibutiik.ee\/#\/schema\/logo\/image\/"},"sameAs":["https:\/\/www.facebook.com\/karinibutiik.ee","https:\/\/www.instagram.com\/karinibutiik"]}]},"og_availability":"out of stock","product_availability":"out of stock","product_retailer_item_id":"0786-1","product_condition":"new"},"_links":{"self":[{"href":"https:\/\/www.karinibutiik.ee\/ru\/wp-json\/wp\/v2\/product\/20352","targetHints":{"allow":["GET"]}}],"collection":[{"href":"https:\/\/www.karinibutiik.ee\/ru\/wp-json\/wp\/v2\/product"}],"about":[{"href":"https:\/\/www.karinibutiik.ee\/ru\/wp-json\/wp\/v2\/types\/product"}],"version-history":[{"count":1,"href":"https:\/\/www.karinibutiik.ee\/ru\/wp-json\/wp\/v2\/product\/20352\/revisions"}],"predecessor-version":[{"id":20354,"href":"https:\/\/www.karinibutiik.ee\/ru\/wp-json\/wp\/v2\/product\/20352\/revisions\/20354"}],"wp:featuredmedia":[{"embeddable":true,"href":"https:\/\/www.karinibutiik.ee\/ru\/wp-json\/wp\/v2\/media\/20344"}],"wp:attachment":[{"href":"https:\/\/www.karinibutiik.ee\/ru\/wp-json\/wp\/v2\/media?parent=20352"}],"wp:term":[{"taxonomy":"product_brand","embeddable":true,"href":"https:\/\/www.karinibutiik.ee\/ru\/wp-json\/wp\/v2\/product_brand?post=20352"},{"taxonomy":"product_cat","embeddable":true,"href":"https:\/\/www.karinibutiik.ee\/ru\/wp-json\/wp\/v2\/product_cat?post=20352"},{"taxonomy":"product_tag","embeddable":true,"href":"https:\/\/www.karinibutiik.ee\/ru\/wp-json\/wp\/v2\/product_tag?post=20352"}],"curies":[{"name":"wp","href":"https:\/\/api.w.org\/{rel}","templated":true}]}}