{"id":21013,"date":"2024-12-19T12:13:50","date_gmt":"2024-12-19T12:13:50","guid":{"rendered":"https:\/\/www.karinibutiik.ee\/?post_type=product&#038;p=21013"},"modified":"2025-07-01T00:45:41","modified_gmt":"2025-06-30T21:45:41","slug":"korsetiga-maksikleit","status":"publish","type":"product","link":"https:\/\/www.karinibutiik.ee\/ru\/%d0%bf%d1%80%d0%be%d0%b4%d1%83%d0%ba%d1%82\/korsetiga-maksikleit\/","title":{"rendered":"KORSETIGA MAKSIKLEIT"},"content":{"rendered":"<p><strong>Korsetiga lilla maksikleit \u2013 luksuslik ja julge valik igaks pidulikuks s\u00fcndmuseks<\/strong><\/p>\n<p>Stiilne lilla maksikleit, millele annab isikup\u00e4ra korsetile iseloomulik n\u00f6\u00f6rs\u00fcsteem seljal, v\u00f5imaldades t\u00e4iuslikku istuvust. Kleiti kaunistab \u00f5rnalt s\u00e4delev kangas, mis p\u00fc\u00fcab valguse ja pilgud igal sammul. Julge l\u00f5hik lisab elegantsust ja liikumisvabadust, tehes sellest ideaalse valiku erilisteks s\u00fcndmusteks. Korsetil\u00f5ige r\u00f5hutab kaunilt taljet, luues glamuurse ja enesekindla v\u00e4limuse.<\/p>\n<p>Sobib suurep\u00e4raselt nii pulmak\u00fclaliseks, gala\u00f5htule kui ka pidulikuks \u00f5htus\u00f6\u00f6giks. T\u00e4ienda oma garderoobi selle pilkup\u00fc\u00fcdva ja ajatult elegantse maksikleidiga!<\/p>","protected":false},"excerpt":{"rendered":"<p>Korsetiga lilla maksikleit \u2013 luksuslik ja julge valik igaks pidulikuks s\u00fcndmuseks Stiilne lilla maksikleit, millele annab isikup\u00e4ra korsetile iseloomulik n\u00f6\u00f6rs\u00fcsteem [&hellip;]<\/p>\n","protected":false},"featured_media":21005,"template":"","meta":{"site-sidebar-layout":"default","site-content-layout":"","ast-site-content-layout":"default","site-content-style":"default","site-sidebar-style":"default","ast-global-header-display":"","ast-banner-title-visibility":"","ast-main-header-display":"","ast-hfb-above-header-display":"","ast-hfb-below-header-display":"","ast-hfb-mobile-header-display":"","site-post-title":"","ast-breadcrumbs-content":"","ast-featured-img":"","footer-sml-layout":"","ast-disable-related-posts":"","theme-transparent-header-meta":"default","adv-header-id-meta":"","stick-header-meta":"default","header-above-stick-meta":"","header-main-stick-meta":"","header-below-stick-meta":"","astra-migrate-meta-layouts":"set","ast-page-background-enabled":"default","ast-page-background-meta":{"desktop":{"background-color":"var(--ast-global-color-4)","background-image":"","background-repeat":"repeat","background-position":"center center","background-size":"auto","background-attachment":"scroll","background-type":"","background-media":"","overlay-type":"","overlay-color":"","overlay-opacity":"","overlay-gradient":""},"tablet":{"background-color":"","background-image":"","background-repeat":"repeat","background-position":"center center","background-size":"auto","background-attachment":"scroll","background-type":"","background-media":"","overlay-type":"","overlay-color":"","overlay-opacity":"","overlay-gradient":""},"mobile":{"background-color":"","background-image":"","background-repeat":"repeat","background-position":"center center","background-size":"auto","background-attachment":"scroll","background-type":"","background-media":"","overlay-type":"","overlay-color":"","overlay-opacity":"","overlay-gradient":""}},"ast-content-background-meta":{"desktop":{"background-color":"var(--ast-global-color-5)","background-image":"","background-repeat":"repeat","background-position":"center center","background-size":"auto","background-attachment":"scroll","background-type":"","background-media":"","overlay-type":"","overlay-color":"","overlay-opacity":"","overlay-gradient":""},"tablet":{"background-color":"var(--ast-global-color-5)","background-image":"","background-repeat":"repeat","background-position":"center center","background-size":"auto","background-attachment":"scroll","background-type":"","background-media":"","overlay-type":"","overlay-color":"","overlay-opacity":"","overlay-gradient":""},"mobile":{"background-color":"var(--ast-global-color-5)","background-image":"","background-repeat":"repeat","background-position":"center center","background-size":"auto","background-attachment":"scroll","background-type":"","background-media":"","overlay-type":"","overlay-color":"","overlay-opacity":"","overlay-gradient":""}}},"product_brand":[],"product_cat":[347,377,348,357,346,351],"product_tag":[475,1193,596,501,940,933,1194,1192,1190,90,109,738,1195,1046],"class_list":{"0":"post-21013","1":"product","2":"type-product","3":"status-publish","4":"has-post-thumbnail","6":"product_cat-kleidid","7":"product_cat-litter-ja-glitterkleidid","8":"product_cat-lopukleidid","9":"product_cat-maksikleidid","10":"product_cat-naised","11":"product_cat-uued-tooted","12":"product_tag-dresshouse","13":"product_tag-gala-kleidid","14":"product_tag-get-dressed","15":"product_tag-karini-butiik","16":"product_tag-kleididbutiik","17":"product_tag-kleitide-epood","18":"product_tag-koolilopu-kleit","19":"product_tag-koretiga-maksikleit","20":"product_tag-lilla-maksikleit","21":"product_tag-lopukleit","22":"product_tag-maksikleit","23":"product_tag-pidulik-kleit","24":"product_tag-pidulikud-kleidid-tallinnas","25":"product_tag-stiilsed-peokleidid","26":"desktop-align-center","27":"tablet-align-center","28":"mobile-align-center","29":"ast-product-gallery-layout-horizontal-slider","30":"ast-product-single-variable","31":"ast-product-tabs-layout-horizontal","33":"first","34":"outofstock","35":"taxable","36":"shipping-taxable","37":"product-type-variable"},"supplier_id":null,"supplier_sku":"","barcode":null,"atum_controlled":true,"out_stock_date":null,"out_stock_threshold":null,"inheritable":true,"inbound_stock":0,"stock_on_hold":0,"sold_today":0,"sales_last_days":0,"reserved_stock":0,"customer_returns":0,"warehouse_damage":0,"lost_in_post":0,"other_logs":0,"out_stock_days":0,"lost_sales":0,"has_location":false,"update_date":"2025-12-02T01:20:03","atum_locations":[],"atum_stock_status":"outofstock","restock_status":false,"low_stock_amount":"","sales_update_date":"2025-12-02T01:20:03","calc_backorders":null,"yoast_head":"<!-- This site is optimized with the Yoast SEO plugin v26.9 - https:\/\/yoast.com\/product\/yoast-seo-wordpress\/ -->\n<title>KORSETIGA MAKSIKLEIT - Karini Butiik<\/title>\n<meta name=\"description\" content=\"Elegantne lilla maksikleit korsetiga, l\u00f5hikuga ja \u00f5rnalt s\u00e4deleva kangaga. Seljal korsetile omased pingutusn\u00f6\u00f6rid lisavad stiili ja ideaalset istuvust. \ud83d\udc9c\" \/>\n<meta name=\"robots\" content=\"index, follow, max-snippet:-1, max-image-preview:large, max-video-preview:-1\" \/>\n<link rel=\"canonical\" href=\"https:\/\/www.karinibutiik.ee\/ru\/\u043f\u0440\u043e\u0434\u0443\u043a\u0442\/korsetiga-maksikleit\/\" \/>\n<meta property=\"og:locale\" content=\"ru_RU\" \/>\n<meta property=\"og:type\" content=\"article\" \/>\n<meta property=\"og:title\" content=\"KORSETIGA MAKSIKLEIT - Karini Butiik\" \/>\n<meta property=\"og:description\" content=\"Elegantne lilla maksikleit korsetiga, l\u00f5hikuga ja \u00f5rnalt s\u00e4deleva kangaga. Seljal korsetile omased pingutusn\u00f6\u00f6rid lisavad stiili ja ideaalset istuvust. \ud83d\udc9c\" \/>\n<meta property=\"og:url\" content=\"https:\/\/www.karinibutiik.ee\/ru\/\u043f\u0440\u043e\u0434\u0443\u043a\u0442\/korsetiga-maksikleit\/\" \/>\n<meta property=\"og:site_name\" content=\"Karini Butiik\" \/>\n<meta property=\"article:publisher\" content=\"https:\/\/www.facebook.com\/karinibutiik.ee\" \/>\n<meta property=\"article:modified_time\" content=\"2025-06-30T21:45:41+00:00\" \/>\n<meta property=\"og:image\" content=\"https:\/\/www.karinibutiik.ee\/wp-content\/uploads\/2024\/12\/f281b11f-f5ae-4268-b1b3-5dd441812beb.jpeg\" \/>\n\t<meta property=\"og:image:width\" content=\"1320\" \/>\n\t<meta property=\"og:image:height\" content=\"1650\" \/>\n\t<meta property=\"og:image:type\" content=\"image\/jpeg\" \/>\n<meta name=\"twitter:card\" content=\"summary_large_image\" \/>\n<meta name=\"twitter:label1\" content=\"\u0414\u043e\u0441\u0442\u0443\u043f\u043d\u043e\u0441\u0442\u044c\" \/>\n\t<meta name=\"twitter:data1\" content=\"\u0420\u0430\u0441\u043f\u0440\u043e\u0434\u0430\u043d\u043e\" \/>\n<script type=\"application\/ld+json\" class=\"yoast-schema-graph\">{\"@context\":\"https:\/\/schema.org\",\"@graph\":[{\"@type\":\"WebPage\",\"@id\":\"https:\/\/www.karinibutiik.ee\/toode\/korsetiga-maksikleit\/\",\"url\":\"https:\/\/www.karinibutiik.ee\/toode\/korsetiga-maksikleit\/\",\"name\":\"KORSETIGA MAKSIKLEIT - Karini Butiik\",\"isPartOf\":{\"@id\":\"https:\/\/www.karinibutiik.ee\/#website\"},\"primaryImageOfPage\":{\"@id\":\"https:\/\/www.karinibutiik.ee\/toode\/korsetiga-maksikleit\/#primaryimage\"},\"image\":{\"@id\":\"https:\/\/www.karinibutiik.ee\/toode\/korsetiga-maksikleit\/#primaryimage\"},\"thumbnailUrl\":\"https:\/\/www.karinibutiik.ee\/wp-content\/uploads\/2024\/12\/f281b11f-f5ae-4268-b1b3-5dd441812beb.jpeg\",\"datePublished\":\"2024-12-19T12:13:50+00:00\",\"dateModified\":\"2025-06-30T21:45:41+00:00\",\"description\":\"Elegantne lilla maksikleit korsetiga, l\u00f5hikuga ja \u00f5rnalt s\u00e4deleva kangaga. Seljal korsetile omased pingutusn\u00f6\u00f6rid lisavad stiili ja ideaalset istuvust. \ud83d\udc9c\",\"breadcrumb\":{\"@id\":\"https:\/\/www.karinibutiik.ee\/toode\/korsetiga-maksikleit\/#breadcrumb\"},\"inLanguage\":\"ru-RU\",\"potentialAction\":[{\"@type\":\"ReadAction\",\"target\":[\"https:\/\/www.karinibutiik.ee\/toode\/korsetiga-maksikleit\/\"]}]},{\"@type\":\"ImageObject\",\"inLanguage\":\"ru-RU\",\"@id\":\"https:\/\/www.karinibutiik.ee\/toode\/korsetiga-maksikleit\/#primaryimage\",\"url\":\"https:\/\/www.karinibutiik.ee\/wp-content\/uploads\/2024\/12\/f281b11f-f5ae-4268-b1b3-5dd441812beb.jpeg\",\"contentUrl\":\"https:\/\/www.karinibutiik.ee\/wp-content\/uploads\/2024\/12\/f281b11f-f5ae-4268-b1b3-5dd441812beb.jpeg\",\"width\":1320,\"height\":1650},{\"@type\":\"BreadcrumbList\",\"@id\":\"https:\/\/www.karinibutiik.ee\/toode\/korsetiga-maksikleit\/#breadcrumb\",\"itemListElement\":[{\"@type\":\"ListItem\",\"position\":1,\"name\":\"Home\",\"item\":\"https:\/\/www.karinibutiik.ee\/\"},{\"@type\":\"ListItem\",\"position\":2,\"name\":\"Pood\",\"item\":\"https:\/\/www.karinibutiik.ee\/pood\/\"},{\"@type\":\"ListItem\",\"position\":3,\"name\":\"KORSETIGA MAKSIKLEIT\"}]},{\"@type\":\"WebSite\",\"@id\":\"https:\/\/www.karinibutiik.ee\/#website\",\"url\":\"https:\/\/www.karinibutiik.ee\/\",\"name\":\"Karini Butiik\",\"description\":\"\",\"publisher\":{\"@id\":\"https:\/\/www.karinibutiik.ee\/#organization\"},\"potentialAction\":[{\"@type\":\"SearchAction\",\"target\":{\"@type\":\"EntryPoint\",\"urlTemplate\":\"https:\/\/www.karinibutiik.ee\/?s={search_term_string}\"},\"query-input\":{\"@type\":\"PropertyValueSpecification\",\"valueRequired\":true,\"valueName\":\"search_term_string\"}}],\"inLanguage\":\"ru-RU\"},{\"@type\":\"Organization\",\"@id\":\"https:\/\/www.karinibutiik.ee\/#organization\",\"name\":\"Karini Butiik\",\"url\":\"https:\/\/www.karinibutiik.ee\/\",\"logo\":{\"@type\":\"ImageObject\",\"inLanguage\":\"ru-RU\",\"@id\":\"https:\/\/www.karinibutiik.ee\/#\/schema\/logo\/image\/\",\"url\":\"https:\/\/www.karinibutiik.ee\/wp-content\/uploads\/2024\/10\/Kuj.-K-koopia.png\",\"contentUrl\":\"https:\/\/www.karinibutiik.ee\/wp-content\/uploads\/2024\/10\/Kuj.-K-koopia.png\",\"width\":500,\"height\":500,\"caption\":\"Karini Butiik\"},\"image\":{\"@id\":\"https:\/\/www.karinibutiik.ee\/#\/schema\/logo\/image\/\"},\"sameAs\":[\"https:\/\/www.facebook.com\/karinibutiik.ee\",\"https:\/\/www.instagram.com\/karinibutiik\"]}]}<\/script>\n<meta property=\"og:availability\" content=\"out of stock\" \/>\n<meta property=\"product:availability\" content=\"out of stock\" \/>\n<meta property=\"product:retailer_item_id\" content=\"2777\" \/>\n<meta property=\"product:condition\" content=\"new\" \/>\n<!-- \/ Yoast SEO plugin. -->","yoast_head_json":{"title":"KORSETIGA MAKSIKLEIT - Karini Butiik","description":"Elegantne lilla maksikleit korsetiga, l\u00f5hikuga ja \u00f5rnalt s\u00e4deleva kangaga. Seljal korsetile omased pingutusn\u00f6\u00f6rid lisavad stiili ja ideaalset istuvust. \ud83d\udc9c","robots":{"index":"index","follow":"follow","max-snippet":"max-snippet:-1","max-image-preview":"max-image-preview:large","max-video-preview":"max-video-preview:-1"},"canonical":"https:\/\/www.karinibutiik.ee\/ru\/\u043f\u0440\u043e\u0434\u0443\u043a\u0442\/korsetiga-maksikleit\/","og_locale":"ru_RU","og_type":"article","og_title":"KORSETIGA MAKSIKLEIT - Karini Butiik","og_description":"Elegantne lilla maksikleit korsetiga, l\u00f5hikuga ja \u00f5rnalt s\u00e4deleva kangaga. Seljal korsetile omased pingutusn\u00f6\u00f6rid lisavad stiili ja ideaalset istuvust. \ud83d\udc9c","og_url":"https:\/\/www.karinibutiik.ee\/ru\/\u043f\u0440\u043e\u0434\u0443\u043a\u0442\/korsetiga-maksikleit\/","og_site_name":"Karini Butiik","article_publisher":"https:\/\/www.facebook.com\/karinibutiik.ee","article_modified_time":"2025-06-30T21:45:41+00:00","og_image":[{"width":1320,"height":1650,"url":"https:\/\/www.karinibutiik.ee\/wp-content\/uploads\/2024\/12\/f281b11f-f5ae-4268-b1b3-5dd441812beb.jpeg","type":"image\/jpeg"}],"twitter_card":"summary_large_image","twitter_misc":{"\u0414\u043e\u0441\u0442\u0443\u043f\u043d\u043e\u0441\u0442\u044c":"\u0420\u0430\u0441\u043f\u0440\u043e\u0434\u0430\u043d\u043e"},"schema":{"@context":"https:\/\/schema.org","@graph":[{"@type":"WebPage","@id":"https:\/\/www.karinibutiik.ee\/toode\/korsetiga-maksikleit\/","url":"https:\/\/www.karinibutiik.ee\/toode\/korsetiga-maksikleit\/","name":"KORSETIGA MAKSIKLEIT - Karini Butiik","isPartOf":{"@id":"https:\/\/www.karinibutiik.ee\/#website"},"primaryImageOfPage":{"@id":"https:\/\/www.karinibutiik.ee\/toode\/korsetiga-maksikleit\/#primaryimage"},"image":{"@id":"https:\/\/www.karinibutiik.ee\/toode\/korsetiga-maksikleit\/#primaryimage"},"thumbnailUrl":"https:\/\/www.karinibutiik.ee\/wp-content\/uploads\/2024\/12\/f281b11f-f5ae-4268-b1b3-5dd441812beb.jpeg","datePublished":"2024-12-19T12:13:50+00:00","dateModified":"2025-06-30T21:45:41+00:00","description":"Elegantne lilla maksikleit korsetiga, l\u00f5hikuga ja \u00f5rnalt s\u00e4deleva kangaga. Seljal korsetile omased pingutusn\u00f6\u00f6rid lisavad stiili ja ideaalset istuvust. \ud83d\udc9c","breadcrumb":{"@id":"https:\/\/www.karinibutiik.ee\/toode\/korsetiga-maksikleit\/#breadcrumb"},"inLanguage":"ru-RU","potentialAction":[{"@type":"ReadAction","target":["https:\/\/www.karinibutiik.ee\/toode\/korsetiga-maksikleit\/"]}]},{"@type":"ImageObject","inLanguage":"ru-RU","@id":"https:\/\/www.karinibutiik.ee\/toode\/korsetiga-maksikleit\/#primaryimage","url":"https:\/\/www.karinibutiik.ee\/wp-content\/uploads\/2024\/12\/f281b11f-f5ae-4268-b1b3-5dd441812beb.jpeg","contentUrl":"https:\/\/www.karinibutiik.ee\/wp-content\/uploads\/2024\/12\/f281b11f-f5ae-4268-b1b3-5dd441812beb.jpeg","width":1320,"height":1650},{"@type":"BreadcrumbList","@id":"https:\/\/www.karinibutiik.ee\/toode\/korsetiga-maksikleit\/#breadcrumb","itemListElement":[{"@type":"ListItem","position":1,"name":"Home","item":"https:\/\/www.karinibutiik.ee\/"},{"@type":"ListItem","position":2,"name":"Pood","item":"https:\/\/www.karinibutiik.ee\/pood\/"},{"@type":"ListItem","position":3,"name":"KORSETIGA MAKSIKLEIT"}]},{"@type":"WebSite","@id":"https:\/\/www.karinibutiik.ee\/#website","url":"https:\/\/www.karinibutiik.ee\/","name":"\u041a\u0430\u0440\u0438\u043d\u0438 \u0411\u0443\u0442\u0438\u043a","description":"","publisher":{"@id":"https:\/\/www.karinibutiik.ee\/#organization"},"potentialAction":[{"@type":"SearchAction","target":{"@type":"EntryPoint","urlTemplate":"https:\/\/www.karinibutiik.ee\/?s={search_term_string}"},"query-input":{"@type":"PropertyValueSpecification","valueRequired":true,"valueName":"search_term_string"}}],"inLanguage":"ru-RU"},{"@type":"Organization","@id":"https:\/\/www.karinibutiik.ee\/#organization","name":"\u041a\u0430\u0440\u0438\u043d\u0438 \u0411\u0443\u0442\u0438\u043a","url":"https:\/\/www.karinibutiik.ee\/","logo":{"@type":"ImageObject","inLanguage":"ru-RU","@id":"https:\/\/www.karinibutiik.ee\/#\/schema\/logo\/image\/","url":"https:\/\/www.karinibutiik.ee\/wp-content\/uploads\/2024\/10\/Kuj.-K-koopia.png","contentUrl":"https:\/\/www.karinibutiik.ee\/wp-content\/uploads\/2024\/10\/Kuj.-K-koopia.png","width":500,"height":500,"caption":"Karini Butiik"},"image":{"@id":"https:\/\/www.karinibutiik.ee\/#\/schema\/logo\/image\/"},"sameAs":["https:\/\/www.facebook.com\/karinibutiik.ee","https:\/\/www.instagram.com\/karinibutiik"]}]},"og_availability":"out of stock","product_availability":"out of stock","product_retailer_item_id":"2777","product_condition":"new"},"_links":{"self":[{"href":"https:\/\/www.karinibutiik.ee\/ru\/wp-json\/wp\/v2\/product\/21013","targetHints":{"allow":["GET"]}}],"collection":[{"href":"https:\/\/www.karinibutiik.ee\/ru\/wp-json\/wp\/v2\/product"}],"about":[{"href":"https:\/\/www.karinibutiik.ee\/ru\/wp-json\/wp\/v2\/types\/product"}],"version-history":[{"count":1,"href":"https:\/\/www.karinibutiik.ee\/ru\/wp-json\/wp\/v2\/product\/21013\/revisions"}],"predecessor-version":[{"id":21019,"href":"https:\/\/www.karinibutiik.ee\/ru\/wp-json\/wp\/v2\/product\/21013\/revisions\/21019"}],"wp:featuredmedia":[{"embeddable":true,"href":"https:\/\/www.karinibutiik.ee\/ru\/wp-json\/wp\/v2\/media\/21005"}],"wp:attachment":[{"href":"https:\/\/www.karinibutiik.ee\/ru\/wp-json\/wp\/v2\/media?parent=21013"}],"wp:term":[{"taxonomy":"product_brand","embeddable":true,"href":"https:\/\/www.karinibutiik.ee\/ru\/wp-json\/wp\/v2\/product_brand?post=21013"},{"taxonomy":"product_cat","embeddable":true,"href":"https:\/\/www.karinibutiik.ee\/ru\/wp-json\/wp\/v2\/product_cat?post=21013"},{"taxonomy":"product_tag","embeddable":true,"href":"https:\/\/www.karinibutiik.ee\/ru\/wp-json\/wp\/v2\/product_tag?post=21013"}],"curies":[{"name":"wp","href":"https:\/\/api.w.org\/{rel}","templated":true}]}}