{"id":21306,"date":"2025-02-10T20:04:36","date_gmt":"2025-02-10T20:04:36","guid":{"rendered":"https:\/\/www.karinibutiik.ee\/?post_type=product&#038;p=21306"},"modified":"2025-07-01T00:45:25","modified_gmt":"2025-06-30T21:45:25","slug":"oversize-pehme-kampsun","status":"publish","type":"product","link":"https:\/\/www.karinibutiik.ee\/ru\/%d0%bf%d1%80%d0%be%d0%b4%d1%83%d0%ba%d1%82\/oversize-pehme-kampsun\/","title":{"rendered":"\u041c\u044f\u0433\u043a\u0438\u0439 \u043a\u0430\u0440\u0434\u0438\u0433\u0430\u043d \u0432 \u0441\u0442\u0438\u043b\u0435 \u043e\u0432\u0435\u0440\u0441\u0430\u0439\u0437"},"content":{"rendered":"<p><strong>Oversize pehme ja stiilne kampsun<\/strong><\/p>\n<p>Naudi \u00fclimat mugavust ja stiili meie oversize kampsuniga! \u2728 Pehmest ja kvaliteetsest materjalist valmistatud kampsun on ideaalne valik nii igap\u00e4evaseks kandmiseks kui ka hubasteks \u00f5htuteks. Selle avar l\u00f5ige tagab maksimaalse mugavuse ja sobib XS\u2013M suurusele kandjale.<\/p>\n<p><strong>\u041e\u0441\u043e\u0431\u0435\u043d\u043d\u043e\u0441\u0442\u0438:<\/strong><br \/>\n\u2714 <strong>Oversize l\u00f5ige<\/strong> \u2013 trendikas ja mugav istuvus<br \/>\n\u2714 <strong>Pehme ja soe materjal<\/strong> \u2013 60% akr\u00fc\u00fcl, 17% poluamiid, 9% vill, 9% viskoos<br \/>\n\u2714 <strong>Universaalne suurus<\/strong> \u2013 sobib XS\u2013M kandjale<br \/>\n\u2714 <strong>Mitmed lummavad v\u00e4rvitoonid<\/strong> \u2013 vali oma lemmik!<\/p>\n<p>T\u00e4ienda oma garderoobi stiilse ja praktilise kampsuniga, mis pakub nii soojust kui ka moekat v\u00e4limust!<\/p>","protected":false},"excerpt":{"rendered":"<div style=\"width: 1080px;\" class=\"wp-video\"><video class=\"wp-video-shortcode\" id=\"video-21306-1\" width=\"1080\" height=\"1920\" preload=\"metadata\" controls=\"controls\"><source type=\"video\/mp4\" src=\"https:\/\/www.karinibutiik.ee\/wp-content\/uploads\/2025\/02\/70de3dd99f8a4815aeff8639247032e7.mp4?_=1\" \/><a href=\"https:\/\/www.karinibutiik.ee\/wp-content\/uploads\/2025\/02\/70de3dd99f8a4815aeff8639247032e7.mp4\">https:\/\/www.karinibutiik.ee\/wp-content\/uploads\/2025\/02\/70de3dd99f8a4815aeff8639247032e7.mp4<\/a><\/video><\/div>","protected":false},"featured_media":21292,"template":"","meta":{"site-sidebar-layout":"default","site-content-layout":"","ast-site-content-layout":"default","site-content-style":"default","site-sidebar-style":"default","ast-global-header-display":"","ast-banner-title-visibility":"","ast-main-header-display":"","ast-hfb-above-header-display":"","ast-hfb-below-header-display":"","ast-hfb-mobile-header-display":"","site-post-title":"","ast-breadcrumbs-content":"","ast-featured-img":"","footer-sml-layout":"","ast-disable-related-posts":"","theme-transparent-header-meta":"default","adv-header-id-meta":"","stick-header-meta":"default","header-above-stick-meta":"","header-main-stick-meta":"","header-below-stick-meta":"","astra-migrate-meta-layouts":"set","ast-page-background-enabled":"default","ast-page-background-meta":{"desktop":{"background-color":"var(--ast-global-color-4)","background-image":"","background-repeat":"repeat","background-position":"center center","background-size":"auto","background-attachment":"scroll","background-type":"","background-media":"","overlay-type":"","overlay-color":"","overlay-opacity":"","overlay-gradient":""},"tablet":{"background-color":"","background-image":"","background-repeat":"repeat","background-position":"center center","background-size":"auto","background-attachment":"scroll","background-type":"","background-media":"","overlay-type":"","overlay-color":"","overlay-opacity":"","overlay-gradient":""},"mobile":{"background-color":"","background-image":"","background-repeat":"repeat","background-position":"center center","background-size":"auto","background-attachment":"scroll","background-type":"","background-media":"","overlay-type":"","overlay-color":"","overlay-opacity":"","overlay-gradient":""}},"ast-content-background-meta":{"desktop":{"background-color":"var(--ast-global-color-5)","background-image":"","background-repeat":"repeat","background-position":"center center","background-size":"auto","background-attachment":"scroll","background-type":"","background-media":"","overlay-type":"","overlay-color":"","overlay-opacity":"","overlay-gradient":""},"tablet":{"background-color":"var(--ast-global-color-5)","background-image":"","background-repeat":"repeat","background-position":"center center","background-size":"auto","background-attachment":"scroll","background-type":"","background-media":"","overlay-type":"","overlay-color":"","overlay-opacity":"","overlay-gradient":""},"mobile":{"background-color":"var(--ast-global-color-5)","background-image":"","background-repeat":"repeat","background-position":"center center","background-size":"auto","background-attachment":"scroll","background-type":"","background-media":"","overlay-type":"","overlay-color":"","overlay-opacity":"","overlay-gradient":""}}},"product_brand":[],"product_cat":[452,346,370,351],"product_tag":[501,1200,1128,864,824,1199],"class_list":{"0":"post-21306","1":"product","2":"type-product","3":"status-publish","4":"has-post-thumbnail","6":"product_cat-bestseller","7":"product_cat-naised","8":"product_cat-kampsunid","9":"product_cat-uued-tooted","10":"product_tag-karini-butiik","11":"product_tag-pehme-ja-soe","12":"product_tag-pehme-kampsun","13":"product_tag-stiilsed-naisteriided","14":"product_tag-vabaaja-riided-naistele","15":"product_tag-villane-kampsun","16":"desktop-align-center","17":"tablet-align-center","18":"mobile-align-center","19":"ast-product-gallery-layout-horizontal-slider","20":"ast-product-single-variable","21":"ast-product-tabs-layout-horizontal","23":"first","24":"outofstock","25":"taxable","26":"shipping-taxable","27":"product-type-variable"},"supplier_id":null,"supplier_sku":"","barcode":null,"atum_controlled":true,"out_stock_date":null,"out_stock_threshold":null,"inheritable":true,"inbound_stock":null,"stock_on_hold":0,"sold_today":0,"sales_last_days":0,"reserved_stock":0,"customer_returns":null,"warehouse_damage":0,"lost_in_post":null,"other_logs":0,"out_stock_days":0,"lost_sales":0,"has_location":false,"update_date":"2025-12-02T01:20:12","atum_locations":[],"atum_stock_status":"outofstock","restock_status":false,"low_stock_amount":"","sales_update_date":"2025-12-02T01:20:12","calc_backorders":null,"yoast_head":"<!-- This site is optimized with the Yoast SEO plugin v26.9 - https:\/\/yoast.com\/product\/yoast-seo-wordpress\/ -->\n<title>Oversize pehme kampsun - Karini Butiik<\/title>\n<meta name=\"description\" content=\"Stiilne ja pehme oversize kampsun, mis pakub maksimaalset mugavust ja soojust. Universaalne suurus sobib XS\u2013M kandjale. Saadaval mitmes kaunis v\u00e4rvitoonis! \u2728\" \/>\n<meta name=\"robots\" content=\"index, follow, max-snippet:-1, max-image-preview:large, max-video-preview:-1\" \/>\n<link rel=\"canonical\" href=\"https:\/\/www.karinibutiik.ee\/ru\/\u043f\u0440\u043e\u0434\u0443\u043a\u0442\/oversize-pehme-kampsun\/\" \/>\n<meta property=\"og:locale\" content=\"ru_RU\" \/>\n<meta property=\"og:type\" content=\"article\" \/>\n<meta property=\"og:title\" content=\"Oversize pehme kampsun - Karini Butiik\" \/>\n<meta property=\"og:description\" content=\"Stiilne ja pehme oversize kampsun, mis pakub maksimaalset mugavust ja soojust. Universaalne suurus sobib XS\u2013M kandjale. Saadaval mitmes kaunis v\u00e4rvitoonis! \u2728\" \/>\n<meta property=\"og:url\" content=\"https:\/\/www.karinibutiik.ee\/ru\/\u043f\u0440\u043e\u0434\u0443\u043a\u0442\/oversize-pehme-kampsun\/\" \/>\n<meta property=\"og:site_name\" content=\"Karini Butiik\" \/>\n<meta property=\"article:publisher\" content=\"https:\/\/www.facebook.com\/karinibutiik.ee\" \/>\n<meta property=\"article:modified_time\" content=\"2025-06-30T21:45:25+00:00\" \/>\n<meta property=\"og:image\" content=\"https:\/\/www.karinibutiik.ee\/wp-content\/uploads\/2025\/02\/IMG_8406.jpeg\" \/>\n\t<meta property=\"og:image:width\" content=\"1179\" \/>\n\t<meta property=\"og:image:height\" content=\"1397\" \/>\n\t<meta property=\"og:image:type\" content=\"image\/jpeg\" \/>\n<meta name=\"twitter:card\" content=\"summary_large_image\" \/>\n<meta name=\"twitter:label1\" content=\"\u0414\u043e\u0441\u0442\u0443\u043f\u043d\u043e\u0441\u0442\u044c\" \/>\n\t<meta name=\"twitter:data1\" content=\"\u0420\u0430\u0441\u043f\u0440\u043e\u0434\u0430\u043d\u043e\" \/>\n<script type=\"application\/ld+json\" class=\"yoast-schema-graph\">{\"@context\":\"https:\/\/schema.org\",\"@graph\":[{\"@type\":\"WebPage\",\"@id\":\"https:\/\/www.karinibutiik.ee\/toode\/oversize-pehme-kampsun\/\",\"url\":\"https:\/\/www.karinibutiik.ee\/toode\/oversize-pehme-kampsun\/\",\"name\":\"Oversize pehme kampsun - Karini Butiik\",\"isPartOf\":{\"@id\":\"https:\/\/www.karinibutiik.ee\/#website\"},\"primaryImageOfPage\":{\"@id\":\"https:\/\/www.karinibutiik.ee\/toode\/oversize-pehme-kampsun\/#primaryimage\"},\"image\":{\"@id\":\"https:\/\/www.karinibutiik.ee\/toode\/oversize-pehme-kampsun\/#primaryimage\"},\"thumbnailUrl\":\"https:\/\/www.karinibutiik.ee\/wp-content\/uploads\/2025\/02\/IMG_8406.jpeg\",\"datePublished\":\"2025-02-10T20:04:36+00:00\",\"dateModified\":\"2025-06-30T21:45:25+00:00\",\"description\":\"Stiilne ja pehme oversize kampsun, mis pakub maksimaalset mugavust ja soojust. Universaalne suurus sobib XS\u2013M kandjale. Saadaval mitmes kaunis v\u00e4rvitoonis! \u2728\",\"breadcrumb\":{\"@id\":\"https:\/\/www.karinibutiik.ee\/toode\/oversize-pehme-kampsun\/#breadcrumb\"},\"inLanguage\":\"ru-RU\",\"potentialAction\":[{\"@type\":\"ReadAction\",\"target\":[\"https:\/\/www.karinibutiik.ee\/toode\/oversize-pehme-kampsun\/\"]}]},{\"@type\":\"ImageObject\",\"inLanguage\":\"ru-RU\",\"@id\":\"https:\/\/www.karinibutiik.ee\/toode\/oversize-pehme-kampsun\/#primaryimage\",\"url\":\"https:\/\/www.karinibutiik.ee\/wp-content\/uploads\/2025\/02\/IMG_8406.jpeg\",\"contentUrl\":\"https:\/\/www.karinibutiik.ee\/wp-content\/uploads\/2025\/02\/IMG_8406.jpeg\",\"width\":1179,\"height\":1397},{\"@type\":\"BreadcrumbList\",\"@id\":\"https:\/\/www.karinibutiik.ee\/toode\/oversize-pehme-kampsun\/#breadcrumb\",\"itemListElement\":[{\"@type\":\"ListItem\",\"position\":1,\"name\":\"Home\",\"item\":\"https:\/\/www.karinibutiik.ee\/\"},{\"@type\":\"ListItem\",\"position\":2,\"name\":\"Pood\",\"item\":\"https:\/\/www.karinibutiik.ee\/pood\/\"},{\"@type\":\"ListItem\",\"position\":3,\"name\":\"Oversize pehme kampsun\"}]},{\"@type\":\"WebSite\",\"@id\":\"https:\/\/www.karinibutiik.ee\/#website\",\"url\":\"https:\/\/www.karinibutiik.ee\/\",\"name\":\"Karini Butiik\",\"description\":\"\",\"publisher\":{\"@id\":\"https:\/\/www.karinibutiik.ee\/#organization\"},\"potentialAction\":[{\"@type\":\"SearchAction\",\"target\":{\"@type\":\"EntryPoint\",\"urlTemplate\":\"https:\/\/www.karinibutiik.ee\/?s={search_term_string}\"},\"query-input\":{\"@type\":\"PropertyValueSpecification\",\"valueRequired\":true,\"valueName\":\"search_term_string\"}}],\"inLanguage\":\"ru-RU\"},{\"@type\":\"Organization\",\"@id\":\"https:\/\/www.karinibutiik.ee\/#organization\",\"name\":\"Karini Butiik\",\"url\":\"https:\/\/www.karinibutiik.ee\/\",\"logo\":{\"@type\":\"ImageObject\",\"inLanguage\":\"ru-RU\",\"@id\":\"https:\/\/www.karinibutiik.ee\/#\/schema\/logo\/image\/\",\"url\":\"https:\/\/www.karinibutiik.ee\/wp-content\/uploads\/2024\/10\/Kuj.-K-koopia.png\",\"contentUrl\":\"https:\/\/www.karinibutiik.ee\/wp-content\/uploads\/2024\/10\/Kuj.-K-koopia.png\",\"width\":500,\"height\":500,\"caption\":\"Karini Butiik\"},\"image\":{\"@id\":\"https:\/\/www.karinibutiik.ee\/#\/schema\/logo\/image\/\"},\"sameAs\":[\"https:\/\/www.facebook.com\/karinibutiik.ee\",\"https:\/\/www.instagram.com\/karinibutiik\"]}]}<\/script>\n<meta property=\"og:availability\" content=\"out of stock\" \/>\n<meta property=\"product:availability\" content=\"out of stock\" \/>\n<meta property=\"product:retailer_item_id\" content=\"4554\" \/>\n<meta property=\"product:condition\" content=\"new\" \/>\n<!-- \/ Yoast SEO plugin. -->","yoast_head_json":{"title":"Oversize pehme kampsun - Karini Butiik","description":"Stiilne ja pehme oversize kampsun, mis pakub maksimaalset mugavust ja soojust. Universaalne suurus sobib XS\u2013M kandjale. Saadaval mitmes kaunis v\u00e4rvitoonis! \u2728","robots":{"index":"index","follow":"follow","max-snippet":"max-snippet:-1","max-image-preview":"max-image-preview:large","max-video-preview":"max-video-preview:-1"},"canonical":"https:\/\/www.karinibutiik.ee\/ru\/\u043f\u0440\u043e\u0434\u0443\u043a\u0442\/oversize-pehme-kampsun\/","og_locale":"ru_RU","og_type":"article","og_title":"Oversize pehme kampsun - Karini Butiik","og_description":"Stiilne ja pehme oversize kampsun, mis pakub maksimaalset mugavust ja soojust. Universaalne suurus sobib XS\u2013M kandjale. Saadaval mitmes kaunis v\u00e4rvitoonis! \u2728","og_url":"https:\/\/www.karinibutiik.ee\/ru\/\u043f\u0440\u043e\u0434\u0443\u043a\u0442\/oversize-pehme-kampsun\/","og_site_name":"Karini Butiik","article_publisher":"https:\/\/www.facebook.com\/karinibutiik.ee","article_modified_time":"2025-06-30T21:45:25+00:00","og_image":[{"width":1179,"height":1397,"url":"https:\/\/www.karinibutiik.ee\/wp-content\/uploads\/2025\/02\/IMG_8406.jpeg","type":"image\/jpeg"}],"twitter_card":"summary_large_image","twitter_misc":{"\u0414\u043e\u0441\u0442\u0443\u043f\u043d\u043e\u0441\u0442\u044c":"\u0420\u0430\u0441\u043f\u0440\u043e\u0434\u0430\u043d\u043e"},"schema":{"@context":"https:\/\/schema.org","@graph":[{"@type":"WebPage","@id":"https:\/\/www.karinibutiik.ee\/toode\/oversize-pehme-kampsun\/","url":"https:\/\/www.karinibutiik.ee\/toode\/oversize-pehme-kampsun\/","name":"Oversize pehme kampsun - Karini Butiik","isPartOf":{"@id":"https:\/\/www.karinibutiik.ee\/#website"},"primaryImageOfPage":{"@id":"https:\/\/www.karinibutiik.ee\/toode\/oversize-pehme-kampsun\/#primaryimage"},"image":{"@id":"https:\/\/www.karinibutiik.ee\/toode\/oversize-pehme-kampsun\/#primaryimage"},"thumbnailUrl":"https:\/\/www.karinibutiik.ee\/wp-content\/uploads\/2025\/02\/IMG_8406.jpeg","datePublished":"2025-02-10T20:04:36+00:00","dateModified":"2025-06-30T21:45:25+00:00","description":"Stiilne ja pehme oversize kampsun, mis pakub maksimaalset mugavust ja soojust. Universaalne suurus sobib XS\u2013M kandjale. Saadaval mitmes kaunis v\u00e4rvitoonis! \u2728","breadcrumb":{"@id":"https:\/\/www.karinibutiik.ee\/toode\/oversize-pehme-kampsun\/#breadcrumb"},"inLanguage":"ru-RU","potentialAction":[{"@type":"ReadAction","target":["https:\/\/www.karinibutiik.ee\/toode\/oversize-pehme-kampsun\/"]}]},{"@type":"ImageObject","inLanguage":"ru-RU","@id":"https:\/\/www.karinibutiik.ee\/toode\/oversize-pehme-kampsun\/#primaryimage","url":"https:\/\/www.karinibutiik.ee\/wp-content\/uploads\/2025\/02\/IMG_8406.jpeg","contentUrl":"https:\/\/www.karinibutiik.ee\/wp-content\/uploads\/2025\/02\/IMG_8406.jpeg","width":1179,"height":1397},{"@type":"BreadcrumbList","@id":"https:\/\/www.karinibutiik.ee\/toode\/oversize-pehme-kampsun\/#breadcrumb","itemListElement":[{"@type":"ListItem","position":1,"name":"Home","item":"https:\/\/www.karinibutiik.ee\/"},{"@type":"ListItem","position":2,"name":"Pood","item":"https:\/\/www.karinibutiik.ee\/pood\/"},{"@type":"ListItem","position":3,"name":"Oversize pehme kampsun"}]},{"@type":"WebSite","@id":"https:\/\/www.karinibutiik.ee\/#website","url":"https:\/\/www.karinibutiik.ee\/","name":"\u041a\u0430\u0440\u0438\u043d\u0438 \u0411\u0443\u0442\u0438\u043a","description":"","publisher":{"@id":"https:\/\/www.karinibutiik.ee\/#organization"},"potentialAction":[{"@type":"SearchAction","target":{"@type":"EntryPoint","urlTemplate":"https:\/\/www.karinibutiik.ee\/?s={search_term_string}"},"query-input":{"@type":"PropertyValueSpecification","valueRequired":true,"valueName":"search_term_string"}}],"inLanguage":"ru-RU"},{"@type":"Organization","@id":"https:\/\/www.karinibutiik.ee\/#organization","name":"\u041a\u0430\u0440\u0438\u043d\u0438 \u0411\u0443\u0442\u0438\u043a","url":"https:\/\/www.karinibutiik.ee\/","logo":{"@type":"ImageObject","inLanguage":"ru-RU","@id":"https:\/\/www.karinibutiik.ee\/#\/schema\/logo\/image\/","url":"https:\/\/www.karinibutiik.ee\/wp-content\/uploads\/2024\/10\/Kuj.-K-koopia.png","contentUrl":"https:\/\/www.karinibutiik.ee\/wp-content\/uploads\/2024\/10\/Kuj.-K-koopia.png","width":500,"height":500,"caption":"Karini Butiik"},"image":{"@id":"https:\/\/www.karinibutiik.ee\/#\/schema\/logo\/image\/"},"sameAs":["https:\/\/www.facebook.com\/karinibutiik.ee","https:\/\/www.instagram.com\/karinibutiik"]}]},"og_availability":"out of stock","product_availability":"out of stock","product_retailer_item_id":"4554","product_condition":"new"},"_links":{"self":[{"href":"https:\/\/www.karinibutiik.ee\/ru\/wp-json\/wp\/v2\/product\/21306","targetHints":{"allow":["GET"]}}],"collection":[{"href":"https:\/\/www.karinibutiik.ee\/ru\/wp-json\/wp\/v2\/product"}],"about":[{"href":"https:\/\/www.karinibutiik.ee\/ru\/wp-json\/wp\/v2\/types\/product"}],"version-history":[{"count":4,"href":"https:\/\/www.karinibutiik.ee\/ru\/wp-json\/wp\/v2\/product\/21306\/revisions"}],"predecessor-version":[{"id":21314,"href":"https:\/\/www.karinibutiik.ee\/ru\/wp-json\/wp\/v2\/product\/21306\/revisions\/21314"}],"wp:featuredmedia":[{"embeddable":true,"href":"https:\/\/www.karinibutiik.ee\/ru\/wp-json\/wp\/v2\/media\/21292"}],"wp:attachment":[{"href":"https:\/\/www.karinibutiik.ee\/ru\/wp-json\/wp\/v2\/media?parent=21306"}],"wp:term":[{"taxonomy":"product_brand","embeddable":true,"href":"https:\/\/www.karinibutiik.ee\/ru\/wp-json\/wp\/v2\/product_brand?post=21306"},{"taxonomy":"product_cat","embeddable":true,"href":"https:\/\/www.karinibutiik.ee\/ru\/wp-json\/wp\/v2\/product_cat?post=21306"},{"taxonomy":"product_tag","embeddable":true,"href":"https:\/\/www.karinibutiik.ee\/ru\/wp-json\/wp\/v2\/product_tag?post=21306"}],"curies":[{"name":"wp","href":"https:\/\/api.w.org\/{rel}","templated":true}]}}