{"id":22525,"date":"2025-06-12T09:49:58","date_gmt":"2025-06-12T09:49:58","guid":{"rendered":"https:\/\/www.karinibutiik.ee\/?post_type=product&#038;p=22525"},"modified":"2026-03-28T10:31:44","modified_gmt":"2026-03-28T08:31:44","slug":"teksakangast-pukskostuum","status":"publish","type":"product","link":"https:\/\/www.karinibutiik.ee\/ru\/%d0%bf%d1%80%d0%be%d0%b4%d1%83%d0%ba%d1%82\/teksakangast-pukskostuum\/","title":{"rendered":"\u0414\u0436\u0438\u043d\u0441\u043e\u0432\u044b\u0439 \u0431\u0440\u044e\u0447\u043d\u044b\u0439 \u043a\u043e\u0441\u0442\u044e\u043c"},"content":{"rendered":"<p>Trendikas ja praktiline teksakangast p\u00fckskost\u00fc\u00fcm, mis \u00fchendab endas stiilsuse ja mugavuse. Kost\u00fc\u00fcmil on l\u00fchikesed varrukad ja l\u00fchikesed p\u00fcksid, mis sobivad ideaalselt soojadeks ilmadeks. Klassikaline teksatoon annab sellele ajatu v\u00e4limuse ning v\u00f6\u00f6kohal olev v\u00f6\u00f6 r\u00f5hutab figuuri. Sobib suurep\u00e4raselt nii igap\u00e4evaseks kandmiseks kui ka vabama stiiliga s\u00fcndmusteks. Lisa lihtsalt jalan\u00f5ud ja aksessuaarid \u2013 ja oledki valmis!<\/p>","protected":false},"excerpt":{"rendered":"<p>Trendikas ja praktiline teksakangast p\u00fckskost\u00fc\u00fcm, mis \u00fchendab endas stiilsuse ja mugavuse. Kost\u00fc\u00fcmil on l\u00fchikesed varrukad ja l\u00fchikesed p\u00fcksid, mis sobivad [&hellip;]<\/p>\n","protected":false},"featured_media":22422,"template":"","meta":{"site-sidebar-layout":"default","site-content-layout":"","ast-site-content-layout":"default","site-content-style":"default","site-sidebar-style":"default","ast-global-header-display":"","ast-banner-title-visibility":"","ast-main-header-display":"","ast-hfb-above-header-display":"","ast-hfb-below-header-display":"","ast-hfb-mobile-header-display":"","site-post-title":"","ast-breadcrumbs-content":"","ast-featured-img":"","footer-sml-layout":"","ast-disable-related-posts":"","theme-transparent-header-meta":"default","adv-header-id-meta":"","stick-header-meta":"default","header-above-stick-meta":"","header-main-stick-meta":"","header-below-stick-meta":"","astra-migrate-meta-layouts":"set","ast-page-background-enabled":"default","ast-page-background-meta":{"desktop":{"background-color":"var(--ast-global-color-4)","background-image":"","background-repeat":"repeat","background-position":"center center","background-size":"auto","background-attachment":"scroll","background-type":"","background-media":"","overlay-type":"","overlay-color":"","overlay-opacity":"","overlay-gradient":""},"tablet":{"background-color":"","background-image":"","background-repeat":"repeat","background-position":"center center","background-size":"auto","background-attachment":"scroll","background-type":"","background-media":"","overlay-type":"","overlay-color":"","overlay-opacity":"","overlay-gradient":""},"mobile":{"background-color":"","background-image":"","background-repeat":"repeat","background-position":"center center","background-size":"auto","background-attachment":"scroll","background-type":"","background-media":"","overlay-type":"","overlay-color":"","overlay-opacity":"","overlay-gradient":""}},"ast-content-background-meta":{"desktop":{"background-color":"var(--ast-global-color-5)","background-image":"","background-repeat":"repeat","background-position":"center center","background-size":"auto","background-attachment":"scroll","background-type":"","background-media":"","overlay-type":"","overlay-color":"","overlay-opacity":"","overlay-gradient":""},"tablet":{"background-color":"var(--ast-global-color-5)","background-image":"","background-repeat":"repeat","background-position":"center center","background-size":"auto","background-attachment":"scroll","background-type":"","background-media":"","overlay-type":"","overlay-color":"","overlay-opacity":"","overlay-gradient":""},"mobile":{"background-color":"var(--ast-global-color-5)","background-image":"","background-repeat":"repeat","background-position":"center center","background-size":"auto","background-attachment":"scroll","background-type":"","background-media":"","overlay-type":"","overlay-color":"","overlay-opacity":"","overlay-gradient":""}}},"product_brand":[],"product_cat":[367,452,383,346,354,355],"product_tag":[501,1321,1324,1319,1322,1323,1318,1320],"class_list":{"0":"post-22525","1":"product","2":"type-product","3":"status-publish","4":"has-post-thumbnail","6":"product_cat-allahindlus","7":"product_cat-bestseller","8":"product_cat-luhikesed-puksid","9":"product_cat-naised","10":"product_cat-puksid-seelikud","11":"product_cat-pukskostuumid","12":"product_tag-karini-butiik","13":"product_tag-luhikeste-pukstega-kostuum","14":"product_tag-luhikeste-varrukatega-kostuum","15":"product_tag-naiste-suvekostuum","16":"product_tag-naiste-teksa-outfit","17":"product_tag-suvised-pukskostuumid","18":"product_tag-teksa-pukskostuum","19":"product_tag-teksariidest-pukskostuum","20":"desktop-align-center","21":"tablet-align-center","22":"mobile-align-center","23":"ast-product-gallery-layout-horizontal-slider","24":"ast-product-single-variable","25":"ast-product-tabs-layout-horizontal","27":"first","28":"instock","29":"sale","30":"taxable","31":"shipping-taxable","32":"purchasable","33":"product-type-variable"},"supplier_id":null,"supplier_sku":"","barcode":null,"atum_controlled":true,"out_stock_date":null,"out_stock_threshold":null,"inheritable":true,"inbound_stock":null,"stock_on_hold":0,"sold_today":0,"sales_last_days":0,"reserved_stock":0,"customer_returns":null,"warehouse_damage":0,"lost_in_post":null,"other_logs":0,"out_stock_days":0,"lost_sales":0,"has_location":false,"update_date":"2026-03-28T08:31:45","atum_locations":[],"atum_stock_status":"instock","restock_status":false,"low_stock_amount":"","sales_update_date":"2025-12-05T00:00:19","calc_backorders":null,"yoast_head":"<!-- This site is optimized with the Yoast SEO plugin v26.9 - https:\/\/yoast.com\/product\/yoast-seo-wordpress\/ -->\n<title>Teksakangast p\u00fckskost\u00fc\u00fcm - Karini Butiik<\/title>\n<meta name=\"description\" content=\"Teksakangast naiste p\u00fckskost\u00fc\u00fcm l\u00fchikeste varrukate ja p\u00fckstega. T\u00e4iuslik suvine valik \u2013 mugav, stiilne ja ajatu!\" \/>\n<meta name=\"robots\" content=\"index, follow, max-snippet:-1, max-image-preview:large, max-video-preview:-1\" \/>\n<link rel=\"canonical\" href=\"https:\/\/www.karinibutiik.ee\/ru\/\u043f\u0440\u043e\u0434\u0443\u043a\u0442\/teksakangast-pukskostuum\/\" \/>\n<meta property=\"og:locale\" content=\"ru_RU\" \/>\n<meta property=\"og:type\" content=\"article\" \/>\n<meta property=\"og:title\" content=\"Teksakangast p\u00fckskost\u00fc\u00fcm - Karini Butiik\" \/>\n<meta property=\"og:description\" content=\"Teksakangast naiste p\u00fckskost\u00fc\u00fcm l\u00fchikeste varrukate ja p\u00fckstega. T\u00e4iuslik suvine valik \u2013 mugav, stiilne ja ajatu!\" \/>\n<meta property=\"og:url\" content=\"https:\/\/www.karinibutiik.ee\/ru\/\u043f\u0440\u043e\u0434\u0443\u043a\u0442\/teksakangast-pukskostuum\/\" \/>\n<meta property=\"og:site_name\" content=\"Karini Butiik\" \/>\n<meta property=\"article:publisher\" content=\"https:\/\/www.facebook.com\/karinibutiik.ee\" \/>\n<meta property=\"article:modified_time\" content=\"2026-03-28T08:31:44+00:00\" \/>\n<meta property=\"og:image\" content=\"https:\/\/www.karinibutiik.ee\/wp-content\/uploads\/2025\/06\/02ADF2D5-324F-4A82-8F4D-4471205752C1-scaled-e1750228811426.jpeg\" \/>\n\t<meta property=\"og:image:width\" content=\"1720\" \/>\n\t<meta property=\"og:image:height\" content=\"2236\" \/>\n\t<meta property=\"og:image:type\" content=\"image\/jpeg\" \/>\n<meta name=\"twitter:card\" content=\"summary_large_image\" \/>\n<meta name=\"twitter:label1\" content=\"\u0414\u043e\u0441\u0442\u0443\u043f\u043d\u043e\u0441\u0442\u044c\" \/>\n\t<meta name=\"twitter:data1\" content=\"\u0412 \u043d\u0430\u043b\u0438\u0447\u0438\u0438\" \/>\n<script type=\"application\/ld+json\" class=\"yoast-schema-graph\">{\"@context\":\"https:\/\/schema.org\",\"@graph\":[{\"@type\":\"WebPage\",\"@id\":\"https:\/\/www.karinibutiik.ee\/toode\/teksakangast-pukskostuum\/\",\"url\":\"https:\/\/www.karinibutiik.ee\/toode\/teksakangast-pukskostuum\/\",\"name\":\"Teksakangast p\u00fckskost\u00fc\u00fcm - Karini Butiik\",\"isPartOf\":{\"@id\":\"https:\/\/www.karinibutiik.ee\/#website\"},\"primaryImageOfPage\":{\"@id\":\"https:\/\/www.karinibutiik.ee\/toode\/teksakangast-pukskostuum\/#primaryimage\"},\"image\":{\"@id\":\"https:\/\/www.karinibutiik.ee\/toode\/teksakangast-pukskostuum\/#primaryimage\"},\"thumbnailUrl\":\"https:\/\/www.karinibutiik.ee\/wp-content\/uploads\/2025\/06\/02ADF2D5-324F-4A82-8F4D-4471205752C1-scaled-e1750228811426.jpeg\",\"datePublished\":\"2025-06-12T09:49:58+00:00\",\"dateModified\":\"2026-03-28T08:31:44+00:00\",\"description\":\"Teksakangast naiste p\u00fckskost\u00fc\u00fcm l\u00fchikeste varrukate ja p\u00fckstega. T\u00e4iuslik suvine valik \u2013 mugav, stiilne ja ajatu!\",\"breadcrumb\":{\"@id\":\"https:\/\/www.karinibutiik.ee\/toode\/teksakangast-pukskostuum\/#breadcrumb\"},\"inLanguage\":\"ru-RU\",\"potentialAction\":[{\"@type\":\"ReadAction\",\"target\":[\"https:\/\/www.karinibutiik.ee\/toode\/teksakangast-pukskostuum\/\"]}]},{\"@type\":\"ImageObject\",\"inLanguage\":\"ru-RU\",\"@id\":\"https:\/\/www.karinibutiik.ee\/toode\/teksakangast-pukskostuum\/#primaryimage\",\"url\":\"https:\/\/www.karinibutiik.ee\/wp-content\/uploads\/2025\/06\/02ADF2D5-324F-4A82-8F4D-4471205752C1-scaled-e1750228811426.jpeg\",\"contentUrl\":\"https:\/\/www.karinibutiik.ee\/wp-content\/uploads\/2025\/06\/02ADF2D5-324F-4A82-8F4D-4471205752C1-scaled-e1750228811426.jpeg\",\"width\":1720,\"height\":2236},{\"@type\":\"BreadcrumbList\",\"@id\":\"https:\/\/www.karinibutiik.ee\/toode\/teksakangast-pukskostuum\/#breadcrumb\",\"itemListElement\":[{\"@type\":\"ListItem\",\"position\":1,\"name\":\"Home\",\"item\":\"https:\/\/www.karinibutiik.ee\/\"},{\"@type\":\"ListItem\",\"position\":2,\"name\":\"Pood\",\"item\":\"https:\/\/www.karinibutiik.ee\/pood\/\"},{\"@type\":\"ListItem\",\"position\":3,\"name\":\"Teksakangast p\u00fckskost\u00fc\u00fcm\"}]},{\"@type\":\"WebSite\",\"@id\":\"https:\/\/www.karinibutiik.ee\/#website\",\"url\":\"https:\/\/www.karinibutiik.ee\/\",\"name\":\"Karini Butiik\",\"description\":\"\",\"publisher\":{\"@id\":\"https:\/\/www.karinibutiik.ee\/#organization\"},\"potentialAction\":[{\"@type\":\"SearchAction\",\"target\":{\"@type\":\"EntryPoint\",\"urlTemplate\":\"https:\/\/www.karinibutiik.ee\/?s={search_term_string}\"},\"query-input\":{\"@type\":\"PropertyValueSpecification\",\"valueRequired\":true,\"valueName\":\"search_term_string\"}}],\"inLanguage\":\"ru-RU\"},{\"@type\":\"Organization\",\"@id\":\"https:\/\/www.karinibutiik.ee\/#organization\",\"name\":\"Karini Butiik\",\"url\":\"https:\/\/www.karinibutiik.ee\/\",\"logo\":{\"@type\":\"ImageObject\",\"inLanguage\":\"ru-RU\",\"@id\":\"https:\/\/www.karinibutiik.ee\/#\/schema\/logo\/image\/\",\"url\":\"https:\/\/www.karinibutiik.ee\/wp-content\/uploads\/2024\/10\/Kuj.-K-koopia.png\",\"contentUrl\":\"https:\/\/www.karinibutiik.ee\/wp-content\/uploads\/2024\/10\/Kuj.-K-koopia.png\",\"width\":500,\"height\":500,\"caption\":\"Karini Butiik\"},\"image\":{\"@id\":\"https:\/\/www.karinibutiik.ee\/#\/schema\/logo\/image\/\"},\"sameAs\":[\"https:\/\/www.facebook.com\/karinibutiik.ee\",\"https:\/\/www.instagram.com\/karinibutiik\"]}]}<\/script>\n<meta property=\"og:availability\" content=\"instock\" \/>\n<meta property=\"product:availability\" content=\"instock\" \/>\n<meta property=\"product:retailer_item_id\" content=\"30370\" \/>\n<meta property=\"product:condition\" content=\"new\" \/>\n<!-- \/ Yoast SEO plugin. -->","yoast_head_json":{"title":"Teksakangast p\u00fckskost\u00fc\u00fcm - Karini Butiik","description":"Teksakangast naiste p\u00fckskost\u00fc\u00fcm l\u00fchikeste varrukate ja p\u00fckstega. T\u00e4iuslik suvine valik \u2013 mugav, stiilne ja ajatu!","robots":{"index":"index","follow":"follow","max-snippet":"max-snippet:-1","max-image-preview":"max-image-preview:large","max-video-preview":"max-video-preview:-1"},"canonical":"https:\/\/www.karinibutiik.ee\/ru\/\u043f\u0440\u043e\u0434\u0443\u043a\u0442\/teksakangast-pukskostuum\/","og_locale":"ru_RU","og_type":"article","og_title":"Teksakangast p\u00fckskost\u00fc\u00fcm - Karini Butiik","og_description":"Teksakangast naiste p\u00fckskost\u00fc\u00fcm l\u00fchikeste varrukate ja p\u00fckstega. T\u00e4iuslik suvine valik \u2013 mugav, stiilne ja ajatu!","og_url":"https:\/\/www.karinibutiik.ee\/ru\/\u043f\u0440\u043e\u0434\u0443\u043a\u0442\/teksakangast-pukskostuum\/","og_site_name":"Karini Butiik","article_publisher":"https:\/\/www.facebook.com\/karinibutiik.ee","article_modified_time":"2026-03-28T08:31:44+00:00","og_image":[{"width":1720,"height":2236,"url":"https:\/\/www.karinibutiik.ee\/wp-content\/uploads\/2025\/06\/02ADF2D5-324F-4A82-8F4D-4471205752C1-scaled-e1750228811426.jpeg","type":"image\/jpeg"}],"twitter_card":"summary_large_image","twitter_misc":{"\u0414\u043e\u0441\u0442\u0443\u043f\u043d\u043e\u0441\u0442\u044c":"\u0412 \u043d\u0430\u043b\u0438\u0447\u0438\u0438"},"schema":{"@context":"https:\/\/schema.org","@graph":[{"@type":"WebPage","@id":"https:\/\/www.karinibutiik.ee\/toode\/teksakangast-pukskostuum\/","url":"https:\/\/www.karinibutiik.ee\/toode\/teksakangast-pukskostuum\/","name":"Teksakangast p\u00fckskost\u00fc\u00fcm - Karini Butiik","isPartOf":{"@id":"https:\/\/www.karinibutiik.ee\/#website"},"primaryImageOfPage":{"@id":"https:\/\/www.karinibutiik.ee\/toode\/teksakangast-pukskostuum\/#primaryimage"},"image":{"@id":"https:\/\/www.karinibutiik.ee\/toode\/teksakangast-pukskostuum\/#primaryimage"},"thumbnailUrl":"https:\/\/www.karinibutiik.ee\/wp-content\/uploads\/2025\/06\/02ADF2D5-324F-4A82-8F4D-4471205752C1-scaled-e1750228811426.jpeg","datePublished":"2025-06-12T09:49:58+00:00","dateModified":"2026-03-28T08:31:44+00:00","description":"Teksakangast naiste p\u00fckskost\u00fc\u00fcm l\u00fchikeste varrukate ja p\u00fckstega. T\u00e4iuslik suvine valik \u2013 mugav, stiilne ja ajatu!","breadcrumb":{"@id":"https:\/\/www.karinibutiik.ee\/toode\/teksakangast-pukskostuum\/#breadcrumb"},"inLanguage":"ru-RU","potentialAction":[{"@type":"ReadAction","target":["https:\/\/www.karinibutiik.ee\/toode\/teksakangast-pukskostuum\/"]}]},{"@type":"ImageObject","inLanguage":"ru-RU","@id":"https:\/\/www.karinibutiik.ee\/toode\/teksakangast-pukskostuum\/#primaryimage","url":"https:\/\/www.karinibutiik.ee\/wp-content\/uploads\/2025\/06\/02ADF2D5-324F-4A82-8F4D-4471205752C1-scaled-e1750228811426.jpeg","contentUrl":"https:\/\/www.karinibutiik.ee\/wp-content\/uploads\/2025\/06\/02ADF2D5-324F-4A82-8F4D-4471205752C1-scaled-e1750228811426.jpeg","width":1720,"height":2236},{"@type":"BreadcrumbList","@id":"https:\/\/www.karinibutiik.ee\/toode\/teksakangast-pukskostuum\/#breadcrumb","itemListElement":[{"@type":"ListItem","position":1,"name":"Home","item":"https:\/\/www.karinibutiik.ee\/"},{"@type":"ListItem","position":2,"name":"Pood","item":"https:\/\/www.karinibutiik.ee\/pood\/"},{"@type":"ListItem","position":3,"name":"Teksakangast p\u00fckskost\u00fc\u00fcm"}]},{"@type":"WebSite","@id":"https:\/\/www.karinibutiik.ee\/#website","url":"https:\/\/www.karinibutiik.ee\/","name":"\u041a\u0430\u0440\u0438\u043d\u0438 \u0411\u0443\u0442\u0438\u043a","description":"","publisher":{"@id":"https:\/\/www.karinibutiik.ee\/#organization"},"potentialAction":[{"@type":"SearchAction","target":{"@type":"EntryPoint","urlTemplate":"https:\/\/www.karinibutiik.ee\/?s={search_term_string}"},"query-input":{"@type":"PropertyValueSpecification","valueRequired":true,"valueName":"search_term_string"}}],"inLanguage":"ru-RU"},{"@type":"Organization","@id":"https:\/\/www.karinibutiik.ee\/#organization","name":"\u041a\u0430\u0440\u0438\u043d\u0438 \u0411\u0443\u0442\u0438\u043a","url":"https:\/\/www.karinibutiik.ee\/","logo":{"@type":"ImageObject","inLanguage":"ru-RU","@id":"https:\/\/www.karinibutiik.ee\/#\/schema\/logo\/image\/","url":"https:\/\/www.karinibutiik.ee\/wp-content\/uploads\/2024\/10\/Kuj.-K-koopia.png","contentUrl":"https:\/\/www.karinibutiik.ee\/wp-content\/uploads\/2024\/10\/Kuj.-K-koopia.png","width":500,"height":500,"caption":"Karini Butiik"},"image":{"@id":"https:\/\/www.karinibutiik.ee\/#\/schema\/logo\/image\/"},"sameAs":["https:\/\/www.facebook.com\/karinibutiik.ee","https:\/\/www.instagram.com\/karinibutiik"]}]},"og_availability":"instock","product_availability":"instock","product_retailer_item_id":"30370","product_condition":"new"},"_links":{"self":[{"href":"https:\/\/www.karinibutiik.ee\/ru\/wp-json\/wp\/v2\/product\/22525","targetHints":{"allow":["GET"]}}],"collection":[{"href":"https:\/\/www.karinibutiik.ee\/ru\/wp-json\/wp\/v2\/product"}],"about":[{"href":"https:\/\/www.karinibutiik.ee\/ru\/wp-json\/wp\/v2\/types\/product"}],"version-history":[{"count":1,"href":"https:\/\/www.karinibutiik.ee\/ru\/wp-json\/wp\/v2\/product\/22525\/revisions"}],"predecessor-version":[{"id":22529,"href":"https:\/\/www.karinibutiik.ee\/ru\/wp-json\/wp\/v2\/product\/22525\/revisions\/22529"}],"wp:featuredmedia":[{"embeddable":true,"href":"https:\/\/www.karinibutiik.ee\/ru\/wp-json\/wp\/v2\/media\/22422"}],"wp:attachment":[{"href":"https:\/\/www.karinibutiik.ee\/ru\/wp-json\/wp\/v2\/media?parent=22525"}],"wp:term":[{"taxonomy":"product_brand","embeddable":true,"href":"https:\/\/www.karinibutiik.ee\/ru\/wp-json\/wp\/v2\/product_brand?post=22525"},{"taxonomy":"product_cat","embeddable":true,"href":"https:\/\/www.karinibutiik.ee\/ru\/wp-json\/wp\/v2\/product_cat?post=22525"},{"taxonomy":"product_tag","embeddable":true,"href":"https:\/\/www.karinibutiik.ee\/ru\/wp-json\/wp\/v2\/product_tag?post=22525"}],"curies":[{"name":"wp","href":"https:\/\/api.w.org\/{rel}","templated":true}]}}