{"id":22916,"date":"2025-07-01T12:10:54","date_gmt":"2025-07-01T09:10:54","guid":{"rendered":"https:\/\/www.karinibutiik.ee\/?post_type=product&#038;p=22916"},"modified":"2026-04-04T12:33:27","modified_gmt":"2026-04-04T09:33:27","slug":"%d0%bc%d1%83%d0%b6%d1%81%d0%ba%d0%b0%d1%8f-%d1%82%d0%b5%d0%bc%d0%bd%d0%be-%d1%81%d0%b8%d0%bd%d1%8f%d1%8f-%d1%80%d1%83%d0%b1%d0%b0%d1%88%d0%ba%d0%b0-%d0%bf%d0%be%d0%bb%d0%be","status":"publish","type":"product","link":"https:\/\/www.karinibutiik.ee\/ru\/%d0%bf%d1%80%d0%be%d0%b4%d1%83%d0%ba%d1%82\/%d0%bc%d1%83%d0%b6%d1%81%d0%ba%d0%b0%d1%8f-%d1%82%d0%b5%d0%bc%d0%bd%d0%be-%d1%81%d0%b8%d0%bd%d1%8f%d1%8f-%d1%80%d1%83%d0%b1%d0%b0%d1%88%d0%ba%d0%b0-%d0%bf%d0%be%d0%bb%d0%be\/","title":{"rendered":"\u041c\u0423\u0416\u0421\u041a\u0410\u042f \u0422\u0415\u041c\u041d\u041e-\u0421\u0418\u041d\u042f\u042f \u0420\u0423\u0411\u0410\u0428\u041a\u0410-\u041f\u041e\u041b\u041e"},"content":{"rendered":"<p data-start=\"90\" data-end=\"567\">\u041c\u0443\u0436\u0441\u043a\u0430\u044f \u0441\u0442\u0438\u043b\u044c\u043d\u0430\u044f \u0440\u0443\u0431\u0430\u0448\u043a\u0430-\u043f\u043e\u043b\u043e, \u0441\u043e\u0447\u0435\u0442\u0430\u044e\u0449\u0430\u044f \u0432 \u0441\u0435\u0431\u0435 \u043a\u043e\u043c\u0444\u043e\u0440\u0442 \u0438 \u044d\u043b\u0435\u0433\u0430\u043d\u0442\u043d\u043e\u0441\u0442\u044c. \u0418\u0437\u0433\u043e\u0442\u043e\u0432\u043b\u0435\u043d\u0430 \u0438\u0437 \u0432\u044b\u0441\u043e\u043a\u043e\u043a\u0430\u0447\u0435\u0441\u0442\u0432\u0435\u043d\u043d\u043e\u0433\u043e \u0445\u043b\u043e\u043f\u043a\u0430 100% \u0434\u043b\u044f \u043c\u0430\u043a\u0441\u0438\u043c\u0430\u043b\u044c\u043d\u043e\u0433\u043e \u043a\u043e\u043c\u0444\u043e\u0440\u0442\u0430 \u0438 \u0432\u043e\u0437\u0434\u0443\u0445\u043e\u043f\u0440\u043e\u043d\u0438\u0446\u0430\u0435\u043c\u043e\u0441\u0442\u0438. \u0421\u0442\u0440\u0435\u0439\u0447\u0435\u0432\u0430\u044f \u0442\u043a\u0430\u043d\u044c \u043f\u043e\u0437\u0432\u043e\u043b\u044f\u0435\u0442 \u0440\u0443\u0431\u0430\u0448\u043a\u0435 \u0438\u0434\u0435\u0430\u043b\u044c\u043d\u043e \u043f\u0440\u0438\u043b\u0435\u0433\u0430\u0442\u044c \u043a \u0442\u0435\u043b\u0443, \u043e\u0431\u0435\u0441\u043f\u0435\u0447\u0438\u0432\u0430\u044f \u0441\u0432\u043e\u0431\u043e\u0434\u0443 \u0434\u0432\u0438\u0436\u0435\u043d\u0438\u0439. \u0412\u043e\u0440\u043e\u0442\u043d\u0438\u043a \u0438 \u0434\u0435\u0442\u0430\u043b\u0438 \u043d\u0430 \u0433\u0440\u0443\u0434\u0438 \u043f\u0440\u0438\u0434\u0430\u044e\u0442 \u0440\u0443\u0431\u0430\u0448\u043a\u0435 \u0438\u043d\u0434\u0438\u0432\u0438\u0434\u0443\u0430\u043b\u044c\u043d\u043e\u0441\u0442\u044c \u0438 \u0434\u0435\u043b\u0430\u044e\u0442 \u0435\u0435 \u043f\u043e\u0434\u0445\u043e\u0434\u044f\u0449\u0435\u0439 \u043a\u0430\u043a \u0434\u043b\u044f \u043f\u043e\u0432\u0441\u0435\u0434\u043d\u0435\u0432\u043d\u043e\u0439 \u043d\u043e\u0441\u043a\u0438, \u0442\u0430\u043a \u0438 \u0434\u043b\u044f \u0432\u044b\u0445\u043e\u0434\u0430 \u0432 \u0441\u0432\u0435\u0442 \u0432 \u0441\u0442\u0438\u043b\u0435 smart casual. \u041f\u043e-\u043d\u0430\u0441\u0442\u043e\u044f\u0449\u0435\u043c\u0443 \u043a\u0430\u0447\u0435\u0441\u0442\u0432\u0435\u043d\u043d\u044b\u0439 \u0432\u044b\u0431\u043e\u0440 \u0434\u043b\u044f \u0441\u043e\u0437\u043d\u0430\u0442\u0435\u043b\u044c\u043d\u043e\u0433\u043e \u043c\u0443\u0436\u0447\u0438\u043d\u044b.<\/p>","protected":false},"excerpt":{"rendered":"<p>Meeste stiilne polos\u00e4rk, mis \u00fchendab mugavuse ja elegantse v\u00e4limuse. Valmistatud 100% kvaliteetsest puuvillast, mis tagab maksimaalse kandmismugavuse ja hingavuse. Stretch-materjal [&hellip;]<\/p>\n","protected":false},"featured_media":22887,"template":"","meta":{"site-sidebar-layout":"default","site-content-layout":"","ast-site-content-layout":"default","site-content-style":"default","site-sidebar-style":"default","ast-global-header-display":"","ast-banner-title-visibility":"","ast-main-header-display":"","ast-hfb-above-header-display":"","ast-hfb-below-header-display":"","ast-hfb-mobile-header-display":"","site-post-title":"","ast-breadcrumbs-content":"","ast-featured-img":"","footer-sml-layout":"","ast-disable-related-posts":"","theme-transparent-header-meta":"default","adv-header-id-meta":"","stick-header-meta":"default","header-above-stick-meta":"","header-main-stick-meta":"","header-below-stick-meta":"","astra-migrate-meta-layouts":"set","ast-page-background-enabled":"default","ast-page-background-meta":{"desktop":{"background-color":"var(--ast-global-color-4)","background-image":"","background-repeat":"repeat","background-position":"center center","background-size":"auto","background-attachment":"scroll","background-type":"","background-media":"","overlay-type":"","overlay-color":"","overlay-opacity":"","overlay-gradient":""},"tablet":{"background-color":"","background-image":"","background-repeat":"repeat","background-position":"center center","background-size":"auto","background-attachment":"scroll","background-type":"","background-media":"","overlay-type":"","overlay-color":"","overlay-opacity":"","overlay-gradient":""},"mobile":{"background-color":"","background-image":"","background-repeat":"repeat","background-position":"center center","background-size":"auto","background-attachment":"scroll","background-type":"","background-media":"","overlay-type":"","overlay-color":"","overlay-opacity":"","overlay-gradient":""}},"ast-content-background-meta":{"desktop":{"background-color":"var(--ast-global-color-5)","background-image":"","background-repeat":"repeat","background-position":"center center","background-size":"auto","background-attachment":"scroll","background-type":"","background-media":"","overlay-type":"","overlay-color":"","overlay-opacity":"","overlay-gradient":""},"tablet":{"background-color":"var(--ast-global-color-5)","background-image":"","background-repeat":"repeat","background-position":"center center","background-size":"auto","background-attachment":"scroll","background-type":"","background-media":"","overlay-type":"","overlay-color":"","overlay-opacity":"","overlay-gradient":""},"mobile":{"background-color":"var(--ast-global-color-5)","background-image":"","background-repeat":"repeat","background-position":"center center","background-size":"auto","background-attachment":"scroll","background-type":"","background-media":"","overlay-type":"","overlay-color":"","overlay-opacity":"","overlay-gradient":""}}},"product_brand":[],"product_cat":[361,363],"product_tag":[1484,501,1482,1476,1483,1485,1480,1478,1481,1477,1479,1489,1488],"class_list":{"0":"post-22916","1":"product","2":"type-product","3":"status-publish","4":"has-post-thumbnail","6":"product_cat-mehed","7":"product_cat-sargid-pluusid","8":"product_tag-isikuparane-polosark","9":"product_tag-karini-butiik","10":"product_tag-kvaliteetne-polosark","11":"product_tag-meeste-polosark","12":"product_tag-meeste-vabaajariided","13":"product_tag-moodne-meeste-sark","14":"product_tag-mugav-meeste-sark","15":"product_tag-puuvillane-polosark","16":"product_tag-smart-casual-sark","17":"product_tag-stiilne-polosark-meestele","18":"product_tag-stretch-polosark","19":"product_tag-tumesinine-meeste-polo","20":"product_tag-tumesinine-polo","21":"desktop-align-center","22":"tablet-align-center","23":"mobile-align-center","24":"ast-product-gallery-layout-horizontal-slider","25":"ast-product-single-variable","26":"ast-product-tabs-layout-horizontal","28":"first","29":"instock","30":"taxable","31":"shipping-taxable","32":"purchasable","33":"product-type-variable"},"supplier_id":null,"supplier_sku":"","barcode":null,"atum_controlled":true,"out_stock_date":null,"out_stock_threshold":null,"inheritable":true,"inbound_stock":null,"stock_on_hold":0,"sold_today":0,"sales_last_days":0,"reserved_stock":0,"customer_returns":null,"warehouse_damage":0,"lost_in_post":null,"other_logs":0,"out_stock_days":0,"lost_sales":0,"has_location":false,"update_date":"2026-03-28T08:35:42","atum_locations":[],"atum_stock_status":"instock","restock_status":false,"low_stock_amount":"","sales_update_date":"2025-12-04T01:26:52","calc_backorders":null,"yoast_head":"<!-- This site is optimized with the Yoast SEO plugin v26.9 - https:\/\/yoast.com\/product\/yoast-seo-wordpress\/ -->\n<title>TUMESININE MEESTE POLOS\u00c4RK - Karini Butiik<\/title>\n<meta name=\"description\" content=\"Stiilne meeste polos\u00e4rk 100% puuvillast. Stretch-materjal ja unikaalsed detailid krael ja rinnal loovad mugava ning isikup\u00e4rase v\u00e4limuse.\" \/>\n<meta name=\"robots\" content=\"index, follow, max-snippet:-1, max-image-preview:large, max-video-preview:-1\" \/>\n<link rel=\"canonical\" href=\"https:\/\/www.karinibutiik.ee\/ru\/\u043f\u0440\u043e\u0434\u0443\u043a\u0442\/\u043c\u0443\u0436\u0441\u043a\u0430\u044f-\u0442\u0435\u043c\u043d\u043e-\u0441\u0438\u043d\u044f\u044f-\u0440\u0443\u0431\u0430\u0448\u043a\u0430-\u043f\u043e\u043b\u043e\/\" \/>\n<meta property=\"og:locale\" content=\"ru_RU\" \/>\n<meta property=\"og:type\" content=\"article\" \/>\n<meta property=\"og:title\" content=\"TUMESININE MEESTE POLOS\u00c4RK - Karini Butiik\" \/>\n<meta property=\"og:description\" content=\"Stiilne meeste polos\u00e4rk 100% puuvillast. Stretch-materjal ja unikaalsed detailid krael ja rinnal loovad mugava ning isikup\u00e4rase v\u00e4limuse.\" \/>\n<meta property=\"og:url\" content=\"https:\/\/www.karinibutiik.ee\/ru\/\u043f\u0440\u043e\u0434\u0443\u043a\u0442\/\u043c\u0443\u0436\u0441\u043a\u0430\u044f-\u0442\u0435\u043c\u043d\u043e-\u0441\u0438\u043d\u044f\u044f-\u0440\u0443\u0431\u0430\u0448\u043a\u0430-\u043f\u043e\u043b\u043e\/\" \/>\n<meta property=\"og:site_name\" content=\"Karini Butiik\" \/>\n<meta property=\"article:publisher\" content=\"https:\/\/www.facebook.com\/karinibutiik.ee\" \/>\n<meta property=\"article:modified_time\" content=\"2026-04-04T09:33:27+00:00\" \/>\n<meta property=\"og:image\" content=\"https:\/\/www.karinibutiik.ee\/wp-content\/uploads\/2025\/07\/IMG_6189-scaled.jpeg\" \/>\n\t<meta property=\"og:image:width\" content=\"1707\" \/>\n\t<meta property=\"og:image:height\" content=\"2560\" \/>\n\t<meta property=\"og:image:type\" content=\"image\/jpeg\" \/>\n<meta name=\"twitter:card\" content=\"summary_large_image\" \/>\n<meta name=\"twitter:label1\" content=\"\u0414\u043e\u0441\u0442\u0443\u043f\u043d\u043e\u0441\u0442\u044c\" \/>\n\t<meta name=\"twitter:data1\" content=\"\u0412 \u043d\u0430\u043b\u0438\u0447\u0438\u0438\" \/>\n<script type=\"application\/ld+json\" class=\"yoast-schema-graph\">{\"@context\":\"https:\/\/schema.org\",\"@graph\":[{\"@type\":\"WebPage\",\"@id\":\"https:\/\/www.karinibutiik.ee\/toode\/tumesinine-meeste-polosark\/\",\"url\":\"https:\/\/www.karinibutiik.ee\/toode\/tumesinine-meeste-polosark\/\",\"name\":\"TUMESININE MEESTE POLOS\u00c4RK - Karini Butiik\",\"isPartOf\":{\"@id\":\"https:\/\/www.karinibutiik.ee\/#website\"},\"primaryImageOfPage\":{\"@id\":\"https:\/\/www.karinibutiik.ee\/toode\/tumesinine-meeste-polosark\/#primaryimage\"},\"image\":{\"@id\":\"https:\/\/www.karinibutiik.ee\/toode\/tumesinine-meeste-polosark\/#primaryimage\"},\"thumbnailUrl\":\"https:\/\/www.karinibutiik.ee\/wp-content\/uploads\/2025\/07\/IMG_6189-scaled.jpeg\",\"datePublished\":\"2025-07-01T09:10:54+00:00\",\"dateModified\":\"2026-04-04T09:33:27+00:00\",\"description\":\"Stiilne meeste polos\u00e4rk 100% puuvillast. Stretch-materjal ja unikaalsed detailid krael ja rinnal loovad mugava ning isikup\u00e4rase v\u00e4limuse.\",\"breadcrumb\":{\"@id\":\"https:\/\/www.karinibutiik.ee\/toode\/tumesinine-meeste-polosark\/#breadcrumb\"},\"inLanguage\":\"ru-RU\",\"potentialAction\":[{\"@type\":\"ReadAction\",\"target\":[\"https:\/\/www.karinibutiik.ee\/toode\/tumesinine-meeste-polosark\/\"]}]},{\"@type\":\"ImageObject\",\"inLanguage\":\"ru-RU\",\"@id\":\"https:\/\/www.karinibutiik.ee\/toode\/tumesinine-meeste-polosark\/#primaryimage\",\"url\":\"https:\/\/www.karinibutiik.ee\/wp-content\/uploads\/2025\/07\/IMG_6189-scaled.jpeg\",\"contentUrl\":\"https:\/\/www.karinibutiik.ee\/wp-content\/uploads\/2025\/07\/IMG_6189-scaled.jpeg\",\"width\":1707,\"height\":2560},{\"@type\":\"BreadcrumbList\",\"@id\":\"https:\/\/www.karinibutiik.ee\/toode\/tumesinine-meeste-polosark\/#breadcrumb\",\"itemListElement\":[{\"@type\":\"ListItem\",\"position\":1,\"name\":\"Home\",\"item\":\"https:\/\/www.karinibutiik.ee\/\"},{\"@type\":\"ListItem\",\"position\":2,\"name\":\"Pood\",\"item\":\"https:\/\/www.karinibutiik.ee\/pood\/\"},{\"@type\":\"ListItem\",\"position\":3,\"name\":\"TUMESININE MEESTE POLOS\u00c4RK\"}]},{\"@type\":\"WebSite\",\"@id\":\"https:\/\/www.karinibutiik.ee\/#website\",\"url\":\"https:\/\/www.karinibutiik.ee\/\",\"name\":\"Karini Butiik\",\"description\":\"\",\"publisher\":{\"@id\":\"https:\/\/www.karinibutiik.ee\/#organization\"},\"potentialAction\":[{\"@type\":\"SearchAction\",\"target\":{\"@type\":\"EntryPoint\",\"urlTemplate\":\"https:\/\/www.karinibutiik.ee\/?s={search_term_string}\"},\"query-input\":{\"@type\":\"PropertyValueSpecification\",\"valueRequired\":true,\"valueName\":\"search_term_string\"}}],\"inLanguage\":\"ru-RU\"},{\"@type\":\"Organization\",\"@id\":\"https:\/\/www.karinibutiik.ee\/#organization\",\"name\":\"Karini Butiik\",\"url\":\"https:\/\/www.karinibutiik.ee\/\",\"logo\":{\"@type\":\"ImageObject\",\"inLanguage\":\"ru-RU\",\"@id\":\"https:\/\/www.karinibutiik.ee\/#\/schema\/logo\/image\/\",\"url\":\"https:\/\/www.karinibutiik.ee\/wp-content\/uploads\/2024\/10\/Kuj.-K-koopia.png\",\"contentUrl\":\"https:\/\/www.karinibutiik.ee\/wp-content\/uploads\/2024\/10\/Kuj.-K-koopia.png\",\"width\":500,\"height\":500,\"caption\":\"Karini Butiik\"},\"image\":{\"@id\":\"https:\/\/www.karinibutiik.ee\/#\/schema\/logo\/image\/\"},\"sameAs\":[\"https:\/\/www.facebook.com\/karinibutiik.ee\",\"https:\/\/www.instagram.com\/karinibutiik\"]}]}<\/script>\n<meta property=\"og:availability\" content=\"instock\" \/>\n<meta property=\"product:availability\" content=\"instock\" \/>\n<meta property=\"product:retailer_item_id\" content=\"10050\" \/>\n<meta property=\"product:condition\" content=\"new\" \/>\n<!-- \/ Yoast SEO plugin. -->","yoast_head_json":{"title":"\u0427\u0415\u0420\u041d\u042b\u0419 \u041c\u0423\u0416\u0421\u041a\u041e\u0419 \u041f\u041e\u041b\u0410\u0420 - Karini Butiik","description":"\u0421\u0442\u0438\u043b\u044c\u043d\u0430\u044f \u043c\u0443\u0436\u0441\u043a\u0430\u044f \u0440\u0443\u0431\u0430\u0448\u043a\u0430-\u043f\u043e\u043b\u043e \u0438\u0437 \u0445\u043b\u043e\u043f\u043a\u0430 100%. \u0421\u0442\u0440\u0435\u0439\u0447\u0435\u0432\u0430\u044f \u0442\u043a\u0430\u043d\u044c \u0438 \u0443\u043d\u0438\u043a\u0430\u043b\u044c\u043d\u044b\u0435 \u0434\u0435\u0442\u0430\u043b\u0438 \u043d\u0430 \u0448\u0435\u0435 \u0438 \u0433\u0440\u0443\u0434\u0438 \u0441\u043e\u0437\u0434\u0430\u044e\u0442 \u043a\u043e\u043c\u0444\u043e\u0440\u0442\u043d\u044b\u0439 \u0438 \u0438\u043d\u0434\u0438\u0432\u0438\u0434\u0443\u0430\u043b\u044c\u043d\u044b\u0439 \u043e\u0431\u0440\u0430\u0437.","robots":{"index":"index","follow":"follow","max-snippet":"max-snippet:-1","max-image-preview":"max-image-preview:large","max-video-preview":"max-video-preview:-1"},"canonical":"https:\/\/www.karinibutiik.ee\/ru\/\u043f\u0440\u043e\u0434\u0443\u043a\u0442\/\u043c\u0443\u0436\u0441\u043a\u0430\u044f-\u0442\u0435\u043c\u043d\u043e-\u0441\u0438\u043d\u044f\u044f-\u0440\u0443\u0431\u0430\u0448\u043a\u0430-\u043f\u043e\u043b\u043e\/","og_locale":"ru_RU","og_type":"article","og_title":"TUMESININE MEESTE POLOS\u00c4RK - Karini Butiik","og_description":"Stiilne meeste polos\u00e4rk 100% puuvillast. Stretch-materjal ja unikaalsed detailid krael ja rinnal loovad mugava ning isikup\u00e4rase v\u00e4limuse.","og_url":"https:\/\/www.karinibutiik.ee\/ru\/\u043f\u0440\u043e\u0434\u0443\u043a\u0442\/\u043c\u0443\u0436\u0441\u043a\u0430\u044f-\u0442\u0435\u043c\u043d\u043e-\u0441\u0438\u043d\u044f\u044f-\u0440\u0443\u0431\u0430\u0448\u043a\u0430-\u043f\u043e\u043b\u043e\/","og_site_name":"Karini Butiik","article_publisher":"https:\/\/www.facebook.com\/karinibutiik.ee","article_modified_time":"2026-04-04T09:33:27+00:00","og_image":[{"width":1707,"height":2560,"url":"https:\/\/www.karinibutiik.ee\/wp-content\/uploads\/2025\/07\/IMG_6189-scaled.jpeg","type":"image\/jpeg"}],"twitter_card":"summary_large_image","twitter_misc":{"\u0414\u043e\u0441\u0442\u0443\u043f\u043d\u043e\u0441\u0442\u044c":"\u0412 \u043d\u0430\u043b\u0438\u0447\u0438\u0438"},"schema":{"@context":"https:\/\/schema.org","@graph":[{"@type":"WebPage","@id":"https:\/\/www.karinibutiik.ee\/toode\/tumesinine-meeste-polosark\/","url":"https:\/\/www.karinibutiik.ee\/toode\/tumesinine-meeste-polosark\/","name":"\u0427\u0415\u0420\u041d\u042b\u0419 \u041c\u0423\u0416\u0421\u041a\u041e\u0419 \u041f\u041e\u041b\u0410\u0420 - Karini Butiik","isPartOf":{"@id":"https:\/\/www.karinibutiik.ee\/#website"},"primaryImageOfPage":{"@id":"https:\/\/www.karinibutiik.ee\/toode\/tumesinine-meeste-polosark\/#primaryimage"},"image":{"@id":"https:\/\/www.karinibutiik.ee\/toode\/tumesinine-meeste-polosark\/#primaryimage"},"thumbnailUrl":"https:\/\/www.karinibutiik.ee\/wp-content\/uploads\/2025\/07\/IMG_6189-scaled.jpeg","datePublished":"2025-07-01T09:10:54+00:00","dateModified":"2026-04-04T09:33:27+00:00","description":"\u0421\u0442\u0438\u043b\u044c\u043d\u0430\u044f \u043c\u0443\u0436\u0441\u043a\u0430\u044f \u0440\u0443\u0431\u0430\u0448\u043a\u0430-\u043f\u043e\u043b\u043e \u0438\u0437 \u0445\u043b\u043e\u043f\u043a\u0430 100%. \u0421\u0442\u0440\u0435\u0439\u0447\u0435\u0432\u0430\u044f \u0442\u043a\u0430\u043d\u044c \u0438 \u0443\u043d\u0438\u043a\u0430\u043b\u044c\u043d\u044b\u0435 \u0434\u0435\u0442\u0430\u043b\u0438 \u043d\u0430 \u0448\u0435\u0435 \u0438 \u0433\u0440\u0443\u0434\u0438 \u0441\u043e\u0437\u0434\u0430\u044e\u0442 \u043a\u043e\u043c\u0444\u043e\u0440\u0442\u043d\u044b\u0439 \u0438 \u0438\u043d\u0434\u0438\u0432\u0438\u0434\u0443\u0430\u043b\u044c\u043d\u044b\u0439 \u043e\u0431\u0440\u0430\u0437.","breadcrumb":{"@id":"https:\/\/www.karinibutiik.ee\/toode\/tumesinine-meeste-polosark\/#breadcrumb"},"inLanguage":"ru-RU","potentialAction":[{"@type":"ReadAction","target":["https:\/\/www.karinibutiik.ee\/toode\/tumesinine-meeste-polosark\/"]}]},{"@type":"ImageObject","inLanguage":"ru-RU","@id":"https:\/\/www.karinibutiik.ee\/toode\/tumesinine-meeste-polosark\/#primaryimage","url":"https:\/\/www.karinibutiik.ee\/wp-content\/uploads\/2025\/07\/IMG_6189-scaled.jpeg","contentUrl":"https:\/\/www.karinibutiik.ee\/wp-content\/uploads\/2025\/07\/IMG_6189-scaled.jpeg","width":1707,"height":2560},{"@type":"BreadcrumbList","@id":"https:\/\/www.karinibutiik.ee\/toode\/tumesinine-meeste-polosark\/#breadcrumb","itemListElement":[{"@type":"ListItem","position":1,"name":"Home","item":"https:\/\/www.karinibutiik.ee\/"},{"@type":"ListItem","position":2,"name":"Pood","item":"https:\/\/www.karinibutiik.ee\/pood\/"},{"@type":"ListItem","position":3,"name":"TUMESININE MEESTE POLOS\u00c4RK"}]},{"@type":"WebSite","@id":"https:\/\/www.karinibutiik.ee\/#website","url":"https:\/\/www.karinibutiik.ee\/","name":"\u041a\u0430\u0440\u0438\u043d\u0438 \u0411\u0443\u0442\u0438\u043a","description":"","publisher":{"@id":"https:\/\/www.karinibutiik.ee\/#organization"},"potentialAction":[{"@type":"SearchAction","target":{"@type":"EntryPoint","urlTemplate":"https:\/\/www.karinibutiik.ee\/?s={search_term_string}"},"query-input":{"@type":"PropertyValueSpecification","valueRequired":true,"valueName":"search_term_string"}}],"inLanguage":"ru-RU"},{"@type":"Organization","@id":"https:\/\/www.karinibutiik.ee\/#organization","name":"\u041a\u0430\u0440\u0438\u043d\u0438 \u0411\u0443\u0442\u0438\u043a","url":"https:\/\/www.karinibutiik.ee\/","logo":{"@type":"ImageObject","inLanguage":"ru-RU","@id":"https:\/\/www.karinibutiik.ee\/#\/schema\/logo\/image\/","url":"https:\/\/www.karinibutiik.ee\/wp-content\/uploads\/2024\/10\/Kuj.-K-koopia.png","contentUrl":"https:\/\/www.karinibutiik.ee\/wp-content\/uploads\/2024\/10\/Kuj.-K-koopia.png","width":500,"height":500,"caption":"Karini Butiik"},"image":{"@id":"https:\/\/www.karinibutiik.ee\/#\/schema\/logo\/image\/"},"sameAs":["https:\/\/www.facebook.com\/karinibutiik.ee","https:\/\/www.instagram.com\/karinibutiik"]}]},"og_availability":"instock","product_availability":"instock","product_retailer_item_id":"10050","product_condition":"new"},"_links":{"self":[{"href":"https:\/\/www.karinibutiik.ee\/ru\/wp-json\/wp\/v2\/product\/22916","targetHints":{"allow":["GET"]}}],"collection":[{"href":"https:\/\/www.karinibutiik.ee\/ru\/wp-json\/wp\/v2\/product"}],"about":[{"href":"https:\/\/www.karinibutiik.ee\/ru\/wp-json\/wp\/v2\/types\/product"}],"version-history":[{"count":1,"href":"https:\/\/www.karinibutiik.ee\/ru\/wp-json\/wp\/v2\/product\/22916\/revisions"}],"predecessor-version":[{"id":22921,"href":"https:\/\/www.karinibutiik.ee\/ru\/wp-json\/wp\/v2\/product\/22916\/revisions\/22921"}],"wp:featuredmedia":[{"embeddable":true,"href":"https:\/\/www.karinibutiik.ee\/ru\/wp-json\/wp\/v2\/media\/22887"}],"wp:attachment":[{"href":"https:\/\/www.karinibutiik.ee\/ru\/wp-json\/wp\/v2\/media?parent=22916"}],"wp:term":[{"taxonomy":"product_brand","embeddable":true,"href":"https:\/\/www.karinibutiik.ee\/ru\/wp-json\/wp\/v2\/product_brand?post=22916"},{"taxonomy":"product_cat","embeddable":true,"href":"https:\/\/www.karinibutiik.ee\/ru\/wp-json\/wp\/v2\/product_cat?post=22916"},{"taxonomy":"product_tag","embeddable":true,"href":"https:\/\/www.karinibutiik.ee\/ru\/wp-json\/wp\/v2\/product_tag?post=22916"}],"curies":[{"name":"wp","href":"https:\/\/api.w.org\/{rel}","templated":true}]}}