{"id":23031,"date":"2025-07-03T11:00:15","date_gmt":"2025-07-03T08:00:15","guid":{"rendered":"https:\/\/www.karinibutiik.ee\/?post_type=product&#038;p=23031"},"modified":"2026-03-28T10:36:44","modified_gmt":"2026-03-28T08:36:44","slug":"sirge-ja-laia-loikega-tekstiilpuksid","status":"publish","type":"product","link":"https:\/\/www.karinibutiik.ee\/ru\/%d0%bf%d1%80%d0%be%d0%b4%d1%83%d0%ba%d1%82\/sirge-ja-laia-loikega-tekstiilpuksid\/","title":{"rendered":"\u0422\u0415\u041a\u0421\u0422\u0418\u041b\u042c\u041d\u042b\u0415 \u0411\u0420\u042e\u041a\u0418 \u041f\u0420\u042f\u041c\u041e\u0413\u041e \u0418 \u0428\u0418\u0420\u041e\u041a\u041e\u0413\u041e \u041a\u0420\u041e\u042f"},"content":{"rendered":"<p data-start=\"259\" data-end=\"680\">Need sirge ja laia l\u00f5ikega p\u00fcksid on \u00fchtaegu elegantsed ja mugavad \u2013 ideaalne valik modernsele naisele. Elastne kumm p\u00fckste tagaosas tagab parema istuvuse ja liikumisvabaduse. Saadaval kolmes stiilses toonis: meresinine, vaarikaroosa ja helebee\u017e. Valikus kaks suurust \u2013 S\/M ja L\/XL \u2013 sobitumaks erinevatele kehat\u00fc\u00fcpidele. Loo t\u00e4iuslik komplekt, kombineerides sama sarja pintsaku ja vestiga.<\/p>\n<p data-start=\"259\" data-end=\"680\">P\u00fckste \u00fcldpikkus &#8211; S\/M 112cm, M\/L 114cm<\/p>","protected":false},"excerpt":{"rendered":"<p>Need sirge ja laia l\u00f5ikega p\u00fcksid on \u00fchtaegu elegantsed ja mugavad \u2013 ideaalne valik modernsele naisele. Elastne kumm p\u00fckste tagaosas [&hellip;]<\/p>\n","protected":false},"featured_media":22956,"template":"","meta":{"site-sidebar-layout":"default","site-content-layout":"","ast-site-content-layout":"default","site-content-style":"default","site-sidebar-style":"default","ast-global-header-display":"","ast-banner-title-visibility":"","ast-main-header-display":"","ast-hfb-above-header-display":"","ast-hfb-below-header-display":"","ast-hfb-mobile-header-display":"","site-post-title":"","ast-breadcrumbs-content":"","ast-featured-img":"","footer-sml-layout":"","ast-disable-related-posts":"","theme-transparent-header-meta":"default","adv-header-id-meta":"","stick-header-meta":"default","header-above-stick-meta":"","header-main-stick-meta":"","header-below-stick-meta":"","astra-migrate-meta-layouts":"set","ast-page-background-enabled":"default","ast-page-background-meta":{"desktop":{"background-color":"var(--ast-global-color-4)","background-image":"","background-repeat":"repeat","background-position":"center center","background-size":"auto","background-attachment":"scroll","background-type":"","background-media":"","overlay-type":"","overlay-color":"","overlay-opacity":"","overlay-gradient":""},"tablet":{"background-color":"","background-image":"","background-repeat":"repeat","background-position":"center center","background-size":"auto","background-attachment":"scroll","background-type":"","background-media":"","overlay-type":"","overlay-color":"","overlay-opacity":"","overlay-gradient":""},"mobile":{"background-color":"","background-image":"","background-repeat":"repeat","background-position":"center center","background-size":"auto","background-attachment":"scroll","background-type":"","background-media":"","overlay-type":"","overlay-color":"","overlay-opacity":"","overlay-gradient":""}},"ast-content-background-meta":{"desktop":{"background-color":"var(--ast-global-color-5)","background-image":"","background-repeat":"repeat","background-position":"center center","background-size":"auto","background-attachment":"scroll","background-type":"","background-media":"","overlay-type":"","overlay-color":"","overlay-opacity":"","overlay-gradient":""},"tablet":{"background-color":"var(--ast-global-color-5)","background-image":"","background-repeat":"repeat","background-position":"center center","background-size":"auto","background-attachment":"scroll","background-type":"","background-media":"","overlay-type":"","overlay-color":"","overlay-opacity":"","overlay-gradient":""},"mobile":{"background-color":"var(--ast-global-color-5)","background-image":"","background-repeat":"repeat","background-position":"center center","background-size":"auto","background-attachment":"scroll","background-type":"","background-media":"","overlay-type":"","overlay-color":"","overlay-opacity":"","overlay-gradient":""}}},"product_brand":[],"product_cat":[367,346,354,356],"product_tag":[1554,1549,1381,1553,1546,1551,1514,1547,1513,1555,1552,1077,866,1550,1347,1548],"class_list":{"0":"post-23031","1":"product","2":"type-product","3":"status-publish","4":"has-post-thumbnail","6":"product_cat-allahindlus","7":"product_cat-naised","8":"product_cat-puksid-seelikud","9":"product_cat-tekstiilpuksid","10":"product_tag-elegantne-valimus","11":"product_tag-helebeezid-puksid","12":"product_tag-komplekti-puksid","13":"product_tag-kontoripuksid","14":"product_tag-kummiga-puksid","15":"product_tag-l-xl-puksid","16":"product_tag-laiad-puksid","17":"product_tag-meresinised-puksid","18":"product_tag-minimalistlik-stiil","19":"product_tag-modernne-loige","20":"product_tag-moekad-puksid","21":"product_tag-mugavad-puksid","22":"product_tag-naiste-puksid","23":"product_tag-s-m-puksid","24":"product_tag-sirge-loikega-puksid","25":"product_tag-vaarikaroosad-puksid","26":"desktop-align-center","27":"tablet-align-center","28":"mobile-align-center","29":"ast-product-gallery-layout-horizontal-slider","30":"ast-product-single-variable","31":"ast-product-tabs-layout-horizontal","33":"first","34":"instock","35":"sale","36":"taxable","37":"shipping-taxable","38":"purchasable","39":"product-type-variable"},"supplier_id":null,"supplier_sku":"","barcode":null,"atum_controlled":true,"out_stock_date":null,"out_stock_threshold":null,"inheritable":true,"inbound_stock":null,"stock_on_hold":0,"sold_today":0,"sales_last_days":0,"reserved_stock":0,"customer_returns":null,"warehouse_damage":0,"lost_in_post":null,"other_logs":0,"out_stock_days":0,"lost_sales":0,"has_location":false,"update_date":"2026-03-28T08:36:46","atum_locations":[],"atum_stock_status":"instock","restock_status":false,"low_stock_amount":"","sales_update_date":"2025-12-05T00:00:21","calc_backorders":null,"yoast_head":"<!-- This site is optimized with the Yoast SEO plugin v26.9 - https:\/\/yoast.com\/product\/yoast-seo-wordpress\/ -->\n<title>SIRGE JA LAIA L\u00d5IKEGA TEKSTIILP\u00dcKSID - Karini Butiik<\/title>\n<meta name=\"description\" content=\"Sirge ja laia l\u00f5ikega p\u00fcksid elastse kummiga seljaosas. Meresinine, vaarikaroosa ja helebee\u017e toon. Suurused S\/M ja L\/XL. Sobita pintsaku ja vestiga.\" \/>\n<meta name=\"robots\" content=\"index, follow, max-snippet:-1, max-image-preview:large, max-video-preview:-1\" \/>\n<link rel=\"canonical\" href=\"https:\/\/www.karinibutiik.ee\/ru\/\u043f\u0440\u043e\u0434\u0443\u043a\u0442\/sirge-ja-laia-loikega-tekstiilpuksid\/\" \/>\n<meta property=\"og:locale\" content=\"ru_RU\" \/>\n<meta property=\"og:type\" content=\"article\" \/>\n<meta property=\"og:title\" content=\"SIRGE JA LAIA L\u00d5IKEGA TEKSTIILP\u00dcKSID - Karini Butiik\" \/>\n<meta property=\"og:description\" content=\"Sirge ja laia l\u00f5ikega p\u00fcksid elastse kummiga seljaosas. Meresinine, vaarikaroosa ja helebee\u017e toon. Suurused S\/M ja L\/XL. Sobita pintsaku ja vestiga.\" \/>\n<meta property=\"og:url\" content=\"https:\/\/www.karinibutiik.ee\/ru\/\u043f\u0440\u043e\u0434\u0443\u043a\u0442\/sirge-ja-laia-loikega-tekstiilpuksid\/\" \/>\n<meta property=\"og:site_name\" content=\"Karini Butiik\" \/>\n<meta property=\"article:publisher\" content=\"https:\/\/www.facebook.com\/karinibutiik.ee\" \/>\n<meta property=\"article:modified_time\" content=\"2026-03-28T08:36:44+00:00\" \/>\n<meta property=\"og:image\" content=\"https:\/\/www.karinibutiik.ee\/wp-content\/uploads\/2025\/07\/F181B532-2EB2-4825-9805-9408DE68210F-scaled.jpeg\" \/>\n\t<meta property=\"og:image:width\" content=\"2029\" \/>\n\t<meta property=\"og:image:height\" content=\"2560\" \/>\n\t<meta property=\"og:image:type\" content=\"image\/jpeg\" \/>\n<meta name=\"twitter:card\" content=\"summary_large_image\" \/>\n<meta name=\"twitter:label1\" content=\"\u0414\u043e\u0441\u0442\u0443\u043f\u043d\u043e\u0441\u0442\u044c\" \/>\n\t<meta name=\"twitter:data1\" content=\"\u0412 \u043d\u0430\u043b\u0438\u0447\u0438\u0438\" \/>\n<script type=\"application\/ld+json\" class=\"yoast-schema-graph\">{\"@context\":\"https:\/\/schema.org\",\"@graph\":[{\"@type\":\"WebPage\",\"@id\":\"https:\/\/www.karinibutiik.ee\/toode\/sirge-ja-laia-loikega-tekstiilpuksid\/\",\"url\":\"https:\/\/www.karinibutiik.ee\/toode\/sirge-ja-laia-loikega-tekstiilpuksid\/\",\"name\":\"SIRGE JA LAIA L\u00d5IKEGA TEKSTIILP\u00dcKSID - Karini Butiik\",\"isPartOf\":{\"@id\":\"https:\/\/www.karinibutiik.ee\/#website\"},\"primaryImageOfPage\":{\"@id\":\"https:\/\/www.karinibutiik.ee\/toode\/sirge-ja-laia-loikega-tekstiilpuksid\/#primaryimage\"},\"image\":{\"@id\":\"https:\/\/www.karinibutiik.ee\/toode\/sirge-ja-laia-loikega-tekstiilpuksid\/#primaryimage\"},\"thumbnailUrl\":\"https:\/\/www.karinibutiik.ee\/wp-content\/uploads\/2025\/07\/F181B532-2EB2-4825-9805-9408DE68210F-scaled.jpeg\",\"datePublished\":\"2025-07-03T08:00:15+00:00\",\"dateModified\":\"2026-03-28T08:36:44+00:00\",\"description\":\"Sirge ja laia l\u00f5ikega p\u00fcksid elastse kummiga seljaosas. Meresinine, vaarikaroosa ja helebee\u017e toon. Suurused S\/M ja L\/XL. Sobita pintsaku ja vestiga.\",\"breadcrumb\":{\"@id\":\"https:\/\/www.karinibutiik.ee\/toode\/sirge-ja-laia-loikega-tekstiilpuksid\/#breadcrumb\"},\"inLanguage\":\"ru-RU\",\"potentialAction\":[{\"@type\":\"ReadAction\",\"target\":[\"https:\/\/www.karinibutiik.ee\/toode\/sirge-ja-laia-loikega-tekstiilpuksid\/\"]}]},{\"@type\":\"ImageObject\",\"inLanguage\":\"ru-RU\",\"@id\":\"https:\/\/www.karinibutiik.ee\/toode\/sirge-ja-laia-loikega-tekstiilpuksid\/#primaryimage\",\"url\":\"https:\/\/www.karinibutiik.ee\/wp-content\/uploads\/2025\/07\/F181B532-2EB2-4825-9805-9408DE68210F-scaled.jpeg\",\"contentUrl\":\"https:\/\/www.karinibutiik.ee\/wp-content\/uploads\/2025\/07\/F181B532-2EB2-4825-9805-9408DE68210F-scaled.jpeg\",\"width\":2029,\"height\":2560},{\"@type\":\"BreadcrumbList\",\"@id\":\"https:\/\/www.karinibutiik.ee\/toode\/sirge-ja-laia-loikega-tekstiilpuksid\/#breadcrumb\",\"itemListElement\":[{\"@type\":\"ListItem\",\"position\":1,\"name\":\"Home\",\"item\":\"https:\/\/www.karinibutiik.ee\/\"},{\"@type\":\"ListItem\",\"position\":2,\"name\":\"Pood\",\"item\":\"https:\/\/www.karinibutiik.ee\/pood\/\"},{\"@type\":\"ListItem\",\"position\":3,\"name\":\"SIRGE JA LAIA L\u00d5IKEGA TEKSTIILP\u00dcKSID\"}]},{\"@type\":\"WebSite\",\"@id\":\"https:\/\/www.karinibutiik.ee\/#website\",\"url\":\"https:\/\/www.karinibutiik.ee\/\",\"name\":\"Karini Butiik\",\"description\":\"\",\"publisher\":{\"@id\":\"https:\/\/www.karinibutiik.ee\/#organization\"},\"potentialAction\":[{\"@type\":\"SearchAction\",\"target\":{\"@type\":\"EntryPoint\",\"urlTemplate\":\"https:\/\/www.karinibutiik.ee\/?s={search_term_string}\"},\"query-input\":{\"@type\":\"PropertyValueSpecification\",\"valueRequired\":true,\"valueName\":\"search_term_string\"}}],\"inLanguage\":\"ru-RU\"},{\"@type\":\"Organization\",\"@id\":\"https:\/\/www.karinibutiik.ee\/#organization\",\"name\":\"Karini Butiik\",\"url\":\"https:\/\/www.karinibutiik.ee\/\",\"logo\":{\"@type\":\"ImageObject\",\"inLanguage\":\"ru-RU\",\"@id\":\"https:\/\/www.karinibutiik.ee\/#\/schema\/logo\/image\/\",\"url\":\"https:\/\/www.karinibutiik.ee\/wp-content\/uploads\/2024\/10\/Kuj.-K-koopia.png\",\"contentUrl\":\"https:\/\/www.karinibutiik.ee\/wp-content\/uploads\/2024\/10\/Kuj.-K-koopia.png\",\"width\":500,\"height\":500,\"caption\":\"Karini Butiik\"},\"image\":{\"@id\":\"https:\/\/www.karinibutiik.ee\/#\/schema\/logo\/image\/\"},\"sameAs\":[\"https:\/\/www.facebook.com\/karinibutiik.ee\",\"https:\/\/www.instagram.com\/karinibutiik\"]}]}<\/script>\n<meta property=\"og:availability\" content=\"instock\" \/>\n<meta property=\"product:availability\" content=\"instock\" \/>\n<meta property=\"product:retailer_item_id\" content=\"3006\" \/>\n<meta property=\"product:condition\" content=\"new\" \/>\n<!-- \/ Yoast SEO plugin. -->","yoast_head_json":{"title":"SIRGE JA LAIA L\u00d5IKEGA TEKSTIILP\u00dcKSID - Karini Butiik","description":"Sirge ja laia l\u00f5ikega p\u00fcksid elastse kummiga seljaosas. Meresinine, vaarikaroosa ja helebee\u017e toon. Suurused S\/M ja L\/XL. Sobita pintsaku ja vestiga.","robots":{"index":"index","follow":"follow","max-snippet":"max-snippet:-1","max-image-preview":"max-image-preview:large","max-video-preview":"max-video-preview:-1"},"canonical":"https:\/\/www.karinibutiik.ee\/ru\/\u043f\u0440\u043e\u0434\u0443\u043a\u0442\/sirge-ja-laia-loikega-tekstiilpuksid\/","og_locale":"ru_RU","og_type":"article","og_title":"SIRGE JA LAIA L\u00d5IKEGA TEKSTIILP\u00dcKSID - Karini Butiik","og_description":"Sirge ja laia l\u00f5ikega p\u00fcksid elastse kummiga seljaosas. Meresinine, vaarikaroosa ja helebee\u017e toon. Suurused S\/M ja L\/XL. Sobita pintsaku ja vestiga.","og_url":"https:\/\/www.karinibutiik.ee\/ru\/\u043f\u0440\u043e\u0434\u0443\u043a\u0442\/sirge-ja-laia-loikega-tekstiilpuksid\/","og_site_name":"Karini Butiik","article_publisher":"https:\/\/www.facebook.com\/karinibutiik.ee","article_modified_time":"2026-03-28T08:36:44+00:00","og_image":[{"width":2029,"height":2560,"url":"https:\/\/www.karinibutiik.ee\/wp-content\/uploads\/2025\/07\/F181B532-2EB2-4825-9805-9408DE68210F-scaled.jpeg","type":"image\/jpeg"}],"twitter_card":"summary_large_image","twitter_misc":{"\u0414\u043e\u0441\u0442\u0443\u043f\u043d\u043e\u0441\u0442\u044c":"\u0412 \u043d\u0430\u043b\u0438\u0447\u0438\u0438"},"schema":{"@context":"https:\/\/schema.org","@graph":[{"@type":"WebPage","@id":"https:\/\/www.karinibutiik.ee\/toode\/sirge-ja-laia-loikega-tekstiilpuksid\/","url":"https:\/\/www.karinibutiik.ee\/toode\/sirge-ja-laia-loikega-tekstiilpuksid\/","name":"SIRGE JA LAIA L\u00d5IKEGA TEKSTIILP\u00dcKSID - Karini Butiik","isPartOf":{"@id":"https:\/\/www.karinibutiik.ee\/#website"},"primaryImageOfPage":{"@id":"https:\/\/www.karinibutiik.ee\/toode\/sirge-ja-laia-loikega-tekstiilpuksid\/#primaryimage"},"image":{"@id":"https:\/\/www.karinibutiik.ee\/toode\/sirge-ja-laia-loikega-tekstiilpuksid\/#primaryimage"},"thumbnailUrl":"https:\/\/www.karinibutiik.ee\/wp-content\/uploads\/2025\/07\/F181B532-2EB2-4825-9805-9408DE68210F-scaled.jpeg","datePublished":"2025-07-03T08:00:15+00:00","dateModified":"2026-03-28T08:36:44+00:00","description":"Sirge ja laia l\u00f5ikega p\u00fcksid elastse kummiga seljaosas. Meresinine, vaarikaroosa ja helebee\u017e toon. Suurused S\/M ja L\/XL. Sobita pintsaku ja vestiga.","breadcrumb":{"@id":"https:\/\/www.karinibutiik.ee\/toode\/sirge-ja-laia-loikega-tekstiilpuksid\/#breadcrumb"},"inLanguage":"ru-RU","potentialAction":[{"@type":"ReadAction","target":["https:\/\/www.karinibutiik.ee\/toode\/sirge-ja-laia-loikega-tekstiilpuksid\/"]}]},{"@type":"ImageObject","inLanguage":"ru-RU","@id":"https:\/\/www.karinibutiik.ee\/toode\/sirge-ja-laia-loikega-tekstiilpuksid\/#primaryimage","url":"https:\/\/www.karinibutiik.ee\/wp-content\/uploads\/2025\/07\/F181B532-2EB2-4825-9805-9408DE68210F-scaled.jpeg","contentUrl":"https:\/\/www.karinibutiik.ee\/wp-content\/uploads\/2025\/07\/F181B532-2EB2-4825-9805-9408DE68210F-scaled.jpeg","width":2029,"height":2560},{"@type":"BreadcrumbList","@id":"https:\/\/www.karinibutiik.ee\/toode\/sirge-ja-laia-loikega-tekstiilpuksid\/#breadcrumb","itemListElement":[{"@type":"ListItem","position":1,"name":"Home","item":"https:\/\/www.karinibutiik.ee\/"},{"@type":"ListItem","position":2,"name":"Pood","item":"https:\/\/www.karinibutiik.ee\/pood\/"},{"@type":"ListItem","position":3,"name":"SIRGE JA LAIA L\u00d5IKEGA TEKSTIILP\u00dcKSID"}]},{"@type":"WebSite","@id":"https:\/\/www.karinibutiik.ee\/#website","url":"https:\/\/www.karinibutiik.ee\/","name":"\u041a\u0430\u0440\u0438\u043d\u0438 \u0411\u0443\u0442\u0438\u043a","description":"","publisher":{"@id":"https:\/\/www.karinibutiik.ee\/#organization"},"potentialAction":[{"@type":"SearchAction","target":{"@type":"EntryPoint","urlTemplate":"https:\/\/www.karinibutiik.ee\/?s={search_term_string}"},"query-input":{"@type":"PropertyValueSpecification","valueRequired":true,"valueName":"search_term_string"}}],"inLanguage":"ru-RU"},{"@type":"Organization","@id":"https:\/\/www.karinibutiik.ee\/#organization","name":"\u041a\u0430\u0440\u0438\u043d\u0438 \u0411\u0443\u0442\u0438\u043a","url":"https:\/\/www.karinibutiik.ee\/","logo":{"@type":"ImageObject","inLanguage":"ru-RU","@id":"https:\/\/www.karinibutiik.ee\/#\/schema\/logo\/image\/","url":"https:\/\/www.karinibutiik.ee\/wp-content\/uploads\/2024\/10\/Kuj.-K-koopia.png","contentUrl":"https:\/\/www.karinibutiik.ee\/wp-content\/uploads\/2024\/10\/Kuj.-K-koopia.png","width":500,"height":500,"caption":"Karini Butiik"},"image":{"@id":"https:\/\/www.karinibutiik.ee\/#\/schema\/logo\/image\/"},"sameAs":["https:\/\/www.facebook.com\/karinibutiik.ee","https:\/\/www.instagram.com\/karinibutiik"]}]},"og_availability":"instock","product_availability":"instock","product_retailer_item_id":"3006","product_condition":"new"},"_links":{"self":[{"href":"https:\/\/www.karinibutiik.ee\/ru\/wp-json\/wp\/v2\/product\/23031","targetHints":{"allow":["GET"]}}],"collection":[{"href":"https:\/\/www.karinibutiik.ee\/ru\/wp-json\/wp\/v2\/product"}],"about":[{"href":"https:\/\/www.karinibutiik.ee\/ru\/wp-json\/wp\/v2\/types\/product"}],"version-history":[{"count":2,"href":"https:\/\/www.karinibutiik.ee\/ru\/wp-json\/wp\/v2\/product\/23031\/revisions"}],"predecessor-version":[{"id":23510,"href":"https:\/\/www.karinibutiik.ee\/ru\/wp-json\/wp\/v2\/product\/23031\/revisions\/23510"}],"wp:featuredmedia":[{"embeddable":true,"href":"https:\/\/www.karinibutiik.ee\/ru\/wp-json\/wp\/v2\/media\/22956"}],"wp:attachment":[{"href":"https:\/\/www.karinibutiik.ee\/ru\/wp-json\/wp\/v2\/media?parent=23031"}],"wp:term":[{"taxonomy":"product_brand","embeddable":true,"href":"https:\/\/www.karinibutiik.ee\/ru\/wp-json\/wp\/v2\/product_brand?post=23031"},{"taxonomy":"product_cat","embeddable":true,"href":"https:\/\/www.karinibutiik.ee\/ru\/wp-json\/wp\/v2\/product_cat?post=23031"},{"taxonomy":"product_tag","embeddable":true,"href":"https:\/\/www.karinibutiik.ee\/ru\/wp-json\/wp\/v2\/product_tag?post=23031"}],"curies":[{"name":"wp","href":"https:\/\/api.w.org\/{rel}","templated":true}]}}