{"id":23343,"date":"2025-07-07T17:02:25","date_gmt":"2025-07-07T14:02:25","guid":{"rendered":"https:\/\/www.karinibutiik.ee\/?post_type=product&#038;p=23343"},"modified":"2026-03-28T10:39:52","modified_gmt":"2026-03-28T08:39:52","slug":"maika-stiilis-top","status":"publish","type":"product","link":"https:\/\/www.karinibutiik.ee\/ru\/%d0%bf%d1%80%d0%be%d0%b4%d1%83%d0%ba%d1%82\/maika-stiilis-top\/","title":{"rendered":"\u0422\u043e\u043f \u0432 \u0441\u0442\u0438\u043b\u0435 \u043c\u0430\u0439\u043a\u0430"},"content":{"rendered":"<p>Klassikaline maika-stiilis top, mis on igas naise garderoobis asendamatu. Valmistatud venivast ja pehmest materjalist, sobib see suurep\u00e4raselt nii igap\u00e4evaseks kandmiseks kui ka teiseks kihiks kardiganide ja bleiserite all. Lihtne ja sirge l\u00f5ige v\u00f5imaldab h\u00f5lpsalt kombineerida nii p\u00fckste, l\u00fchikeste p\u00fckste kui ka seelikutega. Saadaval mustas, pruunis ja khaki toonis ning suurustes S, M, L ja XL.<br data-start=\"600\" data-end=\"603\" \/>Koostis: 65% puuvill, 35% pol\u00fcester.<\/p>\n<p>Seljaosa avatud l\u00f5ikega.<\/p>","protected":false},"excerpt":{"rendered":"<p>Klassikaline maika-stiilis top, mis on igas naise garderoobis asendamatu. Valmistatud venivast ja pehmest materjalist, sobib see suurep\u00e4raselt nii igap\u00e4evaseks kandmiseks [&hellip;]<\/p>\n","protected":false},"featured_media":23166,"template":"","meta":{"site-sidebar-layout":"default","site-content-layout":"","ast-site-content-layout":"default","site-content-style":"default","site-sidebar-style":"default","ast-global-header-display":"","ast-banner-title-visibility":"","ast-main-header-display":"","ast-hfb-above-header-display":"","ast-hfb-below-header-display":"","ast-hfb-mobile-header-display":"","site-post-title":"","ast-breadcrumbs-content":"","ast-featured-img":"","footer-sml-layout":"","ast-disable-related-posts":"","theme-transparent-header-meta":"default","adv-header-id-meta":"","stick-header-meta":"default","header-above-stick-meta":"","header-main-stick-meta":"","header-below-stick-meta":"","astra-migrate-meta-layouts":"set","ast-page-background-enabled":"default","ast-page-background-meta":{"desktop":{"background-color":"var(--ast-global-color-4)","background-image":"","background-repeat":"repeat","background-position":"center center","background-size":"auto","background-attachment":"scroll","background-type":"","background-media":"","overlay-type":"","overlay-color":"","overlay-opacity":"","overlay-gradient":""},"tablet":{"background-color":"","background-image":"","background-repeat":"repeat","background-position":"center center","background-size":"auto","background-attachment":"scroll","background-type":"","background-media":"","overlay-type":"","overlay-color":"","overlay-opacity":"","overlay-gradient":""},"mobile":{"background-color":"","background-image":"","background-repeat":"repeat","background-position":"center center","background-size":"auto","background-attachment":"scroll","background-type":"","background-media":"","overlay-type":"","overlay-color":"","overlay-opacity":"","overlay-gradient":""}},"ast-content-background-meta":{"desktop":{"background-color":"var(--ast-global-color-5)","background-image":"","background-repeat":"repeat","background-position":"center center","background-size":"auto","background-attachment":"scroll","background-type":"","background-media":"","overlay-type":"","overlay-color":"","overlay-opacity":"","overlay-gradient":""},"tablet":{"background-color":"var(--ast-global-color-5)","background-image":"","background-repeat":"repeat","background-position":"center center","background-size":"auto","background-attachment":"scroll","background-type":"","background-media":"","overlay-type":"","overlay-color":"","overlay-opacity":"","overlay-gradient":""},"mobile":{"background-color":"var(--ast-global-color-5)","background-image":"","background-repeat":"repeat","background-position":"center center","background-size":"auto","background-attachment":"scroll","background-type":"","background-media":"","overlay-type":"","overlay-color":"","overlay-opacity":"","overlay-gradient":""}}},"product_brand":[],"product_cat":[346,352,353],"product_tag":[1691,1687,1688,501,1682,1681,1643,1647,1684,1689,1639,1686,1685,1638,1646,1645,1644,1690,1683,1640],"class_list":{"0":"post-23343","1":"product","2":"type-product","3":"status-publish","4":"has-post-thumbnail","6":"product_cat-naised","7":"product_cat-pluusid-bodid","8":"product_cat-pluusid","9":"product_tag-aluskiht-top","10":"product_tag-basic-top","11":"product_tag-igapaevane-top","12":"product_tag-karini-butiik","13":"product_tag-klassikaline-top","14":"product_tag-maika-top","15":"product_tag-minimalistlik-top","16":"product_tag-mugav-top","17":"product_tag-must-maika","18":"product_tag-naiste-maika","19":"product_tag-naiste-top","20":"product_tag-poluamiid-top","21":"product_tag-spandex-top","22":"product_tag-suvine-top","23":"product_tag-top-suurus-l","24":"product_tag-top-suurus-m","25":"product_tag-top-suurus-s","26":"product_tag-top-suurus-xl","27":"product_tag-valge-maika","28":"product_tag-veniv-top","29":"desktop-align-center","30":"tablet-align-center","31":"mobile-align-center","32":"ast-product-gallery-layout-horizontal-slider","33":"ast-product-single-variable","34":"ast-product-tabs-layout-horizontal","36":"first","37":"instock","38":"taxable","39":"shipping-taxable","40":"purchasable","41":"product-type-variable"},"supplier_id":null,"supplier_sku":"","barcode":null,"atum_controlled":true,"out_stock_date":null,"out_stock_threshold":null,"inheritable":true,"inbound_stock":null,"stock_on_hold":0,"sold_today":0,"sales_last_days":0,"reserved_stock":0,"customer_returns":null,"warehouse_damage":0,"lost_in_post":null,"other_logs":0,"out_stock_days":0,"lost_sales":0,"has_location":false,"update_date":"2026-03-28T08:39:54","atum_locations":[],"atum_stock_status":"instock","restock_status":false,"low_stock_amount":"","sales_update_date":"2025-12-04T01:26:57","calc_backorders":null,"yoast_head":"<!-- This site is optimized with the Yoast SEO plugin v26.9 - https:\/\/yoast.com\/product\/yoast-seo-wordpress\/ -->\n<title>Maika-stiilis top - Karini Butiik<\/title>\n<meta name=\"description\" content=\"Klassikaline maika-top venivast ja pehmest materjalist. Saadaval must, pruun ja khaki v\u00e4rvitoon, suurused S\u2013XL. T\u00e4iuslik igap\u00e4evane baasriideese.\" \/>\n<meta name=\"robots\" content=\"index, follow, max-snippet:-1, max-image-preview:large, max-video-preview:-1\" \/>\n<link rel=\"canonical\" href=\"https:\/\/www.karinibutiik.ee\/ru\/\u043f\u0440\u043e\u0434\u0443\u043a\u0442\/maika-stiilis-top\/\" \/>\n<meta property=\"og:locale\" content=\"ru_RU\" \/>\n<meta property=\"og:type\" content=\"article\" \/>\n<meta property=\"og:title\" content=\"Maika-stiilis top - Karini Butiik\" \/>\n<meta property=\"og:description\" content=\"Klassikaline maika-top venivast ja pehmest materjalist. Saadaval must, pruun ja khaki v\u00e4rvitoon, suurused S\u2013XL. T\u00e4iuslik igap\u00e4evane baasriideese.\" \/>\n<meta property=\"og:url\" content=\"https:\/\/www.karinibutiik.ee\/ru\/\u043f\u0440\u043e\u0434\u0443\u043a\u0442\/maika-stiilis-top\/\" \/>\n<meta property=\"og:site_name\" content=\"Karini Butiik\" \/>\n<meta property=\"article:publisher\" content=\"https:\/\/www.facebook.com\/karinibutiik.ee\" \/>\n<meta property=\"article:modified_time\" content=\"2026-03-28T08:39:52+00:00\" \/>\n<meta property=\"og:image\" content=\"https:\/\/www.karinibutiik.ee\/wp-content\/uploads\/2025\/07\/8B8A857F-9B53-4105-B456-849BC222C0C9.jpeg\" \/>\n\t<meta property=\"og:image:width\" content=\"686\" \/>\n\t<meta property=\"og:image:height\" content=\"907\" \/>\n\t<meta property=\"og:image:type\" content=\"image\/jpeg\" \/>\n<meta name=\"twitter:card\" content=\"summary_large_image\" \/>\n<meta name=\"twitter:label1\" content=\"\u0414\u043e\u0441\u0442\u0443\u043f\u043d\u043e\u0441\u0442\u044c\" \/>\n\t<meta name=\"twitter:data1\" content=\"\u0412 \u043d\u0430\u043b\u0438\u0447\u0438\u0438\" \/>\n<script type=\"application\/ld+json\" class=\"yoast-schema-graph\">{\"@context\":\"https:\/\/schema.org\",\"@graph\":[{\"@type\":\"WebPage\",\"@id\":\"https:\/\/www.karinibutiik.ee\/toode\/maika-stiilis-top\/\",\"url\":\"https:\/\/www.karinibutiik.ee\/toode\/maika-stiilis-top\/\",\"name\":\"Maika-stiilis top - Karini Butiik\",\"isPartOf\":{\"@id\":\"https:\/\/www.karinibutiik.ee\/#website\"},\"primaryImageOfPage\":{\"@id\":\"https:\/\/www.karinibutiik.ee\/toode\/maika-stiilis-top\/#primaryimage\"},\"image\":{\"@id\":\"https:\/\/www.karinibutiik.ee\/toode\/maika-stiilis-top\/#primaryimage\"},\"thumbnailUrl\":\"https:\/\/www.karinibutiik.ee\/wp-content\/uploads\/2025\/07\/8B8A857F-9B53-4105-B456-849BC222C0C9.jpeg\",\"datePublished\":\"2025-07-07T14:02:25+00:00\",\"dateModified\":\"2026-03-28T08:39:52+00:00\",\"description\":\"Klassikaline maika-top venivast ja pehmest materjalist. Saadaval must, pruun ja khaki v\u00e4rvitoon, suurused S\u2013XL. T\u00e4iuslik igap\u00e4evane baasriideese.\",\"breadcrumb\":{\"@id\":\"https:\/\/www.karinibutiik.ee\/toode\/maika-stiilis-top\/#breadcrumb\"},\"inLanguage\":\"ru-RU\",\"potentialAction\":[{\"@type\":\"ReadAction\",\"target\":[\"https:\/\/www.karinibutiik.ee\/toode\/maika-stiilis-top\/\"]}]},{\"@type\":\"ImageObject\",\"inLanguage\":\"ru-RU\",\"@id\":\"https:\/\/www.karinibutiik.ee\/toode\/maika-stiilis-top\/#primaryimage\",\"url\":\"https:\/\/www.karinibutiik.ee\/wp-content\/uploads\/2025\/07\/8B8A857F-9B53-4105-B456-849BC222C0C9.jpeg\",\"contentUrl\":\"https:\/\/www.karinibutiik.ee\/wp-content\/uploads\/2025\/07\/8B8A857F-9B53-4105-B456-849BC222C0C9.jpeg\",\"width\":686,\"height\":907},{\"@type\":\"BreadcrumbList\",\"@id\":\"https:\/\/www.karinibutiik.ee\/toode\/maika-stiilis-top\/#breadcrumb\",\"itemListElement\":[{\"@type\":\"ListItem\",\"position\":1,\"name\":\"Home\",\"item\":\"https:\/\/www.karinibutiik.ee\/\"},{\"@type\":\"ListItem\",\"position\":2,\"name\":\"Pood\",\"item\":\"https:\/\/www.karinibutiik.ee\/pood\/\"},{\"@type\":\"ListItem\",\"position\":3,\"name\":\"Maika-stiilis top\"}]},{\"@type\":\"WebSite\",\"@id\":\"https:\/\/www.karinibutiik.ee\/#website\",\"url\":\"https:\/\/www.karinibutiik.ee\/\",\"name\":\"Karini Butiik\",\"description\":\"\",\"publisher\":{\"@id\":\"https:\/\/www.karinibutiik.ee\/#organization\"},\"potentialAction\":[{\"@type\":\"SearchAction\",\"target\":{\"@type\":\"EntryPoint\",\"urlTemplate\":\"https:\/\/www.karinibutiik.ee\/?s={search_term_string}\"},\"query-input\":{\"@type\":\"PropertyValueSpecification\",\"valueRequired\":true,\"valueName\":\"search_term_string\"}}],\"inLanguage\":\"ru-RU\"},{\"@type\":\"Organization\",\"@id\":\"https:\/\/www.karinibutiik.ee\/#organization\",\"name\":\"Karini Butiik\",\"url\":\"https:\/\/www.karinibutiik.ee\/\",\"logo\":{\"@type\":\"ImageObject\",\"inLanguage\":\"ru-RU\",\"@id\":\"https:\/\/www.karinibutiik.ee\/#\/schema\/logo\/image\/\",\"url\":\"https:\/\/www.karinibutiik.ee\/wp-content\/uploads\/2024\/10\/Kuj.-K-koopia.png\",\"contentUrl\":\"https:\/\/www.karinibutiik.ee\/wp-content\/uploads\/2024\/10\/Kuj.-K-koopia.png\",\"width\":500,\"height\":500,\"caption\":\"Karini Butiik\"},\"image\":{\"@id\":\"https:\/\/www.karinibutiik.ee\/#\/schema\/logo\/image\/\"},\"sameAs\":[\"https:\/\/www.facebook.com\/karinibutiik.ee\",\"https:\/\/www.instagram.com\/karinibutiik\"]}]}<\/script>\n<meta property=\"og:availability\" content=\"instock\" \/>\n<meta property=\"product:availability\" content=\"instock\" \/>\n<meta property=\"product:retailer_item_id\" content=\"1693\" \/>\n<meta property=\"product:condition\" content=\"new\" \/>\n<!-- \/ Yoast SEO plugin. -->","yoast_head_json":{"title":"Maika-stiilis top - Karini Butiik","description":"Klassikaline maika-top venivast ja pehmest materjalist. Saadaval must, pruun ja khaki v\u00e4rvitoon, suurused S\u2013XL. T\u00e4iuslik igap\u00e4evane baasriideese.","robots":{"index":"index","follow":"follow","max-snippet":"max-snippet:-1","max-image-preview":"max-image-preview:large","max-video-preview":"max-video-preview:-1"},"canonical":"https:\/\/www.karinibutiik.ee\/ru\/\u043f\u0440\u043e\u0434\u0443\u043a\u0442\/maika-stiilis-top\/","og_locale":"ru_RU","og_type":"article","og_title":"Maika-stiilis top - Karini Butiik","og_description":"Klassikaline maika-top venivast ja pehmest materjalist. Saadaval must, pruun ja khaki v\u00e4rvitoon, suurused S\u2013XL. T\u00e4iuslik igap\u00e4evane baasriideese.","og_url":"https:\/\/www.karinibutiik.ee\/ru\/\u043f\u0440\u043e\u0434\u0443\u043a\u0442\/maika-stiilis-top\/","og_site_name":"Karini Butiik","article_publisher":"https:\/\/www.facebook.com\/karinibutiik.ee","article_modified_time":"2026-03-28T08:39:52+00:00","og_image":[{"width":686,"height":907,"url":"https:\/\/www.karinibutiik.ee\/wp-content\/uploads\/2025\/07\/8B8A857F-9B53-4105-B456-849BC222C0C9.jpeg","type":"image\/jpeg"}],"twitter_card":"summary_large_image","twitter_misc":{"\u0414\u043e\u0441\u0442\u0443\u043f\u043d\u043e\u0441\u0442\u044c":"\u0412 \u043d\u0430\u043b\u0438\u0447\u0438\u0438"},"schema":{"@context":"https:\/\/schema.org","@graph":[{"@type":"WebPage","@id":"https:\/\/www.karinibutiik.ee\/toode\/maika-stiilis-top\/","url":"https:\/\/www.karinibutiik.ee\/toode\/maika-stiilis-top\/","name":"Maika-stiilis top - Karini Butiik","isPartOf":{"@id":"https:\/\/www.karinibutiik.ee\/#website"},"primaryImageOfPage":{"@id":"https:\/\/www.karinibutiik.ee\/toode\/maika-stiilis-top\/#primaryimage"},"image":{"@id":"https:\/\/www.karinibutiik.ee\/toode\/maika-stiilis-top\/#primaryimage"},"thumbnailUrl":"https:\/\/www.karinibutiik.ee\/wp-content\/uploads\/2025\/07\/8B8A857F-9B53-4105-B456-849BC222C0C9.jpeg","datePublished":"2025-07-07T14:02:25+00:00","dateModified":"2026-03-28T08:39:52+00:00","description":"Klassikaline maika-top venivast ja pehmest materjalist. Saadaval must, pruun ja khaki v\u00e4rvitoon, suurused S\u2013XL. T\u00e4iuslik igap\u00e4evane baasriideese.","breadcrumb":{"@id":"https:\/\/www.karinibutiik.ee\/toode\/maika-stiilis-top\/#breadcrumb"},"inLanguage":"ru-RU","potentialAction":[{"@type":"ReadAction","target":["https:\/\/www.karinibutiik.ee\/toode\/maika-stiilis-top\/"]}]},{"@type":"ImageObject","inLanguage":"ru-RU","@id":"https:\/\/www.karinibutiik.ee\/toode\/maika-stiilis-top\/#primaryimage","url":"https:\/\/www.karinibutiik.ee\/wp-content\/uploads\/2025\/07\/8B8A857F-9B53-4105-B456-849BC222C0C9.jpeg","contentUrl":"https:\/\/www.karinibutiik.ee\/wp-content\/uploads\/2025\/07\/8B8A857F-9B53-4105-B456-849BC222C0C9.jpeg","width":686,"height":907},{"@type":"BreadcrumbList","@id":"https:\/\/www.karinibutiik.ee\/toode\/maika-stiilis-top\/#breadcrumb","itemListElement":[{"@type":"ListItem","position":1,"name":"Home","item":"https:\/\/www.karinibutiik.ee\/"},{"@type":"ListItem","position":2,"name":"Pood","item":"https:\/\/www.karinibutiik.ee\/pood\/"},{"@type":"ListItem","position":3,"name":"Maika-stiilis top"}]},{"@type":"WebSite","@id":"https:\/\/www.karinibutiik.ee\/#website","url":"https:\/\/www.karinibutiik.ee\/","name":"\u041a\u0430\u0440\u0438\u043d\u0438 \u0411\u0443\u0442\u0438\u043a","description":"","publisher":{"@id":"https:\/\/www.karinibutiik.ee\/#organization"},"potentialAction":[{"@type":"SearchAction","target":{"@type":"EntryPoint","urlTemplate":"https:\/\/www.karinibutiik.ee\/?s={search_term_string}"},"query-input":{"@type":"PropertyValueSpecification","valueRequired":true,"valueName":"search_term_string"}}],"inLanguage":"ru-RU"},{"@type":"Organization","@id":"https:\/\/www.karinibutiik.ee\/#organization","name":"\u041a\u0430\u0440\u0438\u043d\u0438 \u0411\u0443\u0442\u0438\u043a","url":"https:\/\/www.karinibutiik.ee\/","logo":{"@type":"ImageObject","inLanguage":"ru-RU","@id":"https:\/\/www.karinibutiik.ee\/#\/schema\/logo\/image\/","url":"https:\/\/www.karinibutiik.ee\/wp-content\/uploads\/2024\/10\/Kuj.-K-koopia.png","contentUrl":"https:\/\/www.karinibutiik.ee\/wp-content\/uploads\/2024\/10\/Kuj.-K-koopia.png","width":500,"height":500,"caption":"Karini Butiik"},"image":{"@id":"https:\/\/www.karinibutiik.ee\/#\/schema\/logo\/image\/"},"sameAs":["https:\/\/www.facebook.com\/karinibutiik.ee","https:\/\/www.instagram.com\/karinibutiik"]}]},"og_availability":"instock","product_availability":"instock","product_retailer_item_id":"1693","product_condition":"new"},"_links":{"self":[{"href":"https:\/\/www.karinibutiik.ee\/ru\/wp-json\/wp\/v2\/product\/23343","targetHints":{"allow":["GET"]}}],"collection":[{"href":"https:\/\/www.karinibutiik.ee\/ru\/wp-json\/wp\/v2\/product"}],"about":[{"href":"https:\/\/www.karinibutiik.ee\/ru\/wp-json\/wp\/v2\/types\/product"}],"version-history":[{"count":1,"href":"https:\/\/www.karinibutiik.ee\/ru\/wp-json\/wp\/v2\/product\/23343\/revisions"}],"predecessor-version":[{"id":23356,"href":"https:\/\/www.karinibutiik.ee\/ru\/wp-json\/wp\/v2\/product\/23343\/revisions\/23356"}],"wp:featuredmedia":[{"embeddable":true,"href":"https:\/\/www.karinibutiik.ee\/ru\/wp-json\/wp\/v2\/media\/23166"}],"wp:attachment":[{"href":"https:\/\/www.karinibutiik.ee\/ru\/wp-json\/wp\/v2\/media?parent=23343"}],"wp:term":[{"taxonomy":"product_brand","embeddable":true,"href":"https:\/\/www.karinibutiik.ee\/ru\/wp-json\/wp\/v2\/product_brand?post=23343"},{"taxonomy":"product_cat","embeddable":true,"href":"https:\/\/www.karinibutiik.ee\/ru\/wp-json\/wp\/v2\/product_cat?post=23343"},{"taxonomy":"product_tag","embeddable":true,"href":"https:\/\/www.karinibutiik.ee\/ru\/wp-json\/wp\/v2\/product_tag?post=23343"}],"curies":[{"name":"wp","href":"https:\/\/api.w.org\/{rel}","templated":true}]}}