{"id":23400,"date":"2025-09-14T15:10:50","date_gmt":"2025-09-14T12:10:50","guid":{"rendered":"https:\/\/www.karinibutiik.ee\/?post_type=product&#038;p=23400"},"modified":"2026-03-02T14:31:03","modified_gmt":"2026-03-02T12:31:03","slug":"luhikeste-puhvvarrukatega-midikleit-v-kaelusega","status":"publish","type":"product","link":"https:\/\/www.karinibutiik.ee\/ru\/%d0%bf%d1%80%d0%be%d0%b4%d1%83%d0%ba%d1%82\/luhikeste-puhvvarrukatega-midikleit-v-kaelusega\/","title":{"rendered":"\u041f\u043b\u0430\u0442\u044c\u0435-\u043c\u0438\u0434\u0438 \u0441 \u043a\u043e\u0440\u043e\u0442\u043a\u0438\u043c\u0438 \u0440\u0443\u043a\u0430\u0432\u0430\u043c\u0438-\u0431\u0443\u0444\u0435\u0440\u0430\u043c\u0438 \u0438 v-\u043e\u0431\u0440\u0430\u0437\u043d\u044b\u043c \u0432\u044b\u0440\u0435\u0437\u043e\u043c"},"content":{"rendered":"<p data-start=\"209\" data-end=\"592\">Elegantne ja naiselik midikleit l\u00fchikeste puhvvarrukatega sobib ideaalselt nii argip\u00e4evaks kui ka pidulikeks s\u00fcndmusteks. Klassikaline V-kaelus lisab naiselikku v\u00f5lu, samas kui seljataha seotav v\u00f6\u00f6 r\u00f5hutab kaunilt taljejoont. Kergelt langev kangas tagab mugavuse kogu p\u00e4eva v\u00e4ltel. Kombineeri kontsade ja minimalistlike ehetega, et saavutada stiilne ja ajatu v\u00e4limus.<\/p>","protected":false},"excerpt":{"rendered":"<p>Elegantne ja naiselik midikleit l\u00fchikeste puhvvarrukatega sobib ideaalselt nii argip\u00e4evaks kui ka pidulikeks s\u00fcndmusteks. Klassikaline V-kaelus lisab naiselikku v\u00f5lu, samas [&hellip;]<\/p>\n","protected":false},"featured_media":26087,"template":"","meta":{"site-sidebar-layout":"default","site-content-layout":"","ast-site-content-layout":"default","site-content-style":"default","site-sidebar-style":"default","ast-global-header-display":"","ast-banner-title-visibility":"","ast-main-header-display":"","ast-hfb-above-header-display":"","ast-hfb-below-header-display":"","ast-hfb-mobile-header-display":"","site-post-title":"","ast-breadcrumbs-content":"","ast-featured-img":"","footer-sml-layout":"","ast-disable-related-posts":"","theme-transparent-header-meta":"default","adv-header-id-meta":"","stick-header-meta":"default","header-above-stick-meta":"","header-main-stick-meta":"","header-below-stick-meta":"","astra-migrate-meta-layouts":"set","ast-page-background-enabled":"default","ast-page-background-meta":{"desktop":{"background-color":"var(--ast-global-color-4)","background-image":"","background-repeat":"repeat","background-position":"center center","background-size":"auto","background-attachment":"scroll","background-type":"","background-media":"","overlay-type":"","overlay-color":"","overlay-opacity":"","overlay-gradient":""},"tablet":{"background-color":"","background-image":"","background-repeat":"repeat","background-position":"center center","background-size":"auto","background-attachment":"scroll","background-type":"","background-media":"","overlay-type":"","overlay-color":"","overlay-opacity":"","overlay-gradient":""},"mobile":{"background-color":"","background-image":"","background-repeat":"repeat","background-position":"center center","background-size":"auto","background-attachment":"scroll","background-type":"","background-media":"","overlay-type":"","overlay-color":"","overlay-opacity":"","overlay-gradient":""}},"ast-content-background-meta":{"desktop":{"background-color":"var(--ast-global-color-5)","background-image":"","background-repeat":"repeat","background-position":"center center","background-size":"auto","background-attachment":"scroll","background-type":"","background-media":"","overlay-type":"","overlay-color":"","overlay-opacity":"","overlay-gradient":""},"tablet":{"background-color":"var(--ast-global-color-5)","background-image":"","background-repeat":"repeat","background-position":"center center","background-size":"auto","background-attachment":"scroll","background-type":"","background-media":"","overlay-type":"","overlay-color":"","overlay-opacity":"","overlay-gradient":""},"mobile":{"background-color":"var(--ast-global-color-5)","background-image":"","background-repeat":"repeat","background-position":"center center","background-size":"auto","background-attachment":"scroll","background-type":"","background-media":"","overlay-type":"","overlay-color":"","overlay-opacity":"","overlay-gradient":""}}},"product_brand":[],"product_cat":[452,347,349,346,351],"product_tag":[1169,501,1695,87,1625,1593,738,1692,1694,503,1693,1458],"class_list":{"0":"post-23400","1":"product","2":"type-product","3":"status-publish","4":"has-post-thumbnail","6":"product_cat-bestseller","7":"product_cat-kleidid","8":"product_cat-midikleidid","9":"product_cat-naised","10":"product_cat-uued-tooted","11":"product_tag-elegantne-kleit","12":"product_tag-karini-butiik","13":"product_tag-kleit-naistele","14":"product_tag-midikleit","15":"product_tag-naiselik-stiil","16":"product_tag-naiste-kleit","17":"product_tag-pidulik-kleit","18":"product_tag-puhvvarrukad","19":"product_tag-seljaseotav-voo","20":"product_tag-suvekleit","21":"product_tag-v-kaelus","22":"product_tag-vooga-kleit","23":"desktop-align-center","24":"tablet-align-center","25":"mobile-align-center","26":"ast-product-gallery-layout-horizontal-slider","27":"ast-product-single-variable","28":"ast-product-tabs-layout-horizontal","30":"first","31":"instock","32":"taxable","33":"shipping-taxable","34":"purchasable","35":"product-type-variable"},"supplier_id":null,"supplier_sku":"","barcode":null,"atum_controlled":true,"out_stock_date":null,"out_stock_threshold":null,"inheritable":true,"inbound_stock":null,"stock_on_hold":0,"sold_today":0,"sales_last_days":0,"reserved_stock":0,"customer_returns":null,"warehouse_damage":0,"lost_in_post":null,"other_logs":0,"out_stock_days":0,"lost_sales":0,"has_location":false,"update_date":"2026-02-16T13:57:08","atum_locations":[],"atum_stock_status":"instock","restock_status":false,"low_stock_amount":"","sales_update_date":"2025-12-04T01:45:29","calc_backorders":null,"yoast_head":"<!-- This site is optimized with the Yoast SEO plugin v26.9 - https:\/\/yoast.com\/product\/yoast-seo-wordpress\/ -->\n<title>L\u00fchikeste puhvvarrukatega midikleit v-kaelusega - Karini Butiik<\/title>\n<meta name=\"description\" content=\"Naiselik midikleit puhvvarrukate, V-kaeluse ja seljataha seotava v\u00f6\u00f6ga. T\u00e4iuslik valik pidulikeks s\u00fcndmusteks v\u00f5i igap\u00e4evaseks kandmiseks.\" \/>\n<meta name=\"robots\" content=\"index, follow, max-snippet:-1, max-image-preview:large, max-video-preview:-1\" \/>\n<link rel=\"canonical\" href=\"https:\/\/www.karinibutiik.ee\/ru\/\u043f\u0440\u043e\u0434\u0443\u043a\u0442\/luhikeste-puhvvarrukatega-midikleit-v-kaelusega\/\" \/>\n<meta property=\"og:locale\" content=\"ru_RU\" \/>\n<meta property=\"og:type\" content=\"article\" \/>\n<meta property=\"og:title\" content=\"L\u00fchikeste puhvvarrukatega midikleit v-kaelusega - Karini Butiik\" \/>\n<meta property=\"og:description\" content=\"Naiselik midikleit puhvvarrukate, V-kaeluse ja seljataha seotava v\u00f6\u00f6ga. T\u00e4iuslik valik pidulikeks s\u00fcndmusteks v\u00f5i igap\u00e4evaseks kandmiseks.\" \/>\n<meta property=\"og:url\" content=\"https:\/\/www.karinibutiik.ee\/ru\/\u043f\u0440\u043e\u0434\u0443\u043a\u0442\/luhikeste-puhvvarrukatega-midikleit-v-kaelusega\/\" \/>\n<meta property=\"og:site_name\" content=\"Karini Butiik\" \/>\n<meta property=\"article:publisher\" content=\"https:\/\/www.facebook.com\/karinibutiik.ee\" \/>\n<meta property=\"article:modified_time\" content=\"2026-03-02T12:31:03+00:00\" \/>\n<meta property=\"og:image\" content=\"https:\/\/www.karinibutiik.ee\/wp-content\/uploads\/2026\/02\/260215_Karini_Butiik_Erlend_Staub108-scaled.jpg\" \/>\n\t<meta property=\"og:image:width\" content=\"2048\" \/>\n\t<meta property=\"og:image:height\" content=\"2560\" \/>\n\t<meta property=\"og:image:type\" content=\"image\/jpeg\" \/>\n<meta name=\"twitter:card\" content=\"summary_large_image\" \/>\n<meta name=\"twitter:label1\" content=\"\u0414\u043e\u0441\u0442\u0443\u043f\u043d\u043e\u0441\u0442\u044c\" \/>\n\t<meta name=\"twitter:data1\" content=\"\u0412 \u043d\u0430\u043b\u0438\u0447\u0438\u0438\" \/>\n<script type=\"application\/ld+json\" class=\"yoast-schema-graph\">{\"@context\":\"https:\/\/schema.org\",\"@graph\":[{\"@type\":\"WebPage\",\"@id\":\"https:\/\/www.karinibutiik.ee\/toode\/luhikeste-puhvvarrukatega-midikleit-v-kaelusega\/\",\"url\":\"https:\/\/www.karinibutiik.ee\/toode\/luhikeste-puhvvarrukatega-midikleit-v-kaelusega\/\",\"name\":\"L\u00fchikeste puhvvarrukatega midikleit v-kaelusega - Karini Butiik\",\"isPartOf\":{\"@id\":\"https:\/\/www.karinibutiik.ee\/#website\"},\"primaryImageOfPage\":{\"@id\":\"https:\/\/www.karinibutiik.ee\/toode\/luhikeste-puhvvarrukatega-midikleit-v-kaelusega\/#primaryimage\"},\"image\":{\"@id\":\"https:\/\/www.karinibutiik.ee\/toode\/luhikeste-puhvvarrukatega-midikleit-v-kaelusega\/#primaryimage\"},\"thumbnailUrl\":\"https:\/\/www.karinibutiik.ee\/wp-content\/uploads\/2026\/02\/260215_Karini_Butiik_Erlend_Staub108-scaled.jpg\",\"datePublished\":\"2025-09-14T12:10:50+00:00\",\"dateModified\":\"2026-03-02T12:31:03+00:00\",\"description\":\"Naiselik midikleit puhvvarrukate, V-kaeluse ja seljataha seotava v\u00f6\u00f6ga. T\u00e4iuslik valik pidulikeks s\u00fcndmusteks v\u00f5i igap\u00e4evaseks kandmiseks.\",\"breadcrumb\":{\"@id\":\"https:\/\/www.karinibutiik.ee\/toode\/luhikeste-puhvvarrukatega-midikleit-v-kaelusega\/#breadcrumb\"},\"inLanguage\":\"ru-RU\",\"potentialAction\":[{\"@type\":\"ReadAction\",\"target\":[\"https:\/\/www.karinibutiik.ee\/toode\/luhikeste-puhvvarrukatega-midikleit-v-kaelusega\/\"]}]},{\"@type\":\"ImageObject\",\"inLanguage\":\"ru-RU\",\"@id\":\"https:\/\/www.karinibutiik.ee\/toode\/luhikeste-puhvvarrukatega-midikleit-v-kaelusega\/#primaryimage\",\"url\":\"https:\/\/www.karinibutiik.ee\/wp-content\/uploads\/2026\/02\/260215_Karini_Butiik_Erlend_Staub108-scaled.jpg\",\"contentUrl\":\"https:\/\/www.karinibutiik.ee\/wp-content\/uploads\/2026\/02\/260215_Karini_Butiik_Erlend_Staub108-scaled.jpg\",\"width\":2048,\"height\":2560,\"caption\":\"L\u00fchikeste puhvvarrukatega midikleit v-kaelusega\"},{\"@type\":\"BreadcrumbList\",\"@id\":\"https:\/\/www.karinibutiik.ee\/toode\/luhikeste-puhvvarrukatega-midikleit-v-kaelusega\/#breadcrumb\",\"itemListElement\":[{\"@type\":\"ListItem\",\"position\":1,\"name\":\"Home\",\"item\":\"https:\/\/www.karinibutiik.ee\/\"},{\"@type\":\"ListItem\",\"position\":2,\"name\":\"Pood\",\"item\":\"https:\/\/www.karinibutiik.ee\/pood\/\"},{\"@type\":\"ListItem\",\"position\":3,\"name\":\"L\u00fchikeste puhvvarrukatega midikleit v-kaelusega\"}]},{\"@type\":\"WebSite\",\"@id\":\"https:\/\/www.karinibutiik.ee\/#website\",\"url\":\"https:\/\/www.karinibutiik.ee\/\",\"name\":\"Karini Butiik\",\"description\":\"\",\"publisher\":{\"@id\":\"https:\/\/www.karinibutiik.ee\/#organization\"},\"potentialAction\":[{\"@type\":\"SearchAction\",\"target\":{\"@type\":\"EntryPoint\",\"urlTemplate\":\"https:\/\/www.karinibutiik.ee\/?s={search_term_string}\"},\"query-input\":{\"@type\":\"PropertyValueSpecification\",\"valueRequired\":true,\"valueName\":\"search_term_string\"}}],\"inLanguage\":\"ru-RU\"},{\"@type\":\"Organization\",\"@id\":\"https:\/\/www.karinibutiik.ee\/#organization\",\"name\":\"Karini Butiik\",\"url\":\"https:\/\/www.karinibutiik.ee\/\",\"logo\":{\"@type\":\"ImageObject\",\"inLanguage\":\"ru-RU\",\"@id\":\"https:\/\/www.karinibutiik.ee\/#\/schema\/logo\/image\/\",\"url\":\"https:\/\/www.karinibutiik.ee\/wp-content\/uploads\/2024\/10\/Kuj.-K-koopia.png\",\"contentUrl\":\"https:\/\/www.karinibutiik.ee\/wp-content\/uploads\/2024\/10\/Kuj.-K-koopia.png\",\"width\":500,\"height\":500,\"caption\":\"Karini Butiik\"},\"image\":{\"@id\":\"https:\/\/www.karinibutiik.ee\/#\/schema\/logo\/image\/\"},\"sameAs\":[\"https:\/\/www.facebook.com\/karinibutiik.ee\",\"https:\/\/www.instagram.com\/karinibutiik\"]}]}<\/script>\n<meta property=\"og:availability\" content=\"instock\" \/>\n<meta property=\"product:availability\" content=\"instock\" \/>\n<meta property=\"product:retailer_item_id\" content=\"3840\" \/>\n<meta property=\"product:condition\" content=\"new\" \/>\n<!-- \/ Yoast SEO plugin. -->","yoast_head_json":{"title":"L\u00fchikeste puhvvarrukatega midikleit v-kaelusega - Karini Butiik","description":"Naiselik midikleit puhvvarrukate, V-kaeluse ja seljataha seotava v\u00f6\u00f6ga. T\u00e4iuslik valik pidulikeks s\u00fcndmusteks v\u00f5i igap\u00e4evaseks kandmiseks.","robots":{"index":"index","follow":"follow","max-snippet":"max-snippet:-1","max-image-preview":"max-image-preview:large","max-video-preview":"max-video-preview:-1"},"canonical":"https:\/\/www.karinibutiik.ee\/ru\/\u043f\u0440\u043e\u0434\u0443\u043a\u0442\/luhikeste-puhvvarrukatega-midikleit-v-kaelusega\/","og_locale":"ru_RU","og_type":"article","og_title":"L\u00fchikeste puhvvarrukatega midikleit v-kaelusega - Karini Butiik","og_description":"Naiselik midikleit puhvvarrukate, V-kaeluse ja seljataha seotava v\u00f6\u00f6ga. T\u00e4iuslik valik pidulikeks s\u00fcndmusteks v\u00f5i igap\u00e4evaseks kandmiseks.","og_url":"https:\/\/www.karinibutiik.ee\/ru\/\u043f\u0440\u043e\u0434\u0443\u043a\u0442\/luhikeste-puhvvarrukatega-midikleit-v-kaelusega\/","og_site_name":"Karini Butiik","article_publisher":"https:\/\/www.facebook.com\/karinibutiik.ee","article_modified_time":"2026-03-02T12:31:03+00:00","og_image":[{"width":2048,"height":2560,"url":"https:\/\/www.karinibutiik.ee\/wp-content\/uploads\/2026\/02\/260215_Karini_Butiik_Erlend_Staub108-scaled.jpg","type":"image\/jpeg"}],"twitter_card":"summary_large_image","twitter_misc":{"\u0414\u043e\u0441\u0442\u0443\u043f\u043d\u043e\u0441\u0442\u044c":"\u0412 \u043d\u0430\u043b\u0438\u0447\u0438\u0438"},"schema":{"@context":"https:\/\/schema.org","@graph":[{"@type":"WebPage","@id":"https:\/\/www.karinibutiik.ee\/toode\/luhikeste-puhvvarrukatega-midikleit-v-kaelusega\/","url":"https:\/\/www.karinibutiik.ee\/toode\/luhikeste-puhvvarrukatega-midikleit-v-kaelusega\/","name":"L\u00fchikeste puhvvarrukatega midikleit v-kaelusega - Karini Butiik","isPartOf":{"@id":"https:\/\/www.karinibutiik.ee\/#website"},"primaryImageOfPage":{"@id":"https:\/\/www.karinibutiik.ee\/toode\/luhikeste-puhvvarrukatega-midikleit-v-kaelusega\/#primaryimage"},"image":{"@id":"https:\/\/www.karinibutiik.ee\/toode\/luhikeste-puhvvarrukatega-midikleit-v-kaelusega\/#primaryimage"},"thumbnailUrl":"https:\/\/www.karinibutiik.ee\/wp-content\/uploads\/2026\/02\/260215_Karini_Butiik_Erlend_Staub108-scaled.jpg","datePublished":"2025-09-14T12:10:50+00:00","dateModified":"2026-03-02T12:31:03+00:00","description":"Naiselik midikleit puhvvarrukate, V-kaeluse ja seljataha seotava v\u00f6\u00f6ga. T\u00e4iuslik valik pidulikeks s\u00fcndmusteks v\u00f5i igap\u00e4evaseks kandmiseks.","breadcrumb":{"@id":"https:\/\/www.karinibutiik.ee\/toode\/luhikeste-puhvvarrukatega-midikleit-v-kaelusega\/#breadcrumb"},"inLanguage":"ru-RU","potentialAction":[{"@type":"ReadAction","target":["https:\/\/www.karinibutiik.ee\/toode\/luhikeste-puhvvarrukatega-midikleit-v-kaelusega\/"]}]},{"@type":"ImageObject","inLanguage":"ru-RU","@id":"https:\/\/www.karinibutiik.ee\/toode\/luhikeste-puhvvarrukatega-midikleit-v-kaelusega\/#primaryimage","url":"https:\/\/www.karinibutiik.ee\/wp-content\/uploads\/2026\/02\/260215_Karini_Butiik_Erlend_Staub108-scaled.jpg","contentUrl":"https:\/\/www.karinibutiik.ee\/wp-content\/uploads\/2026\/02\/260215_Karini_Butiik_Erlend_Staub108-scaled.jpg","width":2048,"height":2560,"caption":"L\u00fchikeste puhvvarrukatega midikleit v-kaelusega"},{"@type":"BreadcrumbList","@id":"https:\/\/www.karinibutiik.ee\/toode\/luhikeste-puhvvarrukatega-midikleit-v-kaelusega\/#breadcrumb","itemListElement":[{"@type":"ListItem","position":1,"name":"Home","item":"https:\/\/www.karinibutiik.ee\/"},{"@type":"ListItem","position":2,"name":"Pood","item":"https:\/\/www.karinibutiik.ee\/pood\/"},{"@type":"ListItem","position":3,"name":"L\u00fchikeste puhvvarrukatega midikleit v-kaelusega"}]},{"@type":"WebSite","@id":"https:\/\/www.karinibutiik.ee\/#website","url":"https:\/\/www.karinibutiik.ee\/","name":"\u041a\u0430\u0440\u0438\u043d\u0438 \u0411\u0443\u0442\u0438\u043a","description":"","publisher":{"@id":"https:\/\/www.karinibutiik.ee\/#organization"},"potentialAction":[{"@type":"SearchAction","target":{"@type":"EntryPoint","urlTemplate":"https:\/\/www.karinibutiik.ee\/?s={search_term_string}"},"query-input":{"@type":"PropertyValueSpecification","valueRequired":true,"valueName":"search_term_string"}}],"inLanguage":"ru-RU"},{"@type":"Organization","@id":"https:\/\/www.karinibutiik.ee\/#organization","name":"\u041a\u0430\u0440\u0438\u043d\u0438 \u0411\u0443\u0442\u0438\u043a","url":"https:\/\/www.karinibutiik.ee\/","logo":{"@type":"ImageObject","inLanguage":"ru-RU","@id":"https:\/\/www.karinibutiik.ee\/#\/schema\/logo\/image\/","url":"https:\/\/www.karinibutiik.ee\/wp-content\/uploads\/2024\/10\/Kuj.-K-koopia.png","contentUrl":"https:\/\/www.karinibutiik.ee\/wp-content\/uploads\/2024\/10\/Kuj.-K-koopia.png","width":500,"height":500,"caption":"Karini Butiik"},"image":{"@id":"https:\/\/www.karinibutiik.ee\/#\/schema\/logo\/image\/"},"sameAs":["https:\/\/www.facebook.com\/karinibutiik.ee","https:\/\/www.instagram.com\/karinibutiik"]}]},"og_availability":"instock","product_availability":"instock","product_retailer_item_id":"3840","product_condition":"new"},"_links":{"self":[{"href":"https:\/\/www.karinibutiik.ee\/ru\/wp-json\/wp\/v2\/product\/23400","targetHints":{"allow":["GET"]}}],"collection":[{"href":"https:\/\/www.karinibutiik.ee\/ru\/wp-json\/wp\/v2\/product"}],"about":[{"href":"https:\/\/www.karinibutiik.ee\/ru\/wp-json\/wp\/v2\/types\/product"}],"version-history":[{"count":1,"href":"https:\/\/www.karinibutiik.ee\/ru\/wp-json\/wp\/v2\/product\/23400\/revisions"}],"predecessor-version":[{"id":23413,"href":"https:\/\/www.karinibutiik.ee\/ru\/wp-json\/wp\/v2\/product\/23400\/revisions\/23413"}],"wp:featuredmedia":[{"embeddable":true,"href":"https:\/\/www.karinibutiik.ee\/ru\/wp-json\/wp\/v2\/media\/26087"}],"wp:attachment":[{"href":"https:\/\/www.karinibutiik.ee\/ru\/wp-json\/wp\/v2\/media?parent=23400"}],"wp:term":[{"taxonomy":"product_brand","embeddable":true,"href":"https:\/\/www.karinibutiik.ee\/ru\/wp-json\/wp\/v2\/product_brand?post=23400"},{"taxonomy":"product_cat","embeddable":true,"href":"https:\/\/www.karinibutiik.ee\/ru\/wp-json\/wp\/v2\/product_cat?post=23400"},{"taxonomy":"product_tag","embeddable":true,"href":"https:\/\/www.karinibutiik.ee\/ru\/wp-json\/wp\/v2\/product_tag?post=23400"}],"curies":[{"name":"wp","href":"https:\/\/api.w.org\/{rel}","templated":true}]}}