{"id":23669,"date":"2025-08-13T14:29:45","date_gmt":"2025-08-13T11:29:45","guid":{"rendered":"https:\/\/www.karinibutiik.ee\/?post_type=product&#038;p=23669"},"modified":"2026-04-03T12:26:58","modified_gmt":"2026-04-03T09:26:58","slug":"mugavad-vabaajajalanoud-paksu-tallaga","status":"publish","type":"product","link":"https:\/\/www.karinibutiik.ee\/ru\/%d0%bf%d1%80%d0%be%d0%b4%d1%83%d0%ba%d1%82\/mugavad-vabaajajalanoud-paksu-tallaga\/","title":{"rendered":"\u0423\u0434\u043e\u0431\u043d\u0430\u044f \u043f\u043e\u0432\u0441\u0435\u0434\u043d\u0435\u0432\u043d\u0430\u044f \u043e\u0431\u0443\u0432\u044c \u0441 \u0442\u043e\u043b\u0441\u0442\u043e\u0439 \u043f\u043e\u0434\u043e\u0448\u0432\u043e\u0439"},"content":{"rendered":"<p>Stiilsed ja praktilised vabaajajalan\u00f5ud, mis sobivad ideaalselt igap\u00e4evaseks kandmiseks. Jalan\u00f5udel on <strong data-start=\"282\" data-end=\"314\">paks ja vastupidav kummitald<\/strong>, mis <strong data-start=\"320\" data-end=\"333\">ei libise<\/strong> ning tagab kindla sammu erinevatel pindadel. <strong data-start=\"379\" data-end=\"411\">Mugav sisetald ja pehme sisu<\/strong> teevad nendest jalan\u00f5udest suurep\u00e4rase valiku pikaks p\u00e4evaks jalgadel olles.<\/p>","protected":false},"excerpt":{"rendered":"<p>Stiilsed ja praktilised vabaajajalan\u00f5ud, mis sobivad ideaalselt igap\u00e4evaseks kandmiseks. Jalan\u00f5udel on paks ja vastupidav kummitald, mis ei libise ning tagab [&hellip;]<\/p>\n","protected":false},"featured_media":23670,"template":"","meta":{"site-sidebar-layout":"default","site-content-layout":"","ast-site-content-layout":"default","site-content-style":"default","site-sidebar-style":"default","ast-global-header-display":"","ast-banner-title-visibility":"","ast-main-header-display":"","ast-hfb-above-header-display":"","ast-hfb-below-header-display":"","ast-hfb-mobile-header-display":"","site-post-title":"","ast-breadcrumbs-content":"","ast-featured-img":"","footer-sml-layout":"","ast-disable-related-posts":"","theme-transparent-header-meta":"default","adv-header-id-meta":"","stick-header-meta":"default","header-above-stick-meta":"","header-main-stick-meta":"","header-below-stick-meta":"","astra-migrate-meta-layouts":"set","ast-page-background-enabled":"default","ast-page-background-meta":{"desktop":{"background-color":"var(--ast-global-color-4)","background-image":"","background-repeat":"repeat","background-position":"center center","background-size":"auto","background-attachment":"scroll","background-type":"","background-media":"","overlay-type":"","overlay-color":"","overlay-opacity":"","overlay-gradient":""},"tablet":{"background-color":"","background-image":"","background-repeat":"repeat","background-position":"center center","background-size":"auto","background-attachment":"scroll","background-type":"","background-media":"","overlay-type":"","overlay-color":"","overlay-opacity":"","overlay-gradient":""},"mobile":{"background-color":"","background-image":"","background-repeat":"repeat","background-position":"center center","background-size":"auto","background-attachment":"scroll","background-type":"","background-media":"","overlay-type":"","overlay-color":"","overlay-opacity":"","overlay-gradient":""}},"ast-content-background-meta":{"desktop":{"background-color":"var(--ast-global-color-5)","background-image":"","background-repeat":"repeat","background-position":"center center","background-size":"auto","background-attachment":"scroll","background-type":"","background-media":"","overlay-type":"","overlay-color":"","overlay-opacity":"","overlay-gradient":""},"tablet":{"background-color":"var(--ast-global-color-5)","background-image":"","background-repeat":"repeat","background-position":"center center","background-size":"auto","background-attachment":"scroll","background-type":"","background-media":"","overlay-type":"","overlay-color":"","overlay-opacity":"","overlay-gradient":""},"mobile":{"background-color":"var(--ast-global-color-5)","background-image":"","background-repeat":"repeat","background-position":"center center","background-size":"auto","background-attachment":"scroll","background-type":"","background-media":"","overlay-type":"","overlay-color":"","overlay-opacity":"","overlay-gradient":""}}},"product_brand":[],"product_cat":[390,346,393],"product_tag":[523,1759,475,596,476,789,501,477,485,1756,272,1758,1755,1757,1754,665],"class_list":{"0":"post-23669","1":"product","2":"type-product","3":"status-publish","4":"has-post-thumbnail","6":"product_cat-jalanoud","7":"product_cat-naised","8":"product_cat-vabaaja-jalanoud","9":"product_tag-beez","10":"product_tag-beezid-tennised","11":"product_tag-dresshouse","12":"product_tag-get-dressed","13":"product_tag-getdressed","14":"product_tag-jalatsid","15":"product_tag-karini-butiik","16":"product_tag-kleidibutiik","17":"product_tag-kleidipood","18":"product_tag-mugavad-vabaajajalanoud-paksu-tallaga","19":"product_tag-must","20":"product_tag-mustad-tennised","21":"product_tag-paksutallaga-jalanoud","22":"product_tag-tennised","23":"product_tag-tossud","24":"product_tag-vabaaja-jalanoud","25":"desktop-align-center","26":"tablet-align-center","27":"mobile-align-center","28":"ast-product-gallery-layout-horizontal-slider","29":"ast-product-single-variable","30":"ast-product-tabs-layout-horizontal","32":"first","33":"instock","34":"taxable","35":"shipping-taxable","36":"purchasable","37":"product-type-variable"},"supplier_id":null,"supplier_sku":"","barcode":null,"atum_controlled":true,"out_stock_date":null,"out_stock_threshold":null,"inheritable":true,"inbound_stock":null,"stock_on_hold":0,"sold_today":0,"sales_last_days":0,"reserved_stock":0,"customer_returns":null,"warehouse_damage":0,"lost_in_post":null,"other_logs":0,"out_stock_days":0,"lost_sales":0,"has_location":false,"update_date":"2026-03-28T08:44:18","atum_locations":[],"atum_stock_status":"instock","restock_status":false,"low_stock_amount":"","sales_update_date":"2025-12-04T01:45:33","calc_backorders":null,"yoast_head":"<!-- This site is optimized with the Yoast SEO plugin v26.9 - https:\/\/yoast.com\/product\/yoast-seo-wordpress\/ -->\n<title>Mugavad vabaajajalan\u00f5ud paksu tallaga - Karini Butiik<\/title>\n<meta name=\"description\" content=\"Stiilsed ja praktilised vabaajajalan\u00f5ud, mis sobivad ideaalselt igap\u00e4evaseks kandmiseks. Jalan\u00f5udel on paks ja vastupidav kummitald.\" \/>\n<meta name=\"robots\" content=\"index, follow, max-snippet:-1, max-image-preview:large, max-video-preview:-1\" \/>\n<link rel=\"canonical\" href=\"https:\/\/www.karinibutiik.ee\/ru\/\u043f\u0440\u043e\u0434\u0443\u043a\u0442\/mugavad-vabaajajalanoud-paksu-tallaga\/\" \/>\n<meta property=\"og:locale\" content=\"ru_RU\" \/>\n<meta property=\"og:type\" content=\"article\" \/>\n<meta property=\"og:title\" content=\"Mugavad vabaajajalan\u00f5ud paksu tallaga - Karini Butiik\" \/>\n<meta property=\"og:description\" content=\"Stiilsed ja praktilised vabaajajalan\u00f5ud, mis sobivad ideaalselt igap\u00e4evaseks kandmiseks. Jalan\u00f5udel on paks ja vastupidav kummitald.\" \/>\n<meta property=\"og:url\" content=\"https:\/\/www.karinibutiik.ee\/ru\/\u043f\u0440\u043e\u0434\u0443\u043a\u0442\/mugavad-vabaajajalanoud-paksu-tallaga\/\" \/>\n<meta property=\"og:site_name\" content=\"Karini Butiik\" \/>\n<meta property=\"article:publisher\" content=\"https:\/\/www.facebook.com\/karinibutiik.ee\" \/>\n<meta property=\"article:modified_time\" content=\"2026-04-03T09:26:58+00:00\" \/>\n<meta property=\"og:image\" content=\"https:\/\/www.karinibutiik.ee\/wp-content\/uploads\/2025\/08\/IMG_9420-scaled.jpeg\" \/>\n\t<meta property=\"og:image:width\" content=\"2307\" \/>\n\t<meta property=\"og:image:height\" content=\"2560\" \/>\n\t<meta property=\"og:image:type\" content=\"image\/jpeg\" \/>\n<meta name=\"twitter:card\" content=\"summary_large_image\" \/>\n<meta name=\"twitter:label1\" content=\"\u0414\u043e\u0441\u0442\u0443\u043f\u043d\u043e\u0441\u0442\u044c\" \/>\n\t<meta name=\"twitter:data1\" content=\"\u0412 \u043d\u0430\u043b\u0438\u0447\u0438\u0438\" \/>\n<script type=\"application\/ld+json\" class=\"yoast-schema-graph\">{\"@context\":\"https:\/\/schema.org\",\"@graph\":[{\"@type\":\"WebPage\",\"@id\":\"https:\/\/www.karinibutiik.ee\/toode\/mugavad-vabaajajalanoud-paksu-tallaga\/\",\"url\":\"https:\/\/www.karinibutiik.ee\/toode\/mugavad-vabaajajalanoud-paksu-tallaga\/\",\"name\":\"Mugavad vabaajajalan\u00f5ud paksu tallaga - Karini Butiik\",\"isPartOf\":{\"@id\":\"https:\/\/www.karinibutiik.ee\/#website\"},\"primaryImageOfPage\":{\"@id\":\"https:\/\/www.karinibutiik.ee\/toode\/mugavad-vabaajajalanoud-paksu-tallaga\/#primaryimage\"},\"image\":{\"@id\":\"https:\/\/www.karinibutiik.ee\/toode\/mugavad-vabaajajalanoud-paksu-tallaga\/#primaryimage\"},\"thumbnailUrl\":\"https:\/\/www.karinibutiik.ee\/wp-content\/uploads\/2025\/08\/IMG_9420-scaled.jpeg\",\"datePublished\":\"2025-08-13T11:29:45+00:00\",\"dateModified\":\"2026-04-03T09:26:58+00:00\",\"description\":\"Stiilsed ja praktilised vabaajajalan\u00f5ud, mis sobivad ideaalselt igap\u00e4evaseks kandmiseks. Jalan\u00f5udel on paks ja vastupidav kummitald.\",\"breadcrumb\":{\"@id\":\"https:\/\/www.karinibutiik.ee\/toode\/mugavad-vabaajajalanoud-paksu-tallaga\/#breadcrumb\"},\"inLanguage\":\"ru-RU\",\"potentialAction\":[{\"@type\":\"ReadAction\",\"target\":[\"https:\/\/www.karinibutiik.ee\/toode\/mugavad-vabaajajalanoud-paksu-tallaga\/\"]}]},{\"@type\":\"ImageObject\",\"inLanguage\":\"ru-RU\",\"@id\":\"https:\/\/www.karinibutiik.ee\/toode\/mugavad-vabaajajalanoud-paksu-tallaga\/#primaryimage\",\"url\":\"https:\/\/www.karinibutiik.ee\/wp-content\/uploads\/2025\/08\/IMG_9420-scaled.jpeg\",\"contentUrl\":\"https:\/\/www.karinibutiik.ee\/wp-content\/uploads\/2025\/08\/IMG_9420-scaled.jpeg\",\"width\":2307,\"height\":2560},{\"@type\":\"BreadcrumbList\",\"@id\":\"https:\/\/www.karinibutiik.ee\/toode\/mugavad-vabaajajalanoud-paksu-tallaga\/#breadcrumb\",\"itemListElement\":[{\"@type\":\"ListItem\",\"position\":1,\"name\":\"Home\",\"item\":\"https:\/\/www.karinibutiik.ee\/\"},{\"@type\":\"ListItem\",\"position\":2,\"name\":\"Pood\",\"item\":\"https:\/\/www.karinibutiik.ee\/pood\/\"},{\"@type\":\"ListItem\",\"position\":3,\"name\":\"Mugavad vabaajajalan\u00f5ud paksu tallaga\"}]},{\"@type\":\"WebSite\",\"@id\":\"https:\/\/www.karinibutiik.ee\/#website\",\"url\":\"https:\/\/www.karinibutiik.ee\/\",\"name\":\"Karini Butiik\",\"description\":\"\",\"publisher\":{\"@id\":\"https:\/\/www.karinibutiik.ee\/#organization\"},\"potentialAction\":[{\"@type\":\"SearchAction\",\"target\":{\"@type\":\"EntryPoint\",\"urlTemplate\":\"https:\/\/www.karinibutiik.ee\/?s={search_term_string}\"},\"query-input\":{\"@type\":\"PropertyValueSpecification\",\"valueRequired\":true,\"valueName\":\"search_term_string\"}}],\"inLanguage\":\"ru-RU\"},{\"@type\":\"Organization\",\"@id\":\"https:\/\/www.karinibutiik.ee\/#organization\",\"name\":\"Karini Butiik\",\"url\":\"https:\/\/www.karinibutiik.ee\/\",\"logo\":{\"@type\":\"ImageObject\",\"inLanguage\":\"ru-RU\",\"@id\":\"https:\/\/www.karinibutiik.ee\/#\/schema\/logo\/image\/\",\"url\":\"https:\/\/www.karinibutiik.ee\/wp-content\/uploads\/2024\/10\/Kuj.-K-koopia.png\",\"contentUrl\":\"https:\/\/www.karinibutiik.ee\/wp-content\/uploads\/2024\/10\/Kuj.-K-koopia.png\",\"width\":500,\"height\":500,\"caption\":\"Karini Butiik\"},\"image\":{\"@id\":\"https:\/\/www.karinibutiik.ee\/#\/schema\/logo\/image\/\"},\"sameAs\":[\"https:\/\/www.facebook.com\/karinibutiik.ee\",\"https:\/\/www.instagram.com\/karinibutiik\"]}]}<\/script>\n<meta property=\"og:availability\" content=\"instock\" \/>\n<meta property=\"product:availability\" content=\"instock\" \/>\n<meta property=\"product:retailer_item_id\" content=\"2216\" \/>\n<meta property=\"product:condition\" content=\"new\" \/>\n<!-- \/ Yoast SEO plugin. -->","yoast_head_json":{"title":"Mugavad vabaajajalan\u00f5ud paksu tallaga - Karini Butiik","description":"Stiilsed ja praktilised vabaajajalan\u00f5ud, mis sobivad ideaalselt igap\u00e4evaseks kandmiseks. Jalan\u00f5udel on paks ja vastupidav kummitald.","robots":{"index":"index","follow":"follow","max-snippet":"max-snippet:-1","max-image-preview":"max-image-preview:large","max-video-preview":"max-video-preview:-1"},"canonical":"https:\/\/www.karinibutiik.ee\/ru\/\u043f\u0440\u043e\u0434\u0443\u043a\u0442\/mugavad-vabaajajalanoud-paksu-tallaga\/","og_locale":"ru_RU","og_type":"article","og_title":"Mugavad vabaajajalan\u00f5ud paksu tallaga - Karini Butiik","og_description":"Stiilsed ja praktilised vabaajajalan\u00f5ud, mis sobivad ideaalselt igap\u00e4evaseks kandmiseks. Jalan\u00f5udel on paks ja vastupidav kummitald.","og_url":"https:\/\/www.karinibutiik.ee\/ru\/\u043f\u0440\u043e\u0434\u0443\u043a\u0442\/mugavad-vabaajajalanoud-paksu-tallaga\/","og_site_name":"Karini Butiik","article_publisher":"https:\/\/www.facebook.com\/karinibutiik.ee","article_modified_time":"2026-04-03T09:26:58+00:00","og_image":[{"width":2307,"height":2560,"url":"https:\/\/www.karinibutiik.ee\/wp-content\/uploads\/2025\/08\/IMG_9420-scaled.jpeg","type":"image\/jpeg"}],"twitter_card":"summary_large_image","twitter_misc":{"\u0414\u043e\u0441\u0442\u0443\u043f\u043d\u043e\u0441\u0442\u044c":"\u0412 \u043d\u0430\u043b\u0438\u0447\u0438\u0438"},"schema":{"@context":"https:\/\/schema.org","@graph":[{"@type":"WebPage","@id":"https:\/\/www.karinibutiik.ee\/toode\/mugavad-vabaajajalanoud-paksu-tallaga\/","url":"https:\/\/www.karinibutiik.ee\/toode\/mugavad-vabaajajalanoud-paksu-tallaga\/","name":"Mugavad vabaajajalan\u00f5ud paksu tallaga - Karini Butiik","isPartOf":{"@id":"https:\/\/www.karinibutiik.ee\/#website"},"primaryImageOfPage":{"@id":"https:\/\/www.karinibutiik.ee\/toode\/mugavad-vabaajajalanoud-paksu-tallaga\/#primaryimage"},"image":{"@id":"https:\/\/www.karinibutiik.ee\/toode\/mugavad-vabaajajalanoud-paksu-tallaga\/#primaryimage"},"thumbnailUrl":"https:\/\/www.karinibutiik.ee\/wp-content\/uploads\/2025\/08\/IMG_9420-scaled.jpeg","datePublished":"2025-08-13T11:29:45+00:00","dateModified":"2026-04-03T09:26:58+00:00","description":"Stiilsed ja praktilised vabaajajalan\u00f5ud, mis sobivad ideaalselt igap\u00e4evaseks kandmiseks. Jalan\u00f5udel on paks ja vastupidav kummitald.","breadcrumb":{"@id":"https:\/\/www.karinibutiik.ee\/toode\/mugavad-vabaajajalanoud-paksu-tallaga\/#breadcrumb"},"inLanguage":"ru-RU","potentialAction":[{"@type":"ReadAction","target":["https:\/\/www.karinibutiik.ee\/toode\/mugavad-vabaajajalanoud-paksu-tallaga\/"]}]},{"@type":"ImageObject","inLanguage":"ru-RU","@id":"https:\/\/www.karinibutiik.ee\/toode\/mugavad-vabaajajalanoud-paksu-tallaga\/#primaryimage","url":"https:\/\/www.karinibutiik.ee\/wp-content\/uploads\/2025\/08\/IMG_9420-scaled.jpeg","contentUrl":"https:\/\/www.karinibutiik.ee\/wp-content\/uploads\/2025\/08\/IMG_9420-scaled.jpeg","width":2307,"height":2560},{"@type":"BreadcrumbList","@id":"https:\/\/www.karinibutiik.ee\/toode\/mugavad-vabaajajalanoud-paksu-tallaga\/#breadcrumb","itemListElement":[{"@type":"ListItem","position":1,"name":"Home","item":"https:\/\/www.karinibutiik.ee\/"},{"@type":"ListItem","position":2,"name":"Pood","item":"https:\/\/www.karinibutiik.ee\/pood\/"},{"@type":"ListItem","position":3,"name":"Mugavad vabaajajalan\u00f5ud paksu tallaga"}]},{"@type":"WebSite","@id":"https:\/\/www.karinibutiik.ee\/#website","url":"https:\/\/www.karinibutiik.ee\/","name":"\u041a\u0430\u0440\u0438\u043d\u0438 \u0411\u0443\u0442\u0438\u043a","description":"","publisher":{"@id":"https:\/\/www.karinibutiik.ee\/#organization"},"potentialAction":[{"@type":"SearchAction","target":{"@type":"EntryPoint","urlTemplate":"https:\/\/www.karinibutiik.ee\/?s={search_term_string}"},"query-input":{"@type":"PropertyValueSpecification","valueRequired":true,"valueName":"search_term_string"}}],"inLanguage":"ru-RU"},{"@type":"Organization","@id":"https:\/\/www.karinibutiik.ee\/#organization","name":"\u041a\u0430\u0440\u0438\u043d\u0438 \u0411\u0443\u0442\u0438\u043a","url":"https:\/\/www.karinibutiik.ee\/","logo":{"@type":"ImageObject","inLanguage":"ru-RU","@id":"https:\/\/www.karinibutiik.ee\/#\/schema\/logo\/image\/","url":"https:\/\/www.karinibutiik.ee\/wp-content\/uploads\/2024\/10\/Kuj.-K-koopia.png","contentUrl":"https:\/\/www.karinibutiik.ee\/wp-content\/uploads\/2024\/10\/Kuj.-K-koopia.png","width":500,"height":500,"caption":"Karini Butiik"},"image":{"@id":"https:\/\/www.karinibutiik.ee\/#\/schema\/logo\/image\/"},"sameAs":["https:\/\/www.facebook.com\/karinibutiik.ee","https:\/\/www.instagram.com\/karinibutiik"]}]},"og_availability":"instock","product_availability":"instock","product_retailer_item_id":"2216","product_condition":"new"},"_links":{"self":[{"href":"https:\/\/www.karinibutiik.ee\/ru\/wp-json\/wp\/v2\/product\/23669","targetHints":{"allow":["GET"]}}],"collection":[{"href":"https:\/\/www.karinibutiik.ee\/ru\/wp-json\/wp\/v2\/product"}],"about":[{"href":"https:\/\/www.karinibutiik.ee\/ru\/wp-json\/wp\/v2\/types\/product"}],"version-history":[{"count":1,"href":"https:\/\/www.karinibutiik.ee\/ru\/wp-json\/wp\/v2\/product\/23669\/revisions"}],"predecessor-version":[{"id":23689,"href":"https:\/\/www.karinibutiik.ee\/ru\/wp-json\/wp\/v2\/product\/23669\/revisions\/23689"}],"wp:featuredmedia":[{"embeddable":true,"href":"https:\/\/www.karinibutiik.ee\/ru\/wp-json\/wp\/v2\/media\/23670"}],"wp:attachment":[{"href":"https:\/\/www.karinibutiik.ee\/ru\/wp-json\/wp\/v2\/media?parent=23669"}],"wp:term":[{"taxonomy":"product_brand","embeddable":true,"href":"https:\/\/www.karinibutiik.ee\/ru\/wp-json\/wp\/v2\/product_brand?post=23669"},{"taxonomy":"product_cat","embeddable":true,"href":"https:\/\/www.karinibutiik.ee\/ru\/wp-json\/wp\/v2\/product_cat?post=23669"},{"taxonomy":"product_tag","embeddable":true,"href":"https:\/\/www.karinibutiik.ee\/ru\/wp-json\/wp\/v2\/product_tag?post=23669"}],"curies":[{"name":"wp","href":"https:\/\/api.w.org\/{rel}","templated":true}]}}