{"id":24040,"date":"2025-10-04T10:46:59","date_gmt":"2025-10-04T07:46:59","guid":{"rendered":"https:\/\/www.karinibutiik.ee\/?post_type=product&#038;p=24040"},"modified":"2026-02-13T17:48:48","modified_gmt":"2026-02-13T15:48:48","slug":"stiilsed-soojad-karvase-voodriga-platvormjalanoud","status":"publish","type":"product","link":"https:\/\/www.karinibutiik.ee\/ru\/%d0%bf%d1%80%d0%be%d0%b4%d1%83%d0%ba%d1%82\/stiilsed-soojad-karvase-voodriga-platvormjalanoud\/","title":{"rendered":"Stiilsed soojad karvase voodriga platvormjalan\u00f5ud"},"content":{"rendered":"<p>Trendikad ja mugavad karvase voodriga platvormjalan\u00f5ud, mis sobivad ideaalselt jahedamateks s\u00fcgis- ja talvep\u00e4evadeks. Pehme seemisnahkne viimistlus ja soe sisu hoiavad jalad m\u00f5nusalt soojas, samas kui tugev tald tagab mugavuse ja stabiilsuse igal sammul. Dekoratiivne \u00e4\u00e4ristus lisab jalatsitele stiilse ja erilise ilme. Saadaval kolmes kaunis toonis ja suurustes 36\u201341 \u2013 ideaalne valik igap\u00e4evaseks kandmiseks.<\/p>","protected":false},"excerpt":{"rendered":"<p>Trendikad ja mugavad karvase voodriga platvormjalan\u00f5ud, mis sobivad ideaalselt jahedamateks s\u00fcgis- ja talvep\u00e4evadeks. Pehme seemisnahkne viimistlus ja soe sisu hoiavad [&hellip;]<\/p>\n","protected":false},"featured_media":24036,"template":"","meta":{"site-sidebar-layout":"default","site-content-layout":"","ast-site-content-layout":"default","site-content-style":"default","site-sidebar-style":"default","ast-global-header-display":"","ast-banner-title-visibility":"","ast-main-header-display":"","ast-hfb-above-header-display":"","ast-hfb-below-header-display":"","ast-hfb-mobile-header-display":"","site-post-title":"","ast-breadcrumbs-content":"","ast-featured-img":"","footer-sml-layout":"","ast-disable-related-posts":"","theme-transparent-header-meta":"default","adv-header-id-meta":"","stick-header-meta":"default","header-above-stick-meta":"","header-main-stick-meta":"","header-below-stick-meta":"","astra-migrate-meta-layouts":"set","ast-page-background-enabled":"default","ast-page-background-meta":{"desktop":{"background-color":"var(--ast-global-color-4)","background-image":"","background-repeat":"repeat","background-position":"center center","background-size":"auto","background-attachment":"scroll","background-type":"","background-media":"","overlay-type":"","overlay-color":"","overlay-opacity":"","overlay-gradient":""},"tablet":{"background-color":"","background-image":"","background-repeat":"repeat","background-position":"center center","background-size":"auto","background-attachment":"scroll","background-type":"","background-media":"","overlay-type":"","overlay-color":"","overlay-opacity":"","overlay-gradient":""},"mobile":{"background-color":"","background-image":"","background-repeat":"repeat","background-position":"center center","background-size":"auto","background-attachment":"scroll","background-type":"","background-media":"","overlay-type":"","overlay-color":"","overlay-opacity":"","overlay-gradient":""}},"ast-content-background-meta":{"desktop":{"background-color":"var(--ast-global-color-5)","background-image":"","background-repeat":"repeat","background-position":"center center","background-size":"auto","background-attachment":"scroll","background-type":"","background-media":"","overlay-type":"","overlay-color":"","overlay-opacity":"","overlay-gradient":""},"tablet":{"background-color":"var(--ast-global-color-5)","background-image":"","background-repeat":"repeat","background-position":"center center","background-size":"auto","background-attachment":"scroll","background-type":"","background-media":"","overlay-type":"","overlay-color":"","overlay-opacity":"","overlay-gradient":""},"mobile":{"background-color":"var(--ast-global-color-5)","background-image":"","background-repeat":"repeat","background-position":"center center","background-size":"auto","background-attachment":"scroll","background-type":"","background-media":"","overlay-type":"","overlay-color":"","overlay-opacity":"","overlay-gradient":""}}},"product_brand":[],"product_cat":[367,452,390,392,351,393],"product_tag":[501,1795,1798,777,992,1796,990,1799,1801,1797,1802,781,1800,988],"class_list":{"0":"post-24040","1":"product","2":"type-product","3":"status-publish","4":"has-post-thumbnail","6":"product_cat-allahindlus","7":"product_cat-bestseller","8":"product_cat-jalanoud","9":"product_cat-saapad","10":"product_cat-uued-tooted","11":"product_cat-vabaaja-jalanoud","12":"product_tag-karini-butiik","13":"product_tag-karvase-voodriga-jalanoud","14":"product_tag-mugavad-jalatsid","15":"product_tag-naiste-jalanoud","16":"product_tag-paksu-tallaga-ugg-saapad","17":"product_tag-platvormjalanoud","18":"product_tag-soojad-jalanoud","19":"product_tag-stiilsed-jalatsid","20":"product_tag-sugise-jalanoud","21":"product_tag-sugissaapad","22":"product_tag-talvejalanoud","23":"product_tag-talvesaapad","24":"product_tag-trendikad-jalanoud","25":"product_tag-ugg-saapad","26":"desktop-align-center","27":"tablet-align-center","28":"mobile-align-center","29":"ast-product-gallery-layout-horizontal-slider","30":"ast-product-single-variable","31":"ast-product-tabs-layout-horizontal","33":"first","34":"instock","35":"sale","36":"taxable","37":"shipping-taxable","38":"purchasable","39":"product-type-variable"},"supplier_id":null,"supplier_sku":"","barcode":null,"atum_controlled":true,"out_stock_date":null,"out_stock_threshold":null,"inheritable":true,"inbound_stock":null,"stock_on_hold":0,"sold_today":0,"sales_last_days":2,"reserved_stock":0,"customer_returns":null,"warehouse_damage":0,"lost_in_post":null,"other_logs":0,"out_stock_days":0,"lost_sales":0,"has_location":false,"update_date":"2026-02-13T15:48:50","atum_locations":[],"atum_stock_status":"instock","restock_status":false,"low_stock_amount":"","sales_update_date":"2025-12-04T01:45:24","calc_backorders":null,"yoast_head":"<!-- This site is optimized with the Yoast SEO plugin v26.9 - https:\/\/yoast.com\/product\/yoast-seo-wordpress\/ -->\n<title>Stiilsed soojad karvase voodriga platvormjalan\u00f5ud - Karini Butiik<\/title>\n<meta name=\"description\" content=\"Soojad ja stiilsed karvase voodriga platvormjalan\u00f5ud suurustes 36\u201341. Mugav, pehme ja trendikas valik s\u00fcgis-talviseks hooajaks!\" \/>\n<meta name=\"robots\" content=\"index, follow, max-snippet:-1, max-image-preview:large, max-video-preview:-1\" \/>\n<link rel=\"canonical\" href=\"https:\/\/www.karinibutiik.ee\/ru\/\u043f\u0440\u043e\u0434\u0443\u043a\u0442\/stiilsed-soojad-karvase-voodriga-platvormjalanoud\/\" \/>\n<meta property=\"og:locale\" content=\"ru_RU\" \/>\n<meta property=\"og:type\" content=\"article\" \/>\n<meta property=\"og:title\" content=\"Stiilsed soojad karvase voodriga platvormjalan\u00f5ud - Karini Butiik\" \/>\n<meta property=\"og:description\" content=\"Soojad ja stiilsed karvase voodriga platvormjalan\u00f5ud suurustes 36\u201341. Mugav, pehme ja trendikas valik s\u00fcgis-talviseks hooajaks!\" \/>\n<meta property=\"og:url\" content=\"https:\/\/www.karinibutiik.ee\/ru\/\u043f\u0440\u043e\u0434\u0443\u043a\u0442\/stiilsed-soojad-karvase-voodriga-platvormjalanoud\/\" \/>\n<meta property=\"og:site_name\" content=\"Karini Butiik\" \/>\n<meta property=\"article:publisher\" content=\"https:\/\/www.facebook.com\/karinibutiik.ee\" \/>\n<meta property=\"article:modified_time\" content=\"2026-02-13T15:48:48+00:00\" \/>\n<meta property=\"og:image\" content=\"https:\/\/www.karinibutiik.ee\/wp-content\/uploads\/2025\/10\/IMG_7493.jpeg\" \/>\n\t<meta property=\"og:image:width\" content=\"831\" \/>\n\t<meta property=\"og:image:height\" content=\"1200\" \/>\n\t<meta property=\"og:image:type\" content=\"image\/jpeg\" \/>\n<meta name=\"twitter:card\" content=\"summary_large_image\" \/>\n<meta name=\"twitter:label1\" content=\"\u0414\u043e\u0441\u0442\u0443\u043f\u043d\u043e\u0441\u0442\u044c\" \/>\n\t<meta name=\"twitter:data1\" content=\"\u0412 \u043d\u0430\u043b\u0438\u0447\u0438\u0438\" \/>\n<script type=\"application\/ld+json\" class=\"yoast-schema-graph\">{\"@context\":\"https:\/\/schema.org\",\"@graph\":[{\"@type\":\"WebPage\",\"@id\":\"https:\/\/www.karinibutiik.ee\/toode\/stiilsed-soojad-karvase-voodriga-platvormjalanoud\/\",\"url\":\"https:\/\/www.karinibutiik.ee\/toode\/stiilsed-soojad-karvase-voodriga-platvormjalanoud\/\",\"name\":\"Stiilsed soojad karvase voodriga platvormjalan\u00f5ud - Karini Butiik\",\"isPartOf\":{\"@id\":\"https:\/\/www.karinibutiik.ee\/#website\"},\"primaryImageOfPage\":{\"@id\":\"https:\/\/www.karinibutiik.ee\/toode\/stiilsed-soojad-karvase-voodriga-platvormjalanoud\/#primaryimage\"},\"image\":{\"@id\":\"https:\/\/www.karinibutiik.ee\/toode\/stiilsed-soojad-karvase-voodriga-platvormjalanoud\/#primaryimage\"},\"thumbnailUrl\":\"https:\/\/www.karinibutiik.ee\/wp-content\/uploads\/2025\/10\/IMG_7493.jpeg\",\"datePublished\":\"2025-10-04T07:46:59+00:00\",\"dateModified\":\"2026-02-13T15:48:48+00:00\",\"description\":\"Soojad ja stiilsed karvase voodriga platvormjalan\u00f5ud suurustes 36\u201341. Mugav, pehme ja trendikas valik s\u00fcgis-talviseks hooajaks!\",\"breadcrumb\":{\"@id\":\"https:\/\/www.karinibutiik.ee\/toode\/stiilsed-soojad-karvase-voodriga-platvormjalanoud\/#breadcrumb\"},\"inLanguage\":\"ru-RU\",\"potentialAction\":[{\"@type\":\"ReadAction\",\"target\":[\"https:\/\/www.karinibutiik.ee\/toode\/stiilsed-soojad-karvase-voodriga-platvormjalanoud\/\"]}]},{\"@type\":\"ImageObject\",\"inLanguage\":\"ru-RU\",\"@id\":\"https:\/\/www.karinibutiik.ee\/toode\/stiilsed-soojad-karvase-voodriga-platvormjalanoud\/#primaryimage\",\"url\":\"https:\/\/www.karinibutiik.ee\/wp-content\/uploads\/2025\/10\/IMG_7493.jpeg\",\"contentUrl\":\"https:\/\/www.karinibutiik.ee\/wp-content\/uploads\/2025\/10\/IMG_7493.jpeg\",\"width\":831,\"height\":1200,\"caption\":\"Paksu tallaga UGG stiilis saapad\"},{\"@type\":\"BreadcrumbList\",\"@id\":\"https:\/\/www.karinibutiik.ee\/toode\/stiilsed-soojad-karvase-voodriga-platvormjalanoud\/#breadcrumb\",\"itemListElement\":[{\"@type\":\"ListItem\",\"position\":1,\"name\":\"Home\",\"item\":\"https:\/\/www.karinibutiik.ee\/\"},{\"@type\":\"ListItem\",\"position\":2,\"name\":\"Pood\",\"item\":\"https:\/\/www.karinibutiik.ee\/pood\/\"},{\"@type\":\"ListItem\",\"position\":3,\"name\":\"Stiilsed soojad karvase voodriga platvormjalan\u00f5ud\"}]},{\"@type\":\"WebSite\",\"@id\":\"https:\/\/www.karinibutiik.ee\/#website\",\"url\":\"https:\/\/www.karinibutiik.ee\/\",\"name\":\"Karini Butiik\",\"description\":\"\",\"publisher\":{\"@id\":\"https:\/\/www.karinibutiik.ee\/#organization\"},\"potentialAction\":[{\"@type\":\"SearchAction\",\"target\":{\"@type\":\"EntryPoint\",\"urlTemplate\":\"https:\/\/www.karinibutiik.ee\/?s={search_term_string}\"},\"query-input\":{\"@type\":\"PropertyValueSpecification\",\"valueRequired\":true,\"valueName\":\"search_term_string\"}}],\"inLanguage\":\"ru-RU\"},{\"@type\":\"Organization\",\"@id\":\"https:\/\/www.karinibutiik.ee\/#organization\",\"name\":\"Karini Butiik\",\"url\":\"https:\/\/www.karinibutiik.ee\/\",\"logo\":{\"@type\":\"ImageObject\",\"inLanguage\":\"ru-RU\",\"@id\":\"https:\/\/www.karinibutiik.ee\/#\/schema\/logo\/image\/\",\"url\":\"https:\/\/www.karinibutiik.ee\/wp-content\/uploads\/2024\/10\/Kuj.-K-koopia.png\",\"contentUrl\":\"https:\/\/www.karinibutiik.ee\/wp-content\/uploads\/2024\/10\/Kuj.-K-koopia.png\",\"width\":500,\"height\":500,\"caption\":\"Karini Butiik\"},\"image\":{\"@id\":\"https:\/\/www.karinibutiik.ee\/#\/schema\/logo\/image\/\"},\"sameAs\":[\"https:\/\/www.facebook.com\/karinibutiik.ee\",\"https:\/\/www.instagram.com\/karinibutiik\"]}]}<\/script>\n<meta property=\"og:availability\" content=\"instock\" \/>\n<meta property=\"product:availability\" content=\"instock\" \/>\n<meta property=\"product:retailer_item_id\" content=\"2588\" \/>\n<meta property=\"product:condition\" content=\"new\" \/>\n<!-- \/ Yoast SEO plugin. -->","yoast_head_json":{"title":"Stiilsed soojad karvase voodriga platvormjalan\u00f5ud - Karini Butiik","description":"Soojad ja stiilsed karvase voodriga platvormjalan\u00f5ud suurustes 36\u201341. Mugav, pehme ja trendikas valik s\u00fcgis-talviseks hooajaks!","robots":{"index":"index","follow":"follow","max-snippet":"max-snippet:-1","max-image-preview":"max-image-preview:large","max-video-preview":"max-video-preview:-1"},"canonical":"https:\/\/www.karinibutiik.ee\/ru\/\u043f\u0440\u043e\u0434\u0443\u043a\u0442\/stiilsed-soojad-karvase-voodriga-platvormjalanoud\/","og_locale":"ru_RU","og_type":"article","og_title":"Stiilsed soojad karvase voodriga platvormjalan\u00f5ud - Karini Butiik","og_description":"Soojad ja stiilsed karvase voodriga platvormjalan\u00f5ud suurustes 36\u201341. Mugav, pehme ja trendikas valik s\u00fcgis-talviseks hooajaks!","og_url":"https:\/\/www.karinibutiik.ee\/ru\/\u043f\u0440\u043e\u0434\u0443\u043a\u0442\/stiilsed-soojad-karvase-voodriga-platvormjalanoud\/","og_site_name":"Karini Butiik","article_publisher":"https:\/\/www.facebook.com\/karinibutiik.ee","article_modified_time":"2026-02-13T15:48:48+00:00","og_image":[{"width":831,"height":1200,"url":"https:\/\/www.karinibutiik.ee\/wp-content\/uploads\/2025\/10\/IMG_7493.jpeg","type":"image\/jpeg"}],"twitter_card":"summary_large_image","twitter_misc":{"\u0414\u043e\u0441\u0442\u0443\u043f\u043d\u043e\u0441\u0442\u044c":"\u0412 \u043d\u0430\u043b\u0438\u0447\u0438\u0438"},"schema":{"@context":"https:\/\/schema.org","@graph":[{"@type":"WebPage","@id":"https:\/\/www.karinibutiik.ee\/toode\/stiilsed-soojad-karvase-voodriga-platvormjalanoud\/","url":"https:\/\/www.karinibutiik.ee\/toode\/stiilsed-soojad-karvase-voodriga-platvormjalanoud\/","name":"Stiilsed soojad karvase voodriga platvormjalan\u00f5ud - Karini Butiik","isPartOf":{"@id":"https:\/\/www.karinibutiik.ee\/#website"},"primaryImageOfPage":{"@id":"https:\/\/www.karinibutiik.ee\/toode\/stiilsed-soojad-karvase-voodriga-platvormjalanoud\/#primaryimage"},"image":{"@id":"https:\/\/www.karinibutiik.ee\/toode\/stiilsed-soojad-karvase-voodriga-platvormjalanoud\/#primaryimage"},"thumbnailUrl":"https:\/\/www.karinibutiik.ee\/wp-content\/uploads\/2025\/10\/IMG_7493.jpeg","datePublished":"2025-10-04T07:46:59+00:00","dateModified":"2026-02-13T15:48:48+00:00","description":"Soojad ja stiilsed karvase voodriga platvormjalan\u00f5ud suurustes 36\u201341. Mugav, pehme ja trendikas valik s\u00fcgis-talviseks hooajaks!","breadcrumb":{"@id":"https:\/\/www.karinibutiik.ee\/toode\/stiilsed-soojad-karvase-voodriga-platvormjalanoud\/#breadcrumb"},"inLanguage":"ru-RU","potentialAction":[{"@type":"ReadAction","target":["https:\/\/www.karinibutiik.ee\/toode\/stiilsed-soojad-karvase-voodriga-platvormjalanoud\/"]}]},{"@type":"ImageObject","inLanguage":"ru-RU","@id":"https:\/\/www.karinibutiik.ee\/toode\/stiilsed-soojad-karvase-voodriga-platvormjalanoud\/#primaryimage","url":"https:\/\/www.karinibutiik.ee\/wp-content\/uploads\/2025\/10\/IMG_7493.jpeg","contentUrl":"https:\/\/www.karinibutiik.ee\/wp-content\/uploads\/2025\/10\/IMG_7493.jpeg","width":831,"height":1200,"caption":"Paksu tallaga UGG stiilis saapad"},{"@type":"BreadcrumbList","@id":"https:\/\/www.karinibutiik.ee\/toode\/stiilsed-soojad-karvase-voodriga-platvormjalanoud\/#breadcrumb","itemListElement":[{"@type":"ListItem","position":1,"name":"Home","item":"https:\/\/www.karinibutiik.ee\/"},{"@type":"ListItem","position":2,"name":"Pood","item":"https:\/\/www.karinibutiik.ee\/pood\/"},{"@type":"ListItem","position":3,"name":"Stiilsed soojad karvase voodriga platvormjalan\u00f5ud"}]},{"@type":"WebSite","@id":"https:\/\/www.karinibutiik.ee\/#website","url":"https:\/\/www.karinibutiik.ee\/","name":"\u041a\u0430\u0440\u0438\u043d\u0438 \u0411\u0443\u0442\u0438\u043a","description":"","publisher":{"@id":"https:\/\/www.karinibutiik.ee\/#organization"},"potentialAction":[{"@type":"SearchAction","target":{"@type":"EntryPoint","urlTemplate":"https:\/\/www.karinibutiik.ee\/?s={search_term_string}"},"query-input":{"@type":"PropertyValueSpecification","valueRequired":true,"valueName":"search_term_string"}}],"inLanguage":"ru-RU"},{"@type":"Organization","@id":"https:\/\/www.karinibutiik.ee\/#organization","name":"\u041a\u0430\u0440\u0438\u043d\u0438 \u0411\u0443\u0442\u0438\u043a","url":"https:\/\/www.karinibutiik.ee\/","logo":{"@type":"ImageObject","inLanguage":"ru-RU","@id":"https:\/\/www.karinibutiik.ee\/#\/schema\/logo\/image\/","url":"https:\/\/www.karinibutiik.ee\/wp-content\/uploads\/2024\/10\/Kuj.-K-koopia.png","contentUrl":"https:\/\/www.karinibutiik.ee\/wp-content\/uploads\/2024\/10\/Kuj.-K-koopia.png","width":500,"height":500,"caption":"Karini Butiik"},"image":{"@id":"https:\/\/www.karinibutiik.ee\/#\/schema\/logo\/image\/"},"sameAs":["https:\/\/www.facebook.com\/karinibutiik.ee","https:\/\/www.instagram.com\/karinibutiik"]}]},"og_availability":"instock","product_availability":"instock","product_retailer_item_id":"2588","product_condition":"new"},"_links":{"self":[{"href":"https:\/\/www.karinibutiik.ee\/ru\/wp-json\/wp\/v2\/product\/24040","targetHints":{"allow":["GET"]}}],"collection":[{"href":"https:\/\/www.karinibutiik.ee\/ru\/wp-json\/wp\/v2\/product"}],"about":[{"href":"https:\/\/www.karinibutiik.ee\/ru\/wp-json\/wp\/v2\/types\/product"}],"version-history":[{"count":1,"href":"https:\/\/www.karinibutiik.ee\/ru\/wp-json\/wp\/v2\/product\/24040\/revisions"}],"predecessor-version":[{"id":24059,"href":"https:\/\/www.karinibutiik.ee\/ru\/wp-json\/wp\/v2\/product\/24040\/revisions\/24059"}],"wp:featuredmedia":[{"embeddable":true,"href":"https:\/\/www.karinibutiik.ee\/ru\/wp-json\/wp\/v2\/media\/24036"}],"wp:attachment":[{"href":"https:\/\/www.karinibutiik.ee\/ru\/wp-json\/wp\/v2\/media?parent=24040"}],"wp:term":[{"taxonomy":"product_brand","embeddable":true,"href":"https:\/\/www.karinibutiik.ee\/ru\/wp-json\/wp\/v2\/product_brand?post=24040"},{"taxonomy":"product_cat","embeddable":true,"href":"https:\/\/www.karinibutiik.ee\/ru\/wp-json\/wp\/v2\/product_cat?post=24040"},{"taxonomy":"product_tag","embeddable":true,"href":"https:\/\/www.karinibutiik.ee\/ru\/wp-json\/wp\/v2\/product_tag?post=24040"}],"curies":[{"name":"wp","href":"https:\/\/api.w.org\/{rel}","templated":true}]}}