{"id":24094,"date":"2025-10-04T12:07:38","date_gmt":"2025-10-04T09:07:38","guid":{"rendered":"https:\/\/www.karinibutiik.ee\/?post_type=product&#038;p=24094"},"modified":"2026-03-23T11:52:16","modified_gmt":"2026-03-23T09:52:16","slug":"stiilsed-mustad-kontsasaapad-naistele-metallpandlaga","status":"publish","type":"product","link":"https:\/\/www.karinibutiik.ee\/ru\/%d0%bf%d1%80%d0%be%d0%b4%d1%83%d0%ba%d1%82\/stiilsed-mustad-kontsasaapad-naistele-metallpandlaga\/","title":{"rendered":"Stiilsed mustad kontsasaapad naistele metallpandlaga"},"content":{"rendered":"<p>Elegantsed mustad saapad, mis \u00fchendavad mugavuse ja ajatu stiili. Pehme kunstnahk, praktiline k\u00fclglukk ja kaunis metallpandlaga detail loovad luksusliku ja naiseliku ilme. Madal ja stabiilne konts tagab mugava kandmise terve p\u00e4eva v\u00e4ltel. Sobivad suurep\u00e4raselt nii seeliku, kleidi kui ka kitsaste p\u00fckstega \u2013 ideaalne valik s\u00fcgiseks ja talveks.<br data-start=\"461\" data-end=\"464\" \/>Saadaval suurustes <strong data-start=\"483\" data-end=\"492\">36\u201341<\/strong>. Saapad vastavad tavap\u00e4rastele suurustele.<\/p>","protected":false},"excerpt":{"rendered":"<p>Elegantsed mustad saapad, mis \u00fchendavad mugavuse ja ajatu stiili. Pehme kunstnahk, praktiline k\u00fclglukk ja kaunis metallpandlaga detail loovad luksusliku ja [&hellip;]<\/p>\n","protected":false},"featured_media":24093,"template":"","meta":{"site-sidebar-layout":"default","site-content-layout":"","ast-site-content-layout":"default","site-content-style":"default","site-sidebar-style":"default","ast-global-header-display":"","ast-banner-title-visibility":"","ast-main-header-display":"","ast-hfb-above-header-display":"","ast-hfb-below-header-display":"","ast-hfb-mobile-header-display":"","site-post-title":"","ast-breadcrumbs-content":"","ast-featured-img":"","footer-sml-layout":"","ast-disable-related-posts":"","theme-transparent-header-meta":"default","adv-header-id-meta":"","stick-header-meta":"default","header-above-stick-meta":"","header-main-stick-meta":"","header-below-stick-meta":"","astra-migrate-meta-layouts":"set","ast-page-background-enabled":"default","ast-page-background-meta":{"desktop":{"background-color":"var(--ast-global-color-4)","background-image":"","background-repeat":"repeat","background-position":"center center","background-size":"auto","background-attachment":"scroll","background-type":"","background-media":"","overlay-type":"","overlay-color":"","overlay-opacity":"","overlay-gradient":""},"tablet":{"background-color":"","background-image":"","background-repeat":"repeat","background-position":"center center","background-size":"auto","background-attachment":"scroll","background-type":"","background-media":"","overlay-type":"","overlay-color":"","overlay-opacity":"","overlay-gradient":""},"mobile":{"background-color":"","background-image":"","background-repeat":"repeat","background-position":"center center","background-size":"auto","background-attachment":"scroll","background-type":"","background-media":"","overlay-type":"","overlay-color":"","overlay-opacity":"","overlay-gradient":""}},"ast-content-background-meta":{"desktop":{"background-color":"var(--ast-global-color-5)","background-image":"","background-repeat":"repeat","background-position":"center center","background-size":"auto","background-attachment":"scroll","background-type":"","background-media":"","overlay-type":"","overlay-color":"","overlay-opacity":"","overlay-gradient":""},"tablet":{"background-color":"var(--ast-global-color-5)","background-image":"","background-repeat":"repeat","background-position":"center center","background-size":"auto","background-attachment":"scroll","background-type":"","background-media":"","overlay-type":"","overlay-color":"","overlay-opacity":"","overlay-gradient":""},"mobile":{"background-color":"var(--ast-global-color-5)","background-image":"","background-repeat":"repeat","background-position":"center center","background-size":"auto","background-attachment":"scroll","background-type":"","background-media":"","overlay-type":"","overlay-color":"","overlay-opacity":"","overlay-gradient":""}}},"product_brand":[],"product_cat":[367,390,346,392,351],"product_tag":[501,1811,1805,1812,1808,1810,758,1807,776,1809,1797,1813,781,1806],"class_list":{"0":"post-24094","1":"product","2":"type-product","3":"status-publish","4":"has-post-thumbnail","6":"product_cat-allahindlus","7":"product_cat-jalanoud","8":"product_cat-naised","9":"product_cat-saapad","10":"product_cat-uued-tooted","11":"product_tag-karini-butiik","12":"product_tag-klassikalised-saapad","13":"product_tag-kontsasaapad","14":"product_tag-metallpandlaga-saapad","15":"product_tag-mood","16":"product_tag-mugavad-saapad","17":"product_tag-mustad-saapad","18":"product_tag-naiste-jalatsid","19":"product_tag-naistesaapad","20":"product_tag-stiilne-jalats","21":"product_tag-sugissaapad","22":"product_tag-suurused-36-41","23":"product_tag-talvesaapad","24":"product_tag-trendisaapad","25":"desktop-align-center","26":"tablet-align-center","27":"mobile-align-center","28":"ast-product-gallery-layout-horizontal-slider","29":"ast-product-single-variable","30":"ast-product-tabs-layout-horizontal","32":"first","33":"instock","34":"sale","35":"taxable","36":"shipping-taxable","37":"purchasable","38":"product-type-variable"},"supplier_id":null,"supplier_sku":"","barcode":null,"atum_controlled":true,"out_stock_date":null,"out_stock_threshold":null,"inheritable":true,"inbound_stock":null,"stock_on_hold":0,"sold_today":0,"sales_last_days":0,"reserved_stock":0,"customer_returns":null,"warehouse_damage":0,"lost_in_post":null,"other_logs":0,"out_stock_days":0,"lost_sales":0,"has_location":false,"update_date":"2026-01-06T09:20:19","atum_locations":[],"atum_stock_status":"instock","restock_status":false,"low_stock_amount":"","sales_update_date":"2025-12-05T11:19:08","calc_backorders":null,"yoast_head":"<!-- This site is optimized with the Yoast SEO plugin v26.9 - https:\/\/yoast.com\/product\/yoast-seo-wordpress\/ -->\n<title>Stiilsed mustad kontsasaapad naistele metallpandlaga - Karini Butiik<\/title>\n<meta name=\"description\" content=\"Avasta Karini Butiigi mustad metallpandlaga kontsasaapad \u2013 mugavad, trendikad ja igap\u00e4evaseks kandmiseks sobivad naiste saapad suurustes 36\u201341.\" \/>\n<meta name=\"robots\" content=\"index, follow, max-snippet:-1, max-image-preview:large, max-video-preview:-1\" \/>\n<link rel=\"canonical\" href=\"https:\/\/www.karinibutiik.ee\/ru\/\u043f\u0440\u043e\u0434\u0443\u043a\u0442\/stiilsed-mustad-kontsasaapad-naistele-metallpandlaga\/\" \/>\n<meta property=\"og:locale\" content=\"ru_RU\" \/>\n<meta property=\"og:type\" content=\"article\" \/>\n<meta property=\"og:title\" content=\"Stiilsed mustad kontsasaapad naistele metallpandlaga - Karini Butiik\" \/>\n<meta property=\"og:description\" content=\"Avasta Karini Butiigi mustad metallpandlaga kontsasaapad \u2013 mugavad, trendikad ja igap\u00e4evaseks kandmiseks sobivad naiste saapad suurustes 36\u201341.\" \/>\n<meta property=\"og:url\" content=\"https:\/\/www.karinibutiik.ee\/ru\/\u043f\u0440\u043e\u0434\u0443\u043a\u0442\/stiilsed-mustad-kontsasaapad-naistele-metallpandlaga\/\" \/>\n<meta property=\"og:site_name\" content=\"Karini Butiik\" \/>\n<meta property=\"article:publisher\" content=\"https:\/\/www.facebook.com\/karinibutiik.ee\" \/>\n<meta property=\"article:modified_time\" content=\"2026-03-23T09:52:16+00:00\" \/>\n<meta property=\"og:image\" content=\"https:\/\/www.karinibutiik.ee\/wp-content\/uploads\/2025\/10\/IMG_2523-2-e1759568353339.jpeg\" \/>\n\t<meta property=\"og:image:width\" content=\"753\" \/>\n\t<meta property=\"og:image:height\" content=\"1000\" \/>\n\t<meta property=\"og:image:type\" content=\"image\/jpeg\" \/>\n<meta name=\"twitter:card\" content=\"summary_large_image\" \/>\n<meta name=\"twitter:label1\" content=\"\u0414\u043e\u0441\u0442\u0443\u043f\u043d\u043e\u0441\u0442\u044c\" \/>\n\t<meta name=\"twitter:data1\" content=\"\u0412 \u043d\u0430\u043b\u0438\u0447\u0438\u0438\" \/>\n<script type=\"application\/ld+json\" class=\"yoast-schema-graph\">{\"@context\":\"https:\/\/schema.org\",\"@graph\":[{\"@type\":\"WebPage\",\"@id\":\"https:\/\/www.karinibutiik.ee\/toode\/stiilsed-mustad-kontsasaapad-naistele-metallpandlaga\/\",\"url\":\"https:\/\/www.karinibutiik.ee\/toode\/stiilsed-mustad-kontsasaapad-naistele-metallpandlaga\/\",\"name\":\"Stiilsed mustad kontsasaapad naistele metallpandlaga - Karini Butiik\",\"isPartOf\":{\"@id\":\"https:\/\/www.karinibutiik.ee\/#website\"},\"primaryImageOfPage\":{\"@id\":\"https:\/\/www.karinibutiik.ee\/toode\/stiilsed-mustad-kontsasaapad-naistele-metallpandlaga\/#primaryimage\"},\"image\":{\"@id\":\"https:\/\/www.karinibutiik.ee\/toode\/stiilsed-mustad-kontsasaapad-naistele-metallpandlaga\/#primaryimage\"},\"thumbnailUrl\":\"https:\/\/www.karinibutiik.ee\/wp-content\/uploads\/2025\/10\/IMG_2523-2-e1759568353339.jpeg\",\"datePublished\":\"2025-10-04T09:07:38+00:00\",\"dateModified\":\"2026-03-23T09:52:16+00:00\",\"description\":\"Avasta Karini Butiigi mustad metallpandlaga kontsasaapad \u2013 mugavad, trendikad ja igap\u00e4evaseks kandmiseks sobivad naiste saapad suurustes 36\u201341.\",\"breadcrumb\":{\"@id\":\"https:\/\/www.karinibutiik.ee\/toode\/stiilsed-mustad-kontsasaapad-naistele-metallpandlaga\/#breadcrumb\"},\"inLanguage\":\"ru-RU\",\"potentialAction\":[{\"@type\":\"ReadAction\",\"target\":[\"https:\/\/www.karinibutiik.ee\/toode\/stiilsed-mustad-kontsasaapad-naistele-metallpandlaga\/\"]}]},{\"@type\":\"ImageObject\",\"inLanguage\":\"ru-RU\",\"@id\":\"https:\/\/www.karinibutiik.ee\/toode\/stiilsed-mustad-kontsasaapad-naistele-metallpandlaga\/#primaryimage\",\"url\":\"https:\/\/www.karinibutiik.ee\/wp-content\/uploads\/2025\/10\/IMG_2523-2-e1759568353339.jpeg\",\"contentUrl\":\"https:\/\/www.karinibutiik.ee\/wp-content\/uploads\/2025\/10\/IMG_2523-2-e1759568353339.jpeg\",\"width\":753,\"height\":1000,\"caption\":\"Mustad naiste kontaga saapad\"},{\"@type\":\"BreadcrumbList\",\"@id\":\"https:\/\/www.karinibutiik.ee\/toode\/stiilsed-mustad-kontsasaapad-naistele-metallpandlaga\/#breadcrumb\",\"itemListElement\":[{\"@type\":\"ListItem\",\"position\":1,\"name\":\"Home\",\"item\":\"https:\/\/www.karinibutiik.ee\/\"},{\"@type\":\"ListItem\",\"position\":2,\"name\":\"Pood\",\"item\":\"https:\/\/www.karinibutiik.ee\/pood\/\"},{\"@type\":\"ListItem\",\"position\":3,\"name\":\"Stiilsed mustad kontsasaapad naistele metallpandlaga\"}]},{\"@type\":\"WebSite\",\"@id\":\"https:\/\/www.karinibutiik.ee\/#website\",\"url\":\"https:\/\/www.karinibutiik.ee\/\",\"name\":\"Karini Butiik\",\"description\":\"\",\"publisher\":{\"@id\":\"https:\/\/www.karinibutiik.ee\/#organization\"},\"potentialAction\":[{\"@type\":\"SearchAction\",\"target\":{\"@type\":\"EntryPoint\",\"urlTemplate\":\"https:\/\/www.karinibutiik.ee\/?s={search_term_string}\"},\"query-input\":{\"@type\":\"PropertyValueSpecification\",\"valueRequired\":true,\"valueName\":\"search_term_string\"}}],\"inLanguage\":\"ru-RU\"},{\"@type\":\"Organization\",\"@id\":\"https:\/\/www.karinibutiik.ee\/#organization\",\"name\":\"Karini Butiik\",\"url\":\"https:\/\/www.karinibutiik.ee\/\",\"logo\":{\"@type\":\"ImageObject\",\"inLanguage\":\"ru-RU\",\"@id\":\"https:\/\/www.karinibutiik.ee\/#\/schema\/logo\/image\/\",\"url\":\"https:\/\/www.karinibutiik.ee\/wp-content\/uploads\/2024\/10\/Kuj.-K-koopia.png\",\"contentUrl\":\"https:\/\/www.karinibutiik.ee\/wp-content\/uploads\/2024\/10\/Kuj.-K-koopia.png\",\"width\":500,\"height\":500,\"caption\":\"Karini Butiik\"},\"image\":{\"@id\":\"https:\/\/www.karinibutiik.ee\/#\/schema\/logo\/image\/\"},\"sameAs\":[\"https:\/\/www.facebook.com\/karinibutiik.ee\",\"https:\/\/www.instagram.com\/karinibutiik\"]}]}<\/script>\n<meta property=\"og:availability\" content=\"instock\" \/>\n<meta property=\"product:availability\" content=\"instock\" \/>\n<meta property=\"product:retailer_item_id\" content=\"1622\" \/>\n<meta property=\"product:condition\" content=\"new\" \/>\n<!-- \/ Yoast SEO plugin. -->","yoast_head_json":{"title":"Stiilsed mustad kontsasaapad naistele metallpandlaga - Karini Butiik","description":"Avasta Karini Butiigi mustad metallpandlaga kontsasaapad \u2013 mugavad, trendikad ja igap\u00e4evaseks kandmiseks sobivad naiste saapad suurustes 36\u201341.","robots":{"index":"index","follow":"follow","max-snippet":"max-snippet:-1","max-image-preview":"max-image-preview:large","max-video-preview":"max-video-preview:-1"},"canonical":"https:\/\/www.karinibutiik.ee\/ru\/\u043f\u0440\u043e\u0434\u0443\u043a\u0442\/stiilsed-mustad-kontsasaapad-naistele-metallpandlaga\/","og_locale":"ru_RU","og_type":"article","og_title":"Stiilsed mustad kontsasaapad naistele metallpandlaga - Karini Butiik","og_description":"Avasta Karini Butiigi mustad metallpandlaga kontsasaapad \u2013 mugavad, trendikad ja igap\u00e4evaseks kandmiseks sobivad naiste saapad suurustes 36\u201341.","og_url":"https:\/\/www.karinibutiik.ee\/ru\/\u043f\u0440\u043e\u0434\u0443\u043a\u0442\/stiilsed-mustad-kontsasaapad-naistele-metallpandlaga\/","og_site_name":"Karini Butiik","article_publisher":"https:\/\/www.facebook.com\/karinibutiik.ee","article_modified_time":"2026-03-23T09:52:16+00:00","og_image":[{"width":753,"height":1000,"url":"https:\/\/www.karinibutiik.ee\/wp-content\/uploads\/2025\/10\/IMG_2523-2-e1759568353339.jpeg","type":"image\/jpeg"}],"twitter_card":"summary_large_image","twitter_misc":{"\u0414\u043e\u0441\u0442\u0443\u043f\u043d\u043e\u0441\u0442\u044c":"\u0412 \u043d\u0430\u043b\u0438\u0447\u0438\u0438"},"schema":{"@context":"https:\/\/schema.org","@graph":[{"@type":"WebPage","@id":"https:\/\/www.karinibutiik.ee\/toode\/stiilsed-mustad-kontsasaapad-naistele-metallpandlaga\/","url":"https:\/\/www.karinibutiik.ee\/toode\/stiilsed-mustad-kontsasaapad-naistele-metallpandlaga\/","name":"Stiilsed mustad kontsasaapad naistele metallpandlaga - Karini Butiik","isPartOf":{"@id":"https:\/\/www.karinibutiik.ee\/#website"},"primaryImageOfPage":{"@id":"https:\/\/www.karinibutiik.ee\/toode\/stiilsed-mustad-kontsasaapad-naistele-metallpandlaga\/#primaryimage"},"image":{"@id":"https:\/\/www.karinibutiik.ee\/toode\/stiilsed-mustad-kontsasaapad-naistele-metallpandlaga\/#primaryimage"},"thumbnailUrl":"https:\/\/www.karinibutiik.ee\/wp-content\/uploads\/2025\/10\/IMG_2523-2-e1759568353339.jpeg","datePublished":"2025-10-04T09:07:38+00:00","dateModified":"2026-03-23T09:52:16+00:00","description":"Avasta Karini Butiigi mustad metallpandlaga kontsasaapad \u2013 mugavad, trendikad ja igap\u00e4evaseks kandmiseks sobivad naiste saapad suurustes 36\u201341.","breadcrumb":{"@id":"https:\/\/www.karinibutiik.ee\/toode\/stiilsed-mustad-kontsasaapad-naistele-metallpandlaga\/#breadcrumb"},"inLanguage":"ru-RU","potentialAction":[{"@type":"ReadAction","target":["https:\/\/www.karinibutiik.ee\/toode\/stiilsed-mustad-kontsasaapad-naistele-metallpandlaga\/"]}]},{"@type":"ImageObject","inLanguage":"ru-RU","@id":"https:\/\/www.karinibutiik.ee\/toode\/stiilsed-mustad-kontsasaapad-naistele-metallpandlaga\/#primaryimage","url":"https:\/\/www.karinibutiik.ee\/wp-content\/uploads\/2025\/10\/IMG_2523-2-e1759568353339.jpeg","contentUrl":"https:\/\/www.karinibutiik.ee\/wp-content\/uploads\/2025\/10\/IMG_2523-2-e1759568353339.jpeg","width":753,"height":1000,"caption":"Mustad naiste kontaga saapad"},{"@type":"BreadcrumbList","@id":"https:\/\/www.karinibutiik.ee\/toode\/stiilsed-mustad-kontsasaapad-naistele-metallpandlaga\/#breadcrumb","itemListElement":[{"@type":"ListItem","position":1,"name":"Home","item":"https:\/\/www.karinibutiik.ee\/"},{"@type":"ListItem","position":2,"name":"Pood","item":"https:\/\/www.karinibutiik.ee\/pood\/"},{"@type":"ListItem","position":3,"name":"Stiilsed mustad kontsasaapad naistele metallpandlaga"}]},{"@type":"WebSite","@id":"https:\/\/www.karinibutiik.ee\/#website","url":"https:\/\/www.karinibutiik.ee\/","name":"\u041a\u0430\u0440\u0438\u043d\u0438 \u0411\u0443\u0442\u0438\u043a","description":"","publisher":{"@id":"https:\/\/www.karinibutiik.ee\/#organization"},"potentialAction":[{"@type":"SearchAction","target":{"@type":"EntryPoint","urlTemplate":"https:\/\/www.karinibutiik.ee\/?s={search_term_string}"},"query-input":{"@type":"PropertyValueSpecification","valueRequired":true,"valueName":"search_term_string"}}],"inLanguage":"ru-RU"},{"@type":"Organization","@id":"https:\/\/www.karinibutiik.ee\/#organization","name":"\u041a\u0430\u0440\u0438\u043d\u0438 \u0411\u0443\u0442\u0438\u043a","url":"https:\/\/www.karinibutiik.ee\/","logo":{"@type":"ImageObject","inLanguage":"ru-RU","@id":"https:\/\/www.karinibutiik.ee\/#\/schema\/logo\/image\/","url":"https:\/\/www.karinibutiik.ee\/wp-content\/uploads\/2024\/10\/Kuj.-K-koopia.png","contentUrl":"https:\/\/www.karinibutiik.ee\/wp-content\/uploads\/2024\/10\/Kuj.-K-koopia.png","width":500,"height":500,"caption":"Karini Butiik"},"image":{"@id":"https:\/\/www.karinibutiik.ee\/#\/schema\/logo\/image\/"},"sameAs":["https:\/\/www.facebook.com\/karinibutiik.ee","https:\/\/www.instagram.com\/karinibutiik"]}]},"og_availability":"instock","product_availability":"instock","product_retailer_item_id":"1622","product_condition":"new"},"_links":{"self":[{"href":"https:\/\/www.karinibutiik.ee\/ru\/wp-json\/wp\/v2\/product\/24094","targetHints":{"allow":["GET"]}}],"collection":[{"href":"https:\/\/www.karinibutiik.ee\/ru\/wp-json\/wp\/v2\/product"}],"about":[{"href":"https:\/\/www.karinibutiik.ee\/ru\/wp-json\/wp\/v2\/types\/product"}],"version-history":[{"count":1,"href":"https:\/\/www.karinibutiik.ee\/ru\/wp-json\/wp\/v2\/product\/24094\/revisions"}],"predecessor-version":[{"id":24101,"href":"https:\/\/www.karinibutiik.ee\/ru\/wp-json\/wp\/v2\/product\/24094\/revisions\/24101"}],"wp:featuredmedia":[{"embeddable":true,"href":"https:\/\/www.karinibutiik.ee\/ru\/wp-json\/wp\/v2\/media\/24093"}],"wp:attachment":[{"href":"https:\/\/www.karinibutiik.ee\/ru\/wp-json\/wp\/v2\/media?parent=24094"}],"wp:term":[{"taxonomy":"product_brand","embeddable":true,"href":"https:\/\/www.karinibutiik.ee\/ru\/wp-json\/wp\/v2\/product_brand?post=24094"},{"taxonomy":"product_cat","embeddable":true,"href":"https:\/\/www.karinibutiik.ee\/ru\/wp-json\/wp\/v2\/product_cat?post=24094"},{"taxonomy":"product_tag","embeddable":true,"href":"https:\/\/www.karinibutiik.ee\/ru\/wp-json\/wp\/v2\/product_tag?post=24094"}],"curies":[{"name":"wp","href":"https:\/\/api.w.org\/{rel}","templated":true}]}}