{"id":24154,"date":"2025-10-04T16:34:37","date_gmt":"2025-10-04T13:34:37","guid":{"rendered":"https:\/\/www.karinibutiik.ee\/?post_type=product&#038;p=24154"},"modified":"2026-01-23T20:56:46","modified_gmt":"2026-01-23T18:56:46","slug":"naiste-soojad-naturaalsest-nahast-platvormsaapad","status":"publish","type":"product","link":"https:\/\/www.karinibutiik.ee\/ru\/%d0%bf%d1%80%d0%be%d0%b4%d1%83%d0%ba%d1%82\/naiste-soojad-naturaalsest-nahast-platvormsaapad\/","title":{"rendered":"Naiste soojad naturaalsest nahast platvormsaapad"},"content":{"rendered":"<p>Luksuslikud <strong data-start=\"124\" data-end=\"161\">naiste naturaalsest nahast saapad<\/strong> pakuvad t\u00e4iuslikku kombinatsiooni mugavusest ja stiilist. Seest paksu ja pehme sooja karvaga vooderdatud saapad hoiavad jalad soojas ka k\u00f5ige k\u00fclmemal talvep\u00e4eval. Tugev <strong data-start=\"332\" data-end=\"348\" data-is-only-node=\"\">platvormtald<\/strong> tagab mugava sammu ja lisab modernse v\u00e4limuse. Premium-klassi materjalid ning kvaliteetne viimistlus muudavad need saapad ideaalseks valikuks igap\u00e4evaseks kandmiseks.<br data-start=\"515\" data-end=\"518\" \/>Saadaval suurustes <strong data-start=\"537\" data-end=\"546\">36\u201341<\/strong>.<\/p>","protected":false},"excerpt":{"rendered":"<p>Luksuslikud naiste naturaalsest nahast saapad pakuvad t\u00e4iuslikku kombinatsiooni mugavusest ja stiilist. Seest paksu ja pehme sooja karvaga vooderdatud saapad hoiavad [&hellip;]<\/p>\n","protected":false},"featured_media":24150,"template":"","meta":{"site-sidebar-layout":"default","site-content-layout":"","ast-site-content-layout":"default","site-content-style":"default","site-sidebar-style":"default","ast-global-header-display":"","ast-banner-title-visibility":"","ast-main-header-display":"","ast-hfb-above-header-display":"","ast-hfb-below-header-display":"","ast-hfb-mobile-header-display":"","site-post-title":"","ast-breadcrumbs-content":"","ast-featured-img":"","footer-sml-layout":"","ast-disable-related-posts":"","theme-transparent-header-meta":"default","adv-header-id-meta":"","stick-header-meta":"default","header-above-stick-meta":"","header-main-stick-meta":"","header-below-stick-meta":"","astra-migrate-meta-layouts":"set","ast-page-background-enabled":"default","ast-page-background-meta":{"desktop":{"background-color":"var(--ast-global-color-4)","background-image":"","background-repeat":"repeat","background-position":"center center","background-size":"auto","background-attachment":"scroll","background-type":"","background-media":"","overlay-type":"","overlay-color":"","overlay-opacity":"","overlay-gradient":""},"tablet":{"background-color":"","background-image":"","background-repeat":"repeat","background-position":"center center","background-size":"auto","background-attachment":"scroll","background-type":"","background-media":"","overlay-type":"","overlay-color":"","overlay-opacity":"","overlay-gradient":""},"mobile":{"background-color":"","background-image":"","background-repeat":"repeat","background-position":"center center","background-size":"auto","background-attachment":"scroll","background-type":"","background-media":"","overlay-type":"","overlay-color":"","overlay-opacity":"","overlay-gradient":""}},"ast-content-background-meta":{"desktop":{"background-color":"var(--ast-global-color-5)","background-image":"","background-repeat":"repeat","background-position":"center center","background-size":"auto","background-attachment":"scroll","background-type":"","background-media":"","overlay-type":"","overlay-color":"","overlay-opacity":"","overlay-gradient":""},"tablet":{"background-color":"var(--ast-global-color-5)","background-image":"","background-repeat":"repeat","background-position":"center center","background-size":"auto","background-attachment":"scroll","background-type":"","background-media":"","overlay-type":"","overlay-color":"","overlay-opacity":"","overlay-gradient":""},"mobile":{"background-color":"var(--ast-global-color-5)","background-image":"","background-repeat":"repeat","background-position":"center center","background-size":"auto","background-attachment":"scroll","background-type":"","background-media":"","overlay-type":"","overlay-color":"","overlay-opacity":"","overlay-gradient":""}}},"product_brand":[],"product_cat":[367,390,392,351,393],"product_tag":[501,1821,1824,1810,1820,782,1823,992,1822,1825,991,1802,781],"class_list":{"0":"post-24154","1":"product","2":"type-product","3":"status-publish","4":"has-post-thumbnail","6":"product_cat-allahindlus","7":"product_cat-jalanoud","8":"product_cat-saapad","9":"product_cat-uued-tooted","10":"product_cat-vabaaja-jalanoud","11":"product_tag-karini-butiik","12":"product_tag-karvavoodriga-saapad","13":"product_tag-kvaliteetsed-naistesaapad","14":"product_tag-mugavad-saapad","15":"product_tag-nahksaapad","16":"product_tag-naiste-saapad","17":"product_tag-naturaalsest-nahast-jalanoud","18":"product_tag-paksu-tallaga-ugg-saapad","19":"product_tag-platvormsaapad","20":"product_tag-premium-saapad","21":"product_tag-soojad-saapad","22":"product_tag-talvejalanoud","23":"product_tag-talvesaapad","24":"desktop-align-center","25":"tablet-align-center","26":"mobile-align-center","27":"ast-product-gallery-layout-horizontal-slider","28":"ast-product-single-variable","29":"ast-product-tabs-layout-horizontal","31":"first","32":"instock","33":"sale","34":"taxable","35":"shipping-taxable","36":"purchasable","37":"product-type-variable"},"supplier_id":null,"supplier_sku":"","barcode":null,"atum_controlled":true,"out_stock_date":null,"out_stock_threshold":null,"inheritable":true,"inbound_stock":null,"stock_on_hold":0,"sold_today":0,"sales_last_days":1,"reserved_stock":0,"customer_returns":null,"warehouse_damage":0,"lost_in_post":null,"other_logs":0,"out_stock_days":0,"lost_sales":0,"has_location":false,"update_date":"2026-01-23T18:56:46","atum_locations":[],"atum_stock_status":"instock","restock_status":false,"low_stock_amount":"","sales_update_date":"2025-12-03T13:21:30","calc_backorders":null,"yoast_head":"<!-- This site is optimized with the Yoast SEO plugin v26.9 - https:\/\/yoast.com\/product\/yoast-seo-wordpress\/ -->\n<title>Naiste soojad naturaalsest nahast platvormsaapad - Karini Butiik<\/title>\n<meta name=\"description\" content=\"Stiilsed ja mugavad naiste naturaalsest nahast saapad sooja karvavoodriga. Premium kvaliteet ja kaasaegne disain. Saadaval suurustes 36\u201341 Karini Butiigis.\" \/>\n<meta name=\"robots\" content=\"index, follow, max-snippet:-1, max-image-preview:large, max-video-preview:-1\" \/>\n<link rel=\"canonical\" href=\"https:\/\/www.karinibutiik.ee\/ru\/\u043f\u0440\u043e\u0434\u0443\u043a\u0442\/naiste-soojad-naturaalsest-nahast-platvormsaapad\/\" \/>\n<meta property=\"og:locale\" content=\"ru_RU\" \/>\n<meta property=\"og:type\" content=\"article\" \/>\n<meta property=\"og:title\" content=\"Naiste soojad naturaalsest nahast platvormsaapad - Karini Butiik\" \/>\n<meta property=\"og:description\" content=\"Stiilsed ja mugavad naiste naturaalsest nahast saapad sooja karvavoodriga. Premium kvaliteet ja kaasaegne disain. Saadaval suurustes 36\u201341 Karini Butiigis.\" \/>\n<meta property=\"og:url\" content=\"https:\/\/www.karinibutiik.ee\/ru\/\u043f\u0440\u043e\u0434\u0443\u043a\u0442\/naiste-soojad-naturaalsest-nahast-platvormsaapad\/\" \/>\n<meta property=\"og:site_name\" content=\"Karini Butiik\" \/>\n<meta property=\"article:publisher\" content=\"https:\/\/www.facebook.com\/karinibutiik.ee\" \/>\n<meta property=\"article:modified_time\" content=\"2026-01-23T18:56:46+00:00\" \/>\n<meta property=\"og:image\" content=\"https:\/\/www.karinibutiik.ee\/wp-content\/uploads\/2025\/10\/05B93F09-D884-4333-9C66-B5A803B3A9E3.jpeg\" \/>\n\t<meta property=\"og:image:width\" content=\"1006\" \/>\n\t<meta property=\"og:image:height\" content=\"1341\" \/>\n\t<meta property=\"og:image:type\" content=\"image\/jpeg\" \/>\n<meta name=\"twitter:card\" content=\"summary_large_image\" \/>\n<meta name=\"twitter:label1\" content=\"\u0414\u043e\u0441\u0442\u0443\u043f\u043d\u043e\u0441\u0442\u044c\" \/>\n\t<meta name=\"twitter:data1\" content=\"\u0412 \u043d\u0430\u043b\u0438\u0447\u0438\u0438\" \/>\n<script type=\"application\/ld+json\" class=\"yoast-schema-graph\">{\"@context\":\"https:\/\/schema.org\",\"@graph\":[{\"@type\":\"WebPage\",\"@id\":\"https:\/\/www.karinibutiik.ee\/toode\/naiste-soojad-naturaalsest-nahast-platvormsaapad\/\",\"url\":\"https:\/\/www.karinibutiik.ee\/toode\/naiste-soojad-naturaalsest-nahast-platvormsaapad\/\",\"name\":\"Naiste soojad naturaalsest nahast platvormsaapad - Karini Butiik\",\"isPartOf\":{\"@id\":\"https:\/\/www.karinibutiik.ee\/#website\"},\"primaryImageOfPage\":{\"@id\":\"https:\/\/www.karinibutiik.ee\/toode\/naiste-soojad-naturaalsest-nahast-platvormsaapad\/#primaryimage\"},\"image\":{\"@id\":\"https:\/\/www.karinibutiik.ee\/toode\/naiste-soojad-naturaalsest-nahast-platvormsaapad\/#primaryimage\"},\"thumbnailUrl\":\"https:\/\/www.karinibutiik.ee\/wp-content\/uploads\/2025\/10\/05B93F09-D884-4333-9C66-B5A803B3A9E3.jpeg\",\"datePublished\":\"2025-10-04T13:34:37+00:00\",\"dateModified\":\"2026-01-23T18:56:46+00:00\",\"description\":\"Stiilsed ja mugavad naiste naturaalsest nahast saapad sooja karvavoodriga. Premium kvaliteet ja kaasaegne disain. Saadaval suurustes 36\u201341 Karini Butiigis.\",\"breadcrumb\":{\"@id\":\"https:\/\/www.karinibutiik.ee\/toode\/naiste-soojad-naturaalsest-nahast-platvormsaapad\/#breadcrumb\"},\"inLanguage\":\"ru-RU\",\"potentialAction\":[{\"@type\":\"ReadAction\",\"target\":[\"https:\/\/www.karinibutiik.ee\/toode\/naiste-soojad-naturaalsest-nahast-platvormsaapad\/\"]}]},{\"@type\":\"ImageObject\",\"inLanguage\":\"ru-RU\",\"@id\":\"https:\/\/www.karinibutiik.ee\/toode\/naiste-soojad-naturaalsest-nahast-platvormsaapad\/#primaryimage\",\"url\":\"https:\/\/www.karinibutiik.ee\/wp-content\/uploads\/2025\/10\/05B93F09-D884-4333-9C66-B5A803B3A9E3.jpeg\",\"contentUrl\":\"https:\/\/www.karinibutiik.ee\/wp-content\/uploads\/2025\/10\/05B93F09-D884-4333-9C66-B5A803B3A9E3.jpeg\",\"width\":1006,\"height\":1341,\"caption\":\"Naiste soojad naturaalsest nahast platvormsaapad karvavoodriga\"},{\"@type\":\"BreadcrumbList\",\"@id\":\"https:\/\/www.karinibutiik.ee\/toode\/naiste-soojad-naturaalsest-nahast-platvormsaapad\/#breadcrumb\",\"itemListElement\":[{\"@type\":\"ListItem\",\"position\":1,\"name\":\"Home\",\"item\":\"https:\/\/www.karinibutiik.ee\/\"},{\"@type\":\"ListItem\",\"position\":2,\"name\":\"Pood\",\"item\":\"https:\/\/www.karinibutiik.ee\/pood\/\"},{\"@type\":\"ListItem\",\"position\":3,\"name\":\"Naiste soojad naturaalsest nahast platvormsaapad\"}]},{\"@type\":\"WebSite\",\"@id\":\"https:\/\/www.karinibutiik.ee\/#website\",\"url\":\"https:\/\/www.karinibutiik.ee\/\",\"name\":\"Karini Butiik\",\"description\":\"\",\"publisher\":{\"@id\":\"https:\/\/www.karinibutiik.ee\/#organization\"},\"potentialAction\":[{\"@type\":\"SearchAction\",\"target\":{\"@type\":\"EntryPoint\",\"urlTemplate\":\"https:\/\/www.karinibutiik.ee\/?s={search_term_string}\"},\"query-input\":{\"@type\":\"PropertyValueSpecification\",\"valueRequired\":true,\"valueName\":\"search_term_string\"}}],\"inLanguage\":\"ru-RU\"},{\"@type\":\"Organization\",\"@id\":\"https:\/\/www.karinibutiik.ee\/#organization\",\"name\":\"Karini Butiik\",\"url\":\"https:\/\/www.karinibutiik.ee\/\",\"logo\":{\"@type\":\"ImageObject\",\"inLanguage\":\"ru-RU\",\"@id\":\"https:\/\/www.karinibutiik.ee\/#\/schema\/logo\/image\/\",\"url\":\"https:\/\/www.karinibutiik.ee\/wp-content\/uploads\/2024\/10\/Kuj.-K-koopia.png\",\"contentUrl\":\"https:\/\/www.karinibutiik.ee\/wp-content\/uploads\/2024\/10\/Kuj.-K-koopia.png\",\"width\":500,\"height\":500,\"caption\":\"Karini Butiik\"},\"image\":{\"@id\":\"https:\/\/www.karinibutiik.ee\/#\/schema\/logo\/image\/\"},\"sameAs\":[\"https:\/\/www.facebook.com\/karinibutiik.ee\",\"https:\/\/www.instagram.com\/karinibutiik\"]}]}<\/script>\n<meta property=\"og:availability\" content=\"instock\" \/>\n<meta property=\"product:availability\" content=\"instock\" \/>\n<meta property=\"product:retailer_item_id\" content=\"90044\" \/>\n<meta property=\"product:condition\" content=\"new\" \/>\n<!-- \/ Yoast SEO plugin. -->","yoast_head_json":{"title":"Naiste soojad naturaalsest nahast platvormsaapad - Karini Butiik","description":"Stiilsed ja mugavad naiste naturaalsest nahast saapad sooja karvavoodriga. Premium kvaliteet ja kaasaegne disain. Saadaval suurustes 36\u201341 Karini Butiigis.","robots":{"index":"index","follow":"follow","max-snippet":"max-snippet:-1","max-image-preview":"max-image-preview:large","max-video-preview":"max-video-preview:-1"},"canonical":"https:\/\/www.karinibutiik.ee\/ru\/\u043f\u0440\u043e\u0434\u0443\u043a\u0442\/naiste-soojad-naturaalsest-nahast-platvormsaapad\/","og_locale":"ru_RU","og_type":"article","og_title":"Naiste soojad naturaalsest nahast platvormsaapad - Karini Butiik","og_description":"Stiilsed ja mugavad naiste naturaalsest nahast saapad sooja karvavoodriga. Premium kvaliteet ja kaasaegne disain. Saadaval suurustes 36\u201341 Karini Butiigis.","og_url":"https:\/\/www.karinibutiik.ee\/ru\/\u043f\u0440\u043e\u0434\u0443\u043a\u0442\/naiste-soojad-naturaalsest-nahast-platvormsaapad\/","og_site_name":"Karini Butiik","article_publisher":"https:\/\/www.facebook.com\/karinibutiik.ee","article_modified_time":"2026-01-23T18:56:46+00:00","og_image":[{"width":1006,"height":1341,"url":"https:\/\/www.karinibutiik.ee\/wp-content\/uploads\/2025\/10\/05B93F09-D884-4333-9C66-B5A803B3A9E3.jpeg","type":"image\/jpeg"}],"twitter_card":"summary_large_image","twitter_misc":{"\u0414\u043e\u0441\u0442\u0443\u043f\u043d\u043e\u0441\u0442\u044c":"\u0412 \u043d\u0430\u043b\u0438\u0447\u0438\u0438"},"schema":{"@context":"https:\/\/schema.org","@graph":[{"@type":"WebPage","@id":"https:\/\/www.karinibutiik.ee\/toode\/naiste-soojad-naturaalsest-nahast-platvormsaapad\/","url":"https:\/\/www.karinibutiik.ee\/toode\/naiste-soojad-naturaalsest-nahast-platvormsaapad\/","name":"Naiste soojad naturaalsest nahast platvormsaapad - Karini Butiik","isPartOf":{"@id":"https:\/\/www.karinibutiik.ee\/#website"},"primaryImageOfPage":{"@id":"https:\/\/www.karinibutiik.ee\/toode\/naiste-soojad-naturaalsest-nahast-platvormsaapad\/#primaryimage"},"image":{"@id":"https:\/\/www.karinibutiik.ee\/toode\/naiste-soojad-naturaalsest-nahast-platvormsaapad\/#primaryimage"},"thumbnailUrl":"https:\/\/www.karinibutiik.ee\/wp-content\/uploads\/2025\/10\/05B93F09-D884-4333-9C66-B5A803B3A9E3.jpeg","datePublished":"2025-10-04T13:34:37+00:00","dateModified":"2026-01-23T18:56:46+00:00","description":"Stiilsed ja mugavad naiste naturaalsest nahast saapad sooja karvavoodriga. Premium kvaliteet ja kaasaegne disain. Saadaval suurustes 36\u201341 Karini Butiigis.","breadcrumb":{"@id":"https:\/\/www.karinibutiik.ee\/toode\/naiste-soojad-naturaalsest-nahast-platvormsaapad\/#breadcrumb"},"inLanguage":"ru-RU","potentialAction":[{"@type":"ReadAction","target":["https:\/\/www.karinibutiik.ee\/toode\/naiste-soojad-naturaalsest-nahast-platvormsaapad\/"]}]},{"@type":"ImageObject","inLanguage":"ru-RU","@id":"https:\/\/www.karinibutiik.ee\/toode\/naiste-soojad-naturaalsest-nahast-platvormsaapad\/#primaryimage","url":"https:\/\/www.karinibutiik.ee\/wp-content\/uploads\/2025\/10\/05B93F09-D884-4333-9C66-B5A803B3A9E3.jpeg","contentUrl":"https:\/\/www.karinibutiik.ee\/wp-content\/uploads\/2025\/10\/05B93F09-D884-4333-9C66-B5A803B3A9E3.jpeg","width":1006,"height":1341,"caption":"Naiste soojad naturaalsest nahast platvormsaapad karvavoodriga"},{"@type":"BreadcrumbList","@id":"https:\/\/www.karinibutiik.ee\/toode\/naiste-soojad-naturaalsest-nahast-platvormsaapad\/#breadcrumb","itemListElement":[{"@type":"ListItem","position":1,"name":"Home","item":"https:\/\/www.karinibutiik.ee\/"},{"@type":"ListItem","position":2,"name":"Pood","item":"https:\/\/www.karinibutiik.ee\/pood\/"},{"@type":"ListItem","position":3,"name":"Naiste soojad naturaalsest nahast platvormsaapad"}]},{"@type":"WebSite","@id":"https:\/\/www.karinibutiik.ee\/#website","url":"https:\/\/www.karinibutiik.ee\/","name":"\u041a\u0430\u0440\u0438\u043d\u0438 \u0411\u0443\u0442\u0438\u043a","description":"","publisher":{"@id":"https:\/\/www.karinibutiik.ee\/#organization"},"potentialAction":[{"@type":"SearchAction","target":{"@type":"EntryPoint","urlTemplate":"https:\/\/www.karinibutiik.ee\/?s={search_term_string}"},"query-input":{"@type":"PropertyValueSpecification","valueRequired":true,"valueName":"search_term_string"}}],"inLanguage":"ru-RU"},{"@type":"Organization","@id":"https:\/\/www.karinibutiik.ee\/#organization","name":"\u041a\u0430\u0440\u0438\u043d\u0438 \u0411\u0443\u0442\u0438\u043a","url":"https:\/\/www.karinibutiik.ee\/","logo":{"@type":"ImageObject","inLanguage":"ru-RU","@id":"https:\/\/www.karinibutiik.ee\/#\/schema\/logo\/image\/","url":"https:\/\/www.karinibutiik.ee\/wp-content\/uploads\/2024\/10\/Kuj.-K-koopia.png","contentUrl":"https:\/\/www.karinibutiik.ee\/wp-content\/uploads\/2024\/10\/Kuj.-K-koopia.png","width":500,"height":500,"caption":"Karini Butiik"},"image":{"@id":"https:\/\/www.karinibutiik.ee\/#\/schema\/logo\/image\/"},"sameAs":["https:\/\/www.facebook.com\/karinibutiik.ee","https:\/\/www.instagram.com\/karinibutiik"]}]},"og_availability":"instock","product_availability":"instock","product_retailer_item_id":"90044","product_condition":"new"},"_links":{"self":[{"href":"https:\/\/www.karinibutiik.ee\/ru\/wp-json\/wp\/v2\/product\/24154","targetHints":{"allow":["GET"]}}],"collection":[{"href":"https:\/\/www.karinibutiik.ee\/ru\/wp-json\/wp\/v2\/product"}],"about":[{"href":"https:\/\/www.karinibutiik.ee\/ru\/wp-json\/wp\/v2\/types\/product"}],"version-history":[{"count":1,"href":"https:\/\/www.karinibutiik.ee\/ru\/wp-json\/wp\/v2\/product\/24154\/revisions"}],"predecessor-version":[{"id":24178,"href":"https:\/\/www.karinibutiik.ee\/ru\/wp-json\/wp\/v2\/product\/24154\/revisions\/24178"}],"wp:featuredmedia":[{"embeddable":true,"href":"https:\/\/www.karinibutiik.ee\/ru\/wp-json\/wp\/v2\/media\/24150"}],"wp:attachment":[{"href":"https:\/\/www.karinibutiik.ee\/ru\/wp-json\/wp\/v2\/media?parent=24154"}],"wp:term":[{"taxonomy":"product_brand","embeddable":true,"href":"https:\/\/www.karinibutiik.ee\/ru\/wp-json\/wp\/v2\/product_brand?post=24154"},{"taxonomy":"product_cat","embeddable":true,"href":"https:\/\/www.karinibutiik.ee\/ru\/wp-json\/wp\/v2\/product_cat?post=24154"},{"taxonomy":"product_tag","embeddable":true,"href":"https:\/\/www.karinibutiik.ee\/ru\/wp-json\/wp\/v2\/product_tag?post=24154"}],"curies":[{"name":"wp","href":"https:\/\/api.w.org\/{rel}","templated":true}]}}