{"id":24272,"date":"2025-10-06T16:51:35","date_gmt":"2025-10-06T13:51:35","guid":{"rendered":"https:\/\/www.karinibutiik.ee\/?post_type=product&#038;p=24272"},"modified":"2026-01-17T16:39:48","modified_gmt":"2026-01-17T14:39:48","slug":"seemisnahkne-olakott-vaikese-lisakotiga-mahukas-ja-stiilne","status":"publish","type":"product","link":"https:\/\/www.karinibutiik.ee\/ru\/%d0%bf%d1%80%d0%be%d0%b4%d1%83%d0%ba%d1%82\/seemisnahkne-olakott-vaikese-lisakotiga-mahukas-ja-stiilne\/","title":{"rendered":"Seemisnahkne \u00f5lakott v\u00e4ikese lisakotiga \u2013 mahukas ja stiilne"},"content":{"rendered":"<p>Mugav ja trendikas seemisnahkne \u00f5lakott, mis sobib suurep\u00e4raselt igap\u00e4evaseks kasutamiseks. Kott on valmistatud pehmest seemisnahksest riidest, mis annab sellele luksusliku v\u00e4limuse ja meeldiva tekstuuri. Komplektis on v\u00e4iksem meigitarvete kott, mida saab kasutada eraldi v\u00f5i hoiustada suuremas kotis. Laiad sangad tagavad mugava kandmise \u00f5lal. Klassikaline disain ja neutraalsed toonid sobivad iga riietusega \u2013 ideaalne nii t\u00f6\u00f6le, kooli kui vaba aja veetmiseks.<\/p>","protected":false},"excerpt":{"rendered":"<p>Mugav ja trendikas seemisnahkne \u00f5lakott, mis sobib suurep\u00e4raselt igap\u00e4evaseks kasutamiseks. Kott on valmistatud pehmest seemisnahksest riidest, mis annab sellele luksusliku [&hellip;]<\/p>\n","protected":false},"featured_media":24254,"template":"","meta":{"site-sidebar-layout":"default","site-content-layout":"","ast-site-content-layout":"default","site-content-style":"default","site-sidebar-style":"default","ast-global-header-display":"","ast-banner-title-visibility":"","ast-main-header-display":"","ast-hfb-above-header-display":"","ast-hfb-below-header-display":"","ast-hfb-mobile-header-display":"","site-post-title":"","ast-breadcrumbs-content":"","ast-featured-img":"","footer-sml-layout":"","ast-disable-related-posts":"","theme-transparent-header-meta":"default","adv-header-id-meta":"","stick-header-meta":"default","header-above-stick-meta":"","header-main-stick-meta":"","header-below-stick-meta":"","astra-migrate-meta-layouts":"set","ast-page-background-enabled":"default","ast-page-background-meta":{"desktop":{"background-color":"var(--ast-global-color-4)","background-image":"","background-repeat":"repeat","background-position":"center center","background-size":"auto","background-attachment":"scroll","background-type":"","background-media":"","overlay-type":"","overlay-color":"","overlay-opacity":"","overlay-gradient":""},"tablet":{"background-color":"","background-image":"","background-repeat":"repeat","background-position":"center center","background-size":"auto","background-attachment":"scroll","background-type":"","background-media":"","overlay-type":"","overlay-color":"","overlay-opacity":"","overlay-gradient":""},"mobile":{"background-color":"","background-image":"","background-repeat":"repeat","background-position":"center center","background-size":"auto","background-attachment":"scroll","background-type":"","background-media":"","overlay-type":"","overlay-color":"","overlay-opacity":"","overlay-gradient":""}},"ast-content-background-meta":{"desktop":{"background-color":"var(--ast-global-color-5)","background-image":"","background-repeat":"repeat","background-position":"center center","background-size":"auto","background-attachment":"scroll","background-type":"","background-media":"","overlay-type":"","overlay-color":"","overlay-opacity":"","overlay-gradient":""},"tablet":{"background-color":"var(--ast-global-color-5)","background-image":"","background-repeat":"repeat","background-position":"center center","background-size":"auto","background-attachment":"scroll","background-type":"","background-media":"","overlay-type":"","overlay-color":"","overlay-opacity":"","overlay-gradient":""},"mobile":{"background-color":"var(--ast-global-color-5)","background-image":"","background-repeat":"repeat","background-position":"center center","background-size":"auto","background-attachment":"scroll","background-type":"","background-media":"","overlay-type":"","overlay-color":"","overlay-opacity":"","overlay-gradient":""}}},"product_brand":[],"product_cat":[371,351],"product_tag":[1874,501,1880,1878,1879,1873,1872,1864,1882,1859,1883,1881,1876],"class_list":{"0":"post-24272","1":"product","2":"type-product","3":"status-publish","4":"has-post-thumbnail","6":"product_cat-aksessuaarid","7":"product_cat-uued-tooted","8":"product_tag-igapaevane-kott","9":"product_tag-karini-butiik","10":"product_tag-komplektkott","11":"product_tag-mahukas-kott","12":"product_tag-meigitarvete-kott","13":"product_tag-moekott","14":"product_tag-naiste-kott","15":"product_tag-olakott","16":"product_tag-pehme-kott","17":"product_tag-seemisnahk","18":"product_tag-shopper-kott","19":"product_tag-suur-kott","20":"product_tag-trendikas-kott","21":"desktop-align-center","22":"tablet-align-center","23":"mobile-align-center","24":"ast-product-gallery-layout-horizontal-slider","25":"ast-product-single-variable","26":"ast-product-tabs-layout-horizontal","28":"first","29":"instock","30":"taxable","31":"shipping-taxable","32":"purchasable","33":"product-type-variable"},"supplier_id":null,"supplier_sku":"","barcode":null,"atum_controlled":true,"out_stock_date":null,"out_stock_threshold":null,"inheritable":true,"inbound_stock":null,"stock_on_hold":0,"sold_today":0,"sales_last_days":0,"reserved_stock":0,"customer_returns":null,"warehouse_damage":0,"lost_in_post":null,"other_logs":0,"out_stock_days":0,"lost_sales":0,"has_location":false,"update_date":"2025-12-04T01:45:23","atum_locations":[],"atum_stock_status":"instock","restock_status":false,"low_stock_amount":"","sales_update_date":"2025-12-04T01:45:23","calc_backorders":null,"yoast_head":"<!-- This site is optimized with the Yoast SEO plugin v26.9 - https:\/\/yoast.com\/product\/yoast-seo-wordpress\/ -->\n<title>Seemisnahkne \u00f5lakott v\u00e4ikese lisakotiga \u2013 mahukas ja stiilne - Karini Butiik<\/title>\n<meta name=\"description\" content=\"Stiilne seemisnahkne \u00f5lakott v\u00e4ikese lisakotiga. Mahukas, pehme ja elegantne \u2013 ideaalne igap\u00e4evaseks kandmiseks. Saadaval kolmes v\u00e4rvitoonis \ud83d\udc5c\" \/>\n<meta name=\"robots\" content=\"index, follow, max-snippet:-1, max-image-preview:large, max-video-preview:-1\" \/>\n<link rel=\"canonical\" href=\"https:\/\/www.karinibutiik.ee\/ru\/\u043f\u0440\u043e\u0434\u0443\u043a\u0442\/seemisnahkne-olakott-vaikese-lisakotiga-mahukas-ja-stiilne\/\" \/>\n<meta property=\"og:locale\" content=\"ru_RU\" \/>\n<meta property=\"og:type\" content=\"article\" \/>\n<meta property=\"og:title\" content=\"Seemisnahkne \u00f5lakott v\u00e4ikese lisakotiga \u2013 mahukas ja stiilne - Karini Butiik\" \/>\n<meta property=\"og:description\" content=\"Stiilne seemisnahkne \u00f5lakott v\u00e4ikese lisakotiga. Mahukas, pehme ja elegantne \u2013 ideaalne igap\u00e4evaseks kandmiseks. Saadaval kolmes v\u00e4rvitoonis \ud83d\udc5c\" \/>\n<meta property=\"og:url\" content=\"https:\/\/www.karinibutiik.ee\/ru\/\u043f\u0440\u043e\u0434\u0443\u043a\u0442\/seemisnahkne-olakott-vaikese-lisakotiga-mahukas-ja-stiilne\/\" \/>\n<meta property=\"og:site_name\" content=\"Karini Butiik\" \/>\n<meta property=\"article:publisher\" content=\"https:\/\/www.facebook.com\/karinibutiik.ee\" \/>\n<meta property=\"article:modified_time\" content=\"2026-01-17T14:39:48+00:00\" \/>\n<meta property=\"og:image\" content=\"https:\/\/www.karinibutiik.ee\/wp-content\/uploads\/2025\/10\/IMG_1840-scaled.jpeg\" \/>\n\t<meta property=\"og:image:width\" content=\"2446\" \/>\n\t<meta property=\"og:image:height\" content=\"2560\" \/>\n\t<meta property=\"og:image:type\" content=\"image\/jpeg\" \/>\n<meta name=\"twitter:card\" content=\"summary_large_image\" \/>\n<meta name=\"twitter:label1\" content=\"\u0414\u043e\u0441\u0442\u0443\u043f\u043d\u043e\u0441\u0442\u044c\" \/>\n\t<meta name=\"twitter:data1\" content=\"\u0412 \u043d\u0430\u043b\u0438\u0447\u0438\u0438\" \/>\n<script type=\"application\/ld+json\" class=\"yoast-schema-graph\">{\"@context\":\"https:\/\/schema.org\",\"@graph\":[{\"@type\":\"WebPage\",\"@id\":\"https:\/\/www.karinibutiik.ee\/toode\/seemisnahkne-olakott-vaikese-lisakotiga-mahukas-ja-stiilne\/\",\"url\":\"https:\/\/www.karinibutiik.ee\/toode\/seemisnahkne-olakott-vaikese-lisakotiga-mahukas-ja-stiilne\/\",\"name\":\"Seemisnahkne \u00f5lakott v\u00e4ikese lisakotiga \u2013 mahukas ja stiilne - Karini Butiik\",\"isPartOf\":{\"@id\":\"https:\/\/www.karinibutiik.ee\/#website\"},\"primaryImageOfPage\":{\"@id\":\"https:\/\/www.karinibutiik.ee\/toode\/seemisnahkne-olakott-vaikese-lisakotiga-mahukas-ja-stiilne\/#primaryimage\"},\"image\":{\"@id\":\"https:\/\/www.karinibutiik.ee\/toode\/seemisnahkne-olakott-vaikese-lisakotiga-mahukas-ja-stiilne\/#primaryimage\"},\"thumbnailUrl\":\"https:\/\/www.karinibutiik.ee\/wp-content\/uploads\/2025\/10\/IMG_1840-scaled.jpeg\",\"datePublished\":\"2025-10-06T13:51:35+00:00\",\"dateModified\":\"2026-01-17T14:39:48+00:00\",\"description\":\"Stiilne seemisnahkne \u00f5lakott v\u00e4ikese lisakotiga. Mahukas, pehme ja elegantne \u2013 ideaalne igap\u00e4evaseks kandmiseks. Saadaval kolmes v\u00e4rvitoonis \ud83d\udc5c\",\"breadcrumb\":{\"@id\":\"https:\/\/www.karinibutiik.ee\/toode\/seemisnahkne-olakott-vaikese-lisakotiga-mahukas-ja-stiilne\/#breadcrumb\"},\"inLanguage\":\"ru-RU\",\"potentialAction\":[{\"@type\":\"ReadAction\",\"target\":[\"https:\/\/www.karinibutiik.ee\/toode\/seemisnahkne-olakott-vaikese-lisakotiga-mahukas-ja-stiilne\/\"]}]},{\"@type\":\"ImageObject\",\"inLanguage\":\"ru-RU\",\"@id\":\"https:\/\/www.karinibutiik.ee\/toode\/seemisnahkne-olakott-vaikese-lisakotiga-mahukas-ja-stiilne\/#primaryimage\",\"url\":\"https:\/\/www.karinibutiik.ee\/wp-content\/uploads\/2025\/10\/IMG_1840-scaled.jpeg\",\"contentUrl\":\"https:\/\/www.karinibutiik.ee\/wp-content\/uploads\/2025\/10\/IMG_1840-scaled.jpeg\",\"width\":2446,\"height\":2560,\"caption\":\"Seemisnahksest riidest k\u00e4ekott\"},{\"@type\":\"BreadcrumbList\",\"@id\":\"https:\/\/www.karinibutiik.ee\/toode\/seemisnahkne-olakott-vaikese-lisakotiga-mahukas-ja-stiilne\/#breadcrumb\",\"itemListElement\":[{\"@type\":\"ListItem\",\"position\":1,\"name\":\"Home\",\"item\":\"https:\/\/www.karinibutiik.ee\/\"},{\"@type\":\"ListItem\",\"position\":2,\"name\":\"Pood\",\"item\":\"https:\/\/www.karinibutiik.ee\/pood\/\"},{\"@type\":\"ListItem\",\"position\":3,\"name\":\"Seemisnahkne \u00f5lakott v\u00e4ikese lisakotiga \u2013 mahukas ja stiilne\"}]},{\"@type\":\"WebSite\",\"@id\":\"https:\/\/www.karinibutiik.ee\/#website\",\"url\":\"https:\/\/www.karinibutiik.ee\/\",\"name\":\"Karini Butiik\",\"description\":\"\",\"publisher\":{\"@id\":\"https:\/\/www.karinibutiik.ee\/#organization\"},\"potentialAction\":[{\"@type\":\"SearchAction\",\"target\":{\"@type\":\"EntryPoint\",\"urlTemplate\":\"https:\/\/www.karinibutiik.ee\/?s={search_term_string}\"},\"query-input\":{\"@type\":\"PropertyValueSpecification\",\"valueRequired\":true,\"valueName\":\"search_term_string\"}}],\"inLanguage\":\"ru-RU\"},{\"@type\":\"Organization\",\"@id\":\"https:\/\/www.karinibutiik.ee\/#organization\",\"name\":\"Karini Butiik\",\"url\":\"https:\/\/www.karinibutiik.ee\/\",\"logo\":{\"@type\":\"ImageObject\",\"inLanguage\":\"ru-RU\",\"@id\":\"https:\/\/www.karinibutiik.ee\/#\/schema\/logo\/image\/\",\"url\":\"https:\/\/www.karinibutiik.ee\/wp-content\/uploads\/2024\/10\/Kuj.-K-koopia.png\",\"contentUrl\":\"https:\/\/www.karinibutiik.ee\/wp-content\/uploads\/2024\/10\/Kuj.-K-koopia.png\",\"width\":500,\"height\":500,\"caption\":\"Karini Butiik\"},\"image\":{\"@id\":\"https:\/\/www.karinibutiik.ee\/#\/schema\/logo\/image\/\"},\"sameAs\":[\"https:\/\/www.facebook.com\/karinibutiik.ee\",\"https:\/\/www.instagram.com\/karinibutiik\"]}]}<\/script>\n<meta property=\"og:availability\" content=\"instock\" \/>\n<meta property=\"product:availability\" content=\"instock\" \/>\n<meta property=\"product:retailer_item_id\" content=\"2551\" \/>\n<meta property=\"product:condition\" content=\"new\" \/>\n<!-- \/ Yoast SEO plugin. -->","yoast_head_json":{"title":"Seemisnahkne \u00f5lakott v\u00e4ikese lisakotiga \u2013 mahukas ja stiilne - Karini Butiik","description":"Stiilne seemisnahkne \u00f5lakott v\u00e4ikese lisakotiga. Mahukas, pehme ja elegantne \u2013 ideaalne igap\u00e4evaseks kandmiseks. Saadaval kolmes v\u00e4rvitoonis \ud83d\udc5c","robots":{"index":"index","follow":"follow","max-snippet":"max-snippet:-1","max-image-preview":"max-image-preview:large","max-video-preview":"max-video-preview:-1"},"canonical":"https:\/\/www.karinibutiik.ee\/ru\/\u043f\u0440\u043e\u0434\u0443\u043a\u0442\/seemisnahkne-olakott-vaikese-lisakotiga-mahukas-ja-stiilne\/","og_locale":"ru_RU","og_type":"article","og_title":"Seemisnahkne \u00f5lakott v\u00e4ikese lisakotiga \u2013 mahukas ja stiilne - Karini Butiik","og_description":"Stiilne seemisnahkne \u00f5lakott v\u00e4ikese lisakotiga. Mahukas, pehme ja elegantne \u2013 ideaalne igap\u00e4evaseks kandmiseks. Saadaval kolmes v\u00e4rvitoonis \ud83d\udc5c","og_url":"https:\/\/www.karinibutiik.ee\/ru\/\u043f\u0440\u043e\u0434\u0443\u043a\u0442\/seemisnahkne-olakott-vaikese-lisakotiga-mahukas-ja-stiilne\/","og_site_name":"Karini Butiik","article_publisher":"https:\/\/www.facebook.com\/karinibutiik.ee","article_modified_time":"2026-01-17T14:39:48+00:00","og_image":[{"width":2446,"height":2560,"url":"https:\/\/www.karinibutiik.ee\/wp-content\/uploads\/2025\/10\/IMG_1840-scaled.jpeg","type":"image\/jpeg"}],"twitter_card":"summary_large_image","twitter_misc":{"\u0414\u043e\u0441\u0442\u0443\u043f\u043d\u043e\u0441\u0442\u044c":"\u0412 \u043d\u0430\u043b\u0438\u0447\u0438\u0438"},"schema":{"@context":"https:\/\/schema.org","@graph":[{"@type":"WebPage","@id":"https:\/\/www.karinibutiik.ee\/toode\/seemisnahkne-olakott-vaikese-lisakotiga-mahukas-ja-stiilne\/","url":"https:\/\/www.karinibutiik.ee\/toode\/seemisnahkne-olakott-vaikese-lisakotiga-mahukas-ja-stiilne\/","name":"Seemisnahkne \u00f5lakott v\u00e4ikese lisakotiga \u2013 mahukas ja stiilne - Karini Butiik","isPartOf":{"@id":"https:\/\/www.karinibutiik.ee\/#website"},"primaryImageOfPage":{"@id":"https:\/\/www.karinibutiik.ee\/toode\/seemisnahkne-olakott-vaikese-lisakotiga-mahukas-ja-stiilne\/#primaryimage"},"image":{"@id":"https:\/\/www.karinibutiik.ee\/toode\/seemisnahkne-olakott-vaikese-lisakotiga-mahukas-ja-stiilne\/#primaryimage"},"thumbnailUrl":"https:\/\/www.karinibutiik.ee\/wp-content\/uploads\/2025\/10\/IMG_1840-scaled.jpeg","datePublished":"2025-10-06T13:51:35+00:00","dateModified":"2026-01-17T14:39:48+00:00","description":"Stiilne seemisnahkne \u00f5lakott v\u00e4ikese lisakotiga. Mahukas, pehme ja elegantne \u2013 ideaalne igap\u00e4evaseks kandmiseks. Saadaval kolmes v\u00e4rvitoonis \ud83d\udc5c","breadcrumb":{"@id":"https:\/\/www.karinibutiik.ee\/toode\/seemisnahkne-olakott-vaikese-lisakotiga-mahukas-ja-stiilne\/#breadcrumb"},"inLanguage":"ru-RU","potentialAction":[{"@type":"ReadAction","target":["https:\/\/www.karinibutiik.ee\/toode\/seemisnahkne-olakott-vaikese-lisakotiga-mahukas-ja-stiilne\/"]}]},{"@type":"ImageObject","inLanguage":"ru-RU","@id":"https:\/\/www.karinibutiik.ee\/toode\/seemisnahkne-olakott-vaikese-lisakotiga-mahukas-ja-stiilne\/#primaryimage","url":"https:\/\/www.karinibutiik.ee\/wp-content\/uploads\/2025\/10\/IMG_1840-scaled.jpeg","contentUrl":"https:\/\/www.karinibutiik.ee\/wp-content\/uploads\/2025\/10\/IMG_1840-scaled.jpeg","width":2446,"height":2560,"caption":"Seemisnahksest riidest k\u00e4ekott"},{"@type":"BreadcrumbList","@id":"https:\/\/www.karinibutiik.ee\/toode\/seemisnahkne-olakott-vaikese-lisakotiga-mahukas-ja-stiilne\/#breadcrumb","itemListElement":[{"@type":"ListItem","position":1,"name":"Home","item":"https:\/\/www.karinibutiik.ee\/"},{"@type":"ListItem","position":2,"name":"Pood","item":"https:\/\/www.karinibutiik.ee\/pood\/"},{"@type":"ListItem","position":3,"name":"Seemisnahkne \u00f5lakott v\u00e4ikese lisakotiga \u2013 mahukas ja stiilne"}]},{"@type":"WebSite","@id":"https:\/\/www.karinibutiik.ee\/#website","url":"https:\/\/www.karinibutiik.ee\/","name":"\u041a\u0430\u0440\u0438\u043d\u0438 \u0411\u0443\u0442\u0438\u043a","description":"","publisher":{"@id":"https:\/\/www.karinibutiik.ee\/#organization"},"potentialAction":[{"@type":"SearchAction","target":{"@type":"EntryPoint","urlTemplate":"https:\/\/www.karinibutiik.ee\/?s={search_term_string}"},"query-input":{"@type":"PropertyValueSpecification","valueRequired":true,"valueName":"search_term_string"}}],"inLanguage":"ru-RU"},{"@type":"Organization","@id":"https:\/\/www.karinibutiik.ee\/#organization","name":"\u041a\u0430\u0440\u0438\u043d\u0438 \u0411\u0443\u0442\u0438\u043a","url":"https:\/\/www.karinibutiik.ee\/","logo":{"@type":"ImageObject","inLanguage":"ru-RU","@id":"https:\/\/www.karinibutiik.ee\/#\/schema\/logo\/image\/","url":"https:\/\/www.karinibutiik.ee\/wp-content\/uploads\/2024\/10\/Kuj.-K-koopia.png","contentUrl":"https:\/\/www.karinibutiik.ee\/wp-content\/uploads\/2024\/10\/Kuj.-K-koopia.png","width":500,"height":500,"caption":"Karini Butiik"},"image":{"@id":"https:\/\/www.karinibutiik.ee\/#\/schema\/logo\/image\/"},"sameAs":["https:\/\/www.facebook.com\/karinibutiik.ee","https:\/\/www.instagram.com\/karinibutiik"]}]},"og_availability":"instock","product_availability":"instock","product_retailer_item_id":"2551","product_condition":"new"},"_links":{"self":[{"href":"https:\/\/www.karinibutiik.ee\/ru\/wp-json\/wp\/v2\/product\/24272","targetHints":{"allow":["GET"]}}],"collection":[{"href":"https:\/\/www.karinibutiik.ee\/ru\/wp-json\/wp\/v2\/product"}],"about":[{"href":"https:\/\/www.karinibutiik.ee\/ru\/wp-json\/wp\/v2\/types\/product"}],"version-history":[{"count":1,"href":"https:\/\/www.karinibutiik.ee\/ru\/wp-json\/wp\/v2\/product\/24272\/revisions"}],"predecessor-version":[{"id":24276,"href":"https:\/\/www.karinibutiik.ee\/ru\/wp-json\/wp\/v2\/product\/24272\/revisions\/24276"}],"wp:featuredmedia":[{"embeddable":true,"href":"https:\/\/www.karinibutiik.ee\/ru\/wp-json\/wp\/v2\/media\/24254"}],"wp:attachment":[{"href":"https:\/\/www.karinibutiik.ee\/ru\/wp-json\/wp\/v2\/media?parent=24272"}],"wp:term":[{"taxonomy":"product_brand","embeddable":true,"href":"https:\/\/www.karinibutiik.ee\/ru\/wp-json\/wp\/v2\/product_brand?post=24272"},{"taxonomy":"product_cat","embeddable":true,"href":"https:\/\/www.karinibutiik.ee\/ru\/wp-json\/wp\/v2\/product_cat?post=24272"},{"taxonomy":"product_tag","embeddable":true,"href":"https:\/\/www.karinibutiik.ee\/ru\/wp-json\/wp\/v2\/product_tag?post=24272"}],"curies":[{"name":"wp","href":"https:\/\/api.w.org\/{rel}","templated":true}]}}