{"id":24277,"date":"2026-03-05T17:21:46","date_gmt":"2026-03-05T15:21:46","guid":{"rendered":"https:\/\/www.karinibutiik.ee\/?post_type=product&#038;p=24277"},"modified":"2026-04-10T20:24:58","modified_gmt":"2026-04-10T17:24:58","slug":"stiilne-kolmveerandvarrukatega-pintsak","status":"publish","type":"product","link":"https:\/\/www.karinibutiik.ee\/ru\/%d0%bf%d1%80%d0%be%d0%b4%d1%83%d0%ba%d1%82\/stiilne-kolmveerandvarrukatega-pintsak\/","title":{"rendered":"Stiilne kolmveerandvarrukatega pintsak"},"content":{"rendered":"<p data-start=\"375\" data-end=\"670\">See <strong data-start=\"379\" data-end=\"429\">stiilne kolmveerand varrukatega naiste pintsak<\/strong> on \u00fcks populaarsemaid garderoobi p\u00f5hiesemeid, mis \u00fchendab elegantsi ja mugava kandmise. Minimalistlik <strong data-start=\"532\" data-end=\"554\">eest lahtine l\u00f5ige<\/strong> loob kerge ja modernse silueti, mis sobib ideaalselt nii igap\u00e4evaseks kandmiseks kui ka pidulikumateks s\u00fcndmusteks.<\/p>\n<p data-start=\"672\" data-end=\"934\">Kolmveerand varrukad annavad pintsakule naiseliku ja trendika ilme, muutes selle suurep\u00e4raseks valikuks kevadeks, suveks ja varas\u00fcgiseks. Kerge ja h\u00e4sti langev materjal v\u00f5imaldab pintsakut h\u00f5lpsasti kombineerida nii kleitide, teksade kui ka elegantsete p\u00fckstega.<\/p>\n<p data-start=\"936\" data-end=\"1160\">Pintsak on saadaval <strong data-start=\"956\" data-end=\"987\">mitmes lummavas v\u00e4rvitoonis<\/strong>, et iga naine leiaks just enda stiiliga sobiva variandi. Ajatu disain teeb sellest mitmek\u00fclgse r\u00f5ivaeseme, mis t\u00e4iendab nii kontori-, linnastiili kui ka pidulikke outfit\u2019e.<\/p>","protected":false},"excerpt":{"rendered":"<p>See stiilne kolmveerand varrukatega naiste pintsak on \u00fcks populaarsemaid garderoobi p\u00f5hiesemeid, mis \u00fchendab elegantsi ja mugava kandmise. Minimalistlik eest lahtine [&hellip;]<\/p>\n","protected":false},"featured_media":26486,"template":"","meta":{"site-sidebar-layout":"default","site-content-layout":"","ast-site-content-layout":"default","site-content-style":"default","site-sidebar-style":"default","ast-global-header-display":"","ast-banner-title-visibility":"","ast-main-header-display":"","ast-hfb-above-header-display":"","ast-hfb-below-header-display":"","ast-hfb-mobile-header-display":"","site-post-title":"","ast-breadcrumbs-content":"","ast-featured-img":"","footer-sml-layout":"","ast-disable-related-posts":"","theme-transparent-header-meta":"default","adv-header-id-meta":"","stick-header-meta":"default","header-above-stick-meta":"","header-main-stick-meta":"","header-below-stick-meta":"","astra-migrate-meta-layouts":"set","ast-page-background-enabled":"default","ast-page-background-meta":{"desktop":{"background-color":"var(--ast-global-color-4)","background-image":"","background-repeat":"repeat","background-position":"center center","background-size":"auto","background-attachment":"scroll","background-type":"","background-media":"","overlay-type":"","overlay-color":"","overlay-opacity":"","overlay-gradient":""},"tablet":{"background-color":"","background-image":"","background-repeat":"repeat","background-position":"center center","background-size":"auto","background-attachment":"scroll","background-type":"","background-media":"","overlay-type":"","overlay-color":"","overlay-opacity":"","overlay-gradient":""},"mobile":{"background-color":"","background-image":"","background-repeat":"repeat","background-position":"center center","background-size":"auto","background-attachment":"scroll","background-type":"","background-media":"","overlay-type":"","overlay-color":"","overlay-opacity":"","overlay-gradient":""}},"ast-content-background-meta":{"desktop":{"background-color":"var(--ast-global-color-5)","background-image":"","background-repeat":"repeat","background-position":"center center","background-size":"auto","background-attachment":"scroll","background-type":"","background-media":"","overlay-type":"","overlay-color":"","overlay-opacity":"","overlay-gradient":""},"tablet":{"background-color":"var(--ast-global-color-5)","background-image":"","background-repeat":"repeat","background-position":"center center","background-size":"auto","background-attachment":"scroll","background-type":"","background-media":"","overlay-type":"","overlay-color":"","overlay-opacity":"","overlay-gradient":""},"mobile":{"background-color":"var(--ast-global-color-5)","background-image":"","background-repeat":"repeat","background-position":"center center","background-size":"auto","background-attachment":"scroll","background-type":"","background-media":"","overlay-type":"","overlay-color":"","overlay-opacity":"","overlay-gradient":""}}},"product_brand":[],"product_cat":[452,346,365,366,351],"product_tag":[479,774,1508,1178,501,1886,2571,2569,1884,1182,1989,1180,2508,246,2573,1889,2572,2570,1887,1888,1885],"class_list":{"0":"post-24277","1":"product","2":"type-product","3":"status-publish","4":"has-post-thumbnail","6":"product_cat-bestseller","7":"product_cat-naised","8":"product_cat-uleriided","9":"product_cat-pintsakud","10":"product_cat-uued-tooted","11":"product_tag-bleiser","12":"product_tag-eest-lahtine-pintsak","13":"product_tag-elegantne-jakk","14":"product_tag-elegantne-pintsak","15":"product_tag-karini-butiik","16":"product_tag-kevad-sugis-pintsak","17":"product_tag-kevadine-pintsak","18":"product_tag-kolmveerand-varrukatega-pintsak","19":"product_tag-kolmveerandvarrukad","20":"product_tag-moekas-pintsak","21":"product_tag-naiste-bleiser","22":"product_tag-naiste-pintsak","23":"product_tag-naiste-uleroivad","24":"product_tag-pintsak","25":"product_tag-populaarne-pintsak","26":"product_tag-s-xl","27":"product_tag-stiilne-pintsak","28":"product_tag-suvine-pintsak","29":"product_tag-tooriided","30":"product_tag-trendikas-pintsak","31":"product_tag-tumepruun-pintsak","32":"desktop-align-center","33":"tablet-align-center","34":"mobile-align-center","35":"ast-product-gallery-layout-horizontal-slider","36":"ast-product-single-variable","37":"ast-product-tabs-layout-horizontal","39":"first","40":"instock","41":"taxable","42":"shipping-taxable","43":"purchasable","44":"product-type-variable"},"supplier_id":null,"supplier_sku":"","barcode":null,"atum_controlled":true,"out_stock_date":null,"out_stock_threshold":null,"inheritable":true,"inbound_stock":null,"stock_on_hold":0,"sold_today":0,"sales_last_days":1,"reserved_stock":0,"customer_returns":null,"warehouse_damage":0,"lost_in_post":null,"other_logs":0,"out_stock_days":0,"lost_sales":0,"has_location":false,"update_date":"2026-03-06T12:09:22","atum_locations":[],"atum_stock_status":"instock","restock_status":false,"low_stock_amount":"","sales_update_date":"2025-11-29T11:13:41","calc_backorders":null,"yoast_head":"<!-- This site is optimized with the Yoast SEO plugin v26.9 - https:\/\/yoast.com\/product\/yoast-seo-wordpress\/ -->\n<title>Stiilne kolmveerandvarrukatega pintsak - Karini Butiik<\/title>\n<meta name=\"description\" content=\"Moodne tumepruun pintsak kolmveerandvarrukatega. Elegantne ja mugav valik nii t\u00f6\u00f6le kui pidulikuks puhuks. Suurused S\u2013XL.\" \/>\n<meta name=\"robots\" content=\"index, follow, max-snippet:-1, max-image-preview:large, max-video-preview:-1\" \/>\n<link rel=\"canonical\" href=\"https:\/\/www.karinibutiik.ee\/ru\/\u043f\u0440\u043e\u0434\u0443\u043a\u0442\/stiilne-kolmveerandvarrukatega-pintsak\/\" \/>\n<meta property=\"og:locale\" content=\"ru_RU\" \/>\n<meta property=\"og:type\" content=\"article\" \/>\n<meta property=\"og:title\" content=\"Stiilne kolmveerandvarrukatega pintsak - Karini Butiik\" \/>\n<meta property=\"og:description\" content=\"Moodne tumepruun pintsak kolmveerandvarrukatega. Elegantne ja mugav valik nii t\u00f6\u00f6le kui pidulikuks puhuks. Suurused S\u2013XL.\" \/>\n<meta property=\"og:url\" content=\"https:\/\/www.karinibutiik.ee\/ru\/\u043f\u0440\u043e\u0434\u0443\u043a\u0442\/stiilne-kolmveerandvarrukatega-pintsak\/\" \/>\n<meta property=\"og:site_name\" content=\"Karini Butiik\" \/>\n<meta property=\"article:publisher\" content=\"https:\/\/www.facebook.com\/karinibutiik.ee\" \/>\n<meta property=\"article:modified_time\" content=\"2026-04-10T17:24:58+00:00\" \/>\n<meta property=\"og:image\" content=\"https:\/\/www.karinibutiik.ee\/wp-content\/uploads\/2026\/03\/509A5342-EFEF-46F6-B89E-B49C35A551D5-scaled.jpeg\" \/>\n\t<meta property=\"og:image:width\" content=\"1920\" \/>\n\t<meta property=\"og:image:height\" content=\"2560\" \/>\n\t<meta property=\"og:image:type\" content=\"image\/jpeg\" \/>\n<meta name=\"twitter:card\" content=\"summary_large_image\" \/>\n<meta name=\"twitter:label1\" content=\"\u0414\u043e\u0441\u0442\u0443\u043f\u043d\u043e\u0441\u0442\u044c\" \/>\n\t<meta name=\"twitter:data1\" content=\"\u0412 \u043d\u0430\u043b\u0438\u0447\u0438\u0438\" \/>\n<script type=\"application\/ld+json\" class=\"yoast-schema-graph\">{\"@context\":\"https:\/\/schema.org\",\"@graph\":[{\"@type\":\"WebPage\",\"@id\":\"https:\/\/www.karinibutiik.ee\/toode\/stiilne-kolmveerandvarrukatega-pintsak\/\",\"url\":\"https:\/\/www.karinibutiik.ee\/toode\/stiilne-kolmveerandvarrukatega-pintsak\/\",\"name\":\"Stiilne kolmveerandvarrukatega pintsak - Karini Butiik\",\"isPartOf\":{\"@id\":\"https:\/\/www.karinibutiik.ee\/#website\"},\"primaryImageOfPage\":{\"@id\":\"https:\/\/www.karinibutiik.ee\/toode\/stiilne-kolmveerandvarrukatega-pintsak\/#primaryimage\"},\"image\":{\"@id\":\"https:\/\/www.karinibutiik.ee\/toode\/stiilne-kolmveerandvarrukatega-pintsak\/#primaryimage\"},\"thumbnailUrl\":\"https:\/\/www.karinibutiik.ee\/wp-content\/uploads\/2026\/03\/509A5342-EFEF-46F6-B89E-B49C35A551D5-scaled.jpeg\",\"datePublished\":\"2026-03-05T15:21:46+00:00\",\"dateModified\":\"2026-04-10T17:24:58+00:00\",\"description\":\"Moodne tumepruun pintsak kolmveerandvarrukatega. Elegantne ja mugav valik nii t\u00f6\u00f6le kui pidulikuks puhuks. Suurused S\u2013XL.\",\"breadcrumb\":{\"@id\":\"https:\/\/www.karinibutiik.ee\/toode\/stiilne-kolmveerandvarrukatega-pintsak\/#breadcrumb\"},\"inLanguage\":\"ru-RU\",\"potentialAction\":[{\"@type\":\"ReadAction\",\"target\":[\"https:\/\/www.karinibutiik.ee\/toode\/stiilne-kolmveerandvarrukatega-pintsak\/\"]}]},{\"@type\":\"ImageObject\",\"inLanguage\":\"ru-RU\",\"@id\":\"https:\/\/www.karinibutiik.ee\/toode\/stiilne-kolmveerandvarrukatega-pintsak\/#primaryimage\",\"url\":\"https:\/\/www.karinibutiik.ee\/wp-content\/uploads\/2026\/03\/509A5342-EFEF-46F6-B89E-B49C35A551D5-scaled.jpeg\",\"contentUrl\":\"https:\/\/www.karinibutiik.ee\/wp-content\/uploads\/2026\/03\/509A5342-EFEF-46F6-B89E-B49C35A551D5-scaled.jpeg\",\"width\":1920,\"height\":2560,\"caption\":\"Stiilne kolmveerandvarrukatega pintsak\"},{\"@type\":\"BreadcrumbList\",\"@id\":\"https:\/\/www.karinibutiik.ee\/toode\/stiilne-kolmveerandvarrukatega-pintsak\/#breadcrumb\",\"itemListElement\":[{\"@type\":\"ListItem\",\"position\":1,\"name\":\"Home\",\"item\":\"https:\/\/www.karinibutiik.ee\/\"},{\"@type\":\"ListItem\",\"position\":2,\"name\":\"Pood\",\"item\":\"https:\/\/www.karinibutiik.ee\/pood\/\"},{\"@type\":\"ListItem\",\"position\":3,\"name\":\"Stiilne kolmveerandvarrukatega pintsak\"}]},{\"@type\":\"WebSite\",\"@id\":\"https:\/\/www.karinibutiik.ee\/#website\",\"url\":\"https:\/\/www.karinibutiik.ee\/\",\"name\":\"Karini Butiik\",\"description\":\"\",\"publisher\":{\"@id\":\"https:\/\/www.karinibutiik.ee\/#organization\"},\"potentialAction\":[{\"@type\":\"SearchAction\",\"target\":{\"@type\":\"EntryPoint\",\"urlTemplate\":\"https:\/\/www.karinibutiik.ee\/?s={search_term_string}\"},\"query-input\":{\"@type\":\"PropertyValueSpecification\",\"valueRequired\":true,\"valueName\":\"search_term_string\"}}],\"inLanguage\":\"ru-RU\"},{\"@type\":\"Organization\",\"@id\":\"https:\/\/www.karinibutiik.ee\/#organization\",\"name\":\"Karini Butiik\",\"url\":\"https:\/\/www.karinibutiik.ee\/\",\"logo\":{\"@type\":\"ImageObject\",\"inLanguage\":\"ru-RU\",\"@id\":\"https:\/\/www.karinibutiik.ee\/#\/schema\/logo\/image\/\",\"url\":\"https:\/\/www.karinibutiik.ee\/wp-content\/uploads\/2024\/10\/Kuj.-K-koopia.png\",\"contentUrl\":\"https:\/\/www.karinibutiik.ee\/wp-content\/uploads\/2024\/10\/Kuj.-K-koopia.png\",\"width\":500,\"height\":500,\"caption\":\"Karini Butiik\"},\"image\":{\"@id\":\"https:\/\/www.karinibutiik.ee\/#\/schema\/logo\/image\/\"},\"sameAs\":[\"https:\/\/www.facebook.com\/karinibutiik.ee\",\"https:\/\/www.instagram.com\/karinibutiik\"]}]}<\/script>\n<meta property=\"og:availability\" content=\"instock\" \/>\n<meta property=\"product:availability\" content=\"instock\" \/>\n<meta property=\"product:retailer_item_id\" content=\"2308\" \/>\n<meta property=\"product:condition\" content=\"new\" \/>\n<!-- \/ Yoast SEO plugin. -->","yoast_head_json":{"title":"Stiilne kolmveerandvarrukatega pintsak - Karini Butiik","description":"Moodne tumepruun pintsak kolmveerandvarrukatega. Elegantne ja mugav valik nii t\u00f6\u00f6le kui pidulikuks puhuks. Suurused S\u2013XL.","robots":{"index":"index","follow":"follow","max-snippet":"max-snippet:-1","max-image-preview":"max-image-preview:large","max-video-preview":"max-video-preview:-1"},"canonical":"https:\/\/www.karinibutiik.ee\/ru\/\u043f\u0440\u043e\u0434\u0443\u043a\u0442\/stiilne-kolmveerandvarrukatega-pintsak\/","og_locale":"ru_RU","og_type":"article","og_title":"Stiilne kolmveerandvarrukatega pintsak - Karini Butiik","og_description":"Moodne tumepruun pintsak kolmveerandvarrukatega. Elegantne ja mugav valik nii t\u00f6\u00f6le kui pidulikuks puhuks. Suurused S\u2013XL.","og_url":"https:\/\/www.karinibutiik.ee\/ru\/\u043f\u0440\u043e\u0434\u0443\u043a\u0442\/stiilne-kolmveerandvarrukatega-pintsak\/","og_site_name":"Karini Butiik","article_publisher":"https:\/\/www.facebook.com\/karinibutiik.ee","article_modified_time":"2026-04-10T17:24:58+00:00","og_image":[{"width":1920,"height":2560,"url":"https:\/\/www.karinibutiik.ee\/wp-content\/uploads\/2026\/03\/509A5342-EFEF-46F6-B89E-B49C35A551D5-scaled.jpeg","type":"image\/jpeg"}],"twitter_card":"summary_large_image","twitter_misc":{"\u0414\u043e\u0441\u0442\u0443\u043f\u043d\u043e\u0441\u0442\u044c":"\u0412 \u043d\u0430\u043b\u0438\u0447\u0438\u0438"},"schema":{"@context":"https:\/\/schema.org","@graph":[{"@type":"WebPage","@id":"https:\/\/www.karinibutiik.ee\/toode\/stiilne-kolmveerandvarrukatega-pintsak\/","url":"https:\/\/www.karinibutiik.ee\/toode\/stiilne-kolmveerandvarrukatega-pintsak\/","name":"Stiilne kolmveerandvarrukatega pintsak - Karini Butiik","isPartOf":{"@id":"https:\/\/www.karinibutiik.ee\/#website"},"primaryImageOfPage":{"@id":"https:\/\/www.karinibutiik.ee\/toode\/stiilne-kolmveerandvarrukatega-pintsak\/#primaryimage"},"image":{"@id":"https:\/\/www.karinibutiik.ee\/toode\/stiilne-kolmveerandvarrukatega-pintsak\/#primaryimage"},"thumbnailUrl":"https:\/\/www.karinibutiik.ee\/wp-content\/uploads\/2026\/03\/509A5342-EFEF-46F6-B89E-B49C35A551D5-scaled.jpeg","datePublished":"2026-03-05T15:21:46+00:00","dateModified":"2026-04-10T17:24:58+00:00","description":"Moodne tumepruun pintsak kolmveerandvarrukatega. Elegantne ja mugav valik nii t\u00f6\u00f6le kui pidulikuks puhuks. Suurused S\u2013XL.","breadcrumb":{"@id":"https:\/\/www.karinibutiik.ee\/toode\/stiilne-kolmveerandvarrukatega-pintsak\/#breadcrumb"},"inLanguage":"ru-RU","potentialAction":[{"@type":"ReadAction","target":["https:\/\/www.karinibutiik.ee\/toode\/stiilne-kolmveerandvarrukatega-pintsak\/"]}]},{"@type":"ImageObject","inLanguage":"ru-RU","@id":"https:\/\/www.karinibutiik.ee\/toode\/stiilne-kolmveerandvarrukatega-pintsak\/#primaryimage","url":"https:\/\/www.karinibutiik.ee\/wp-content\/uploads\/2026\/03\/509A5342-EFEF-46F6-B89E-B49C35A551D5-scaled.jpeg","contentUrl":"https:\/\/www.karinibutiik.ee\/wp-content\/uploads\/2026\/03\/509A5342-EFEF-46F6-B89E-B49C35A551D5-scaled.jpeg","width":1920,"height":2560,"caption":"Stiilne kolmveerandvarrukatega pintsak"},{"@type":"BreadcrumbList","@id":"https:\/\/www.karinibutiik.ee\/toode\/stiilne-kolmveerandvarrukatega-pintsak\/#breadcrumb","itemListElement":[{"@type":"ListItem","position":1,"name":"Home","item":"https:\/\/www.karinibutiik.ee\/"},{"@type":"ListItem","position":2,"name":"Pood","item":"https:\/\/www.karinibutiik.ee\/pood\/"},{"@type":"ListItem","position":3,"name":"Stiilne kolmveerandvarrukatega pintsak"}]},{"@type":"WebSite","@id":"https:\/\/www.karinibutiik.ee\/#website","url":"https:\/\/www.karinibutiik.ee\/","name":"\u041a\u0430\u0440\u0438\u043d\u0438 \u0411\u0443\u0442\u0438\u043a","description":"","publisher":{"@id":"https:\/\/www.karinibutiik.ee\/#organization"},"potentialAction":[{"@type":"SearchAction","target":{"@type":"EntryPoint","urlTemplate":"https:\/\/www.karinibutiik.ee\/?s={search_term_string}"},"query-input":{"@type":"PropertyValueSpecification","valueRequired":true,"valueName":"search_term_string"}}],"inLanguage":"ru-RU"},{"@type":"Organization","@id":"https:\/\/www.karinibutiik.ee\/#organization","name":"\u041a\u0430\u0440\u0438\u043d\u0438 \u0411\u0443\u0442\u0438\u043a","url":"https:\/\/www.karinibutiik.ee\/","logo":{"@type":"ImageObject","inLanguage":"ru-RU","@id":"https:\/\/www.karinibutiik.ee\/#\/schema\/logo\/image\/","url":"https:\/\/www.karinibutiik.ee\/wp-content\/uploads\/2024\/10\/Kuj.-K-koopia.png","contentUrl":"https:\/\/www.karinibutiik.ee\/wp-content\/uploads\/2024\/10\/Kuj.-K-koopia.png","width":500,"height":500,"caption":"Karini Butiik"},"image":{"@id":"https:\/\/www.karinibutiik.ee\/#\/schema\/logo\/image\/"},"sameAs":["https:\/\/www.facebook.com\/karinibutiik.ee","https:\/\/www.instagram.com\/karinibutiik"]}]},"og_availability":"instock","product_availability":"instock","product_retailer_item_id":"2308","product_condition":"new"},"_links":{"self":[{"href":"https:\/\/www.karinibutiik.ee\/ru\/wp-json\/wp\/v2\/product\/24277","targetHints":{"allow":["GET"]}}],"collection":[{"href":"https:\/\/www.karinibutiik.ee\/ru\/wp-json\/wp\/v2\/product"}],"about":[{"href":"https:\/\/www.karinibutiik.ee\/ru\/wp-json\/wp\/v2\/types\/product"}],"version-history":[{"count":3,"href":"https:\/\/www.karinibutiik.ee\/ru\/wp-json\/wp\/v2\/product\/24277\/revisions"}],"predecessor-version":[{"id":26461,"href":"https:\/\/www.karinibutiik.ee\/ru\/wp-json\/wp\/v2\/product\/24277\/revisions\/26461"}],"wp:featuredmedia":[{"embeddable":true,"href":"https:\/\/www.karinibutiik.ee\/ru\/wp-json\/wp\/v2\/media\/26486"}],"wp:attachment":[{"href":"https:\/\/www.karinibutiik.ee\/ru\/wp-json\/wp\/v2\/media?parent=24277"}],"wp:term":[{"taxonomy":"product_brand","embeddable":true,"href":"https:\/\/www.karinibutiik.ee\/ru\/wp-json\/wp\/v2\/product_brand?post=24277"},{"taxonomy":"product_cat","embeddable":true,"href":"https:\/\/www.karinibutiik.ee\/ru\/wp-json\/wp\/v2\/product_cat?post=24277"},{"taxonomy":"product_tag","embeddable":true,"href":"https:\/\/www.karinibutiik.ee\/ru\/wp-json\/wp\/v2\/product_tag?post=24277"}],"curies":[{"name":"wp","href":"https:\/\/api.w.org\/{rel}","templated":true}]}}