{"id":24617,"date":"2025-10-16T14:52:01","date_gmt":"2025-10-16T11:52:01","guid":{"rendered":"https:\/\/www.karinibutiik.ee\/?post_type=product&#038;p=24617"},"modified":"2026-04-07T14:32:36","modified_gmt":"2026-04-07T11:32:36","slug":"naiste-stiilne-kunstnahast-tagi-eemaldatava-dekoratiivkarvaga","status":"publish","type":"product","link":"https:\/\/www.karinibutiik.ee\/ru\/%d0%bf%d1%80%d0%be%d0%b4%d1%83%d0%ba%d1%82\/naiste-stiilne-kunstnahast-tagi-eemaldatava-dekoratiivkarvaga\/","title":{"rendered":"Naiste stiilne kunstnahast tagi eemaldatava dekoratiivkarvaga"},"content":{"rendered":"<p data-start=\"225\" data-end=\"668\">Avasta \u0161ikk ja soe lahendus k\u00fclmaks hooajaks meie kvaliteetsest kunstnahast valmistatud naiste talvejopes. Jopel on luksuslik v\u00e4limus t\u00e4nu eemaldatavale dekoratiivsele karvkattele, mis lisab elegantsi igale outfitile. Seest pehme ja soe karvane vooder tagab mugavuse ka k\u00f5ige k\u00fclmematel p\u00e4evadel. Klassikaline l\u00f5ige ja kahes suuruses valik (S\/M ja M\/L) sobib erinevatele kehat\u00fc\u00fcpidele. Saadaval ajatud v\u00e4rvitoonid: tumepruun, helebee\u017e ja must.<\/p>","protected":false},"excerpt":{"rendered":"<p>Avasta \u0161ikk ja soe lahendus k\u00fclmaks hooajaks meie kvaliteetsest kunstnahast valmistatud naiste talvejopes. Jopel on luksuslik v\u00e4limus t\u00e4nu eemaldatavale dekoratiivsele [&hellip;]<\/p>\n","protected":false},"featured_media":24631,"template":"","meta":{"site-sidebar-layout":"default","site-content-layout":"","ast-site-content-layout":"default","site-content-style":"default","site-sidebar-style":"default","ast-global-header-display":"","ast-banner-title-visibility":"","ast-main-header-display":"","ast-hfb-above-header-display":"","ast-hfb-below-header-display":"","ast-hfb-mobile-header-display":"","site-post-title":"","ast-breadcrumbs-content":"","ast-featured-img":"","footer-sml-layout":"","ast-disable-related-posts":"","theme-transparent-header-meta":"default","adv-header-id-meta":"","stick-header-meta":"default","header-above-stick-meta":"","header-main-stick-meta":"","header-below-stick-meta":"","astra-migrate-meta-layouts":"set","ast-page-background-enabled":"default","ast-page-background-meta":{"desktop":{"background-color":"var(--ast-global-color-4)","background-image":"","background-repeat":"repeat","background-position":"center center","background-size":"auto","background-attachment":"scroll","background-type":"","background-media":"","overlay-type":"","overlay-color":"","overlay-opacity":"","overlay-gradient":""},"tablet":{"background-color":"","background-image":"","background-repeat":"repeat","background-position":"center center","background-size":"auto","background-attachment":"scroll","background-type":"","background-media":"","overlay-type":"","overlay-color":"","overlay-opacity":"","overlay-gradient":""},"mobile":{"background-color":"","background-image":"","background-repeat":"repeat","background-position":"center center","background-size":"auto","background-attachment":"scroll","background-type":"","background-media":"","overlay-type":"","overlay-color":"","overlay-opacity":"","overlay-gradient":""}},"ast-content-background-meta":{"desktop":{"background-color":"var(--ast-global-color-5)","background-image":"","background-repeat":"repeat","background-position":"center center","background-size":"auto","background-attachment":"scroll","background-type":"","background-media":"","overlay-type":"","overlay-color":"","overlay-opacity":"","overlay-gradient":""},"tablet":{"background-color":"var(--ast-global-color-5)","background-image":"","background-repeat":"repeat","background-position":"center center","background-size":"auto","background-attachment":"scroll","background-type":"","background-media":"","overlay-type":"","overlay-color":"","overlay-opacity":"","overlay-gradient":""},"mobile":{"background-color":"var(--ast-global-color-5)","background-image":"","background-repeat":"repeat","background-position":"center center","background-size":"auto","background-attachment":"scroll","background-type":"","background-media":"","overlay-type":"","overlay-color":"","overlay-opacity":"","overlay-gradient":""}}},"product_brand":[],"product_cat":[367,452,385,365,351],"product_tag":[2028,2032,2030,501,2033,2027,2026,1959,621,1781,1853,2031,2034,2036,2029,2035],"class_list":{"0":"post-24617","1":"product","2":"type-product","3":"status-publish","4":"has-post-thumbnail","6":"product_cat-allahindlus","7":"product_cat-bestseller","8":"product_cat-joped-tagid-vestid","9":"product_cat-uleriided","10":"product_cat-uued-tooted","11":"product_tag-eemaldatava-karvkattega-jope","12":"product_tag-elegantne-talvejope","13":"product_tag-helebeez-jope","14":"product_tag-karini-butiik","15":"product_tag-karvase-kraega-jope","16":"product_tag-karvase-voodriga-jope","17":"product_tag-kunstnahast-jope","18":"product_tag-must-jope","19":"product_tag-naiste-mood","20":"product_tag-naiste-talvejope","21":"product_tag-soe-jope","22":"product_tag-sugisene-jope","23":"product_tag-suurused-s-m-ja-m-l","24":"product_tag-trendikas-naistejope","25":"product_tag-tumepruun-jope","26":"product_tag-vegan-nahk","27":"desktop-align-center","28":"tablet-align-center","29":"mobile-align-center","30":"ast-product-gallery-layout-horizontal-slider","31":"ast-product-single-variable","32":"ast-product-tabs-layout-horizontal","34":"first","35":"instock","36":"sale","37":"taxable","38":"shipping-taxable","39":"purchasable","40":"product-type-variable"},"supplier_id":null,"supplier_sku":"","barcode":null,"atum_controlled":true,"out_stock_date":null,"out_stock_threshold":null,"inheritable":true,"inbound_stock":null,"stock_on_hold":0,"sold_today":0,"sales_last_days":1,"reserved_stock":0,"customer_returns":null,"warehouse_damage":0,"lost_in_post":null,"other_logs":0,"out_stock_days":0,"lost_sales":0,"has_location":false,"update_date":"2026-04-07T11:32:37","atum_locations":[],"atum_stock_status":"instock","restock_status":false,"low_stock_amount":"","sales_update_date":"2025-12-05T12:49:35","calc_backorders":null,"yoast_head":"<!-- This site is optimized with the Yoast SEO plugin v26.9 - https:\/\/yoast.com\/product\/yoast-seo-wordpress\/ -->\n<title>Naiste stiilne kunstnahast tagi eemaldatava dekoratiivkarvaga - Karini Butiik<\/title>\n<meta name=\"description\" content=\"Stiilne ja soe kunstnahast naiste talvejope eemaldatava karvkattega. Kvaliteetne karvane vooder, elegantsed v\u00e4rvid \u2013 tumepruun, helebee\u017e ja must.\" \/>\n<meta name=\"robots\" content=\"index, follow, max-snippet:-1, max-image-preview:large, max-video-preview:-1\" \/>\n<link rel=\"canonical\" href=\"https:\/\/www.karinibutiik.ee\/ru\/\u043f\u0440\u043e\u0434\u0443\u043a\u0442\/naiste-stiilne-kunstnahast-tagi-eemaldatava-dekoratiivkarvaga\/\" \/>\n<meta property=\"og:locale\" content=\"ru_RU\" \/>\n<meta property=\"og:type\" content=\"article\" \/>\n<meta property=\"og:title\" content=\"Naiste stiilne kunstnahast tagi eemaldatava dekoratiivkarvaga - Karini Butiik\" \/>\n<meta property=\"og:description\" content=\"Stiilne ja soe kunstnahast naiste talvejope eemaldatava karvkattega. Kvaliteetne karvane vooder, elegantsed v\u00e4rvid \u2013 tumepruun, helebee\u017e ja must.\" \/>\n<meta property=\"og:url\" content=\"https:\/\/www.karinibutiik.ee\/ru\/\u043f\u0440\u043e\u0434\u0443\u043a\u0442\/naiste-stiilne-kunstnahast-tagi-eemaldatava-dekoratiivkarvaga\/\" \/>\n<meta property=\"og:site_name\" content=\"Karini Butiik\" \/>\n<meta property=\"article:publisher\" content=\"https:\/\/www.facebook.com\/karinibutiik.ee\" \/>\n<meta property=\"article:modified_time\" content=\"2026-04-07T11:32:36+00:00\" \/>\n<meta property=\"og:image\" content=\"https:\/\/www.karinibutiik.ee\/wp-content\/uploads\/2025\/10\/31C5FF81-A495-4665-B635-416E96CC10EB-scaled.jpeg\" \/>\n\t<meta property=\"og:image:width\" content=\"1937\" \/>\n\t<meta property=\"og:image:height\" content=\"2560\" \/>\n\t<meta property=\"og:image:type\" content=\"image\/jpeg\" \/>\n<meta name=\"twitter:card\" content=\"summary_large_image\" \/>\n<meta name=\"twitter:label1\" content=\"\u0414\u043e\u0441\u0442\u0443\u043f\u043d\u043e\u0441\u0442\u044c\" \/>\n\t<meta name=\"twitter:data1\" content=\"\u0412 \u043d\u0430\u043b\u0438\u0447\u0438\u0438\" \/>\n<script type=\"application\/ld+json\" class=\"yoast-schema-graph\">{\"@context\":\"https:\/\/schema.org\",\"@graph\":[{\"@type\":\"WebPage\",\"@id\":\"https:\/\/www.karinibutiik.ee\/toode\/naiste-stiilne-kunstnahast-tagi-eemaldatava-dekoratiivkarvaga\/\",\"url\":\"https:\/\/www.karinibutiik.ee\/toode\/naiste-stiilne-kunstnahast-tagi-eemaldatava-dekoratiivkarvaga\/\",\"name\":\"Naiste stiilne kunstnahast tagi eemaldatava dekoratiivkarvaga - Karini Butiik\",\"isPartOf\":{\"@id\":\"https:\/\/www.karinibutiik.ee\/#website\"},\"primaryImageOfPage\":{\"@id\":\"https:\/\/www.karinibutiik.ee\/toode\/naiste-stiilne-kunstnahast-tagi-eemaldatava-dekoratiivkarvaga\/#primaryimage\"},\"image\":{\"@id\":\"https:\/\/www.karinibutiik.ee\/toode\/naiste-stiilne-kunstnahast-tagi-eemaldatava-dekoratiivkarvaga\/#primaryimage\"},\"thumbnailUrl\":\"https:\/\/www.karinibutiik.ee\/wp-content\/uploads\/2025\/10\/31C5FF81-A495-4665-B635-416E96CC10EB-scaled.jpeg\",\"datePublished\":\"2025-10-16T11:52:01+00:00\",\"dateModified\":\"2026-04-07T11:32:36+00:00\",\"description\":\"Stiilne ja soe kunstnahast naiste talvejope eemaldatava karvkattega. Kvaliteetne karvane vooder, elegantsed v\u00e4rvid \u2013 tumepruun, helebee\u017e ja must.\",\"breadcrumb\":{\"@id\":\"https:\/\/www.karinibutiik.ee\/toode\/naiste-stiilne-kunstnahast-tagi-eemaldatava-dekoratiivkarvaga\/#breadcrumb\"},\"inLanguage\":\"ru-RU\",\"potentialAction\":[{\"@type\":\"ReadAction\",\"target\":[\"https:\/\/www.karinibutiik.ee\/toode\/naiste-stiilne-kunstnahast-tagi-eemaldatava-dekoratiivkarvaga\/\"]}]},{\"@type\":\"ImageObject\",\"inLanguage\":\"ru-RU\",\"@id\":\"https:\/\/www.karinibutiik.ee\/toode\/naiste-stiilne-kunstnahast-tagi-eemaldatava-dekoratiivkarvaga\/#primaryimage\",\"url\":\"https:\/\/www.karinibutiik.ee\/wp-content\/uploads\/2025\/10\/31C5FF81-A495-4665-B635-416E96CC10EB-scaled.jpeg\",\"contentUrl\":\"https:\/\/www.karinibutiik.ee\/wp-content\/uploads\/2025\/10\/31C5FF81-A495-4665-B635-416E96CC10EB-scaled.jpeg\",\"width\":1937,\"height\":2560,\"caption\":\"Naiste stiilne kunstnahast tagi eemaldatava dekoratiivkarvaga\"},{\"@type\":\"BreadcrumbList\",\"@id\":\"https:\/\/www.karinibutiik.ee\/toode\/naiste-stiilne-kunstnahast-tagi-eemaldatava-dekoratiivkarvaga\/#breadcrumb\",\"itemListElement\":[{\"@type\":\"ListItem\",\"position\":1,\"name\":\"Home\",\"item\":\"https:\/\/www.karinibutiik.ee\/\"},{\"@type\":\"ListItem\",\"position\":2,\"name\":\"Pood\",\"item\":\"https:\/\/www.karinibutiik.ee\/pood\/\"},{\"@type\":\"ListItem\",\"position\":3,\"name\":\"Naiste stiilne kunstnahast tagi eemaldatava dekoratiivkarvaga\"}]},{\"@type\":\"WebSite\",\"@id\":\"https:\/\/www.karinibutiik.ee\/#website\",\"url\":\"https:\/\/www.karinibutiik.ee\/\",\"name\":\"Karini Butiik\",\"description\":\"\",\"publisher\":{\"@id\":\"https:\/\/www.karinibutiik.ee\/#organization\"},\"potentialAction\":[{\"@type\":\"SearchAction\",\"target\":{\"@type\":\"EntryPoint\",\"urlTemplate\":\"https:\/\/www.karinibutiik.ee\/?s={search_term_string}\"},\"query-input\":{\"@type\":\"PropertyValueSpecification\",\"valueRequired\":true,\"valueName\":\"search_term_string\"}}],\"inLanguage\":\"ru-RU\"},{\"@type\":\"Organization\",\"@id\":\"https:\/\/www.karinibutiik.ee\/#organization\",\"name\":\"Karini Butiik\",\"url\":\"https:\/\/www.karinibutiik.ee\/\",\"logo\":{\"@type\":\"ImageObject\",\"inLanguage\":\"ru-RU\",\"@id\":\"https:\/\/www.karinibutiik.ee\/#\/schema\/logo\/image\/\",\"url\":\"https:\/\/www.karinibutiik.ee\/wp-content\/uploads\/2024\/10\/Kuj.-K-koopia.png\",\"contentUrl\":\"https:\/\/www.karinibutiik.ee\/wp-content\/uploads\/2024\/10\/Kuj.-K-koopia.png\",\"width\":500,\"height\":500,\"caption\":\"Karini Butiik\"},\"image\":{\"@id\":\"https:\/\/www.karinibutiik.ee\/#\/schema\/logo\/image\/\"},\"sameAs\":[\"https:\/\/www.facebook.com\/karinibutiik.ee\",\"https:\/\/www.instagram.com\/karinibutiik\"]}]}<\/script>\n<meta property=\"og:availability\" content=\"instock\" \/>\n<meta property=\"product:availability\" content=\"instock\" \/>\n<meta property=\"product:retailer_item_id\" content=\"2125\" \/>\n<meta property=\"product:condition\" content=\"new\" \/>\n<!-- \/ Yoast SEO plugin. -->","yoast_head_json":{"title":"Naiste stiilne kunstnahast tagi eemaldatava dekoratiivkarvaga - Karini Butiik","description":"Stiilne ja soe kunstnahast naiste talvejope eemaldatava karvkattega. Kvaliteetne karvane vooder, elegantsed v\u00e4rvid \u2013 tumepruun, helebee\u017e ja must.","robots":{"index":"index","follow":"follow","max-snippet":"max-snippet:-1","max-image-preview":"max-image-preview:large","max-video-preview":"max-video-preview:-1"},"canonical":"https:\/\/www.karinibutiik.ee\/ru\/\u043f\u0440\u043e\u0434\u0443\u043a\u0442\/naiste-stiilne-kunstnahast-tagi-eemaldatava-dekoratiivkarvaga\/","og_locale":"ru_RU","og_type":"article","og_title":"Naiste stiilne kunstnahast tagi eemaldatava dekoratiivkarvaga - Karini Butiik","og_description":"Stiilne ja soe kunstnahast naiste talvejope eemaldatava karvkattega. Kvaliteetne karvane vooder, elegantsed v\u00e4rvid \u2013 tumepruun, helebee\u017e ja must.","og_url":"https:\/\/www.karinibutiik.ee\/ru\/\u043f\u0440\u043e\u0434\u0443\u043a\u0442\/naiste-stiilne-kunstnahast-tagi-eemaldatava-dekoratiivkarvaga\/","og_site_name":"Karini Butiik","article_publisher":"https:\/\/www.facebook.com\/karinibutiik.ee","article_modified_time":"2026-04-07T11:32:36+00:00","og_image":[{"width":1937,"height":2560,"url":"https:\/\/www.karinibutiik.ee\/wp-content\/uploads\/2025\/10\/31C5FF81-A495-4665-B635-416E96CC10EB-scaled.jpeg","type":"image\/jpeg"}],"twitter_card":"summary_large_image","twitter_misc":{"\u0414\u043e\u0441\u0442\u0443\u043f\u043d\u043e\u0441\u0442\u044c":"\u0412 \u043d\u0430\u043b\u0438\u0447\u0438\u0438"},"schema":{"@context":"https:\/\/schema.org","@graph":[{"@type":"WebPage","@id":"https:\/\/www.karinibutiik.ee\/toode\/naiste-stiilne-kunstnahast-tagi-eemaldatava-dekoratiivkarvaga\/","url":"https:\/\/www.karinibutiik.ee\/toode\/naiste-stiilne-kunstnahast-tagi-eemaldatava-dekoratiivkarvaga\/","name":"Naiste stiilne kunstnahast tagi eemaldatava dekoratiivkarvaga - Karini Butiik","isPartOf":{"@id":"https:\/\/www.karinibutiik.ee\/#website"},"primaryImageOfPage":{"@id":"https:\/\/www.karinibutiik.ee\/toode\/naiste-stiilne-kunstnahast-tagi-eemaldatava-dekoratiivkarvaga\/#primaryimage"},"image":{"@id":"https:\/\/www.karinibutiik.ee\/toode\/naiste-stiilne-kunstnahast-tagi-eemaldatava-dekoratiivkarvaga\/#primaryimage"},"thumbnailUrl":"https:\/\/www.karinibutiik.ee\/wp-content\/uploads\/2025\/10\/31C5FF81-A495-4665-B635-416E96CC10EB-scaled.jpeg","datePublished":"2025-10-16T11:52:01+00:00","dateModified":"2026-04-07T11:32:36+00:00","description":"Stiilne ja soe kunstnahast naiste talvejope eemaldatava karvkattega. Kvaliteetne karvane vooder, elegantsed v\u00e4rvid \u2013 tumepruun, helebee\u017e ja must.","breadcrumb":{"@id":"https:\/\/www.karinibutiik.ee\/toode\/naiste-stiilne-kunstnahast-tagi-eemaldatava-dekoratiivkarvaga\/#breadcrumb"},"inLanguage":"ru-RU","potentialAction":[{"@type":"ReadAction","target":["https:\/\/www.karinibutiik.ee\/toode\/naiste-stiilne-kunstnahast-tagi-eemaldatava-dekoratiivkarvaga\/"]}]},{"@type":"ImageObject","inLanguage":"ru-RU","@id":"https:\/\/www.karinibutiik.ee\/toode\/naiste-stiilne-kunstnahast-tagi-eemaldatava-dekoratiivkarvaga\/#primaryimage","url":"https:\/\/www.karinibutiik.ee\/wp-content\/uploads\/2025\/10\/31C5FF81-A495-4665-B635-416E96CC10EB-scaled.jpeg","contentUrl":"https:\/\/www.karinibutiik.ee\/wp-content\/uploads\/2025\/10\/31C5FF81-A495-4665-B635-416E96CC10EB-scaled.jpeg","width":1937,"height":2560,"caption":"Naiste stiilne kunstnahast tagi eemaldatava dekoratiivkarvaga"},{"@type":"BreadcrumbList","@id":"https:\/\/www.karinibutiik.ee\/toode\/naiste-stiilne-kunstnahast-tagi-eemaldatava-dekoratiivkarvaga\/#breadcrumb","itemListElement":[{"@type":"ListItem","position":1,"name":"Home","item":"https:\/\/www.karinibutiik.ee\/"},{"@type":"ListItem","position":2,"name":"Pood","item":"https:\/\/www.karinibutiik.ee\/pood\/"},{"@type":"ListItem","position":3,"name":"Naiste stiilne kunstnahast tagi eemaldatava dekoratiivkarvaga"}]},{"@type":"WebSite","@id":"https:\/\/www.karinibutiik.ee\/#website","url":"https:\/\/www.karinibutiik.ee\/","name":"\u041a\u0430\u0440\u0438\u043d\u0438 \u0411\u0443\u0442\u0438\u043a","description":"","publisher":{"@id":"https:\/\/www.karinibutiik.ee\/#organization"},"potentialAction":[{"@type":"SearchAction","target":{"@type":"EntryPoint","urlTemplate":"https:\/\/www.karinibutiik.ee\/?s={search_term_string}"},"query-input":{"@type":"PropertyValueSpecification","valueRequired":true,"valueName":"search_term_string"}}],"inLanguage":"ru-RU"},{"@type":"Organization","@id":"https:\/\/www.karinibutiik.ee\/#organization","name":"\u041a\u0430\u0440\u0438\u043d\u0438 \u0411\u0443\u0442\u0438\u043a","url":"https:\/\/www.karinibutiik.ee\/","logo":{"@type":"ImageObject","inLanguage":"ru-RU","@id":"https:\/\/www.karinibutiik.ee\/#\/schema\/logo\/image\/","url":"https:\/\/www.karinibutiik.ee\/wp-content\/uploads\/2024\/10\/Kuj.-K-koopia.png","contentUrl":"https:\/\/www.karinibutiik.ee\/wp-content\/uploads\/2024\/10\/Kuj.-K-koopia.png","width":500,"height":500,"caption":"Karini Butiik"},"image":{"@id":"https:\/\/www.karinibutiik.ee\/#\/schema\/logo\/image\/"},"sameAs":["https:\/\/www.facebook.com\/karinibutiik.ee","https:\/\/www.instagram.com\/karinibutiik"]}]},"og_availability":"instock","product_availability":"instock","product_retailer_item_id":"2125","product_condition":"new"},"_links":{"self":[{"href":"https:\/\/www.karinibutiik.ee\/ru\/wp-json\/wp\/v2\/product\/24617","targetHints":{"allow":["GET"]}}],"collection":[{"href":"https:\/\/www.karinibutiik.ee\/ru\/wp-json\/wp\/v2\/product"}],"about":[{"href":"https:\/\/www.karinibutiik.ee\/ru\/wp-json\/wp\/v2\/types\/product"}],"version-history":[{"count":1,"href":"https:\/\/www.karinibutiik.ee\/ru\/wp-json\/wp\/v2\/product\/24617\/revisions"}],"predecessor-version":[{"id":24657,"href":"https:\/\/www.karinibutiik.ee\/ru\/wp-json\/wp\/v2\/product\/24617\/revisions\/24657"}],"wp:featuredmedia":[{"embeddable":true,"href":"https:\/\/www.karinibutiik.ee\/ru\/wp-json\/wp\/v2\/media\/24631"}],"wp:attachment":[{"href":"https:\/\/www.karinibutiik.ee\/ru\/wp-json\/wp\/v2\/media?parent=24617"}],"wp:term":[{"taxonomy":"product_brand","embeddable":true,"href":"https:\/\/www.karinibutiik.ee\/ru\/wp-json\/wp\/v2\/product_brand?post=24617"},{"taxonomy":"product_cat","embeddable":true,"href":"https:\/\/www.karinibutiik.ee\/ru\/wp-json\/wp\/v2\/product_cat?post=24617"},{"taxonomy":"product_tag","embeddable":true,"href":"https:\/\/www.karinibutiik.ee\/ru\/wp-json\/wp\/v2\/product_tag?post=24617"}],"curies":[{"name":"wp","href":"https:\/\/api.w.org\/{rel}","templated":true}]}}