{"id":24705,"date":"2025-10-23T13:03:26","date_gmt":"2025-10-23T10:03:26","guid":{"rendered":"https:\/\/www.karinibutiik.ee\/?post_type=product&#038;p=24705"},"modified":"2025-12-04T11:32:01","modified_gmt":"2025-12-04T09:32:01","slug":"trendikad-naiste-retuusid-tallakummiga","status":"publish","type":"product","link":"https:\/\/www.karinibutiik.ee\/ru\/%d0%bf%d1%80%d0%be%d0%b4%d1%83%d0%ba%d1%82\/trendikad-naiste-retuusid-tallakummiga\/","title":{"rendered":"Trendikad naiste retuusid tallakummiga"},"content":{"rendered":"<p data-start=\"228\" data-end=\"608\">Need trendikad ja kvaliteetsed naiste retuusid on ideaalne valik nii igap\u00e4evaseks kandmiseks kui ka sportlikuks v\u00e4ljan\u00e4gemiseks. Retuuside spetsiaalne tallakumm hoiab p\u00fcksis\u00e4\u00e4red kindlalt paigal ja lisab mugavust, olgu tegu treeningu, jooga v\u00f5i vaba aja tegevustega. Pehme ja veniv materjal istub ideaalselt ning r\u00f5hutab figuuri, tagades samal ajal maksimaalse mugavuse.<\/p>\n<p data-start=\"610\" data-end=\"698\">Saadaval kahe ajatu toonina \u2013 must ja tumepruun.<br data-start=\"670\" data-end=\"673\" \/>Suurused: XS, S, M.<\/p>\n<p data-start=\"700\" data-end=\"846\">\u2714 Trendikas ja naiselik l\u00f5ige<br data-start=\"729\" data-end=\"732\" \/>\u2714 Kvaliteetne ja hingav materjal<br data-start=\"764\" data-end=\"767\" \/>\u2714 Tallakumm lisab praktilisust ja stiili<br data-start=\"807\" data-end=\"810\" \/>\u2714 Ideaalne igap\u00e4evaseks kandmiseks<\/p>","protected":false},"excerpt":{"rendered":"<p>Need trendikad ja kvaliteetsed naiste retuusid on ideaalne valik nii igap\u00e4evaseks kandmiseks kui ka sportlikuks v\u00e4ljan\u00e4gemiseks. Retuuside spetsiaalne tallakumm hoiab [&hellip;]<\/p>\n","protected":false},"featured_media":24718,"template":"","meta":{"site-sidebar-layout":"default","site-content-layout":"","ast-site-content-layout":"default","site-content-style":"default","site-sidebar-style":"default","ast-global-header-display":"","ast-banner-title-visibility":"","ast-main-header-display":"","ast-hfb-above-header-display":"","ast-hfb-below-header-display":"","ast-hfb-mobile-header-display":"","site-post-title":"","ast-breadcrumbs-content":"","ast-featured-img":"","footer-sml-layout":"","ast-disable-related-posts":"","theme-transparent-header-meta":"default","adv-header-id-meta":"","stick-header-meta":"default","header-above-stick-meta":"","header-main-stick-meta":"","header-below-stick-meta":"","astra-migrate-meta-layouts":"set","ast-page-background-enabled":"default","ast-page-background-meta":{"desktop":{"background-color":"var(--ast-global-color-4)","background-image":"","background-repeat":"repeat","background-position":"center center","background-size":"auto","background-attachment":"scroll","background-type":"","background-media":"","overlay-type":"","overlay-color":"","overlay-opacity":"","overlay-gradient":""},"tablet":{"background-color":"","background-image":"","background-repeat":"repeat","background-position":"center center","background-size":"auto","background-attachment":"scroll","background-type":"","background-media":"","overlay-type":"","overlay-color":"","overlay-opacity":"","overlay-gradient":""},"mobile":{"background-color":"","background-image":"","background-repeat":"repeat","background-position":"center center","background-size":"auto","background-attachment":"scroll","background-type":"","background-media":"","overlay-type":"","overlay-color":"","overlay-opacity":"","overlay-gradient":""}},"ast-content-background-meta":{"desktop":{"background-color":"var(--ast-global-color-5)","background-image":"","background-repeat":"repeat","background-position":"center center","background-size":"auto","background-attachment":"scroll","background-type":"","background-media":"","overlay-type":"","overlay-color":"","overlay-opacity":"","overlay-gradient":""},"tablet":{"background-color":"var(--ast-global-color-5)","background-image":"","background-repeat":"repeat","background-position":"center center","background-size":"auto","background-attachment":"scroll","background-type":"","background-media":"","overlay-type":"","overlay-color":"","overlay-opacity":"","overlay-gradient":""},"mobile":{"background-color":"var(--ast-global-color-5)","background-image":"","background-repeat":"repeat","background-position":"center center","background-size":"auto","background-attachment":"scroll","background-type":"","background-media":"","overlay-type":"","overlay-color":"","overlay-opacity":"","overlay-gradient":""}}},"product_brand":[],"product_cat":[346,354,356,351],"product_tag":[2049,501,2048,1998,2045,2046,1994,2053,2052,2051,2054,2050,2044,1997,2047],"class_list":{"0":"post-24705","1":"product","2":"type-product","3":"status-publish","4":"has-post-thumbnail","6":"product_cat-naised","7":"product_cat-puksid-seelikud","8":"product_cat-tekstiilpuksid","9":"product_cat-uued-tooted","10":"product_tag-igapaevased-retuusid","11":"product_tag-karini-butiik","12":"product_tag-kvaliteetsed-retuusid","13":"product_tag-moekad-retuusid","14":"product_tag-mugavad-retuusid","15":"product_tag-mustad-retuusid","16":"product_tag-naiste-retuusid","17":"product_tag-naiste-trenniriided","18":"product_tag-retuusid-m","19":"product_tag-retuusid-s","20":"product_tag-retuusid-sugis-2025","21":"product_tag-retuusid-xs","22":"product_tag-tallakummiga-retuusid","23":"product_tag-trendikad-retuusid","24":"product_tag-tumepruunid-retuusid","25":"desktop-align-center","26":"tablet-align-center","27":"mobile-align-center","28":"ast-product-gallery-layout-horizontal-slider","29":"ast-product-single-variable","30":"ast-product-tabs-layout-horizontal","32":"first","33":"instock","34":"taxable","35":"shipping-taxable","36":"purchasable","37":"product-type-variable"},"supplier_id":null,"supplier_sku":"","barcode":null,"atum_controlled":true,"out_stock_date":null,"out_stock_threshold":null,"inheritable":true,"inbound_stock":null,"stock_on_hold":0,"sold_today":0,"sales_last_days":0,"reserved_stock":0,"customer_returns":null,"warehouse_damage":0,"lost_in_post":null,"other_logs":0,"out_stock_days":0,"lost_sales":0,"has_location":false,"update_date":"2025-12-05T13:43:49","atum_locations":[],"atum_stock_status":"instock","restock_status":false,"low_stock_amount":"","sales_update_date":"2025-12-05T13:43:49","calc_backorders":null,"yoast_head":"<!-- This site is optimized with the Yoast SEO plugin v26.9 - https:\/\/yoast.com\/product\/yoast-seo-wordpress\/ -->\n<title>Trendikad naiste retuusid tallakummiga - Karini Butiik<\/title>\n<meta name=\"description\" content=\"Avasta trendikad ja mugavad naiste retuusid tallakummiga! Kvaliteetsed mustad ja tumepruunid retuusid suurustes XS\u2013M. Stiil ja mugavus \u00fches!\" \/>\n<meta name=\"robots\" content=\"index, follow, max-snippet:-1, max-image-preview:large, max-video-preview:-1\" \/>\n<link rel=\"canonical\" href=\"https:\/\/www.karinibutiik.ee\/ru\/\u043f\u0440\u043e\u0434\u0443\u043a\u0442\/trendikad-naiste-retuusid-tallakummiga\/\" \/>\n<meta property=\"og:locale\" content=\"ru_RU\" \/>\n<meta property=\"og:type\" content=\"article\" \/>\n<meta property=\"og:title\" content=\"Trendikad naiste retuusid tallakummiga - Karini Butiik\" \/>\n<meta property=\"og:description\" content=\"Avasta trendikad ja mugavad naiste retuusid tallakummiga! Kvaliteetsed mustad ja tumepruunid retuusid suurustes XS\u2013M. Stiil ja mugavus \u00fches!\" \/>\n<meta property=\"og:url\" content=\"https:\/\/www.karinibutiik.ee\/ru\/\u043f\u0440\u043e\u0434\u0443\u043a\u0442\/trendikad-naiste-retuusid-tallakummiga\/\" \/>\n<meta property=\"og:site_name\" content=\"Karini Butiik\" \/>\n<meta property=\"article:publisher\" content=\"https:\/\/www.facebook.com\/karinibutiik.ee\" \/>\n<meta property=\"article:modified_time\" content=\"2025-12-04T09:32:01+00:00\" \/>\n<meta property=\"og:image\" content=\"https:\/\/www.karinibutiik.ee\/wp-content\/uploads\/2025\/10\/EFED11EC-739B-4109-9FAB-E614F8A59E13-scaled.jpeg\" \/>\n\t<meta property=\"og:image:width\" content=\"1820\" \/>\n\t<meta property=\"og:image:height\" content=\"2560\" \/>\n\t<meta property=\"og:image:type\" content=\"image\/jpeg\" \/>\n<meta name=\"twitter:card\" content=\"summary_large_image\" \/>\n<meta name=\"twitter:label1\" content=\"\u0414\u043e\u0441\u0442\u0443\u043f\u043d\u043e\u0441\u0442\u044c\" \/>\n\t<meta name=\"twitter:data1\" content=\"\u0412 \u043d\u0430\u043b\u0438\u0447\u0438\u0438\" \/>\n<script type=\"application\/ld+json\" class=\"yoast-schema-graph\">{\"@context\":\"https:\/\/schema.org\",\"@graph\":[{\"@type\":\"WebPage\",\"@id\":\"https:\/\/www.karinibutiik.ee\/toode\/trendikad-naiste-retuusid-tallakummiga\/\",\"url\":\"https:\/\/www.karinibutiik.ee\/toode\/trendikad-naiste-retuusid-tallakummiga\/\",\"name\":\"Trendikad naiste retuusid tallakummiga - Karini Butiik\",\"isPartOf\":{\"@id\":\"https:\/\/www.karinibutiik.ee\/#website\"},\"primaryImageOfPage\":{\"@id\":\"https:\/\/www.karinibutiik.ee\/toode\/trendikad-naiste-retuusid-tallakummiga\/#primaryimage\"},\"image\":{\"@id\":\"https:\/\/www.karinibutiik.ee\/toode\/trendikad-naiste-retuusid-tallakummiga\/#primaryimage\"},\"thumbnailUrl\":\"https:\/\/www.karinibutiik.ee\/wp-content\/uploads\/2025\/10\/EFED11EC-739B-4109-9FAB-E614F8A59E13-scaled.jpeg\",\"datePublished\":\"2025-10-23T10:03:26+00:00\",\"dateModified\":\"2025-12-04T09:32:01+00:00\",\"description\":\"Avasta trendikad ja mugavad naiste retuusid tallakummiga! Kvaliteetsed mustad ja tumepruunid retuusid suurustes XS\u2013M. Stiil ja mugavus \u00fches!\",\"breadcrumb\":{\"@id\":\"https:\/\/www.karinibutiik.ee\/toode\/trendikad-naiste-retuusid-tallakummiga\/#breadcrumb\"},\"inLanguage\":\"ru-RU\",\"potentialAction\":[{\"@type\":\"ReadAction\",\"target\":[\"https:\/\/www.karinibutiik.ee\/toode\/trendikad-naiste-retuusid-tallakummiga\/\"]}]},{\"@type\":\"ImageObject\",\"inLanguage\":\"ru-RU\",\"@id\":\"https:\/\/www.karinibutiik.ee\/toode\/trendikad-naiste-retuusid-tallakummiga\/#primaryimage\",\"url\":\"https:\/\/www.karinibutiik.ee\/wp-content\/uploads\/2025\/10\/EFED11EC-739B-4109-9FAB-E614F8A59E13-scaled.jpeg\",\"contentUrl\":\"https:\/\/www.karinibutiik.ee\/wp-content\/uploads\/2025\/10\/EFED11EC-739B-4109-9FAB-E614F8A59E13-scaled.jpeg\",\"width\":1820,\"height\":2560},{\"@type\":\"BreadcrumbList\",\"@id\":\"https:\/\/www.karinibutiik.ee\/toode\/trendikad-naiste-retuusid-tallakummiga\/#breadcrumb\",\"itemListElement\":[{\"@type\":\"ListItem\",\"position\":1,\"name\":\"Home\",\"item\":\"https:\/\/www.karinibutiik.ee\/\"},{\"@type\":\"ListItem\",\"position\":2,\"name\":\"Pood\",\"item\":\"https:\/\/www.karinibutiik.ee\/pood\/\"},{\"@type\":\"ListItem\",\"position\":3,\"name\":\"Trendikad naiste retuusid tallakummiga\"}]},{\"@type\":\"WebSite\",\"@id\":\"https:\/\/www.karinibutiik.ee\/#website\",\"url\":\"https:\/\/www.karinibutiik.ee\/\",\"name\":\"Karini Butiik\",\"description\":\"\",\"publisher\":{\"@id\":\"https:\/\/www.karinibutiik.ee\/#organization\"},\"potentialAction\":[{\"@type\":\"SearchAction\",\"target\":{\"@type\":\"EntryPoint\",\"urlTemplate\":\"https:\/\/www.karinibutiik.ee\/?s={search_term_string}\"},\"query-input\":{\"@type\":\"PropertyValueSpecification\",\"valueRequired\":true,\"valueName\":\"search_term_string\"}}],\"inLanguage\":\"ru-RU\"},{\"@type\":\"Organization\",\"@id\":\"https:\/\/www.karinibutiik.ee\/#organization\",\"name\":\"Karini Butiik\",\"url\":\"https:\/\/www.karinibutiik.ee\/\",\"logo\":{\"@type\":\"ImageObject\",\"inLanguage\":\"ru-RU\",\"@id\":\"https:\/\/www.karinibutiik.ee\/#\/schema\/logo\/image\/\",\"url\":\"https:\/\/www.karinibutiik.ee\/wp-content\/uploads\/2024\/10\/Kuj.-K-koopia.png\",\"contentUrl\":\"https:\/\/www.karinibutiik.ee\/wp-content\/uploads\/2024\/10\/Kuj.-K-koopia.png\",\"width\":500,\"height\":500,\"caption\":\"Karini Butiik\"},\"image\":{\"@id\":\"https:\/\/www.karinibutiik.ee\/#\/schema\/logo\/image\/\"},\"sameAs\":[\"https:\/\/www.facebook.com\/karinibutiik.ee\",\"https:\/\/www.instagram.com\/karinibutiik\"]}]}<\/script>\n<meta property=\"og:availability\" content=\"instock\" \/>\n<meta property=\"product:availability\" content=\"instock\" \/>\n<meta property=\"product:retailer_item_id\" content=\"8244\" \/>\n<meta property=\"product:condition\" content=\"new\" \/>\n<!-- \/ Yoast SEO plugin. -->","yoast_head_json":{"title":"Trendikad naiste retuusid tallakummiga - Karini Butiik","description":"Avasta trendikad ja mugavad naiste retuusid tallakummiga! Kvaliteetsed mustad ja tumepruunid retuusid suurustes XS\u2013M. Stiil ja mugavus \u00fches!","robots":{"index":"index","follow":"follow","max-snippet":"max-snippet:-1","max-image-preview":"max-image-preview:large","max-video-preview":"max-video-preview:-1"},"canonical":"https:\/\/www.karinibutiik.ee\/ru\/\u043f\u0440\u043e\u0434\u0443\u043a\u0442\/trendikad-naiste-retuusid-tallakummiga\/","og_locale":"ru_RU","og_type":"article","og_title":"Trendikad naiste retuusid tallakummiga - Karini Butiik","og_description":"Avasta trendikad ja mugavad naiste retuusid tallakummiga! Kvaliteetsed mustad ja tumepruunid retuusid suurustes XS\u2013M. Stiil ja mugavus \u00fches!","og_url":"https:\/\/www.karinibutiik.ee\/ru\/\u043f\u0440\u043e\u0434\u0443\u043a\u0442\/trendikad-naiste-retuusid-tallakummiga\/","og_site_name":"Karini Butiik","article_publisher":"https:\/\/www.facebook.com\/karinibutiik.ee","article_modified_time":"2025-12-04T09:32:01+00:00","og_image":[{"width":1820,"height":2560,"url":"https:\/\/www.karinibutiik.ee\/wp-content\/uploads\/2025\/10\/EFED11EC-739B-4109-9FAB-E614F8A59E13-scaled.jpeg","type":"image\/jpeg"}],"twitter_card":"summary_large_image","twitter_misc":{"\u0414\u043e\u0441\u0442\u0443\u043f\u043d\u043e\u0441\u0442\u044c":"\u0412 \u043d\u0430\u043b\u0438\u0447\u0438\u0438"},"schema":{"@context":"https:\/\/schema.org","@graph":[{"@type":"WebPage","@id":"https:\/\/www.karinibutiik.ee\/toode\/trendikad-naiste-retuusid-tallakummiga\/","url":"https:\/\/www.karinibutiik.ee\/toode\/trendikad-naiste-retuusid-tallakummiga\/","name":"Trendikad naiste retuusid tallakummiga - Karini Butiik","isPartOf":{"@id":"https:\/\/www.karinibutiik.ee\/#website"},"primaryImageOfPage":{"@id":"https:\/\/www.karinibutiik.ee\/toode\/trendikad-naiste-retuusid-tallakummiga\/#primaryimage"},"image":{"@id":"https:\/\/www.karinibutiik.ee\/toode\/trendikad-naiste-retuusid-tallakummiga\/#primaryimage"},"thumbnailUrl":"https:\/\/www.karinibutiik.ee\/wp-content\/uploads\/2025\/10\/EFED11EC-739B-4109-9FAB-E614F8A59E13-scaled.jpeg","datePublished":"2025-10-23T10:03:26+00:00","dateModified":"2025-12-04T09:32:01+00:00","description":"Avasta trendikad ja mugavad naiste retuusid tallakummiga! Kvaliteetsed mustad ja tumepruunid retuusid suurustes XS\u2013M. Stiil ja mugavus \u00fches!","breadcrumb":{"@id":"https:\/\/www.karinibutiik.ee\/toode\/trendikad-naiste-retuusid-tallakummiga\/#breadcrumb"},"inLanguage":"ru-RU","potentialAction":[{"@type":"ReadAction","target":["https:\/\/www.karinibutiik.ee\/toode\/trendikad-naiste-retuusid-tallakummiga\/"]}]},{"@type":"ImageObject","inLanguage":"ru-RU","@id":"https:\/\/www.karinibutiik.ee\/toode\/trendikad-naiste-retuusid-tallakummiga\/#primaryimage","url":"https:\/\/www.karinibutiik.ee\/wp-content\/uploads\/2025\/10\/EFED11EC-739B-4109-9FAB-E614F8A59E13-scaled.jpeg","contentUrl":"https:\/\/www.karinibutiik.ee\/wp-content\/uploads\/2025\/10\/EFED11EC-739B-4109-9FAB-E614F8A59E13-scaled.jpeg","width":1820,"height":2560},{"@type":"BreadcrumbList","@id":"https:\/\/www.karinibutiik.ee\/toode\/trendikad-naiste-retuusid-tallakummiga\/#breadcrumb","itemListElement":[{"@type":"ListItem","position":1,"name":"Home","item":"https:\/\/www.karinibutiik.ee\/"},{"@type":"ListItem","position":2,"name":"Pood","item":"https:\/\/www.karinibutiik.ee\/pood\/"},{"@type":"ListItem","position":3,"name":"Trendikad naiste retuusid tallakummiga"}]},{"@type":"WebSite","@id":"https:\/\/www.karinibutiik.ee\/#website","url":"https:\/\/www.karinibutiik.ee\/","name":"\u041a\u0430\u0440\u0438\u043d\u0438 \u0411\u0443\u0442\u0438\u043a","description":"","publisher":{"@id":"https:\/\/www.karinibutiik.ee\/#organization"},"potentialAction":[{"@type":"SearchAction","target":{"@type":"EntryPoint","urlTemplate":"https:\/\/www.karinibutiik.ee\/?s={search_term_string}"},"query-input":{"@type":"PropertyValueSpecification","valueRequired":true,"valueName":"search_term_string"}}],"inLanguage":"ru-RU"},{"@type":"Organization","@id":"https:\/\/www.karinibutiik.ee\/#organization","name":"\u041a\u0430\u0440\u0438\u043d\u0438 \u0411\u0443\u0442\u0438\u043a","url":"https:\/\/www.karinibutiik.ee\/","logo":{"@type":"ImageObject","inLanguage":"ru-RU","@id":"https:\/\/www.karinibutiik.ee\/#\/schema\/logo\/image\/","url":"https:\/\/www.karinibutiik.ee\/wp-content\/uploads\/2024\/10\/Kuj.-K-koopia.png","contentUrl":"https:\/\/www.karinibutiik.ee\/wp-content\/uploads\/2024\/10\/Kuj.-K-koopia.png","width":500,"height":500,"caption":"Karini Butiik"},"image":{"@id":"https:\/\/www.karinibutiik.ee\/#\/schema\/logo\/image\/"},"sameAs":["https:\/\/www.facebook.com\/karinibutiik.ee","https:\/\/www.instagram.com\/karinibutiik"]}]},"og_availability":"instock","product_availability":"instock","product_retailer_item_id":"8244","product_condition":"new"},"_links":{"self":[{"href":"https:\/\/www.karinibutiik.ee\/ru\/wp-json\/wp\/v2\/product\/24705","targetHints":{"allow":["GET"]}}],"collection":[{"href":"https:\/\/www.karinibutiik.ee\/ru\/wp-json\/wp\/v2\/product"}],"about":[{"href":"https:\/\/www.karinibutiik.ee\/ru\/wp-json\/wp\/v2\/types\/product"}],"version-history":[{"count":1,"href":"https:\/\/www.karinibutiik.ee\/ru\/wp-json\/wp\/v2\/product\/24705\/revisions"}],"predecessor-version":[{"id":24719,"href":"https:\/\/www.karinibutiik.ee\/ru\/wp-json\/wp\/v2\/product\/24705\/revisions\/24719"}],"wp:featuredmedia":[{"embeddable":true,"href":"https:\/\/www.karinibutiik.ee\/ru\/wp-json\/wp\/v2\/media\/24718"}],"wp:attachment":[{"href":"https:\/\/www.karinibutiik.ee\/ru\/wp-json\/wp\/v2\/media?parent=24705"}],"wp:term":[{"taxonomy":"product_brand","embeddable":true,"href":"https:\/\/www.karinibutiik.ee\/ru\/wp-json\/wp\/v2\/product_brand?post=24705"},{"taxonomy":"product_cat","embeddable":true,"href":"https:\/\/www.karinibutiik.ee\/ru\/wp-json\/wp\/v2\/product_cat?post=24705"},{"taxonomy":"product_tag","embeddable":true,"href":"https:\/\/www.karinibutiik.ee\/ru\/wp-json\/wp\/v2\/product_tag?post=24705"}],"curies":[{"name":"wp","href":"https:\/\/api.w.org\/{rel}","templated":true}]}}