{"id":25026,"date":"2025-11-19T16:34:31","date_gmt":"2025-11-19T14:34:31","guid":{"rendered":"https:\/\/www.karinibutiik.ee\/?post_type=product&#038;p=25026"},"modified":"2026-02-02T18:04:36","modified_gmt":"2026-02-02T16:04:36","slug":"sadelev-bleiser-pistaatsia-heleroosa-ja-must","status":"publish","type":"product","link":"https:\/\/www.karinibutiik.ee\/ru\/%d0%bf%d1%80%d0%be%d0%b4%d1%83%d0%ba%d1%82\/sadelev-bleiser-pistaatsia-heleroosa-ja-must\/","title":{"rendered":"S\u00e4delev bleiser \u2013 pistaatsia, heleroosa ja must"},"content":{"rendered":"<p data-start=\"303\" data-end=\"602\">See luksusliku l\u00e4ikega s\u00e4delev bleiser on t\u00f5eline pilgup\u00fc\u00fcdja, mis lisab igale outfitile modernset elegantsi ja peene glamuurinoodi. Saadaval kolmes \u0161ikis v\u00e4rvitoonis \u2013 v\u00e4rske pistaatsia, romantiline heleroosa ja klassikaline must \u2013, et saaksid valida just oma stiiliga sobivaima variandi.<\/p>\n<p data-start=\"604\" data-end=\"953\">Bleiseril on stiilne l\u00f5ige, mis tagab mugavuse ning kaasaegse silueti. Ees asuvad n\u00f6\u00f6bid ja dekoratiivsed klapiga taskud muudavad v\u00e4limuse l\u00f5petatuks ja kvaliteetseks. S\u00e4delev materjal p\u00fc\u00fcab kaunilt valgust ja sobib ideaalselt pidulikele s\u00fcndmustele, firmapidudele, \u00f5htustele \u00fcritustele v\u00f5i kombinatsioonis sama sarja p\u00fckstega komplektina.<\/p>\n<p data-start=\"955\" data-end=\"982\">Saadaval suurused: S, M, L.<\/p>","protected":false},"excerpt":{"rendered":"<p>See luksusliku l\u00e4ikega s\u00e4delev bleiser on t\u00f5eline pilgup\u00fc\u00fcdja, mis lisab igale outfitile modernset elegantsi ja peene glamuurinoodi. Saadaval kolmes \u0161ikis [&hellip;]<\/p>\n","protected":false},"featured_media":24982,"template":"","meta":{"site-sidebar-layout":"default","site-content-layout":"","ast-site-content-layout":"default","site-content-style":"default","site-sidebar-style":"default","ast-global-header-display":"","ast-banner-title-visibility":"","ast-main-header-display":"","ast-hfb-above-header-display":"","ast-hfb-below-header-display":"","ast-hfb-mobile-header-display":"","site-post-title":"","ast-breadcrumbs-content":"","ast-featured-img":"","footer-sml-layout":"","ast-disable-related-posts":"","theme-transparent-header-meta":"default","adv-header-id-meta":"","stick-header-meta":"default","header-above-stick-meta":"","header-main-stick-meta":"","header-below-stick-meta":"","astra-migrate-meta-layouts":"set","ast-page-background-enabled":"default","ast-page-background-meta":{"desktop":{"background-color":"var(--ast-global-color-4)","background-image":"","background-repeat":"repeat","background-position":"center center","background-size":"auto","background-attachment":"scroll","background-type":"","background-media":"","overlay-type":"","overlay-color":"","overlay-opacity":"","overlay-gradient":""},"tablet":{"background-color":"","background-image":"","background-repeat":"repeat","background-position":"center center","background-size":"auto","background-attachment":"scroll","background-type":"","background-media":"","overlay-type":"","overlay-color":"","overlay-opacity":"","overlay-gradient":""},"mobile":{"background-color":"","background-image":"","background-repeat":"repeat","background-position":"center center","background-size":"auto","background-attachment":"scroll","background-type":"","background-media":"","overlay-type":"","overlay-color":"","overlay-opacity":"","overlay-gradient":""}},"ast-content-background-meta":{"desktop":{"background-color":"var(--ast-global-color-5)","background-image":"","background-repeat":"repeat","background-position":"center center","background-size":"auto","background-attachment":"scroll","background-type":"","background-media":"","overlay-type":"","overlay-color":"","overlay-opacity":"","overlay-gradient":""},"tablet":{"background-color":"var(--ast-global-color-5)","background-image":"","background-repeat":"repeat","background-position":"center center","background-size":"auto","background-attachment":"scroll","background-type":"","background-media":"","overlay-type":"","overlay-color":"","overlay-opacity":"","overlay-gradient":""},"mobile":{"background-color":"var(--ast-global-color-5)","background-image":"","background-repeat":"repeat","background-position":"center center","background-size":"auto","background-attachment":"scroll","background-type":"","background-media":"","overlay-type":"","overlay-color":"","overlay-opacity":"","overlay-gradient":""}}},"product_brand":[],"product_cat":[367,366,351],"product_tag":[2172,2167,2155,2170,258,2168,1989,1730,2171,2165,2169,2153,2166,2154,2164],"class_list":{"0":"post-25026","1":"product","2":"type-product","3":"status-publish","4":"has-post-thumbnail","6":"product_cat-allahindlus","7":"product_cat-pintsakud","8":"product_cat-uued-tooted","9":"product_tag-glamuurne-bleiser","10":"product_tag-heleroosa-bleiser","11":"product_tag-l","12":"product_tag-laikiv-bleiser","13":"product_tag-m","14":"product_tag-must-bleiser","15":"product_tag-naiste-bleiser","16":"product_tag-naiste-jakk","17":"product_tag-ohtujakk","18":"product_tag-oversized-bleiser","19":"product_tag-pidulik-bleiser","20":"product_tag-pidulik-mood","21":"product_tag-pistaatsia-bleiser","22":"product_tag-s","23":"product_tag-sadelev-bleiser","24":"desktop-align-center","25":"tablet-align-center","26":"mobile-align-center","27":"ast-product-gallery-layout-horizontal-slider","28":"ast-product-single-variable","29":"ast-product-tabs-layout-horizontal","31":"first","32":"instock","33":"sale","34":"taxable","35":"shipping-taxable","36":"purchasable","37":"product-type-variable"},"supplier_id":null,"supplier_sku":"","barcode":null,"atum_controlled":true,"out_stock_date":null,"out_stock_threshold":null,"inheritable":true,"inbound_stock":null,"stock_on_hold":0,"sold_today":0,"sales_last_days":2,"reserved_stock":0,"customer_returns":null,"warehouse_damage":0,"lost_in_post":null,"other_logs":0,"out_stock_days":null,"lost_sales":0,"has_location":false,"update_date":"2025-12-27T10:07:10","atum_locations":[],"atum_stock_status":"instock","restock_status":false,"low_stock_amount":"","sales_update_date":"2025-11-28T14:56:20","calc_backorders":null,"yoast_head":"<!-- This site is optimized with the Yoast SEO plugin v26.9 - https:\/\/yoast.com\/product\/yoast-seo-wordpress\/ -->\n<title>S\u00e4delev bleiser \u2013 pistaatsia, heleroosa ja must - Karini Butiik<\/title>\n<meta name=\"description\" content=\"Elegantne ja s\u00e4delev bleiser kolmes v\u00e4rvitoonis: pistaatsia, heleroosa ja must. Stiilne valik pidulikeks s\u00fcndmusteks. Saadaval suurustes S\u2013L.\" \/>\n<meta name=\"robots\" content=\"index, follow, max-snippet:-1, max-image-preview:large, max-video-preview:-1\" \/>\n<link rel=\"canonical\" href=\"https:\/\/www.karinibutiik.ee\/ru\/\u043f\u0440\u043e\u0434\u0443\u043a\u0442\/sadelev-bleiser-pistaatsia-heleroosa-ja-must\/\" \/>\n<meta property=\"og:locale\" content=\"ru_RU\" \/>\n<meta property=\"og:type\" content=\"article\" \/>\n<meta property=\"og:title\" content=\"S\u00e4delev bleiser \u2013 pistaatsia, heleroosa ja must - Karini Butiik\" \/>\n<meta property=\"og:description\" content=\"Elegantne ja s\u00e4delev bleiser kolmes v\u00e4rvitoonis: pistaatsia, heleroosa ja must. Stiilne valik pidulikeks s\u00fcndmusteks. Saadaval suurustes S\u2013L.\" \/>\n<meta property=\"og:url\" content=\"https:\/\/www.karinibutiik.ee\/ru\/\u043f\u0440\u043e\u0434\u0443\u043a\u0442\/sadelev-bleiser-pistaatsia-heleroosa-ja-must\/\" \/>\n<meta property=\"og:site_name\" content=\"Karini Butiik\" \/>\n<meta property=\"article:publisher\" content=\"https:\/\/www.facebook.com\/karinibutiik.ee\" \/>\n<meta property=\"article:modified_time\" content=\"2026-02-02T16:04:36+00:00\" \/>\n<meta property=\"og:image\" content=\"https:\/\/www.karinibutiik.ee\/wp-content\/uploads\/2025\/11\/8BFE05CA-2F7B-48AC-9A8E-C116B3DB737A-scaled.jpeg\" \/>\n\t<meta property=\"og:image:width\" content=\"1920\" \/>\n\t<meta property=\"og:image:height\" content=\"2560\" \/>\n\t<meta property=\"og:image:type\" content=\"image\/jpeg\" \/>\n<meta name=\"twitter:card\" content=\"summary_large_image\" \/>\n<meta name=\"twitter:label1\" content=\"\u0414\u043e\u0441\u0442\u0443\u043f\u043d\u043e\u0441\u0442\u044c\" \/>\n\t<meta name=\"twitter:data1\" content=\"\u0412 \u043d\u0430\u043b\u0438\u0447\u0438\u0438\" \/>\n<script type=\"application\/ld+json\" class=\"yoast-schema-graph\">{\"@context\":\"https:\/\/schema.org\",\"@graph\":[{\"@type\":\"WebPage\",\"@id\":\"https:\/\/www.karinibutiik.ee\/toode\/sadelev-bleiser-pistaatsia-heleroosa-ja-must\/\",\"url\":\"https:\/\/www.karinibutiik.ee\/toode\/sadelev-bleiser-pistaatsia-heleroosa-ja-must\/\",\"name\":\"S\u00e4delev bleiser \u2013 pistaatsia, heleroosa ja must - Karini Butiik\",\"isPartOf\":{\"@id\":\"https:\/\/www.karinibutiik.ee\/#website\"},\"primaryImageOfPage\":{\"@id\":\"https:\/\/www.karinibutiik.ee\/toode\/sadelev-bleiser-pistaatsia-heleroosa-ja-must\/#primaryimage\"},\"image\":{\"@id\":\"https:\/\/www.karinibutiik.ee\/toode\/sadelev-bleiser-pistaatsia-heleroosa-ja-must\/#primaryimage\"},\"thumbnailUrl\":\"https:\/\/www.karinibutiik.ee\/wp-content\/uploads\/2025\/11\/8BFE05CA-2F7B-48AC-9A8E-C116B3DB737A-scaled.jpeg\",\"datePublished\":\"2025-11-19T14:34:31+00:00\",\"dateModified\":\"2026-02-02T16:04:36+00:00\",\"description\":\"Elegantne ja s\u00e4delev bleiser kolmes v\u00e4rvitoonis: pistaatsia, heleroosa ja must. Stiilne valik pidulikeks s\u00fcndmusteks. Saadaval suurustes S\u2013L.\",\"breadcrumb\":{\"@id\":\"https:\/\/www.karinibutiik.ee\/toode\/sadelev-bleiser-pistaatsia-heleroosa-ja-must\/#breadcrumb\"},\"inLanguage\":\"ru-RU\",\"potentialAction\":[{\"@type\":\"ReadAction\",\"target\":[\"https:\/\/www.karinibutiik.ee\/toode\/sadelev-bleiser-pistaatsia-heleroosa-ja-must\/\"]}]},{\"@type\":\"ImageObject\",\"inLanguage\":\"ru-RU\",\"@id\":\"https:\/\/www.karinibutiik.ee\/toode\/sadelev-bleiser-pistaatsia-heleroosa-ja-must\/#primaryimage\",\"url\":\"https:\/\/www.karinibutiik.ee\/wp-content\/uploads\/2025\/11\/8BFE05CA-2F7B-48AC-9A8E-C116B3DB737A-scaled.jpeg\",\"contentUrl\":\"https:\/\/www.karinibutiik.ee\/wp-content\/uploads\/2025\/11\/8BFE05CA-2F7B-48AC-9A8E-C116B3DB737A-scaled.jpeg\",\"width\":1920,\"height\":2560,\"caption\":\"S\u00c4DELUSEGA TALJES PINTSAK\"},{\"@type\":\"BreadcrumbList\",\"@id\":\"https:\/\/www.karinibutiik.ee\/toode\/sadelev-bleiser-pistaatsia-heleroosa-ja-must\/#breadcrumb\",\"itemListElement\":[{\"@type\":\"ListItem\",\"position\":1,\"name\":\"Home\",\"item\":\"https:\/\/www.karinibutiik.ee\/\"},{\"@type\":\"ListItem\",\"position\":2,\"name\":\"Pood\",\"item\":\"https:\/\/www.karinibutiik.ee\/pood\/\"},{\"@type\":\"ListItem\",\"position\":3,\"name\":\"S\u00e4delev bleiser \u2013 pistaatsia, heleroosa ja must\"}]},{\"@type\":\"WebSite\",\"@id\":\"https:\/\/www.karinibutiik.ee\/#website\",\"url\":\"https:\/\/www.karinibutiik.ee\/\",\"name\":\"Karini Butiik\",\"description\":\"\",\"publisher\":{\"@id\":\"https:\/\/www.karinibutiik.ee\/#organization\"},\"potentialAction\":[{\"@type\":\"SearchAction\",\"target\":{\"@type\":\"EntryPoint\",\"urlTemplate\":\"https:\/\/www.karinibutiik.ee\/?s={search_term_string}\"},\"query-input\":{\"@type\":\"PropertyValueSpecification\",\"valueRequired\":true,\"valueName\":\"search_term_string\"}}],\"inLanguage\":\"ru-RU\"},{\"@type\":\"Organization\",\"@id\":\"https:\/\/www.karinibutiik.ee\/#organization\",\"name\":\"Karini Butiik\",\"url\":\"https:\/\/www.karinibutiik.ee\/\",\"logo\":{\"@type\":\"ImageObject\",\"inLanguage\":\"ru-RU\",\"@id\":\"https:\/\/www.karinibutiik.ee\/#\/schema\/logo\/image\/\",\"url\":\"https:\/\/www.karinibutiik.ee\/wp-content\/uploads\/2024\/10\/Kuj.-K-koopia.png\",\"contentUrl\":\"https:\/\/www.karinibutiik.ee\/wp-content\/uploads\/2024\/10\/Kuj.-K-koopia.png\",\"width\":500,\"height\":500,\"caption\":\"Karini Butiik\"},\"image\":{\"@id\":\"https:\/\/www.karinibutiik.ee\/#\/schema\/logo\/image\/\"},\"sameAs\":[\"https:\/\/www.facebook.com\/karinibutiik.ee\",\"https:\/\/www.instagram.com\/karinibutiik\"]}]}<\/script>\n<meta property=\"og:availability\" content=\"instock\" \/>\n<meta property=\"product:availability\" content=\"instock\" \/>\n<meta property=\"product:retailer_item_id\" content=\"19602\" \/>\n<meta property=\"product:condition\" content=\"new\" \/>\n<!-- \/ Yoast SEO plugin. -->","yoast_head_json":{"title":"S\u00e4delev bleiser \u2013 pistaatsia, heleroosa ja must - Karini Butiik","description":"Elegantne ja s\u00e4delev bleiser kolmes v\u00e4rvitoonis: pistaatsia, heleroosa ja must. Stiilne valik pidulikeks s\u00fcndmusteks. Saadaval suurustes S\u2013L.","robots":{"index":"index","follow":"follow","max-snippet":"max-snippet:-1","max-image-preview":"max-image-preview:large","max-video-preview":"max-video-preview:-1"},"canonical":"https:\/\/www.karinibutiik.ee\/ru\/\u043f\u0440\u043e\u0434\u0443\u043a\u0442\/sadelev-bleiser-pistaatsia-heleroosa-ja-must\/","og_locale":"ru_RU","og_type":"article","og_title":"S\u00e4delev bleiser \u2013 pistaatsia, heleroosa ja must - Karini Butiik","og_description":"Elegantne ja s\u00e4delev bleiser kolmes v\u00e4rvitoonis: pistaatsia, heleroosa ja must. Stiilne valik pidulikeks s\u00fcndmusteks. Saadaval suurustes S\u2013L.","og_url":"https:\/\/www.karinibutiik.ee\/ru\/\u043f\u0440\u043e\u0434\u0443\u043a\u0442\/sadelev-bleiser-pistaatsia-heleroosa-ja-must\/","og_site_name":"Karini Butiik","article_publisher":"https:\/\/www.facebook.com\/karinibutiik.ee","article_modified_time":"2026-02-02T16:04:36+00:00","og_image":[{"width":1920,"height":2560,"url":"https:\/\/www.karinibutiik.ee\/wp-content\/uploads\/2025\/11\/8BFE05CA-2F7B-48AC-9A8E-C116B3DB737A-scaled.jpeg","type":"image\/jpeg"}],"twitter_card":"summary_large_image","twitter_misc":{"\u0414\u043e\u0441\u0442\u0443\u043f\u043d\u043e\u0441\u0442\u044c":"\u0412 \u043d\u0430\u043b\u0438\u0447\u0438\u0438"},"schema":{"@context":"https:\/\/schema.org","@graph":[{"@type":"WebPage","@id":"https:\/\/www.karinibutiik.ee\/toode\/sadelev-bleiser-pistaatsia-heleroosa-ja-must\/","url":"https:\/\/www.karinibutiik.ee\/toode\/sadelev-bleiser-pistaatsia-heleroosa-ja-must\/","name":"S\u00e4delev bleiser \u2013 pistaatsia, heleroosa ja must - Karini Butiik","isPartOf":{"@id":"https:\/\/www.karinibutiik.ee\/#website"},"primaryImageOfPage":{"@id":"https:\/\/www.karinibutiik.ee\/toode\/sadelev-bleiser-pistaatsia-heleroosa-ja-must\/#primaryimage"},"image":{"@id":"https:\/\/www.karinibutiik.ee\/toode\/sadelev-bleiser-pistaatsia-heleroosa-ja-must\/#primaryimage"},"thumbnailUrl":"https:\/\/www.karinibutiik.ee\/wp-content\/uploads\/2025\/11\/8BFE05CA-2F7B-48AC-9A8E-C116B3DB737A-scaled.jpeg","datePublished":"2025-11-19T14:34:31+00:00","dateModified":"2026-02-02T16:04:36+00:00","description":"Elegantne ja s\u00e4delev bleiser kolmes v\u00e4rvitoonis: pistaatsia, heleroosa ja must. Stiilne valik pidulikeks s\u00fcndmusteks. Saadaval suurustes S\u2013L.","breadcrumb":{"@id":"https:\/\/www.karinibutiik.ee\/toode\/sadelev-bleiser-pistaatsia-heleroosa-ja-must\/#breadcrumb"},"inLanguage":"ru-RU","potentialAction":[{"@type":"ReadAction","target":["https:\/\/www.karinibutiik.ee\/toode\/sadelev-bleiser-pistaatsia-heleroosa-ja-must\/"]}]},{"@type":"ImageObject","inLanguage":"ru-RU","@id":"https:\/\/www.karinibutiik.ee\/toode\/sadelev-bleiser-pistaatsia-heleroosa-ja-must\/#primaryimage","url":"https:\/\/www.karinibutiik.ee\/wp-content\/uploads\/2025\/11\/8BFE05CA-2F7B-48AC-9A8E-C116B3DB737A-scaled.jpeg","contentUrl":"https:\/\/www.karinibutiik.ee\/wp-content\/uploads\/2025\/11\/8BFE05CA-2F7B-48AC-9A8E-C116B3DB737A-scaled.jpeg","width":1920,"height":2560,"caption":"S\u00c4DELUSEGA TALJES PINTSAK"},{"@type":"BreadcrumbList","@id":"https:\/\/www.karinibutiik.ee\/toode\/sadelev-bleiser-pistaatsia-heleroosa-ja-must\/#breadcrumb","itemListElement":[{"@type":"ListItem","position":1,"name":"Home","item":"https:\/\/www.karinibutiik.ee\/"},{"@type":"ListItem","position":2,"name":"Pood","item":"https:\/\/www.karinibutiik.ee\/pood\/"},{"@type":"ListItem","position":3,"name":"S\u00e4delev bleiser \u2013 pistaatsia, heleroosa ja must"}]},{"@type":"WebSite","@id":"https:\/\/www.karinibutiik.ee\/#website","url":"https:\/\/www.karinibutiik.ee\/","name":"\u041a\u0430\u0440\u0438\u043d\u0438 \u0411\u0443\u0442\u0438\u043a","description":"","publisher":{"@id":"https:\/\/www.karinibutiik.ee\/#organization"},"potentialAction":[{"@type":"SearchAction","target":{"@type":"EntryPoint","urlTemplate":"https:\/\/www.karinibutiik.ee\/?s={search_term_string}"},"query-input":{"@type":"PropertyValueSpecification","valueRequired":true,"valueName":"search_term_string"}}],"inLanguage":"ru-RU"},{"@type":"Organization","@id":"https:\/\/www.karinibutiik.ee\/#organization","name":"\u041a\u0430\u0440\u0438\u043d\u0438 \u0411\u0443\u0442\u0438\u043a","url":"https:\/\/www.karinibutiik.ee\/","logo":{"@type":"ImageObject","inLanguage":"ru-RU","@id":"https:\/\/www.karinibutiik.ee\/#\/schema\/logo\/image\/","url":"https:\/\/www.karinibutiik.ee\/wp-content\/uploads\/2024\/10\/Kuj.-K-koopia.png","contentUrl":"https:\/\/www.karinibutiik.ee\/wp-content\/uploads\/2024\/10\/Kuj.-K-koopia.png","width":500,"height":500,"caption":"Karini Butiik"},"image":{"@id":"https:\/\/www.karinibutiik.ee\/#\/schema\/logo\/image\/"},"sameAs":["https:\/\/www.facebook.com\/karinibutiik.ee","https:\/\/www.instagram.com\/karinibutiik"]}]},"og_availability":"instock","product_availability":"instock","product_retailer_item_id":"19602","product_condition":"new"},"_links":{"self":[{"href":"https:\/\/www.karinibutiik.ee\/ru\/wp-json\/wp\/v2\/product\/25026","targetHints":{"allow":["GET"]}}],"collection":[{"href":"https:\/\/www.karinibutiik.ee\/ru\/wp-json\/wp\/v2\/product"}],"about":[{"href":"https:\/\/www.karinibutiik.ee\/ru\/wp-json\/wp\/v2\/types\/product"}],"version-history":[{"count":1,"href":"https:\/\/www.karinibutiik.ee\/ru\/wp-json\/wp\/v2\/product\/25026\/revisions"}],"predecessor-version":[{"id":25037,"href":"https:\/\/www.karinibutiik.ee\/ru\/wp-json\/wp\/v2\/product\/25026\/revisions\/25037"}],"wp:featuredmedia":[{"embeddable":true,"href":"https:\/\/www.karinibutiik.ee\/ru\/wp-json\/wp\/v2\/media\/24982"}],"wp:attachment":[{"href":"https:\/\/www.karinibutiik.ee\/ru\/wp-json\/wp\/v2\/media?parent=25026"}],"wp:term":[{"taxonomy":"product_brand","embeddable":true,"href":"https:\/\/www.karinibutiik.ee\/ru\/wp-json\/wp\/v2\/product_brand?post=25026"},{"taxonomy":"product_cat","embeddable":true,"href":"https:\/\/www.karinibutiik.ee\/ru\/wp-json\/wp\/v2\/product_cat?post=25026"},{"taxonomy":"product_tag","embeddable":true,"href":"https:\/\/www.karinibutiik.ee\/ru\/wp-json\/wp\/v2\/product_tag?post=25026"}],"curies":[{"name":"wp","href":"https:\/\/api.w.org\/{rel}","templated":true}]}}