{"id":25119,"date":"2025-11-20T13:42:36","date_gmt":"2025-11-20T11:42:36","guid":{"rendered":"https:\/\/www.karinibutiik.ee\/?post_type=product&#038;p=25119"},"modified":"2026-01-15T15:02:33","modified_gmt":"2026-01-15T13:02:33","slug":"elegantne-taljes-pintsak-uhe-noobiga","status":"publish","type":"product","link":"https:\/\/www.karinibutiik.ee\/ru\/%d0%bf%d1%80%d0%be%d0%b4%d1%83%d0%ba%d1%82\/elegantne-taljes-pintsak-uhe-noobiga\/","title":{"rendered":"Elegantne taljes pintsak \u00fche n\u00f6\u00f6biga"},"content":{"rendered":"<p data-start=\"207\" data-end=\"543\">See elegantne, premium kvaliteediga taljes pintsak lisab igale outfitile professionaalsust ja naiselikku joont. Kvaliteetne kangas, puhas joon ja t\u00e4iuslikult vormitud taljeosa loovad \u0161ika ja viimistletud silueti.<br data-start=\"397\" data-end=\"400\" \/>\u00dche n\u00f6\u00f6biga kinnituv disain r\u00f5hutab keskkohta ja sobib suurep\u00e4raselt nii kontorisse, pidulikele s\u00fcndmustele kui ka smart-casual komplektidesse.<\/p>\n<p data-start=\"545\" data-end=\"783\">Must v\u00e4rv tagab ajatu stiili ja lihtsa kombineeritavuse \u2013 kanda v\u00f5ib nii teksade, sirgete p\u00fckste, seeliku v\u00f5i isegi kleidiga. See on ideaalne valik naisele, kes otsib kvaliteetset ja figuuri r\u00f5hutavat pintsakut, mis sobib igasse olukorda.<\/p>","protected":false},"excerpt":{"rendered":"<p>See elegantne, premium kvaliteediga taljes pintsak lisab igale outfitile professionaalsust ja naiselikku joont. Kvaliteetne kangas, puhas joon ja t\u00e4iuslikult vormitud [&hellip;]<\/p>\n","protected":false},"featured_media":24959,"template":"","meta":{"site-sidebar-layout":"default","site-content-layout":"","ast-site-content-layout":"default","site-content-style":"default","site-sidebar-style":"default","ast-global-header-display":"","ast-banner-title-visibility":"","ast-main-header-display":"","ast-hfb-above-header-display":"","ast-hfb-below-header-display":"","ast-hfb-mobile-header-display":"","site-post-title":"","ast-breadcrumbs-content":"","ast-featured-img":"","footer-sml-layout":"","ast-disable-related-posts":"","theme-transparent-header-meta":"default","adv-header-id-meta":"","stick-header-meta":"default","header-above-stick-meta":"","header-main-stick-meta":"","header-below-stick-meta":"","astra-migrate-meta-layouts":"set","ast-page-background-enabled":"default","ast-page-background-meta":{"desktop":{"background-color":"var(--ast-global-color-4)","background-image":"","background-repeat":"repeat","background-position":"center center","background-size":"auto","background-attachment":"scroll","background-type":"","background-media":"","overlay-type":"","overlay-color":"","overlay-opacity":"","overlay-gradient":""},"tablet":{"background-color":"","background-image":"","background-repeat":"repeat","background-position":"center center","background-size":"auto","background-attachment":"scroll","background-type":"","background-media":"","overlay-type":"","overlay-color":"","overlay-opacity":"","overlay-gradient":""},"mobile":{"background-color":"","background-image":"","background-repeat":"repeat","background-position":"center center","background-size":"auto","background-attachment":"scroll","background-type":"","background-media":"","overlay-type":"","overlay-color":"","overlay-opacity":"","overlay-gradient":""}},"ast-content-background-meta":{"desktop":{"background-color":"var(--ast-global-color-5)","background-image":"","background-repeat":"repeat","background-position":"center center","background-size":"auto","background-attachment":"scroll","background-type":"","background-media":"","overlay-type":"","overlay-color":"","overlay-opacity":"","overlay-gradient":""},"tablet":{"background-color":"var(--ast-global-color-5)","background-image":"","background-repeat":"repeat","background-position":"center center","background-size":"auto","background-attachment":"scroll","background-type":"","background-media":"","overlay-type":"","overlay-color":"","overlay-opacity":"","overlay-gradient":""},"mobile":{"background-color":"var(--ast-global-color-5)","background-image":"","background-repeat":"repeat","background-position":"center center","background-size":"auto","background-attachment":"scroll","background-type":"","background-media":"","overlay-type":"","overlay-color":"","overlay-opacity":"","overlay-gradient":""}}},"product_brand":[],"product_cat":[346,366,351],"product_tag":[2200,2203,1503,2201,1184,1226,1180,2202,2199,1507],"class_list":{"0":"post-25119","1":"product","2":"type-product","3":"status-publish","4":"has-post-thumbnail","6":"product_cat-naised","7":"product_cat-pintsakud","8":"product_cat-uued-tooted","9":"product_tag-elegantne-bleiser","10":"product_tag-figuuri-rohutav-pintsak","11":"product_tag-klassikaline-pintsak","12":"product_tag-kontoripintsak","13":"product_tag-kvaliteetne-pintsak","14":"product_tag-must-pintsak","15":"product_tag-naiste-pintsak","16":"product_tag-smart-casual","17":"product_tag-taljes-pintsak","18":"product_tag-uhe-noobiga-pintsak","19":"desktop-align-center","20":"tablet-align-center","21":"mobile-align-center","22":"ast-product-gallery-layout-horizontal-slider","23":"ast-product-single-variable","24":"ast-product-tabs-layout-horizontal","26":"first","27":"instock","28":"taxable","29":"shipping-taxable","30":"purchasable","31":"product-type-variable"},"supplier_id":null,"supplier_sku":"","barcode":null,"atum_controlled":true,"out_stock_date":null,"out_stock_threshold":null,"inheritable":true,"inbound_stock":null,"stock_on_hold":0,"sold_today":0,"sales_last_days":0,"reserved_stock":0,"customer_returns":null,"warehouse_damage":0,"lost_in_post":null,"other_logs":0,"out_stock_days":0,"lost_sales":0,"has_location":false,"update_date":"2025-12-04T11:30:13","atum_locations":[],"atum_stock_status":"instock","restock_status":false,"low_stock_amount":"","sales_update_date":"2025-12-04T11:30:13","calc_backorders":null,"yoast_head":"<!-- This site is optimized with the Yoast SEO plugin v26.9 - https:\/\/yoast.com\/product\/yoast-seo-wordpress\/ -->\n<title>Elegantne taljes pintsak \u00fche n\u00f6\u00f6biga - Karini Butiik<\/title>\n<meta name=\"description\" content=\"Taljes l\u00f5ikega must pintsak, mis kinnitub \u00fche n\u00f6\u00f6biga. Elegantne ja kvaliteetne valik igap\u00e4evaseks ja pidulikumaks kandmiseks.\" \/>\n<meta name=\"robots\" content=\"index, follow, max-snippet:-1, max-image-preview:large, max-video-preview:-1\" \/>\n<link rel=\"canonical\" href=\"https:\/\/www.karinibutiik.ee\/ru\/\u043f\u0440\u043e\u0434\u0443\u043a\u0442\/elegantne-taljes-pintsak-uhe-noobiga\/\" \/>\n<meta property=\"og:locale\" content=\"ru_RU\" \/>\n<meta property=\"og:type\" content=\"article\" \/>\n<meta property=\"og:title\" content=\"Elegantne taljes pintsak \u00fche n\u00f6\u00f6biga - Karini Butiik\" \/>\n<meta property=\"og:description\" content=\"Taljes l\u00f5ikega must pintsak, mis kinnitub \u00fche n\u00f6\u00f6biga. Elegantne ja kvaliteetne valik igap\u00e4evaseks ja pidulikumaks kandmiseks.\" \/>\n<meta property=\"og:url\" content=\"https:\/\/www.karinibutiik.ee\/ru\/\u043f\u0440\u043e\u0434\u0443\u043a\u0442\/elegantne-taljes-pintsak-uhe-noobiga\/\" \/>\n<meta property=\"og:site_name\" content=\"Karini Butiik\" \/>\n<meta property=\"article:publisher\" content=\"https:\/\/www.facebook.com\/karinibutiik.ee\" \/>\n<meta property=\"article:modified_time\" content=\"2026-01-15T13:02:33+00:00\" \/>\n<meta property=\"og:image\" content=\"https:\/\/www.karinibutiik.ee\/wp-content\/uploads\/2025\/11\/IMG_6600-e1763637792629.jpeg\" \/>\n\t<meta property=\"og:image:width\" content=\"584\" \/>\n\t<meta property=\"og:image:height\" content=\"810\" \/>\n\t<meta property=\"og:image:type\" content=\"image\/jpeg\" \/>\n<meta name=\"twitter:card\" content=\"summary_large_image\" \/>\n<meta name=\"twitter:label1\" content=\"\u0414\u043e\u0441\u0442\u0443\u043f\u043d\u043e\u0441\u0442\u044c\" \/>\n\t<meta name=\"twitter:data1\" content=\"\u0412 \u043d\u0430\u043b\u0438\u0447\u0438\u0438\" \/>\n<script type=\"application\/ld+json\" class=\"yoast-schema-graph\">{\"@context\":\"https:\/\/schema.org\",\"@graph\":[{\"@type\":\"WebPage\",\"@id\":\"https:\/\/www.karinibutiik.ee\/toode\/elegantne-taljes-pintsak-uhe-noobiga\/\",\"url\":\"https:\/\/www.karinibutiik.ee\/toode\/elegantne-taljes-pintsak-uhe-noobiga\/\",\"name\":\"Elegantne taljes pintsak \u00fche n\u00f6\u00f6biga - Karini Butiik\",\"isPartOf\":{\"@id\":\"https:\/\/www.karinibutiik.ee\/#website\"},\"primaryImageOfPage\":{\"@id\":\"https:\/\/www.karinibutiik.ee\/toode\/elegantne-taljes-pintsak-uhe-noobiga\/#primaryimage\"},\"image\":{\"@id\":\"https:\/\/www.karinibutiik.ee\/toode\/elegantne-taljes-pintsak-uhe-noobiga\/#primaryimage\"},\"thumbnailUrl\":\"https:\/\/www.karinibutiik.ee\/wp-content\/uploads\/2025\/11\/IMG_6600-e1763637792629.jpeg\",\"datePublished\":\"2025-11-20T11:42:36+00:00\",\"dateModified\":\"2026-01-15T13:02:33+00:00\",\"description\":\"Taljes l\u00f5ikega must pintsak, mis kinnitub \u00fche n\u00f6\u00f6biga. Elegantne ja kvaliteetne valik igap\u00e4evaseks ja pidulikumaks kandmiseks.\",\"breadcrumb\":{\"@id\":\"https:\/\/www.karinibutiik.ee\/toode\/elegantne-taljes-pintsak-uhe-noobiga\/#breadcrumb\"},\"inLanguage\":\"ru-RU\",\"potentialAction\":[{\"@type\":\"ReadAction\",\"target\":[\"https:\/\/www.karinibutiik.ee\/toode\/elegantne-taljes-pintsak-uhe-noobiga\/\"]}]},{\"@type\":\"ImageObject\",\"inLanguage\":\"ru-RU\",\"@id\":\"https:\/\/www.karinibutiik.ee\/toode\/elegantne-taljes-pintsak-uhe-noobiga\/#primaryimage\",\"url\":\"https:\/\/www.karinibutiik.ee\/wp-content\/uploads\/2025\/11\/IMG_6600-e1763637792629.jpeg\",\"contentUrl\":\"https:\/\/www.karinibutiik.ee\/wp-content\/uploads\/2025\/11\/IMG_6600-e1763637792629.jpeg\",\"width\":584,\"height\":810,\"caption\":\"Klassikaline must pintsak\"},{\"@type\":\"BreadcrumbList\",\"@id\":\"https:\/\/www.karinibutiik.ee\/toode\/elegantne-taljes-pintsak-uhe-noobiga\/#breadcrumb\",\"itemListElement\":[{\"@type\":\"ListItem\",\"position\":1,\"name\":\"Home\",\"item\":\"https:\/\/www.karinibutiik.ee\/\"},{\"@type\":\"ListItem\",\"position\":2,\"name\":\"Pood\",\"item\":\"https:\/\/www.karinibutiik.ee\/pood\/\"},{\"@type\":\"ListItem\",\"position\":3,\"name\":\"Elegantne taljes pintsak \u00fche n\u00f6\u00f6biga\"}]},{\"@type\":\"WebSite\",\"@id\":\"https:\/\/www.karinibutiik.ee\/#website\",\"url\":\"https:\/\/www.karinibutiik.ee\/\",\"name\":\"Karini Butiik\",\"description\":\"\",\"publisher\":{\"@id\":\"https:\/\/www.karinibutiik.ee\/#organization\"},\"potentialAction\":[{\"@type\":\"SearchAction\",\"target\":{\"@type\":\"EntryPoint\",\"urlTemplate\":\"https:\/\/www.karinibutiik.ee\/?s={search_term_string}\"},\"query-input\":{\"@type\":\"PropertyValueSpecification\",\"valueRequired\":true,\"valueName\":\"search_term_string\"}}],\"inLanguage\":\"ru-RU\"},{\"@type\":\"Organization\",\"@id\":\"https:\/\/www.karinibutiik.ee\/#organization\",\"name\":\"Karini Butiik\",\"url\":\"https:\/\/www.karinibutiik.ee\/\",\"logo\":{\"@type\":\"ImageObject\",\"inLanguage\":\"ru-RU\",\"@id\":\"https:\/\/www.karinibutiik.ee\/#\/schema\/logo\/image\/\",\"url\":\"https:\/\/www.karinibutiik.ee\/wp-content\/uploads\/2024\/10\/Kuj.-K-koopia.png\",\"contentUrl\":\"https:\/\/www.karinibutiik.ee\/wp-content\/uploads\/2024\/10\/Kuj.-K-koopia.png\",\"width\":500,\"height\":500,\"caption\":\"Karini Butiik\"},\"image\":{\"@id\":\"https:\/\/www.karinibutiik.ee\/#\/schema\/logo\/image\/\"},\"sameAs\":[\"https:\/\/www.facebook.com\/karinibutiik.ee\",\"https:\/\/www.instagram.com\/karinibutiik\"]}]}<\/script>\n<meta property=\"og:availability\" content=\"instock\" \/>\n<meta property=\"product:availability\" content=\"instock\" \/>\n<meta property=\"product:retailer_item_id\" content=\"8233\" \/>\n<meta property=\"product:condition\" content=\"new\" \/>\n<!-- \/ Yoast SEO plugin. -->","yoast_head_json":{"title":"Elegantne taljes pintsak \u00fche n\u00f6\u00f6biga - Karini Butiik","description":"Taljes l\u00f5ikega must pintsak, mis kinnitub \u00fche n\u00f6\u00f6biga. Elegantne ja kvaliteetne valik igap\u00e4evaseks ja pidulikumaks kandmiseks.","robots":{"index":"index","follow":"follow","max-snippet":"max-snippet:-1","max-image-preview":"max-image-preview:large","max-video-preview":"max-video-preview:-1"},"canonical":"https:\/\/www.karinibutiik.ee\/ru\/\u043f\u0440\u043e\u0434\u0443\u043a\u0442\/elegantne-taljes-pintsak-uhe-noobiga\/","og_locale":"ru_RU","og_type":"article","og_title":"Elegantne taljes pintsak \u00fche n\u00f6\u00f6biga - Karini Butiik","og_description":"Taljes l\u00f5ikega must pintsak, mis kinnitub \u00fche n\u00f6\u00f6biga. Elegantne ja kvaliteetne valik igap\u00e4evaseks ja pidulikumaks kandmiseks.","og_url":"https:\/\/www.karinibutiik.ee\/ru\/\u043f\u0440\u043e\u0434\u0443\u043a\u0442\/elegantne-taljes-pintsak-uhe-noobiga\/","og_site_name":"Karini Butiik","article_publisher":"https:\/\/www.facebook.com\/karinibutiik.ee","article_modified_time":"2026-01-15T13:02:33+00:00","og_image":[{"width":584,"height":810,"url":"https:\/\/www.karinibutiik.ee\/wp-content\/uploads\/2025\/11\/IMG_6600-e1763637792629.jpeg","type":"image\/jpeg"}],"twitter_card":"summary_large_image","twitter_misc":{"\u0414\u043e\u0441\u0442\u0443\u043f\u043d\u043e\u0441\u0442\u044c":"\u0412 \u043d\u0430\u043b\u0438\u0447\u0438\u0438"},"schema":{"@context":"https:\/\/schema.org","@graph":[{"@type":"WebPage","@id":"https:\/\/www.karinibutiik.ee\/toode\/elegantne-taljes-pintsak-uhe-noobiga\/","url":"https:\/\/www.karinibutiik.ee\/toode\/elegantne-taljes-pintsak-uhe-noobiga\/","name":"Elegantne taljes pintsak \u00fche n\u00f6\u00f6biga - Karini Butiik","isPartOf":{"@id":"https:\/\/www.karinibutiik.ee\/#website"},"primaryImageOfPage":{"@id":"https:\/\/www.karinibutiik.ee\/toode\/elegantne-taljes-pintsak-uhe-noobiga\/#primaryimage"},"image":{"@id":"https:\/\/www.karinibutiik.ee\/toode\/elegantne-taljes-pintsak-uhe-noobiga\/#primaryimage"},"thumbnailUrl":"https:\/\/www.karinibutiik.ee\/wp-content\/uploads\/2025\/11\/IMG_6600-e1763637792629.jpeg","datePublished":"2025-11-20T11:42:36+00:00","dateModified":"2026-01-15T13:02:33+00:00","description":"Taljes l\u00f5ikega must pintsak, mis kinnitub \u00fche n\u00f6\u00f6biga. Elegantne ja kvaliteetne valik igap\u00e4evaseks ja pidulikumaks kandmiseks.","breadcrumb":{"@id":"https:\/\/www.karinibutiik.ee\/toode\/elegantne-taljes-pintsak-uhe-noobiga\/#breadcrumb"},"inLanguage":"ru-RU","potentialAction":[{"@type":"ReadAction","target":["https:\/\/www.karinibutiik.ee\/toode\/elegantne-taljes-pintsak-uhe-noobiga\/"]}]},{"@type":"ImageObject","inLanguage":"ru-RU","@id":"https:\/\/www.karinibutiik.ee\/toode\/elegantne-taljes-pintsak-uhe-noobiga\/#primaryimage","url":"https:\/\/www.karinibutiik.ee\/wp-content\/uploads\/2025\/11\/IMG_6600-e1763637792629.jpeg","contentUrl":"https:\/\/www.karinibutiik.ee\/wp-content\/uploads\/2025\/11\/IMG_6600-e1763637792629.jpeg","width":584,"height":810,"caption":"Klassikaline must pintsak"},{"@type":"BreadcrumbList","@id":"https:\/\/www.karinibutiik.ee\/toode\/elegantne-taljes-pintsak-uhe-noobiga\/#breadcrumb","itemListElement":[{"@type":"ListItem","position":1,"name":"Home","item":"https:\/\/www.karinibutiik.ee\/"},{"@type":"ListItem","position":2,"name":"Pood","item":"https:\/\/www.karinibutiik.ee\/pood\/"},{"@type":"ListItem","position":3,"name":"Elegantne taljes pintsak \u00fche n\u00f6\u00f6biga"}]},{"@type":"WebSite","@id":"https:\/\/www.karinibutiik.ee\/#website","url":"https:\/\/www.karinibutiik.ee\/","name":"\u041a\u0430\u0440\u0438\u043d\u0438 \u0411\u0443\u0442\u0438\u043a","description":"","publisher":{"@id":"https:\/\/www.karinibutiik.ee\/#organization"},"potentialAction":[{"@type":"SearchAction","target":{"@type":"EntryPoint","urlTemplate":"https:\/\/www.karinibutiik.ee\/?s={search_term_string}"},"query-input":{"@type":"PropertyValueSpecification","valueRequired":true,"valueName":"search_term_string"}}],"inLanguage":"ru-RU"},{"@type":"Organization","@id":"https:\/\/www.karinibutiik.ee\/#organization","name":"\u041a\u0430\u0440\u0438\u043d\u0438 \u0411\u0443\u0442\u0438\u043a","url":"https:\/\/www.karinibutiik.ee\/","logo":{"@type":"ImageObject","inLanguage":"ru-RU","@id":"https:\/\/www.karinibutiik.ee\/#\/schema\/logo\/image\/","url":"https:\/\/www.karinibutiik.ee\/wp-content\/uploads\/2024\/10\/Kuj.-K-koopia.png","contentUrl":"https:\/\/www.karinibutiik.ee\/wp-content\/uploads\/2024\/10\/Kuj.-K-koopia.png","width":500,"height":500,"caption":"Karini Butiik"},"image":{"@id":"https:\/\/www.karinibutiik.ee\/#\/schema\/logo\/image\/"},"sameAs":["https:\/\/www.facebook.com\/karinibutiik.ee","https:\/\/www.instagram.com\/karinibutiik"]}]},"og_availability":"instock","product_availability":"instock","product_retailer_item_id":"8233","product_condition":"new"},"_links":{"self":[{"href":"https:\/\/www.karinibutiik.ee\/ru\/wp-json\/wp\/v2\/product\/25119","targetHints":{"allow":["GET"]}}],"collection":[{"href":"https:\/\/www.karinibutiik.ee\/ru\/wp-json\/wp\/v2\/product"}],"about":[{"href":"https:\/\/www.karinibutiik.ee\/ru\/wp-json\/wp\/v2\/types\/product"}],"version-history":[{"count":1,"href":"https:\/\/www.karinibutiik.ee\/ru\/wp-json\/wp\/v2\/product\/25119\/revisions"}],"predecessor-version":[{"id":25124,"href":"https:\/\/www.karinibutiik.ee\/ru\/wp-json\/wp\/v2\/product\/25119\/revisions\/25124"}],"wp:featuredmedia":[{"embeddable":true,"href":"https:\/\/www.karinibutiik.ee\/ru\/wp-json\/wp\/v2\/media\/24959"}],"wp:attachment":[{"href":"https:\/\/www.karinibutiik.ee\/ru\/wp-json\/wp\/v2\/media?parent=25119"}],"wp:term":[{"taxonomy":"product_brand","embeddable":true,"href":"https:\/\/www.karinibutiik.ee\/ru\/wp-json\/wp\/v2\/product_brand?post=25119"},{"taxonomy":"product_cat","embeddable":true,"href":"https:\/\/www.karinibutiik.ee\/ru\/wp-json\/wp\/v2\/product_cat?post=25119"},{"taxonomy":"product_tag","embeddable":true,"href":"https:\/\/www.karinibutiik.ee\/ru\/wp-json\/wp\/v2\/product_tag?post=25119"}],"curies":[{"name":"wp","href":"https:\/\/api.w.org\/{rel}","templated":true}]}}