{"id":25200,"date":"2025-11-21T15:49:37","date_gmt":"2025-11-21T13:49:37","guid":{"rendered":"https:\/\/www.karinibutiik.ee\/?post_type=product&#038;p=25200"},"modified":"2026-02-02T18:04:35","modified_gmt":"2026-02-02T16:04:35","slug":"must-midi-litterseelik-lohikuga","status":"publish","type":"product","link":"https:\/\/www.karinibutiik.ee\/ru\/%d0%bf%d1%80%d0%be%d0%b4%d1%83%d0%ba%d1%82\/must-midi-litterseelik-lohikuga\/","title":{"rendered":"Must midi litterseelik l\u00f5hikuga"},"content":{"rendered":"<p>Stiilne must midi pikkuses litterseelik on loodud s\u00e4rama igal sammul. Klassikaline sirge l\u00f5ige, efektne k\u00fclgl\u00f5hik ja kaunilt langevad litrid loovad pilkup\u00fc\u00fcdva, kuid elegantse tulemuse. Seelikul on sisemine vooder, mis tagab mugavuse ja stabiilse istuvuse ka pika kandmise korral.<br data-start=\"513\" data-end=\"516\" \/>Sobib suurep\u00e4raselt pidudeks, \u00fcritusteks ja p\u00fchadehooajaks \u2013 kombineeri kudumite, siidpluuside v\u00f5i \u00f5huliste toppidega. Saadaval kahes suuruses: S\/M ja M\/L.<\/p>","protected":false},"excerpt":{"rendered":"<p>Stiilne must midi pikkuses litterseelik on loodud s\u00e4rama igal sammul. Klassikaline sirge l\u00f5ige, efektne k\u00fclgl\u00f5hik ja kaunilt langevad litrid loovad [&hellip;]<\/p>\n","protected":false},"featured_media":25193,"template":"","meta":{"site-sidebar-layout":"default","site-content-layout":"","ast-site-content-layout":"default","site-content-style":"default","site-sidebar-style":"default","ast-global-header-display":"","ast-banner-title-visibility":"","ast-main-header-display":"","ast-hfb-above-header-display":"","ast-hfb-below-header-display":"","ast-hfb-mobile-header-display":"","site-post-title":"","ast-breadcrumbs-content":"","ast-featured-img":"","footer-sml-layout":"","ast-disable-related-posts":"","theme-transparent-header-meta":"default","adv-header-id-meta":"","stick-header-meta":"default","header-above-stick-meta":"","header-main-stick-meta":"","header-below-stick-meta":"","astra-migrate-meta-layouts":"set","ast-page-background-enabled":"default","ast-page-background-meta":{"desktop":{"background-color":"var(--ast-global-color-4)","background-image":"","background-repeat":"repeat","background-position":"center center","background-size":"auto","background-attachment":"scroll","background-type":"","background-media":"","overlay-type":"","overlay-color":"","overlay-opacity":"","overlay-gradient":""},"tablet":{"background-color":"","background-image":"","background-repeat":"repeat","background-position":"center center","background-size":"auto","background-attachment":"scroll","background-type":"","background-media":"","overlay-type":"","overlay-color":"","overlay-opacity":"","overlay-gradient":""},"mobile":{"background-color":"","background-image":"","background-repeat":"repeat","background-position":"center center","background-size":"auto","background-attachment":"scroll","background-type":"","background-media":"","overlay-type":"","overlay-color":"","overlay-opacity":"","overlay-gradient":""}},"ast-content-background-meta":{"desktop":{"background-color":"var(--ast-global-color-5)","background-image":"","background-repeat":"repeat","background-position":"center center","background-size":"auto","background-attachment":"scroll","background-type":"","background-media":"","overlay-type":"","overlay-color":"","overlay-opacity":"","overlay-gradient":""},"tablet":{"background-color":"var(--ast-global-color-5)","background-image":"","background-repeat":"repeat","background-position":"center center","background-size":"auto","background-attachment":"scroll","background-type":"","background-media":"","overlay-type":"","overlay-color":"","overlay-opacity":"","overlay-gradient":""},"mobile":{"background-color":"var(--ast-global-color-5)","background-image":"","background-repeat":"repeat","background-position":"center center","background-size":"auto","background-attachment":"scroll","background-type":"","background-media":"","overlay-type":"","overlay-color":"","overlay-opacity":"","overlay-gradient":""}}},"product_brand":[],"product_cat":[367,346,384,351],"product_tag":[2271,840,2269,2268,2267,1280,2273,2272,2081,921,1276,2080,2270],"class_list":{"0":"post-25200","1":"product","2":"type-product","3":"status-publish","4":"has-post-thumbnail","6":"product_cat-allahindlus","7":"product_cat-naised","8":"product_cat-seelikud","9":"product_cat-uued-tooted","10":"product_tag-elegantne-seelik","11":"product_tag-litterseelik","12":"product_tag-lohikuga-seelik","13":"product_tag-midi-seelik","14":"product_tag-must-litterseelik","15":"product_tag-naiste-seelik","16":"product_tag-naistemood","17":"product_tag-ohtuseelik","18":"product_tag-peoseelik","19":"product_tag-pidulik-riietus","20":"product_tag-pidulik-seelik","21":"product_tag-sadelev-seelik","22":"product_tag-voodriga-seelik","23":"desktop-align-center","24":"tablet-align-center","25":"mobile-align-center","26":"ast-product-gallery-layout-horizontal-slider","27":"ast-product-single-variable","28":"ast-product-tabs-layout-horizontal","30":"first","31":"instock","32":"sale","33":"taxable","34":"shipping-taxable","35":"purchasable","36":"product-type-variable"},"supplier_id":null,"supplier_sku":"","barcode":null,"atum_controlled":true,"out_stock_date":null,"out_stock_threshold":null,"inheritable":true,"inbound_stock":null,"stock_on_hold":0,"sold_today":0,"sales_last_days":2,"reserved_stock":0,"customer_returns":null,"warehouse_damage":0,"lost_in_post":null,"other_logs":0,"out_stock_days":0,"lost_sales":0,"has_location":false,"update_date":"2025-12-27T10:00:58","atum_locations":[],"atum_stock_status":"instock","restock_status":false,"low_stock_amount":"","sales_update_date":"2025-12-05T12:49:35","calc_backorders":null,"yoast_head":"<!-- This site is optimized with the Yoast SEO plugin v26.9 - https:\/\/yoast.com\/product\/yoast-seo-wordpress\/ -->\n<title>Must midi litterseelik l\u00f5hikuga - Karini Butiik<\/title>\n<meta name=\"description\" content=\"Must midi litterseelik k\u00fclgl\u00f5hikuga ja voodriga. Elegantne ja efektne valik pidudeks ja eris\u00fcndmusteks. Suurused S\/M ja M\/L. Lisa oma garderoobi s\u00e4ra!\" \/>\n<meta name=\"robots\" content=\"index, follow, max-snippet:-1, max-image-preview:large, max-video-preview:-1\" \/>\n<link rel=\"canonical\" href=\"https:\/\/www.karinibutiik.ee\/ru\/\u043f\u0440\u043e\u0434\u0443\u043a\u0442\/must-midi-litterseelik-lohikuga\/\" \/>\n<meta property=\"og:locale\" content=\"ru_RU\" \/>\n<meta property=\"og:type\" content=\"article\" \/>\n<meta property=\"og:title\" content=\"Must midi litterseelik l\u00f5hikuga - Karini Butiik\" \/>\n<meta property=\"og:description\" content=\"Must midi litterseelik k\u00fclgl\u00f5hikuga ja voodriga. Elegantne ja efektne valik pidudeks ja eris\u00fcndmusteks. Suurused S\/M ja M\/L. Lisa oma garderoobi s\u00e4ra!\" \/>\n<meta property=\"og:url\" content=\"https:\/\/www.karinibutiik.ee\/ru\/\u043f\u0440\u043e\u0434\u0443\u043a\u0442\/must-midi-litterseelik-lohikuga\/\" \/>\n<meta property=\"og:site_name\" content=\"Karini Butiik\" \/>\n<meta property=\"article:publisher\" content=\"https:\/\/www.facebook.com\/karinibutiik.ee\" \/>\n<meta property=\"article:modified_time\" content=\"2026-02-02T16:04:35+00:00\" \/>\n<meta property=\"og:image\" content=\"https:\/\/www.karinibutiik.ee\/wp-content\/uploads\/2025\/11\/780B2527-5D08-4833-BD52-14EDC53682BC-scaled-e1763732498655.jpeg\" \/>\n\t<meta property=\"og:image:width\" content=\"1536\" \/>\n\t<meta property=\"og:image:height\" content=\"2364\" \/>\n\t<meta property=\"og:image:type\" content=\"image\/jpeg\" \/>\n<meta name=\"twitter:card\" content=\"summary_large_image\" \/>\n<meta name=\"twitter:label1\" content=\"\u0414\u043e\u0441\u0442\u0443\u043f\u043d\u043e\u0441\u0442\u044c\" \/>\n\t<meta name=\"twitter:data1\" content=\"\u0412 \u043d\u0430\u043b\u0438\u0447\u0438\u0438\" \/>\n<script type=\"application\/ld+json\" class=\"yoast-schema-graph\">{\"@context\":\"https:\/\/schema.org\",\"@graph\":[{\"@type\":\"WebPage\",\"@id\":\"https:\/\/www.karinibutiik.ee\/toode\/must-midi-litterseelik-lohikuga\/\",\"url\":\"https:\/\/www.karinibutiik.ee\/toode\/must-midi-litterseelik-lohikuga\/\",\"name\":\"Must midi litterseelik l\u00f5hikuga - Karini Butiik\",\"isPartOf\":{\"@id\":\"https:\/\/www.karinibutiik.ee\/#website\"},\"primaryImageOfPage\":{\"@id\":\"https:\/\/www.karinibutiik.ee\/toode\/must-midi-litterseelik-lohikuga\/#primaryimage\"},\"image\":{\"@id\":\"https:\/\/www.karinibutiik.ee\/toode\/must-midi-litterseelik-lohikuga\/#primaryimage\"},\"thumbnailUrl\":\"https:\/\/www.karinibutiik.ee\/wp-content\/uploads\/2025\/11\/780B2527-5D08-4833-BD52-14EDC53682BC-scaled-e1763732498655.jpeg\",\"datePublished\":\"2025-11-21T13:49:37+00:00\",\"dateModified\":\"2026-02-02T16:04:35+00:00\",\"description\":\"Must midi litterseelik k\u00fclgl\u00f5hikuga ja voodriga. Elegantne ja efektne valik pidudeks ja eris\u00fcndmusteks. Suurused S\/M ja M\/L. Lisa oma garderoobi s\u00e4ra!\",\"breadcrumb\":{\"@id\":\"https:\/\/www.karinibutiik.ee\/toode\/must-midi-litterseelik-lohikuga\/#breadcrumb\"},\"inLanguage\":\"ru-RU\",\"potentialAction\":[{\"@type\":\"ReadAction\",\"target\":[\"https:\/\/www.karinibutiik.ee\/toode\/must-midi-litterseelik-lohikuga\/\"]}]},{\"@type\":\"ImageObject\",\"inLanguage\":\"ru-RU\",\"@id\":\"https:\/\/www.karinibutiik.ee\/toode\/must-midi-litterseelik-lohikuga\/#primaryimage\",\"url\":\"https:\/\/www.karinibutiik.ee\/wp-content\/uploads\/2025\/11\/780B2527-5D08-4833-BD52-14EDC53682BC-scaled-e1763732498655.jpeg\",\"contentUrl\":\"https:\/\/www.karinibutiik.ee\/wp-content\/uploads\/2025\/11\/780B2527-5D08-4833-BD52-14EDC53682BC-scaled-e1763732498655.jpeg\",\"width\":1536,\"height\":2364,\"caption\":\"Must midi pikkuses litterseelik k\u00fclgl\u00f5hikuga ja voodriga, s\u00e4delev pidulik seelik\"},{\"@type\":\"BreadcrumbList\",\"@id\":\"https:\/\/www.karinibutiik.ee\/toode\/must-midi-litterseelik-lohikuga\/#breadcrumb\",\"itemListElement\":[{\"@type\":\"ListItem\",\"position\":1,\"name\":\"Home\",\"item\":\"https:\/\/www.karinibutiik.ee\/\"},{\"@type\":\"ListItem\",\"position\":2,\"name\":\"Pood\",\"item\":\"https:\/\/www.karinibutiik.ee\/pood\/\"},{\"@type\":\"ListItem\",\"position\":3,\"name\":\"Must midi litterseelik l\u00f5hikuga\"}]},{\"@type\":\"WebSite\",\"@id\":\"https:\/\/www.karinibutiik.ee\/#website\",\"url\":\"https:\/\/www.karinibutiik.ee\/\",\"name\":\"Karini Butiik\",\"description\":\"\",\"publisher\":{\"@id\":\"https:\/\/www.karinibutiik.ee\/#organization\"},\"potentialAction\":[{\"@type\":\"SearchAction\",\"target\":{\"@type\":\"EntryPoint\",\"urlTemplate\":\"https:\/\/www.karinibutiik.ee\/?s={search_term_string}\"},\"query-input\":{\"@type\":\"PropertyValueSpecification\",\"valueRequired\":true,\"valueName\":\"search_term_string\"}}],\"inLanguage\":\"ru-RU\"},{\"@type\":\"Organization\",\"@id\":\"https:\/\/www.karinibutiik.ee\/#organization\",\"name\":\"Karini Butiik\",\"url\":\"https:\/\/www.karinibutiik.ee\/\",\"logo\":{\"@type\":\"ImageObject\",\"inLanguage\":\"ru-RU\",\"@id\":\"https:\/\/www.karinibutiik.ee\/#\/schema\/logo\/image\/\",\"url\":\"https:\/\/www.karinibutiik.ee\/wp-content\/uploads\/2024\/10\/Kuj.-K-koopia.png\",\"contentUrl\":\"https:\/\/www.karinibutiik.ee\/wp-content\/uploads\/2024\/10\/Kuj.-K-koopia.png\",\"width\":500,\"height\":500,\"caption\":\"Karini Butiik\"},\"image\":{\"@id\":\"https:\/\/www.karinibutiik.ee\/#\/schema\/logo\/image\/\"},\"sameAs\":[\"https:\/\/www.facebook.com\/karinibutiik.ee\",\"https:\/\/www.instagram.com\/karinibutiik\"]}]}<\/script>\n<meta property=\"og:availability\" content=\"instock\" \/>\n<meta property=\"product:availability\" content=\"instock\" \/>\n<meta property=\"product:retailer_item_id\" content=\"1292\" \/>\n<meta property=\"product:condition\" content=\"new\" \/>\n<!-- \/ Yoast SEO plugin. -->","yoast_head_json":{"title":"Must midi litterseelik l\u00f5hikuga - Karini Butiik","description":"Must midi litterseelik k\u00fclgl\u00f5hikuga ja voodriga. Elegantne ja efektne valik pidudeks ja eris\u00fcndmusteks. Suurused S\/M ja M\/L. Lisa oma garderoobi s\u00e4ra!","robots":{"index":"index","follow":"follow","max-snippet":"max-snippet:-1","max-image-preview":"max-image-preview:large","max-video-preview":"max-video-preview:-1"},"canonical":"https:\/\/www.karinibutiik.ee\/ru\/\u043f\u0440\u043e\u0434\u0443\u043a\u0442\/must-midi-litterseelik-lohikuga\/","og_locale":"ru_RU","og_type":"article","og_title":"Must midi litterseelik l\u00f5hikuga - Karini Butiik","og_description":"Must midi litterseelik k\u00fclgl\u00f5hikuga ja voodriga. Elegantne ja efektne valik pidudeks ja eris\u00fcndmusteks. Suurused S\/M ja M\/L. Lisa oma garderoobi s\u00e4ra!","og_url":"https:\/\/www.karinibutiik.ee\/ru\/\u043f\u0440\u043e\u0434\u0443\u043a\u0442\/must-midi-litterseelik-lohikuga\/","og_site_name":"Karini Butiik","article_publisher":"https:\/\/www.facebook.com\/karinibutiik.ee","article_modified_time":"2026-02-02T16:04:35+00:00","og_image":[{"width":1536,"height":2364,"url":"https:\/\/www.karinibutiik.ee\/wp-content\/uploads\/2025\/11\/780B2527-5D08-4833-BD52-14EDC53682BC-scaled-e1763732498655.jpeg","type":"image\/jpeg"}],"twitter_card":"summary_large_image","twitter_misc":{"\u0414\u043e\u0441\u0442\u0443\u043f\u043d\u043e\u0441\u0442\u044c":"\u0412 \u043d\u0430\u043b\u0438\u0447\u0438\u0438"},"schema":{"@context":"https:\/\/schema.org","@graph":[{"@type":"WebPage","@id":"https:\/\/www.karinibutiik.ee\/toode\/must-midi-litterseelik-lohikuga\/","url":"https:\/\/www.karinibutiik.ee\/toode\/must-midi-litterseelik-lohikuga\/","name":"Must midi litterseelik l\u00f5hikuga - Karini Butiik","isPartOf":{"@id":"https:\/\/www.karinibutiik.ee\/#website"},"primaryImageOfPage":{"@id":"https:\/\/www.karinibutiik.ee\/toode\/must-midi-litterseelik-lohikuga\/#primaryimage"},"image":{"@id":"https:\/\/www.karinibutiik.ee\/toode\/must-midi-litterseelik-lohikuga\/#primaryimage"},"thumbnailUrl":"https:\/\/www.karinibutiik.ee\/wp-content\/uploads\/2025\/11\/780B2527-5D08-4833-BD52-14EDC53682BC-scaled-e1763732498655.jpeg","datePublished":"2025-11-21T13:49:37+00:00","dateModified":"2026-02-02T16:04:35+00:00","description":"Must midi litterseelik k\u00fclgl\u00f5hikuga ja voodriga. Elegantne ja efektne valik pidudeks ja eris\u00fcndmusteks. Suurused S\/M ja M\/L. Lisa oma garderoobi s\u00e4ra!","breadcrumb":{"@id":"https:\/\/www.karinibutiik.ee\/toode\/must-midi-litterseelik-lohikuga\/#breadcrumb"},"inLanguage":"ru-RU","potentialAction":[{"@type":"ReadAction","target":["https:\/\/www.karinibutiik.ee\/toode\/must-midi-litterseelik-lohikuga\/"]}]},{"@type":"ImageObject","inLanguage":"ru-RU","@id":"https:\/\/www.karinibutiik.ee\/toode\/must-midi-litterseelik-lohikuga\/#primaryimage","url":"https:\/\/www.karinibutiik.ee\/wp-content\/uploads\/2025\/11\/780B2527-5D08-4833-BD52-14EDC53682BC-scaled-e1763732498655.jpeg","contentUrl":"https:\/\/www.karinibutiik.ee\/wp-content\/uploads\/2025\/11\/780B2527-5D08-4833-BD52-14EDC53682BC-scaled-e1763732498655.jpeg","width":1536,"height":2364,"caption":"Must midi pikkuses litterseelik k\u00fclgl\u00f5hikuga ja voodriga, s\u00e4delev pidulik seelik"},{"@type":"BreadcrumbList","@id":"https:\/\/www.karinibutiik.ee\/toode\/must-midi-litterseelik-lohikuga\/#breadcrumb","itemListElement":[{"@type":"ListItem","position":1,"name":"Home","item":"https:\/\/www.karinibutiik.ee\/"},{"@type":"ListItem","position":2,"name":"Pood","item":"https:\/\/www.karinibutiik.ee\/pood\/"},{"@type":"ListItem","position":3,"name":"Must midi litterseelik l\u00f5hikuga"}]},{"@type":"WebSite","@id":"https:\/\/www.karinibutiik.ee\/#website","url":"https:\/\/www.karinibutiik.ee\/","name":"\u041a\u0430\u0440\u0438\u043d\u0438 \u0411\u0443\u0442\u0438\u043a","description":"","publisher":{"@id":"https:\/\/www.karinibutiik.ee\/#organization"},"potentialAction":[{"@type":"SearchAction","target":{"@type":"EntryPoint","urlTemplate":"https:\/\/www.karinibutiik.ee\/?s={search_term_string}"},"query-input":{"@type":"PropertyValueSpecification","valueRequired":true,"valueName":"search_term_string"}}],"inLanguage":"ru-RU"},{"@type":"Organization","@id":"https:\/\/www.karinibutiik.ee\/#organization","name":"\u041a\u0430\u0440\u0438\u043d\u0438 \u0411\u0443\u0442\u0438\u043a","url":"https:\/\/www.karinibutiik.ee\/","logo":{"@type":"ImageObject","inLanguage":"ru-RU","@id":"https:\/\/www.karinibutiik.ee\/#\/schema\/logo\/image\/","url":"https:\/\/www.karinibutiik.ee\/wp-content\/uploads\/2024\/10\/Kuj.-K-koopia.png","contentUrl":"https:\/\/www.karinibutiik.ee\/wp-content\/uploads\/2024\/10\/Kuj.-K-koopia.png","width":500,"height":500,"caption":"Karini Butiik"},"image":{"@id":"https:\/\/www.karinibutiik.ee\/#\/schema\/logo\/image\/"},"sameAs":["https:\/\/www.facebook.com\/karinibutiik.ee","https:\/\/www.instagram.com\/karinibutiik"]}]},"og_availability":"instock","product_availability":"instock","product_retailer_item_id":"1292","product_condition":"new"},"_links":{"self":[{"href":"https:\/\/www.karinibutiik.ee\/ru\/wp-json\/wp\/v2\/product\/25200","targetHints":{"allow":["GET"]}}],"collection":[{"href":"https:\/\/www.karinibutiik.ee\/ru\/wp-json\/wp\/v2\/product"}],"about":[{"href":"https:\/\/www.karinibutiik.ee\/ru\/wp-json\/wp\/v2\/types\/product"}],"version-history":[{"count":1,"href":"https:\/\/www.karinibutiik.ee\/ru\/wp-json\/wp\/v2\/product\/25200\/revisions"}],"predecessor-version":[{"id":25203,"href":"https:\/\/www.karinibutiik.ee\/ru\/wp-json\/wp\/v2\/product\/25200\/revisions\/25203"}],"wp:featuredmedia":[{"embeddable":true,"href":"https:\/\/www.karinibutiik.ee\/ru\/wp-json\/wp\/v2\/media\/25193"}],"wp:attachment":[{"href":"https:\/\/www.karinibutiik.ee\/ru\/wp-json\/wp\/v2\/media?parent=25200"}],"wp:term":[{"taxonomy":"product_brand","embeddable":true,"href":"https:\/\/www.karinibutiik.ee\/ru\/wp-json\/wp\/v2\/product_brand?post=25200"},{"taxonomy":"product_cat","embeddable":true,"href":"https:\/\/www.karinibutiik.ee\/ru\/wp-json\/wp\/v2\/product_cat?post=25200"},{"taxonomy":"product_tag","embeddable":true,"href":"https:\/\/www.karinibutiik.ee\/ru\/wp-json\/wp\/v2\/product_tag?post=25200"}],"curies":[{"name":"wp","href":"https:\/\/api.w.org\/{rel}","templated":true}]}}