{"id":25208,"date":"2025-11-21T16:12:00","date_gmt":"2025-11-21T14:12:00","guid":{"rendered":"https:\/\/www.karinibutiik.ee\/?post_type=product&#038;p=25208"},"modified":"2026-01-12T13:32:41","modified_gmt":"2026-01-12T11:32:41","slug":"litterpuksid-pehmel-kangal","status":"publish","type":"product","link":"https:\/\/www.karinibutiik.ee\/ru\/%d0%bf%d1%80%d0%be%d0%b4%d1%83%d0%ba%d1%82\/litterpuksid-pehmel-kangal\/","title":{"rendered":"Litterp\u00fcksid pehmel kangal"},"content":{"rendered":"<p data-start=\"252\" data-end=\"768\">Mugavuse ja s\u00e4ra ideaalne kooslus! Need universaalsuuruses litterp\u00fcksid on valmistatud pehmest ja mugavast kangast, mis tagab kauni langemise ja k\u00f5rge kandmismugavuse. Sisevoodriga. P\u00fckste disainis m\u00e4ngivad peaosa sillerdavad litrid, mis loovad efektse, ent klassikalise v\u00e4limuse.<br data-start=\"524\" data-end=\"527\" \/>V\u00f6\u00f6kohal on lai ja veniv kumm, mis sobitub mugavalt erinevatele kehavormidele. Mudel on saadaval kahes elegantsetes toonis: must ja tumepruun.<br data-start=\"681\" data-end=\"684\" \/>M\u00f5\u00f5dud: \u00fcldpikkus 110 cm, sises\u00e4\u00e4re pikkus 77 cm, v\u00f6\u00f6\u00fcmberm\u00f5\u00f5t 68\u201390 cm.<\/p>\n<p data-start=\"770\" data-end=\"908\">Need litterp\u00fcksid on ideaalne valik pidudele, kontsertidele, p\u00fchadehooajaks v\u00f5i igaks s\u00fcndmuseks, kus soovid s\u00e4rada ja end mugavalt tunda.<\/p>","protected":false},"excerpt":{"rendered":"<p>Mugavuse ja s\u00e4ra ideaalne kooslus! Need universaalsuuruses litterp\u00fcksid on valmistatud pehmest ja mugavast kangast, mis tagab kauni langemise ja k\u00f5rge [&hellip;]<\/p>\n","protected":false},"featured_media":25206,"template":"","meta":{"site-sidebar-layout":"default","site-content-layout":"","ast-site-content-layout":"default","site-content-style":"default","site-sidebar-style":"default","ast-global-header-display":"","ast-banner-title-visibility":"","ast-main-header-display":"","ast-hfb-above-header-display":"","ast-hfb-below-header-display":"","ast-hfb-mobile-header-display":"","site-post-title":"","ast-breadcrumbs-content":"","ast-featured-img":"","footer-sml-layout":"","ast-disable-related-posts":"","theme-transparent-header-meta":"default","adv-header-id-meta":"","stick-header-meta":"default","header-above-stick-meta":"","header-main-stick-meta":"","header-below-stick-meta":"","astra-migrate-meta-layouts":"set","ast-page-background-enabled":"default","ast-page-background-meta":{"desktop":{"background-color":"var(--ast-global-color-4)","background-image":"","background-repeat":"repeat","background-position":"center center","background-size":"auto","background-attachment":"scroll","background-type":"","background-media":"","overlay-type":"","overlay-color":"","overlay-opacity":"","overlay-gradient":""},"tablet":{"background-color":"","background-image":"","background-repeat":"repeat","background-position":"center center","background-size":"auto","background-attachment":"scroll","background-type":"","background-media":"","overlay-type":"","overlay-color":"","overlay-opacity":"","overlay-gradient":""},"mobile":{"background-color":"","background-image":"","background-repeat":"repeat","background-position":"center center","background-size":"auto","background-attachment":"scroll","background-type":"","background-media":"","overlay-type":"","overlay-color":"","overlay-opacity":"","overlay-gradient":""}},"ast-content-background-meta":{"desktop":{"background-color":"var(--ast-global-color-5)","background-image":"","background-repeat":"repeat","background-position":"center center","background-size":"auto","background-attachment":"scroll","background-type":"","background-media":"","overlay-type":"","overlay-color":"","overlay-opacity":"","overlay-gradient":""},"tablet":{"background-color":"var(--ast-global-color-5)","background-image":"","background-repeat":"repeat","background-position":"center center","background-size":"auto","background-attachment":"scroll","background-type":"","background-media":"","overlay-type":"","overlay-color":"","overlay-opacity":"","overlay-gradient":""},"mobile":{"background-color":"var(--ast-global-color-5)","background-image":"","background-repeat":"repeat","background-position":"center center","background-size":"auto","background-attachment":"scroll","background-type":"","background-media":"","overlay-type":"","overlay-color":"","overlay-opacity":"","overlay-gradient":""}}},"product_brand":[],"product_cat":[367,346,384,351],"product_tag":[2280,601,2276,2274,2273,2086,2278,921,736,2277,2281,2275,2279],"class_list":{"0":"post-25208","1":"product","2":"type-product","3":"status-publish","4":"has-post-thumbnail","6":"product_cat-allahindlus","7":"product_cat-naised","8":"product_cat-seelikud","9":"product_cat-uued-tooted","10":"product_tag-kummiga-vooga-puksid","11":"product_tag-litterpuksid","12":"product_tag-mustad-litterpuksid","13":"product_tag-naiste-litterpuksid","14":"product_tag-naistemood","15":"product_tag-ohtune-outfit","16":"product_tag-pehmel-kangal-puksid","17":"product_tag-pidulik-riietus","18":"product_tag-pidulikud-puksid","19":"product_tag-pruunid-litterpuksid","20":"product_tag-puhaderiided","21":"product_tag-sadelevad-puksid","22":"product_tag-universaalsuuruses-puksid","23":"desktop-align-center","24":"tablet-align-center","25":"mobile-align-center","26":"ast-product-gallery-layout-horizontal-slider","27":"ast-product-single-variable","28":"ast-product-tabs-layout-horizontal","30":"first","31":"instock","32":"sale","33":"taxable","34":"shipping-taxable","35":"purchasable","36":"product-type-variable"},"supplier_id":null,"supplier_sku":"","barcode":null,"atum_controlled":true,"out_stock_date":null,"out_stock_threshold":null,"inheritable":true,"inbound_stock":null,"stock_on_hold":0,"sold_today":0,"sales_last_days":0,"reserved_stock":0,"customer_returns":null,"warehouse_damage":0,"lost_in_post":null,"other_logs":0,"out_stock_days":0,"lost_sales":0,"has_location":false,"update_date":"2025-12-27T09:58:24","atum_locations":[],"atum_stock_status":"instock","restock_status":false,"low_stock_amount":"","sales_update_date":"2025-12-04T01:26:25","calc_backorders":null,"yoast_head":"<!-- This site is optimized with the Yoast SEO plugin v26.9 - https:\/\/yoast.com\/product\/yoast-seo-wordpress\/ -->\n<title>Litterp\u00fcksid pehmel kangal - Karini Butiik<\/title>\n<meta name=\"description\" content=\"Universaalsuuruses litterp\u00fcksid pehmel kangal. Lai kummiga v\u00f6\u00f6, \u00fcldpikkus 110 cm. Must ja tumepruun toon. Mugavad ja elegantsed pidulikud p\u00fcksid.\" \/>\n<meta name=\"robots\" content=\"index, follow, max-snippet:-1, max-image-preview:large, max-video-preview:-1\" \/>\n<link rel=\"canonical\" href=\"https:\/\/www.karinibutiik.ee\/ru\/\u043f\u0440\u043e\u0434\u0443\u043a\u0442\/litterpuksid-pehmel-kangal\/\" \/>\n<meta property=\"og:locale\" content=\"ru_RU\" \/>\n<meta property=\"og:type\" content=\"article\" \/>\n<meta property=\"og:title\" content=\"Litterp\u00fcksid pehmel kangal - Karini Butiik\" \/>\n<meta property=\"og:description\" content=\"Universaalsuuruses litterp\u00fcksid pehmel kangal. Lai kummiga v\u00f6\u00f6, \u00fcldpikkus 110 cm. Must ja tumepruun toon. Mugavad ja elegantsed pidulikud p\u00fcksid.\" \/>\n<meta property=\"og:url\" content=\"https:\/\/www.karinibutiik.ee\/ru\/\u043f\u0440\u043e\u0434\u0443\u043a\u0442\/litterpuksid-pehmel-kangal\/\" \/>\n<meta property=\"og:site_name\" content=\"Karini Butiik\" \/>\n<meta property=\"article:publisher\" content=\"https:\/\/www.facebook.com\/karinibutiik.ee\" \/>\n<meta property=\"article:modified_time\" content=\"2026-01-12T11:32:41+00:00\" \/>\n<meta property=\"og:image\" content=\"https:\/\/www.karinibutiik.ee\/wp-content\/uploads\/2025\/11\/7CBE085A-32CF-47A3-914F-532D64DBCC8E-scaled.jpeg\" \/>\n\t<meta property=\"og:image:width\" content=\"1842\" \/>\n\t<meta property=\"og:image:height\" content=\"2560\" \/>\n\t<meta property=\"og:image:type\" content=\"image\/jpeg\" \/>\n<meta name=\"twitter:card\" content=\"summary_large_image\" \/>\n<meta name=\"twitter:label1\" content=\"\u0414\u043e\u0441\u0442\u0443\u043f\u043d\u043e\u0441\u0442\u044c\" \/>\n\t<meta name=\"twitter:data1\" content=\"\u0412 \u043d\u0430\u043b\u0438\u0447\u0438\u0438\" \/>\n<script type=\"application\/ld+json\" class=\"yoast-schema-graph\">{\"@context\":\"https:\/\/schema.org\",\"@graph\":[{\"@type\":\"WebPage\",\"@id\":\"https:\/\/www.karinibutiik.ee\/toode\/litterpuksid-pehmel-kangal\/\",\"url\":\"https:\/\/www.karinibutiik.ee\/toode\/litterpuksid-pehmel-kangal\/\",\"name\":\"Litterp\u00fcksid pehmel kangal - Karini Butiik\",\"isPartOf\":{\"@id\":\"https:\/\/www.karinibutiik.ee\/#website\"},\"primaryImageOfPage\":{\"@id\":\"https:\/\/www.karinibutiik.ee\/toode\/litterpuksid-pehmel-kangal\/#primaryimage\"},\"image\":{\"@id\":\"https:\/\/www.karinibutiik.ee\/toode\/litterpuksid-pehmel-kangal\/#primaryimage\"},\"thumbnailUrl\":\"https:\/\/www.karinibutiik.ee\/wp-content\/uploads\/2025\/11\/7CBE085A-32CF-47A3-914F-532D64DBCC8E-scaled.jpeg\",\"datePublished\":\"2025-11-21T14:12:00+00:00\",\"dateModified\":\"2026-01-12T11:32:41+00:00\",\"description\":\"Universaalsuuruses litterp\u00fcksid pehmel kangal. Lai kummiga v\u00f6\u00f6, \u00fcldpikkus 110 cm. Must ja tumepruun toon. Mugavad ja elegantsed pidulikud p\u00fcksid.\",\"breadcrumb\":{\"@id\":\"https:\/\/www.karinibutiik.ee\/toode\/litterpuksid-pehmel-kangal\/#breadcrumb\"},\"inLanguage\":\"ru-RU\",\"potentialAction\":[{\"@type\":\"ReadAction\",\"target\":[\"https:\/\/www.karinibutiik.ee\/toode\/litterpuksid-pehmel-kangal\/\"]}]},{\"@type\":\"ImageObject\",\"inLanguage\":\"ru-RU\",\"@id\":\"https:\/\/www.karinibutiik.ee\/toode\/litterpuksid-pehmel-kangal\/#primaryimage\",\"url\":\"https:\/\/www.karinibutiik.ee\/wp-content\/uploads\/2025\/11\/7CBE085A-32CF-47A3-914F-532D64DBCC8E-scaled.jpeg\",\"contentUrl\":\"https:\/\/www.karinibutiik.ee\/wp-content\/uploads\/2025\/11\/7CBE085A-32CF-47A3-914F-532D64DBCC8E-scaled.jpeg\",\"width\":1842,\"height\":2560,\"caption\":\"Pehmel kangal litritega kaetud p\u00fcksid\"},{\"@type\":\"BreadcrumbList\",\"@id\":\"https:\/\/www.karinibutiik.ee\/toode\/litterpuksid-pehmel-kangal\/#breadcrumb\",\"itemListElement\":[{\"@type\":\"ListItem\",\"position\":1,\"name\":\"Home\",\"item\":\"https:\/\/www.karinibutiik.ee\/\"},{\"@type\":\"ListItem\",\"position\":2,\"name\":\"Pood\",\"item\":\"https:\/\/www.karinibutiik.ee\/pood\/\"},{\"@type\":\"ListItem\",\"position\":3,\"name\":\"Litterp\u00fcksid pehmel kangal\"}]},{\"@type\":\"WebSite\",\"@id\":\"https:\/\/www.karinibutiik.ee\/#website\",\"url\":\"https:\/\/www.karinibutiik.ee\/\",\"name\":\"Karini Butiik\",\"description\":\"\",\"publisher\":{\"@id\":\"https:\/\/www.karinibutiik.ee\/#organization\"},\"potentialAction\":[{\"@type\":\"SearchAction\",\"target\":{\"@type\":\"EntryPoint\",\"urlTemplate\":\"https:\/\/www.karinibutiik.ee\/?s={search_term_string}\"},\"query-input\":{\"@type\":\"PropertyValueSpecification\",\"valueRequired\":true,\"valueName\":\"search_term_string\"}}],\"inLanguage\":\"ru-RU\"},{\"@type\":\"Organization\",\"@id\":\"https:\/\/www.karinibutiik.ee\/#organization\",\"name\":\"Karini Butiik\",\"url\":\"https:\/\/www.karinibutiik.ee\/\",\"logo\":{\"@type\":\"ImageObject\",\"inLanguage\":\"ru-RU\",\"@id\":\"https:\/\/www.karinibutiik.ee\/#\/schema\/logo\/image\/\",\"url\":\"https:\/\/www.karinibutiik.ee\/wp-content\/uploads\/2024\/10\/Kuj.-K-koopia.png\",\"contentUrl\":\"https:\/\/www.karinibutiik.ee\/wp-content\/uploads\/2024\/10\/Kuj.-K-koopia.png\",\"width\":500,\"height\":500,\"caption\":\"Karini Butiik\"},\"image\":{\"@id\":\"https:\/\/www.karinibutiik.ee\/#\/schema\/logo\/image\/\"},\"sameAs\":[\"https:\/\/www.facebook.com\/karinibutiik.ee\",\"https:\/\/www.instagram.com\/karinibutiik\"]}]}<\/script>\n<meta property=\"og:availability\" content=\"instock\" \/>\n<meta property=\"product:availability\" content=\"instock\" \/>\n<meta property=\"product:retailer_item_id\" content=\"4101\" \/>\n<meta property=\"product:condition\" content=\"new\" \/>\n<!-- \/ Yoast SEO plugin. -->","yoast_head_json":{"title":"Litterp\u00fcksid pehmel kangal - Karini Butiik","description":"Universaalsuuruses litterp\u00fcksid pehmel kangal. Lai kummiga v\u00f6\u00f6, \u00fcldpikkus 110 cm. Must ja tumepruun toon. Mugavad ja elegantsed pidulikud p\u00fcksid.","robots":{"index":"index","follow":"follow","max-snippet":"max-snippet:-1","max-image-preview":"max-image-preview:large","max-video-preview":"max-video-preview:-1"},"canonical":"https:\/\/www.karinibutiik.ee\/ru\/\u043f\u0440\u043e\u0434\u0443\u043a\u0442\/litterpuksid-pehmel-kangal\/","og_locale":"ru_RU","og_type":"article","og_title":"Litterp\u00fcksid pehmel kangal - Karini Butiik","og_description":"Universaalsuuruses litterp\u00fcksid pehmel kangal. Lai kummiga v\u00f6\u00f6, \u00fcldpikkus 110 cm. Must ja tumepruun toon. Mugavad ja elegantsed pidulikud p\u00fcksid.","og_url":"https:\/\/www.karinibutiik.ee\/ru\/\u043f\u0440\u043e\u0434\u0443\u043a\u0442\/litterpuksid-pehmel-kangal\/","og_site_name":"Karini Butiik","article_publisher":"https:\/\/www.facebook.com\/karinibutiik.ee","article_modified_time":"2026-01-12T11:32:41+00:00","og_image":[{"width":1842,"height":2560,"url":"https:\/\/www.karinibutiik.ee\/wp-content\/uploads\/2025\/11\/7CBE085A-32CF-47A3-914F-532D64DBCC8E-scaled.jpeg","type":"image\/jpeg"}],"twitter_card":"summary_large_image","twitter_misc":{"\u0414\u043e\u0441\u0442\u0443\u043f\u043d\u043e\u0441\u0442\u044c":"\u0412 \u043d\u0430\u043b\u0438\u0447\u0438\u0438"},"schema":{"@context":"https:\/\/schema.org","@graph":[{"@type":"WebPage","@id":"https:\/\/www.karinibutiik.ee\/toode\/litterpuksid-pehmel-kangal\/","url":"https:\/\/www.karinibutiik.ee\/toode\/litterpuksid-pehmel-kangal\/","name":"Litterp\u00fcksid pehmel kangal - Karini Butiik","isPartOf":{"@id":"https:\/\/www.karinibutiik.ee\/#website"},"primaryImageOfPage":{"@id":"https:\/\/www.karinibutiik.ee\/toode\/litterpuksid-pehmel-kangal\/#primaryimage"},"image":{"@id":"https:\/\/www.karinibutiik.ee\/toode\/litterpuksid-pehmel-kangal\/#primaryimage"},"thumbnailUrl":"https:\/\/www.karinibutiik.ee\/wp-content\/uploads\/2025\/11\/7CBE085A-32CF-47A3-914F-532D64DBCC8E-scaled.jpeg","datePublished":"2025-11-21T14:12:00+00:00","dateModified":"2026-01-12T11:32:41+00:00","description":"Universaalsuuruses litterp\u00fcksid pehmel kangal. Lai kummiga v\u00f6\u00f6, \u00fcldpikkus 110 cm. Must ja tumepruun toon. Mugavad ja elegantsed pidulikud p\u00fcksid.","breadcrumb":{"@id":"https:\/\/www.karinibutiik.ee\/toode\/litterpuksid-pehmel-kangal\/#breadcrumb"},"inLanguage":"ru-RU","potentialAction":[{"@type":"ReadAction","target":["https:\/\/www.karinibutiik.ee\/toode\/litterpuksid-pehmel-kangal\/"]}]},{"@type":"ImageObject","inLanguage":"ru-RU","@id":"https:\/\/www.karinibutiik.ee\/toode\/litterpuksid-pehmel-kangal\/#primaryimage","url":"https:\/\/www.karinibutiik.ee\/wp-content\/uploads\/2025\/11\/7CBE085A-32CF-47A3-914F-532D64DBCC8E-scaled.jpeg","contentUrl":"https:\/\/www.karinibutiik.ee\/wp-content\/uploads\/2025\/11\/7CBE085A-32CF-47A3-914F-532D64DBCC8E-scaled.jpeg","width":1842,"height":2560,"caption":"Pehmel kangal litritega kaetud p\u00fcksid"},{"@type":"BreadcrumbList","@id":"https:\/\/www.karinibutiik.ee\/toode\/litterpuksid-pehmel-kangal\/#breadcrumb","itemListElement":[{"@type":"ListItem","position":1,"name":"Home","item":"https:\/\/www.karinibutiik.ee\/"},{"@type":"ListItem","position":2,"name":"Pood","item":"https:\/\/www.karinibutiik.ee\/pood\/"},{"@type":"ListItem","position":3,"name":"Litterp\u00fcksid pehmel kangal"}]},{"@type":"WebSite","@id":"https:\/\/www.karinibutiik.ee\/#website","url":"https:\/\/www.karinibutiik.ee\/","name":"\u041a\u0430\u0440\u0438\u043d\u0438 \u0411\u0443\u0442\u0438\u043a","description":"","publisher":{"@id":"https:\/\/www.karinibutiik.ee\/#organization"},"potentialAction":[{"@type":"SearchAction","target":{"@type":"EntryPoint","urlTemplate":"https:\/\/www.karinibutiik.ee\/?s={search_term_string}"},"query-input":{"@type":"PropertyValueSpecification","valueRequired":true,"valueName":"search_term_string"}}],"inLanguage":"ru-RU"},{"@type":"Organization","@id":"https:\/\/www.karinibutiik.ee\/#organization","name":"\u041a\u0430\u0440\u0438\u043d\u0438 \u0411\u0443\u0442\u0438\u043a","url":"https:\/\/www.karinibutiik.ee\/","logo":{"@type":"ImageObject","inLanguage":"ru-RU","@id":"https:\/\/www.karinibutiik.ee\/#\/schema\/logo\/image\/","url":"https:\/\/www.karinibutiik.ee\/wp-content\/uploads\/2024\/10\/Kuj.-K-koopia.png","contentUrl":"https:\/\/www.karinibutiik.ee\/wp-content\/uploads\/2024\/10\/Kuj.-K-koopia.png","width":500,"height":500,"caption":"Karini Butiik"},"image":{"@id":"https:\/\/www.karinibutiik.ee\/#\/schema\/logo\/image\/"},"sameAs":["https:\/\/www.facebook.com\/karinibutiik.ee","https:\/\/www.instagram.com\/karinibutiik"]}]},"og_availability":"instock","product_availability":"instock","product_retailer_item_id":"4101","product_condition":"new"},"_links":{"self":[{"href":"https:\/\/www.karinibutiik.ee\/ru\/wp-json\/wp\/v2\/product\/25208","targetHints":{"allow":["GET"]}}],"collection":[{"href":"https:\/\/www.karinibutiik.ee\/ru\/wp-json\/wp\/v2\/product"}],"about":[{"href":"https:\/\/www.karinibutiik.ee\/ru\/wp-json\/wp\/v2\/types\/product"}],"version-history":[{"count":1,"href":"https:\/\/www.karinibutiik.ee\/ru\/wp-json\/wp\/v2\/product\/25208\/revisions"}],"predecessor-version":[{"id":25211,"href":"https:\/\/www.karinibutiik.ee\/ru\/wp-json\/wp\/v2\/product\/25208\/revisions\/25211"}],"wp:featuredmedia":[{"embeddable":true,"href":"https:\/\/www.karinibutiik.ee\/ru\/wp-json\/wp\/v2\/media\/25206"}],"wp:attachment":[{"href":"https:\/\/www.karinibutiik.ee\/ru\/wp-json\/wp\/v2\/media?parent=25208"}],"wp:term":[{"taxonomy":"product_brand","embeddable":true,"href":"https:\/\/www.karinibutiik.ee\/ru\/wp-json\/wp\/v2\/product_brand?post=25208"},{"taxonomy":"product_cat","embeddable":true,"href":"https:\/\/www.karinibutiik.ee\/ru\/wp-json\/wp\/v2\/product_cat?post=25208"},{"taxonomy":"product_tag","embeddable":true,"href":"https:\/\/www.karinibutiik.ee\/ru\/wp-json\/wp\/v2\/product_tag?post=25208"}],"curies":[{"name":"wp","href":"https:\/\/api.w.org\/{rel}","templated":true}]}}