{"id":25650,"date":"2025-12-15T11:16:44","date_gmt":"2025-12-15T09:16:44","guid":{"rendered":"https:\/\/www.karinibutiik.ee\/?post_type=product&#038;p=25650"},"modified":"2026-04-06T14:14:46","modified_gmt":"2026-04-06T11:14:46","slug":"elegantne-sifoonkangast-maksikleit-asumeetrilise-seelikuosaga","status":"publish","type":"product","link":"https:\/\/www.karinibutiik.ee\/ru\/%d0%bf%d1%80%d0%be%d0%b4%d1%83%d0%ba%d1%82\/elegantne-sifoonkangast-maksikleit-asumeetrilise-seelikuosaga\/","title":{"rendered":"Elegantne sifoonkangast maksikleit as\u00fcmeetrilise seelikuosaga"},"content":{"rendered":"<p>Stiilne ja naiselik sifoonkleit, mis sobib ideaalselt nii pidulikeks s\u00fcndmusteks kui ka elegantseks \u00f5htuseks kandmiseks. Kerge ja langev sifoonkangas loob kauni liikumise, samas kui as\u00fcmeetriline seeliku alaserv lisab modernset iseloomu. Kolmveerand varrukad ja maitsekas V-kaelus r\u00f5hutavad figuuri ning tagavad mugava kandmiskogemuse. Ajatu v\u00e4rvivalik \u2013 must ja pruun \u2013 teeb sellest kleidist kindla valiku igasse garderoobi. Saadaval laias suurustevalikus S\u20136XL, et iga naine leiaks endale sobiva istuvuse.<\/p>","protected":false},"excerpt":{"rendered":"<p>Stiilne ja naiselik sifoonkleit, mis sobib ideaalselt nii pidulikeks s\u00fcndmusteks kui ka elegantseks \u00f5htuseks kandmiseks. Kerge ja langev sifoonkangas loob [&hellip;]<\/p>\n","protected":false},"featured_media":25649,"template":"","meta":{"site-sidebar-layout":"default","site-content-layout":"","ast-site-content-layout":"default","site-content-style":"default","site-sidebar-style":"default","ast-global-header-display":"","ast-banner-title-visibility":"","ast-main-header-display":"","ast-hfb-above-header-display":"","ast-hfb-below-header-display":"","ast-hfb-mobile-header-display":"","site-post-title":"","ast-breadcrumbs-content":"","ast-featured-img":"","footer-sml-layout":"","ast-disable-related-posts":"","theme-transparent-header-meta":"default","adv-header-id-meta":"","stick-header-meta":"default","header-above-stick-meta":"","header-main-stick-meta":"","header-below-stick-meta":"","astra-migrate-meta-layouts":"set","ast-page-background-enabled":"default","ast-page-background-meta":{"desktop":{"background-color":"var(--ast-global-color-4)","background-image":"","background-repeat":"repeat","background-position":"center center","background-size":"auto","background-attachment":"scroll","background-type":"","background-media":"","overlay-type":"","overlay-color":"","overlay-opacity":"","overlay-gradient":""},"tablet":{"background-color":"","background-image":"","background-repeat":"repeat","background-position":"center center","background-size":"auto","background-attachment":"scroll","background-type":"","background-media":"","overlay-type":"","overlay-color":"","overlay-opacity":"","overlay-gradient":""},"mobile":{"background-color":"","background-image":"","background-repeat":"repeat","background-position":"center center","background-size":"auto","background-attachment":"scroll","background-type":"","background-media":"","overlay-type":"","overlay-color":"","overlay-opacity":"","overlay-gradient":""}},"ast-content-background-meta":{"desktop":{"background-color":"var(--ast-global-color-5)","background-image":"","background-repeat":"repeat","background-position":"center center","background-size":"auto","background-attachment":"scroll","background-type":"","background-media":"","overlay-type":"","overlay-color":"","overlay-opacity":"","overlay-gradient":""},"tablet":{"background-color":"var(--ast-global-color-5)","background-image":"","background-repeat":"repeat","background-position":"center center","background-size":"auto","background-attachment":"scroll","background-type":"","background-media":"","overlay-type":"","overlay-color":"","overlay-opacity":"","overlay-gradient":""},"mobile":{"background-color":"var(--ast-global-color-5)","background-image":"","background-repeat":"repeat","background-position":"center center","background-size":"auto","background-attachment":"scroll","background-type":"","background-media":"","overlay-type":"","overlay-color":"","overlay-opacity":"","overlay-gradient":""}}},"product_brand":[],"product_cat":[346,357,348,351],"product_tag":[2381,2385,1169,501,2382,507,1593,738,2383,1779,2384,2380,656],"class_list":{"0":"post-25650","1":"product","2":"type-product","3":"status-publish","4":"has-post-thumbnail","6":"product_cat-naised","7":"product_cat-maksikleidid","8":"product_cat-lopukleidid","9":"product_cat-uued-tooted","10":"product_tag-asumeetriline-kleit","11":"product_tag-e-pood","12":"product_tag-elegantne-kleit","13":"product_tag-karini-butiik","14":"product_tag-kolmveerand-varrukatega-kleit","15":"product_tag-must-kleit","16":"product_tag-naiste-kleit","17":"product_tag-pidulik-kleit","18":"product_tag-pluss-suurused","19":"product_tag-pruun-kleit","20":"product_tag-s-6xl","21":"product_tag-sifoonkleit","22":"product_tag-suured-suurused","23":"desktop-align-center","24":"tablet-align-center","25":"mobile-align-center","26":"ast-product-gallery-layout-horizontal-slider","27":"ast-product-single-variable","28":"ast-product-tabs-layout-horizontal","30":"first","31":"instock","32":"taxable","33":"shipping-taxable","34":"purchasable","35":"product-type-variable"},"supplier_id":null,"supplier_sku":"","barcode":null,"atum_controlled":true,"out_stock_date":null,"out_stock_threshold":null,"inheritable":true,"inbound_stock":null,"stock_on_hold":0,"sold_today":null,"sales_last_days":null,"reserved_stock":0,"customer_returns":null,"warehouse_damage":0,"lost_in_post":null,"other_logs":0,"out_stock_days":null,"lost_sales":null,"has_location":false,"update_date":"2025-12-15T09:16:59","atum_locations":[],"atum_stock_status":"instock","restock_status":false,"low_stock_amount":"","sales_update_date":null,"calc_backorders":null,"yoast_head":"<!-- This site is optimized with the Yoast SEO plugin v26.9 - https:\/\/yoast.com\/product\/yoast-seo-wordpress\/ -->\n<title>Elegantne sifoonkangast maksikleit as\u00fcmeetrilise seelikuosaga - Karini Butiik<\/title>\n<meta name=\"description\" content=\"Elegantne sifoonkleit as\u00fcmeetrilise seelikuosaga. Kolmveerand varrukad, must ja pruun toon. Suurused S\u20136XL. Karini Butiik e-pood.\" \/>\n<meta name=\"robots\" content=\"index, follow, max-snippet:-1, max-image-preview:large, max-video-preview:-1\" \/>\n<link rel=\"canonical\" href=\"https:\/\/www.karinibutiik.ee\/ru\/\u043f\u0440\u043e\u0434\u0443\u043a\u0442\/elegantne-sifoonkangast-maksikleit-asumeetrilise-seelikuosaga\/\" \/>\n<meta property=\"og:locale\" content=\"ru_RU\" \/>\n<meta property=\"og:type\" content=\"article\" \/>\n<meta property=\"og:title\" content=\"Elegantne sifoonkangast maksikleit as\u00fcmeetrilise seelikuosaga - Karini Butiik\" \/>\n<meta property=\"og:description\" content=\"Elegantne sifoonkleit as\u00fcmeetrilise seelikuosaga. Kolmveerand varrukad, must ja pruun toon. Suurused S\u20136XL. Karini Butiik e-pood.\" \/>\n<meta property=\"og:url\" content=\"https:\/\/www.karinibutiik.ee\/ru\/\u043f\u0440\u043e\u0434\u0443\u043a\u0442\/elegantne-sifoonkangast-maksikleit-asumeetrilise-seelikuosaga\/\" \/>\n<meta property=\"og:site_name\" content=\"Karini Butiik\" \/>\n<meta property=\"article:publisher\" content=\"https:\/\/www.facebook.com\/karinibutiik.ee\" \/>\n<meta property=\"article:modified_time\" content=\"2026-04-06T11:14:46+00:00\" \/>\n<meta property=\"og:image\" content=\"https:\/\/www.karinibutiik.ee\/wp-content\/uploads\/2025\/12\/3FCAE2D7-5DCA-4128-884C-71F5FAC1CC5F-scaled-e1765789468325.jpeg\" \/>\n\t<meta property=\"og:image:width\" content=\"1710\" \/>\n\t<meta property=\"og:image:height\" content=\"2360\" \/>\n\t<meta property=\"og:image:type\" content=\"image\/jpeg\" \/>\n<meta name=\"twitter:card\" content=\"summary_large_image\" \/>\n<meta name=\"twitter:label1\" content=\"\u0414\u043e\u0441\u0442\u0443\u043f\u043d\u043e\u0441\u0442\u044c\" \/>\n\t<meta name=\"twitter:data1\" content=\"\u0412 \u043d\u0430\u043b\u0438\u0447\u0438\u0438\" \/>\n<script type=\"application\/ld+json\" class=\"yoast-schema-graph\">{\"@context\":\"https:\/\/schema.org\",\"@graph\":[{\"@type\":\"WebPage\",\"@id\":\"https:\/\/www.karinibutiik.ee\/toode\/elegantne-sifoonkangast-maksikleit-asumeetrilise-seelikuosaga\/\",\"url\":\"https:\/\/www.karinibutiik.ee\/toode\/elegantne-sifoonkangast-maksikleit-asumeetrilise-seelikuosaga\/\",\"name\":\"Elegantne sifoonkangast maksikleit as\u00fcmeetrilise seelikuosaga - Karini Butiik\",\"isPartOf\":{\"@id\":\"https:\/\/www.karinibutiik.ee\/#website\"},\"primaryImageOfPage\":{\"@id\":\"https:\/\/www.karinibutiik.ee\/toode\/elegantne-sifoonkangast-maksikleit-asumeetrilise-seelikuosaga\/#primaryimage\"},\"image\":{\"@id\":\"https:\/\/www.karinibutiik.ee\/toode\/elegantne-sifoonkangast-maksikleit-asumeetrilise-seelikuosaga\/#primaryimage\"},\"thumbnailUrl\":\"https:\/\/www.karinibutiik.ee\/wp-content\/uploads\/2025\/12\/3FCAE2D7-5DCA-4128-884C-71F5FAC1CC5F-scaled-e1765789468325.jpeg\",\"datePublished\":\"2025-12-15T09:16:44+00:00\",\"dateModified\":\"2026-04-06T11:14:46+00:00\",\"description\":\"Elegantne sifoonkleit as\u00fcmeetrilise seelikuosaga. Kolmveerand varrukad, must ja pruun toon. Suurused S\u20136XL. Karini Butiik e-pood.\",\"breadcrumb\":{\"@id\":\"https:\/\/www.karinibutiik.ee\/toode\/elegantne-sifoonkangast-maksikleit-asumeetrilise-seelikuosaga\/#breadcrumb\"},\"inLanguage\":\"ru-RU\",\"potentialAction\":[{\"@type\":\"ReadAction\",\"target\":[\"https:\/\/www.karinibutiik.ee\/toode\/elegantne-sifoonkangast-maksikleit-asumeetrilise-seelikuosaga\/\"]}]},{\"@type\":\"ImageObject\",\"inLanguage\":\"ru-RU\",\"@id\":\"https:\/\/www.karinibutiik.ee\/toode\/elegantne-sifoonkangast-maksikleit-asumeetrilise-seelikuosaga\/#primaryimage\",\"url\":\"https:\/\/www.karinibutiik.ee\/wp-content\/uploads\/2025\/12\/3FCAE2D7-5DCA-4128-884C-71F5FAC1CC5F-scaled-e1765789468325.jpeg\",\"contentUrl\":\"https:\/\/www.karinibutiik.ee\/wp-content\/uploads\/2025\/12\/3FCAE2D7-5DCA-4128-884C-71F5FAC1CC5F-scaled-e1765789468325.jpeg\",\"width\":1710,\"height\":2360,\"caption\":\"Must sifoonkangast maksikleit kolmveerand varrukatega\"},{\"@type\":\"BreadcrumbList\",\"@id\":\"https:\/\/www.karinibutiik.ee\/toode\/elegantne-sifoonkangast-maksikleit-asumeetrilise-seelikuosaga\/#breadcrumb\",\"itemListElement\":[{\"@type\":\"ListItem\",\"position\":1,\"name\":\"Home\",\"item\":\"https:\/\/www.karinibutiik.ee\/\"},{\"@type\":\"ListItem\",\"position\":2,\"name\":\"Pood\",\"item\":\"https:\/\/www.karinibutiik.ee\/pood\/\"},{\"@type\":\"ListItem\",\"position\":3,\"name\":\"Elegantne sifoonkangast maksikleit as\u00fcmeetrilise seelikuosaga\"}]},{\"@type\":\"WebSite\",\"@id\":\"https:\/\/www.karinibutiik.ee\/#website\",\"url\":\"https:\/\/www.karinibutiik.ee\/\",\"name\":\"Karini Butiik\",\"description\":\"\",\"publisher\":{\"@id\":\"https:\/\/www.karinibutiik.ee\/#organization\"},\"potentialAction\":[{\"@type\":\"SearchAction\",\"target\":{\"@type\":\"EntryPoint\",\"urlTemplate\":\"https:\/\/www.karinibutiik.ee\/?s={search_term_string}\"},\"query-input\":{\"@type\":\"PropertyValueSpecification\",\"valueRequired\":true,\"valueName\":\"search_term_string\"}}],\"inLanguage\":\"ru-RU\"},{\"@type\":\"Organization\",\"@id\":\"https:\/\/www.karinibutiik.ee\/#organization\",\"name\":\"Karini Butiik\",\"url\":\"https:\/\/www.karinibutiik.ee\/\",\"logo\":{\"@type\":\"ImageObject\",\"inLanguage\":\"ru-RU\",\"@id\":\"https:\/\/www.karinibutiik.ee\/#\/schema\/logo\/image\/\",\"url\":\"https:\/\/www.karinibutiik.ee\/wp-content\/uploads\/2024\/10\/Kuj.-K-koopia.png\",\"contentUrl\":\"https:\/\/www.karinibutiik.ee\/wp-content\/uploads\/2024\/10\/Kuj.-K-koopia.png\",\"width\":500,\"height\":500,\"caption\":\"Karini Butiik\"},\"image\":{\"@id\":\"https:\/\/www.karinibutiik.ee\/#\/schema\/logo\/image\/\"},\"sameAs\":[\"https:\/\/www.facebook.com\/karinibutiik.ee\",\"https:\/\/www.instagram.com\/karinibutiik\"]}]}<\/script>\n<meta property=\"og:availability\" content=\"instock\" \/>\n<meta property=\"product:availability\" content=\"instock\" \/>\n<meta property=\"product:retailer_item_id\" content=\"3792\" \/>\n<meta property=\"product:condition\" content=\"new\" \/>\n<!-- \/ Yoast SEO plugin. -->","yoast_head_json":{"title":"Elegantne sifoonkangast maksikleit as\u00fcmeetrilise seelikuosaga - Karini Butiik","description":"Elegantne sifoonkleit as\u00fcmeetrilise seelikuosaga. Kolmveerand varrukad, must ja pruun toon. Suurused S\u20136XL. Karini Butiik e-pood.","robots":{"index":"index","follow":"follow","max-snippet":"max-snippet:-1","max-image-preview":"max-image-preview:large","max-video-preview":"max-video-preview:-1"},"canonical":"https:\/\/www.karinibutiik.ee\/ru\/\u043f\u0440\u043e\u0434\u0443\u043a\u0442\/elegantne-sifoonkangast-maksikleit-asumeetrilise-seelikuosaga\/","og_locale":"ru_RU","og_type":"article","og_title":"Elegantne sifoonkangast maksikleit as\u00fcmeetrilise seelikuosaga - Karini Butiik","og_description":"Elegantne sifoonkleit as\u00fcmeetrilise seelikuosaga. Kolmveerand varrukad, must ja pruun toon. Suurused S\u20136XL. Karini Butiik e-pood.","og_url":"https:\/\/www.karinibutiik.ee\/ru\/\u043f\u0440\u043e\u0434\u0443\u043a\u0442\/elegantne-sifoonkangast-maksikleit-asumeetrilise-seelikuosaga\/","og_site_name":"Karini Butiik","article_publisher":"https:\/\/www.facebook.com\/karinibutiik.ee","article_modified_time":"2026-04-06T11:14:46+00:00","og_image":[{"width":1710,"height":2360,"url":"https:\/\/www.karinibutiik.ee\/wp-content\/uploads\/2025\/12\/3FCAE2D7-5DCA-4128-884C-71F5FAC1CC5F-scaled-e1765789468325.jpeg","type":"image\/jpeg"}],"twitter_card":"summary_large_image","twitter_misc":{"\u0414\u043e\u0441\u0442\u0443\u043f\u043d\u043e\u0441\u0442\u044c":"\u0412 \u043d\u0430\u043b\u0438\u0447\u0438\u0438"},"schema":{"@context":"https:\/\/schema.org","@graph":[{"@type":"WebPage","@id":"https:\/\/www.karinibutiik.ee\/toode\/elegantne-sifoonkangast-maksikleit-asumeetrilise-seelikuosaga\/","url":"https:\/\/www.karinibutiik.ee\/toode\/elegantne-sifoonkangast-maksikleit-asumeetrilise-seelikuosaga\/","name":"Elegantne sifoonkangast maksikleit as\u00fcmeetrilise seelikuosaga - Karini Butiik","isPartOf":{"@id":"https:\/\/www.karinibutiik.ee\/#website"},"primaryImageOfPage":{"@id":"https:\/\/www.karinibutiik.ee\/toode\/elegantne-sifoonkangast-maksikleit-asumeetrilise-seelikuosaga\/#primaryimage"},"image":{"@id":"https:\/\/www.karinibutiik.ee\/toode\/elegantne-sifoonkangast-maksikleit-asumeetrilise-seelikuosaga\/#primaryimage"},"thumbnailUrl":"https:\/\/www.karinibutiik.ee\/wp-content\/uploads\/2025\/12\/3FCAE2D7-5DCA-4128-884C-71F5FAC1CC5F-scaled-e1765789468325.jpeg","datePublished":"2025-12-15T09:16:44+00:00","dateModified":"2026-04-06T11:14:46+00:00","description":"Elegantne sifoonkleit as\u00fcmeetrilise seelikuosaga. Kolmveerand varrukad, must ja pruun toon. Suurused S\u20136XL. Karini Butiik e-pood.","breadcrumb":{"@id":"https:\/\/www.karinibutiik.ee\/toode\/elegantne-sifoonkangast-maksikleit-asumeetrilise-seelikuosaga\/#breadcrumb"},"inLanguage":"ru-RU","potentialAction":[{"@type":"ReadAction","target":["https:\/\/www.karinibutiik.ee\/toode\/elegantne-sifoonkangast-maksikleit-asumeetrilise-seelikuosaga\/"]}]},{"@type":"ImageObject","inLanguage":"ru-RU","@id":"https:\/\/www.karinibutiik.ee\/toode\/elegantne-sifoonkangast-maksikleit-asumeetrilise-seelikuosaga\/#primaryimage","url":"https:\/\/www.karinibutiik.ee\/wp-content\/uploads\/2025\/12\/3FCAE2D7-5DCA-4128-884C-71F5FAC1CC5F-scaled-e1765789468325.jpeg","contentUrl":"https:\/\/www.karinibutiik.ee\/wp-content\/uploads\/2025\/12\/3FCAE2D7-5DCA-4128-884C-71F5FAC1CC5F-scaled-e1765789468325.jpeg","width":1710,"height":2360,"caption":"Must sifoonkangast maksikleit kolmveerand varrukatega"},{"@type":"BreadcrumbList","@id":"https:\/\/www.karinibutiik.ee\/toode\/elegantne-sifoonkangast-maksikleit-asumeetrilise-seelikuosaga\/#breadcrumb","itemListElement":[{"@type":"ListItem","position":1,"name":"Home","item":"https:\/\/www.karinibutiik.ee\/"},{"@type":"ListItem","position":2,"name":"Pood","item":"https:\/\/www.karinibutiik.ee\/pood\/"},{"@type":"ListItem","position":3,"name":"Elegantne sifoonkangast maksikleit as\u00fcmeetrilise seelikuosaga"}]},{"@type":"WebSite","@id":"https:\/\/www.karinibutiik.ee\/#website","url":"https:\/\/www.karinibutiik.ee\/","name":"\u041a\u0430\u0440\u0438\u043d\u0438 \u0411\u0443\u0442\u0438\u043a","description":"","publisher":{"@id":"https:\/\/www.karinibutiik.ee\/#organization"},"potentialAction":[{"@type":"SearchAction","target":{"@type":"EntryPoint","urlTemplate":"https:\/\/www.karinibutiik.ee\/?s={search_term_string}"},"query-input":{"@type":"PropertyValueSpecification","valueRequired":true,"valueName":"search_term_string"}}],"inLanguage":"ru-RU"},{"@type":"Organization","@id":"https:\/\/www.karinibutiik.ee\/#organization","name":"\u041a\u0430\u0440\u0438\u043d\u0438 \u0411\u0443\u0442\u0438\u043a","url":"https:\/\/www.karinibutiik.ee\/","logo":{"@type":"ImageObject","inLanguage":"ru-RU","@id":"https:\/\/www.karinibutiik.ee\/#\/schema\/logo\/image\/","url":"https:\/\/www.karinibutiik.ee\/wp-content\/uploads\/2024\/10\/Kuj.-K-koopia.png","contentUrl":"https:\/\/www.karinibutiik.ee\/wp-content\/uploads\/2024\/10\/Kuj.-K-koopia.png","width":500,"height":500,"caption":"Karini Butiik"},"image":{"@id":"https:\/\/www.karinibutiik.ee\/#\/schema\/logo\/image\/"},"sameAs":["https:\/\/www.facebook.com\/karinibutiik.ee","https:\/\/www.instagram.com\/karinibutiik"]}]},"og_availability":"instock","product_availability":"instock","product_retailer_item_id":"3792","product_condition":"new"},"_links":{"self":[{"href":"https:\/\/www.karinibutiik.ee\/ru\/wp-json\/wp\/v2\/product\/25650","targetHints":{"allow":["GET"]}}],"collection":[{"href":"https:\/\/www.karinibutiik.ee\/ru\/wp-json\/wp\/v2\/product"}],"about":[{"href":"https:\/\/www.karinibutiik.ee\/ru\/wp-json\/wp\/v2\/types\/product"}],"version-history":[{"count":1,"href":"https:\/\/www.karinibutiik.ee\/ru\/wp-json\/wp\/v2\/product\/25650\/revisions"}],"predecessor-version":[{"id":25669,"href":"https:\/\/www.karinibutiik.ee\/ru\/wp-json\/wp\/v2\/product\/25650\/revisions\/25669"}],"wp:featuredmedia":[{"embeddable":true,"href":"https:\/\/www.karinibutiik.ee\/ru\/wp-json\/wp\/v2\/media\/25649"}],"wp:attachment":[{"href":"https:\/\/www.karinibutiik.ee\/ru\/wp-json\/wp\/v2\/media?parent=25650"}],"wp:term":[{"taxonomy":"product_brand","embeddable":true,"href":"https:\/\/www.karinibutiik.ee\/ru\/wp-json\/wp\/v2\/product_brand?post=25650"},{"taxonomy":"product_cat","embeddable":true,"href":"https:\/\/www.karinibutiik.ee\/ru\/wp-json\/wp\/v2\/product_cat?post=25650"},{"taxonomy":"product_tag","embeddable":true,"href":"https:\/\/www.karinibutiik.ee\/ru\/wp-json\/wp\/v2\/product_tag?post=25650"}],"curies":[{"name":"wp","href":"https:\/\/api.w.org\/{rel}","templated":true}]}}