{"id":26123,"date":"2026-02-22T13:31:22","date_gmt":"2026-02-22T11:31:22","guid":{"rendered":"https:\/\/www.karinibutiik.ee\/?post_type=product&#038;p=26123"},"modified":"2026-04-11T14:07:31","modified_gmt":"2026-04-11T11:07:31","slug":"fairy-tohusad-puhastuslapid","status":"publish","type":"product","link":"https:\/\/www.karinibutiik.ee\/ru\/%d0%bf%d1%80%d0%be%d0%b4%d1%83%d0%ba%d1%82\/fairy-tohusad-puhastuslapid\/","title":{"rendered":"FAIRY t\u00f5husad puhastuslapid"},"content":{"rendered":"<div dir=\"auto\">\n<p>Fairy universaalsed puhastuslapid, mis eemaldavad t\u00f5husalt rasva, mustuse ja l\u00f5hnad, j\u00e4tmata triipe ega kleepuvust.<br \/>\nK\u00f5ikide pindade t\u00f5hus puhastus<br \/>\nSobib k\u00f6\u00f6kide, vannitubade, klaas-, keraamika-, metall- ja plastpindade puhastamiseks. T\u00f6\u00f6tasapindade, plaatide, kodumasinate pindade ja auto salongi puhastamiseks. T\u00e4iendav loputamine pole vajalik &#8211; praktiline ja h\u00fcgieeniline lahendus igap\u00e4evaseks kasutamiseks.<\/p>\n<p>Kasutamine: kasutage etten\u00e4htud otstarbel, j\u00e4rgides pakendil olevaid juhiseid. P\u00e4rast kasutamist sulgege kaas tihedalt, et salvr\u00e4tikud \u00e4ra ei kuivaks. Visake kasutatud salvr\u00e4tikud olmepr\u00fcgikonteinerisse. Visake t\u00fchi pakend plastj\u00e4\u00e4tmete taaskasutuskonteinerisse.<\/p>\n<p>Hoiduge laste eest. Ainult v\u00e4lispidiseks kasutamiseks. V\u00e4ltige otsest p\u00e4ikesevalgust ja soojusallikaid. \u00c4rge hoidke kuumadel pindadel ega lahtise leegi l\u00e4hedal. \u00c4rge valage k\u00e4tele ega n\u00e4ole.<\/p>\n<p>Paki kogus: 100 tk.<\/p>\n<p><span style=\"font-size: 16px;\">L\u00f5hnad: lavendel, sidrun, liilia, naturaalne<\/span><\/p>\n<\/div>","protected":false},"excerpt":{"rendered":"<p>Fairy universaalsed puhastuslapid, mis eemaldavad t\u00f5husalt rasva, mustuse ja l\u00f5hnad, j\u00e4tmata triipe ega kleepuvust. K\u00f5ikide pindade t\u00f5hus puhastus Sobib k\u00f6\u00f6kide, [&hellip;]<\/p>\n","protected":false},"featured_media":26122,"template":"","meta":{"site-sidebar-layout":"default","site-content-layout":"","ast-site-content-layout":"default","site-content-style":"default","site-sidebar-style":"default","ast-global-header-display":"","ast-banner-title-visibility":"","ast-main-header-display":"","ast-hfb-above-header-display":"","ast-hfb-below-header-display":"","ast-hfb-mobile-header-display":"","site-post-title":"","ast-breadcrumbs-content":"","ast-featured-img":"","footer-sml-layout":"","ast-disable-related-posts":"","theme-transparent-header-meta":"default","adv-header-id-meta":"","stick-header-meta":"default","header-above-stick-meta":"","header-main-stick-meta":"","header-below-stick-meta":"","astra-migrate-meta-layouts":"set","ast-page-background-enabled":"default","ast-page-background-meta":{"desktop":{"background-color":"var(--ast-global-color-4)","background-image":"","background-repeat":"repeat","background-position":"center center","background-size":"auto","background-attachment":"scroll","background-type":"","background-media":"","overlay-type":"","overlay-color":"","overlay-opacity":"","overlay-gradient":""},"tablet":{"background-color":"","background-image":"","background-repeat":"repeat","background-position":"center center","background-size":"auto","background-attachment":"scroll","background-type":"","background-media":"","overlay-type":"","overlay-color":"","overlay-opacity":"","overlay-gradient":""},"mobile":{"background-color":"","background-image":"","background-repeat":"repeat","background-position":"center center","background-size":"auto","background-attachment":"scroll","background-type":"","background-media":"","overlay-type":"","overlay-color":"","overlay-opacity":"","overlay-gradient":""}},"ast-content-background-meta":{"desktop":{"background-color":"var(--ast-global-color-5)","background-image":"","background-repeat":"repeat","background-position":"center center","background-size":"auto","background-attachment":"scroll","background-type":"","background-media":"","overlay-type":"","overlay-color":"","overlay-opacity":"","overlay-gradient":""},"tablet":{"background-color":"var(--ast-global-color-5)","background-image":"","background-repeat":"repeat","background-position":"center center","background-size":"auto","background-attachment":"scroll","background-type":"","background-media":"","overlay-type":"","overlay-color":"","overlay-opacity":"","overlay-gradient":""},"mobile":{"background-color":"var(--ast-global-color-5)","background-image":"","background-repeat":"repeat","background-position":"center center","background-size":"auto","background-attachment":"scroll","background-type":"","background-media":"","overlay-type":"","overlay-color":"","overlay-opacity":"","overlay-gradient":""}}},"product_brand":[],"product_cat":[371,351],"product_tag":[2453,2440,2451,2442,2450,2446,2448,2447,2452,2449,2444,2441,2443,2445],"class_list":{"0":"post-26123","1":"product","2":"type-product","3":"status-publish","4":"has-post-thumbnail","6":"product_cat-aksessuaarid","7":"product_cat-uued-tooted","8":"product_tag-fairy-majapidamistarbed","9":"product_tag-fairy-puhastuslapid","10":"product_tag-kodupuhastus","11":"product_tag-koogipuhastuslapid","12":"product_tag-kvaliteetsed-puhastuslapid","13":"product_tag-majapidamislapid","14":"product_tag-mikrokiud-puhastuslapid","15":"product_tag-noudepesulapid","16":"product_tag-puhastusaksessuaarid","17":"product_tag-puhastusvahendid-kooki","18":"product_tag-rasvaeemalduslapid","19":"product_tag-tohusad-puhastuslapid","20":"product_tag-universaalsed-puhastuslapid","21":"product_tag-vastupidavad-puhastuslapid","22":"desktop-align-center","23":"tablet-align-center","24":"mobile-align-center","25":"ast-product-gallery-layout-horizontal-slider","26":"ast-product-single-variable","27":"ast-product-tabs-layout-horizontal","29":"first","30":"instock","31":"taxable","32":"shipping-taxable","33":"purchasable","34":"product-type-variable"},"supplier_id":null,"supplier_sku":"","barcode":null,"atum_controlled":true,"out_stock_date":null,"out_stock_threshold":null,"inheritable":true,"inbound_stock":null,"stock_on_hold":0,"sold_today":null,"sales_last_days":null,"reserved_stock":0,"customer_returns":null,"warehouse_damage":0,"lost_in_post":null,"other_logs":0,"out_stock_days":null,"lost_sales":null,"has_location":false,"update_date":"2026-02-24T08:57:10","atum_locations":[],"atum_stock_status":"instock","restock_status":false,"low_stock_amount":"","sales_update_date":null,"calc_backorders":null,"yoast_head":"<!-- This site is optimized with the Yoast SEO plugin v26.9 - https:\/\/yoast.com\/product\/yoast-seo-wordpress\/ -->\n<title>FAIRY t\u00f5husad puhastuslapid - Karini Butiik<\/title>\n<meta name=\"description\" content=\"Fairy universaalsed puhastuslapid, mis eemaldavad t\u00f5husalt rasva, mustuse ja l\u00f5hnad, j\u00e4tmata triipe ega kleepuvust.K\u00f5ikide pindade t\u00f5hus puhastus\" \/>\n<meta name=\"robots\" content=\"index, follow, max-snippet:-1, max-image-preview:large, max-video-preview:-1\" \/>\n<link rel=\"canonical\" href=\"https:\/\/www.karinibutiik.ee\/ru\/\u043f\u0440\u043e\u0434\u0443\u043a\u0442\/fairy-tohusad-puhastuslapid\/\" \/>\n<meta property=\"og:locale\" content=\"ru_RU\" \/>\n<meta property=\"og:type\" content=\"article\" \/>\n<meta property=\"og:title\" content=\"FAIRY t\u00f5husad puhastuslapid - Karini Butiik\" \/>\n<meta property=\"og:description\" content=\"Fairy universaalsed puhastuslapid, mis eemaldavad t\u00f5husalt rasva, mustuse ja l\u00f5hnad, j\u00e4tmata triipe ega kleepuvust.K\u00f5ikide pindade t\u00f5hus puhastus\" \/>\n<meta property=\"og:url\" content=\"https:\/\/www.karinibutiik.ee\/ru\/\u043f\u0440\u043e\u0434\u0443\u043a\u0442\/fairy-tohusad-puhastuslapid\/\" \/>\n<meta property=\"og:site_name\" content=\"Karini Butiik\" \/>\n<meta property=\"article:publisher\" content=\"https:\/\/www.facebook.com\/karinibutiik.ee\" \/>\n<meta property=\"article:modified_time\" content=\"2026-04-11T11:07:31+00:00\" \/>\n<meta property=\"og:image\" content=\"https:\/\/www.karinibutiik.ee\/wp-content\/uploads\/2026\/02\/FullSizeRender-scaled.jpeg\" \/>\n\t<meta property=\"og:image:width\" content=\"2266\" \/>\n\t<meta property=\"og:image:height\" content=\"2560\" \/>\n\t<meta property=\"og:image:type\" content=\"image\/jpeg\" \/>\n<meta name=\"twitter:card\" content=\"summary_large_image\" \/>\n<meta name=\"twitter:label1\" content=\"\u0414\u043e\u0441\u0442\u0443\u043f\u043d\u043e\u0441\u0442\u044c\" \/>\n\t<meta name=\"twitter:data1\" content=\"\u0412 \u043d\u0430\u043b\u0438\u0447\u0438\u0438\" \/>\n<script type=\"application\/ld+json\" class=\"yoast-schema-graph\">{\"@context\":\"https:\/\/schema.org\",\"@graph\":[{\"@type\":\"WebPage\",\"@id\":\"https:\/\/www.karinibutiik.ee\/toode\/fairy-tohusad-puhastuslapid\/\",\"url\":\"https:\/\/www.karinibutiik.ee\/toode\/fairy-tohusad-puhastuslapid\/\",\"name\":\"FAIRY t\u00f5husad puhastuslapid - Karini Butiik\",\"isPartOf\":{\"@id\":\"https:\/\/www.karinibutiik.ee\/#website\"},\"primaryImageOfPage\":{\"@id\":\"https:\/\/www.karinibutiik.ee\/toode\/fairy-tohusad-puhastuslapid\/#primaryimage\"},\"image\":{\"@id\":\"https:\/\/www.karinibutiik.ee\/toode\/fairy-tohusad-puhastuslapid\/#primaryimage\"},\"thumbnailUrl\":\"https:\/\/www.karinibutiik.ee\/wp-content\/uploads\/2026\/02\/FullSizeRender-scaled.jpeg\",\"datePublished\":\"2026-02-22T11:31:22+00:00\",\"dateModified\":\"2026-04-11T11:07:31+00:00\",\"description\":\"Fairy universaalsed puhastuslapid, mis eemaldavad t\u00f5husalt rasva, mustuse ja l\u00f5hnad, j\u00e4tmata triipe ega kleepuvust.K\u00f5ikide pindade t\u00f5hus puhastus\",\"breadcrumb\":{\"@id\":\"https:\/\/www.karinibutiik.ee\/toode\/fairy-tohusad-puhastuslapid\/#breadcrumb\"},\"inLanguage\":\"ru-RU\",\"potentialAction\":[{\"@type\":\"ReadAction\",\"target\":[\"https:\/\/www.karinibutiik.ee\/toode\/fairy-tohusad-puhastuslapid\/\"]}]},{\"@type\":\"ImageObject\",\"inLanguage\":\"ru-RU\",\"@id\":\"https:\/\/www.karinibutiik.ee\/toode\/fairy-tohusad-puhastuslapid\/#primaryimage\",\"url\":\"https:\/\/www.karinibutiik.ee\/wp-content\/uploads\/2026\/02\/FullSizeRender-scaled.jpeg\",\"contentUrl\":\"https:\/\/www.karinibutiik.ee\/wp-content\/uploads\/2026\/02\/FullSizeRender-scaled.jpeg\",\"width\":2266,\"height\":2560,\"caption\":\"FAIRY puhastuslapid\"},{\"@type\":\"BreadcrumbList\",\"@id\":\"https:\/\/www.karinibutiik.ee\/toode\/fairy-tohusad-puhastuslapid\/#breadcrumb\",\"itemListElement\":[{\"@type\":\"ListItem\",\"position\":1,\"name\":\"Home\",\"item\":\"https:\/\/www.karinibutiik.ee\/\"},{\"@type\":\"ListItem\",\"position\":2,\"name\":\"Pood\",\"item\":\"https:\/\/www.karinibutiik.ee\/pood\/\"},{\"@type\":\"ListItem\",\"position\":3,\"name\":\"FAIRY t\u00f5husad puhastuslapid\"}]},{\"@type\":\"WebSite\",\"@id\":\"https:\/\/www.karinibutiik.ee\/#website\",\"url\":\"https:\/\/www.karinibutiik.ee\/\",\"name\":\"Karini Butiik\",\"description\":\"\",\"publisher\":{\"@id\":\"https:\/\/www.karinibutiik.ee\/#organization\"},\"potentialAction\":[{\"@type\":\"SearchAction\",\"target\":{\"@type\":\"EntryPoint\",\"urlTemplate\":\"https:\/\/www.karinibutiik.ee\/?s={search_term_string}\"},\"query-input\":{\"@type\":\"PropertyValueSpecification\",\"valueRequired\":true,\"valueName\":\"search_term_string\"}}],\"inLanguage\":\"ru-RU\"},{\"@type\":\"Organization\",\"@id\":\"https:\/\/www.karinibutiik.ee\/#organization\",\"name\":\"Karini Butiik\",\"url\":\"https:\/\/www.karinibutiik.ee\/\",\"logo\":{\"@type\":\"ImageObject\",\"inLanguage\":\"ru-RU\",\"@id\":\"https:\/\/www.karinibutiik.ee\/#\/schema\/logo\/image\/\",\"url\":\"https:\/\/www.karinibutiik.ee\/wp-content\/uploads\/2024\/10\/Kuj.-K-koopia.png\",\"contentUrl\":\"https:\/\/www.karinibutiik.ee\/wp-content\/uploads\/2024\/10\/Kuj.-K-koopia.png\",\"width\":500,\"height\":500,\"caption\":\"Karini Butiik\"},\"image\":{\"@id\":\"https:\/\/www.karinibutiik.ee\/#\/schema\/logo\/image\/\"},\"sameAs\":[\"https:\/\/www.facebook.com\/karinibutiik.ee\",\"https:\/\/www.instagram.com\/karinibutiik\"]}]}<\/script>\n<meta property=\"og:availability\" content=\"instock\" \/>\n<meta property=\"product:availability\" content=\"instock\" \/>\n<meta property=\"product:retailer_item_id\" content=\"28611\" \/>\n<meta property=\"product:condition\" content=\"new\" \/>\n<!-- \/ Yoast SEO plugin. -->","yoast_head_json":{"title":"FAIRY t\u00f5husad puhastuslapid - Karini Butiik","description":"Fairy universaalsed puhastuslapid, mis eemaldavad t\u00f5husalt rasva, mustuse ja l\u00f5hnad, j\u00e4tmata triipe ega kleepuvust.K\u00f5ikide pindade t\u00f5hus puhastus","robots":{"index":"index","follow":"follow","max-snippet":"max-snippet:-1","max-image-preview":"max-image-preview:large","max-video-preview":"max-video-preview:-1"},"canonical":"https:\/\/www.karinibutiik.ee\/ru\/\u043f\u0440\u043e\u0434\u0443\u043a\u0442\/fairy-tohusad-puhastuslapid\/","og_locale":"ru_RU","og_type":"article","og_title":"FAIRY t\u00f5husad puhastuslapid - Karini Butiik","og_description":"Fairy universaalsed puhastuslapid, mis eemaldavad t\u00f5husalt rasva, mustuse ja l\u00f5hnad, j\u00e4tmata triipe ega kleepuvust.K\u00f5ikide pindade t\u00f5hus puhastus","og_url":"https:\/\/www.karinibutiik.ee\/ru\/\u043f\u0440\u043e\u0434\u0443\u043a\u0442\/fairy-tohusad-puhastuslapid\/","og_site_name":"Karini Butiik","article_publisher":"https:\/\/www.facebook.com\/karinibutiik.ee","article_modified_time":"2026-04-11T11:07:31+00:00","og_image":[{"width":2266,"height":2560,"url":"https:\/\/www.karinibutiik.ee\/wp-content\/uploads\/2026\/02\/FullSizeRender-scaled.jpeg","type":"image\/jpeg"}],"twitter_card":"summary_large_image","twitter_misc":{"\u0414\u043e\u0441\u0442\u0443\u043f\u043d\u043e\u0441\u0442\u044c":"\u0412 \u043d\u0430\u043b\u0438\u0447\u0438\u0438"},"schema":{"@context":"https:\/\/schema.org","@graph":[{"@type":"WebPage","@id":"https:\/\/www.karinibutiik.ee\/toode\/fairy-tohusad-puhastuslapid\/","url":"https:\/\/www.karinibutiik.ee\/toode\/fairy-tohusad-puhastuslapid\/","name":"FAIRY t\u00f5husad puhastuslapid - Karini Butiik","isPartOf":{"@id":"https:\/\/www.karinibutiik.ee\/#website"},"primaryImageOfPage":{"@id":"https:\/\/www.karinibutiik.ee\/toode\/fairy-tohusad-puhastuslapid\/#primaryimage"},"image":{"@id":"https:\/\/www.karinibutiik.ee\/toode\/fairy-tohusad-puhastuslapid\/#primaryimage"},"thumbnailUrl":"https:\/\/www.karinibutiik.ee\/wp-content\/uploads\/2026\/02\/FullSizeRender-scaled.jpeg","datePublished":"2026-02-22T11:31:22+00:00","dateModified":"2026-04-11T11:07:31+00:00","description":"Fairy universaalsed puhastuslapid, mis eemaldavad t\u00f5husalt rasva, mustuse ja l\u00f5hnad, j\u00e4tmata triipe ega kleepuvust.K\u00f5ikide pindade t\u00f5hus puhastus","breadcrumb":{"@id":"https:\/\/www.karinibutiik.ee\/toode\/fairy-tohusad-puhastuslapid\/#breadcrumb"},"inLanguage":"ru-RU","potentialAction":[{"@type":"ReadAction","target":["https:\/\/www.karinibutiik.ee\/toode\/fairy-tohusad-puhastuslapid\/"]}]},{"@type":"ImageObject","inLanguage":"ru-RU","@id":"https:\/\/www.karinibutiik.ee\/toode\/fairy-tohusad-puhastuslapid\/#primaryimage","url":"https:\/\/www.karinibutiik.ee\/wp-content\/uploads\/2026\/02\/FullSizeRender-scaled.jpeg","contentUrl":"https:\/\/www.karinibutiik.ee\/wp-content\/uploads\/2026\/02\/FullSizeRender-scaled.jpeg","width":2266,"height":2560,"caption":"FAIRY puhastuslapid"},{"@type":"BreadcrumbList","@id":"https:\/\/www.karinibutiik.ee\/toode\/fairy-tohusad-puhastuslapid\/#breadcrumb","itemListElement":[{"@type":"ListItem","position":1,"name":"Home","item":"https:\/\/www.karinibutiik.ee\/"},{"@type":"ListItem","position":2,"name":"Pood","item":"https:\/\/www.karinibutiik.ee\/pood\/"},{"@type":"ListItem","position":3,"name":"FAIRY t\u00f5husad puhastuslapid"}]},{"@type":"WebSite","@id":"https:\/\/www.karinibutiik.ee\/#website","url":"https:\/\/www.karinibutiik.ee\/","name":"\u041a\u0430\u0440\u0438\u043d\u0438 \u0411\u0443\u0442\u0438\u043a","description":"","publisher":{"@id":"https:\/\/www.karinibutiik.ee\/#organization"},"potentialAction":[{"@type":"SearchAction","target":{"@type":"EntryPoint","urlTemplate":"https:\/\/www.karinibutiik.ee\/?s={search_term_string}"},"query-input":{"@type":"PropertyValueSpecification","valueRequired":true,"valueName":"search_term_string"}}],"inLanguage":"ru-RU"},{"@type":"Organization","@id":"https:\/\/www.karinibutiik.ee\/#organization","name":"\u041a\u0430\u0440\u0438\u043d\u0438 \u0411\u0443\u0442\u0438\u043a","url":"https:\/\/www.karinibutiik.ee\/","logo":{"@type":"ImageObject","inLanguage":"ru-RU","@id":"https:\/\/www.karinibutiik.ee\/#\/schema\/logo\/image\/","url":"https:\/\/www.karinibutiik.ee\/wp-content\/uploads\/2024\/10\/Kuj.-K-koopia.png","contentUrl":"https:\/\/www.karinibutiik.ee\/wp-content\/uploads\/2024\/10\/Kuj.-K-koopia.png","width":500,"height":500,"caption":"Karini Butiik"},"image":{"@id":"https:\/\/www.karinibutiik.ee\/#\/schema\/logo\/image\/"},"sameAs":["https:\/\/www.facebook.com\/karinibutiik.ee","https:\/\/www.instagram.com\/karinibutiik"]}]},"og_availability":"instock","product_availability":"instock","product_retailer_item_id":"28611","product_condition":"new"},"_links":{"self":[{"href":"https:\/\/www.karinibutiik.ee\/ru\/wp-json\/wp\/v2\/product\/26123","targetHints":{"allow":["GET"]}}],"collection":[{"href":"https:\/\/www.karinibutiik.ee\/ru\/wp-json\/wp\/v2\/product"}],"about":[{"href":"https:\/\/www.karinibutiik.ee\/ru\/wp-json\/wp\/v2\/types\/product"}],"version-history":[{"count":1,"href":"https:\/\/www.karinibutiik.ee\/ru\/wp-json\/wp\/v2\/product\/26123\/revisions"}],"predecessor-version":[{"id":26128,"href":"https:\/\/www.karinibutiik.ee\/ru\/wp-json\/wp\/v2\/product\/26123\/revisions\/26128"}],"wp:featuredmedia":[{"embeddable":true,"href":"https:\/\/www.karinibutiik.ee\/ru\/wp-json\/wp\/v2\/media\/26122"}],"wp:attachment":[{"href":"https:\/\/www.karinibutiik.ee\/ru\/wp-json\/wp\/v2\/media?parent=26123"}],"wp:term":[{"taxonomy":"product_brand","embeddable":true,"href":"https:\/\/www.karinibutiik.ee\/ru\/wp-json\/wp\/v2\/product_brand?post=26123"},{"taxonomy":"product_cat","embeddable":true,"href":"https:\/\/www.karinibutiik.ee\/ru\/wp-json\/wp\/v2\/product_cat?post=26123"},{"taxonomy":"product_tag","embeddable":true,"href":"https:\/\/www.karinibutiik.ee\/ru\/wp-json\/wp\/v2\/product_tag?post=26123"}],"curies":[{"name":"wp","href":"https:\/\/api.w.org\/{rel}","templated":true}]}}