{"id":26234,"date":"2026-02-22T15:44:37","date_gmt":"2026-02-22T13:44:37","guid":{"rendered":"https:\/\/www.karinibutiik.ee\/?post_type=product&#038;p=26234"},"modified":"2026-03-12T15:09:06","modified_gmt":"2026-03-12T13:09:06","slug":"ulipehme-naiste-kampsun","status":"publish","type":"product","link":"https:\/\/www.karinibutiik.ee\/ru\/%d0%bf%d1%80%d0%be%d0%b4%d1%83%d0%ba%d1%82\/ulipehme-naiste-kampsun\/","title":{"rendered":"\u00dclipehme naiste kampsun"},"content":{"rendered":"<p data-start=\"430\" data-end=\"693\">See <strong data-start=\"434\" data-end=\"461\">\u00fclipehme naiste kampsun<\/strong> on loodud maksimaalset mugavust ja naiselikku stiili silmas pidades. Luksuslikult pehme kudum sisaldab <strong data-start=\"565\" data-end=\"624\">50% pol\u00fcamiidi, 33% viskoosi, 10% villa ja 5% elastaani<\/strong>, pakkudes ideaalset tasakaalu soojuse, hingavuse ja elastsuse vahel.<\/p>\n<p data-start=\"695\" data-end=\"973\">Kampsun on naha vastas erakordselt m\u00f5nus ning sobib suurep\u00e4raselt nii igap\u00e4evaseks kandmiseks kui ka kihiliseks stiliseerimiseks jahedamatel p\u00e4evadel. Saadaval neljas kaunis toonis \u2013 <strong data-start=\"878\" data-end=\"924\">helesinine, valge, roosa ja pastellkollane<\/strong> \u2013, mis lisavad garderoobile v\u00e4rskust ja pehmust.<\/p>\n<p data-start=\"975\" data-end=\"1173\">Universaalne <strong data-start=\"988\" data-end=\"1022\">\u00fcks suurus sobib XS\u2013M kandjale<\/strong>, kohandudes t\u00e4nu elastsele materjalile erinevate kehat\u00fc\u00fcpidega. Ajatu l\u00f5ige ja pehme tekstuur muudavad selle kampsuni kiiresti lemmikuks igas hooajas.<\/p>","protected":false},"excerpt":{"rendered":"<p>See \u00fclipehme naiste kampsun on loodud maksimaalset mugavust ja naiselikku stiili silmas pidades. Luksuslikult pehme kudum sisaldab 50% pol\u00fcamiidi, 33% [&hellip;]<\/p>\n","protected":false},"featured_media":26216,"template":"","meta":{"site-sidebar-layout":"default","site-content-layout":"","ast-site-content-layout":"default","site-content-style":"default","site-sidebar-style":"default","ast-global-header-display":"","ast-banner-title-visibility":"","ast-main-header-display":"","ast-hfb-above-header-display":"","ast-hfb-below-header-display":"","ast-hfb-mobile-header-display":"","site-post-title":"","ast-breadcrumbs-content":"","ast-featured-img":"","footer-sml-layout":"","ast-disable-related-posts":"","theme-transparent-header-meta":"default","adv-header-id-meta":"","stick-header-meta":"default","header-above-stick-meta":"","header-main-stick-meta":"","header-below-stick-meta":"","astra-migrate-meta-layouts":"set","ast-page-background-enabled":"default","ast-page-background-meta":{"desktop":{"background-color":"var(--ast-global-color-4)","background-image":"","background-repeat":"repeat","background-position":"center center","background-size":"auto","background-attachment":"scroll","background-type":"","background-media":"","overlay-type":"","overlay-color":"","overlay-opacity":"","overlay-gradient":""},"tablet":{"background-color":"","background-image":"","background-repeat":"repeat","background-position":"center center","background-size":"auto","background-attachment":"scroll","background-type":"","background-media":"","overlay-type":"","overlay-color":"","overlay-opacity":"","overlay-gradient":""},"mobile":{"background-color":"","background-image":"","background-repeat":"repeat","background-position":"center center","background-size":"auto","background-attachment":"scroll","background-type":"","background-media":"","overlay-type":"","overlay-color":"","overlay-opacity":"","overlay-gradient":""}},"ast-content-background-meta":{"desktop":{"background-color":"var(--ast-global-color-5)","background-image":"","background-repeat":"repeat","background-position":"center center","background-size":"auto","background-attachment":"scroll","background-type":"","background-media":"","overlay-type":"","overlay-color":"","overlay-opacity":"","overlay-gradient":""},"tablet":{"background-color":"var(--ast-global-color-5)","background-image":"","background-repeat":"repeat","background-position":"center center","background-size":"auto","background-attachment":"scroll","background-type":"","background-media":"","overlay-type":"","overlay-color":"","overlay-opacity":"","overlay-gradient":""},"mobile":{"background-color":"var(--ast-global-color-5)","background-image":"","background-repeat":"repeat","background-position":"center center","background-size":"auto","background-attachment":"scroll","background-type":"","background-media":"","overlay-type":"","overlay-color":"","overlay-opacity":"","overlay-gradient":""}}},"product_brand":[],"product_cat":[370,353,351],"product_tag":[2512,1951,2494,1891,2511,1128,1127,2513,2473,2497,2510,2498],"class_list":{"0":"post-26234","1":"product","2":"type-product","3":"status-publish","4":"has-post-thumbnail","6":"product_cat-kampsunid","7":"product_cat-pluusid","8":"product_cat-uued-tooted","9":"product_tag-helesinine-kampsun","10":"product_tag-kevadine-kudum","11":"product_tag-mugav-naiste-riietus","12":"product_tag-naiste-kampsun","13":"product_tag-pastelne-kampsun","14":"product_tag-pehme-kampsun","15":"product_tag-roosa-kampsun","16":"product_tag-sugisene-kampsun","17":"product_tag-uks-suurus-xs-m","18":"product_tag-valge-kampsun","19":"product_tag-villasegune-kampsun","20":"product_tag-viskooskampsun","21":"desktop-align-center","22":"tablet-align-center","23":"mobile-align-center","24":"ast-product-gallery-layout-horizontal-slider","25":"ast-product-single-variable","26":"ast-product-tabs-layout-horizontal","28":"first","29":"instock","30":"taxable","31":"shipping-taxable","32":"purchasable","33":"product-type-variable"},"supplier_id":null,"supplier_sku":"","barcode":null,"atum_controlled":true,"out_stock_date":null,"out_stock_threshold":null,"inheritable":true,"inbound_stock":null,"stock_on_hold":0,"sold_today":null,"sales_last_days":null,"reserved_stock":0,"customer_returns":null,"warehouse_damage":0,"lost_in_post":null,"other_logs":0,"out_stock_days":null,"lost_sales":null,"has_location":false,"update_date":"2026-02-22T14:10:47","atum_locations":[],"atum_stock_status":"instock","restock_status":false,"low_stock_amount":"","sales_update_date":null,"calc_backorders":null,"yoast_head":"<!-- This site is optimized with the Yoast SEO plugin v26.9 - https:\/\/yoast.com\/product\/yoast-seo-wordpress\/ -->\n<title>\u00dclipehme naiste kampsun - Karini Butiik<\/title>\n<meta name=\"description\" content=\"\u00dclipehme ja mugav naiste kampsun helesinises, valges, roosas ja pastellkollases toonis. Viskoosi- ja villasisaldusega kudum, \u00fcks suurus sobib XS\u2013M kandjale.\" \/>\n<meta name=\"robots\" content=\"index, follow, max-snippet:-1, max-image-preview:large, max-video-preview:-1\" \/>\n<link rel=\"canonical\" href=\"https:\/\/www.karinibutiik.ee\/ru\/\u043f\u0440\u043e\u0434\u0443\u043a\u0442\/ulipehme-naiste-kampsun\/\" \/>\n<meta property=\"og:locale\" content=\"ru_RU\" \/>\n<meta property=\"og:type\" content=\"article\" \/>\n<meta property=\"og:title\" content=\"\u00dclipehme naiste kampsun - Karini Butiik\" \/>\n<meta property=\"og:description\" content=\"\u00dclipehme ja mugav naiste kampsun helesinises, valges, roosas ja pastellkollases toonis. Viskoosi- ja villasisaldusega kudum, \u00fcks suurus sobib XS\u2013M kandjale.\" \/>\n<meta property=\"og:url\" content=\"https:\/\/www.karinibutiik.ee\/ru\/\u043f\u0440\u043e\u0434\u0443\u043a\u0442\/ulipehme-naiste-kampsun\/\" \/>\n<meta property=\"og:site_name\" content=\"Karini Butiik\" \/>\n<meta property=\"article:publisher\" content=\"https:\/\/www.facebook.com\/karinibutiik.ee\" \/>\n<meta property=\"article:modified_time\" content=\"2026-03-12T13:09:06+00:00\" \/>\n<meta property=\"og:image\" content=\"https:\/\/www.karinibutiik.ee\/wp-content\/uploads\/2026\/02\/C15CA60C-B64F-4001-B9BE-53CC35E91F64-scaled.jpeg\" \/>\n\t<meta property=\"og:image:width\" content=\"1920\" \/>\n\t<meta property=\"og:image:height\" content=\"2560\" \/>\n\t<meta property=\"og:image:type\" content=\"image\/jpeg\" \/>\n<meta name=\"twitter:card\" content=\"summary_large_image\" \/>\n<meta name=\"twitter:label1\" content=\"\u0414\u043e\u0441\u0442\u0443\u043f\u043d\u043e\u0441\u0442\u044c\" \/>\n\t<meta name=\"twitter:data1\" content=\"\u0412 \u043d\u0430\u043b\u0438\u0447\u0438\u0438\" \/>\n<script type=\"application\/ld+json\" class=\"yoast-schema-graph\">{\"@context\":\"https:\/\/schema.org\",\"@graph\":[{\"@type\":\"WebPage\",\"@id\":\"https:\/\/www.karinibutiik.ee\/toode\/ulipehme-naiste-kampsun\/\",\"url\":\"https:\/\/www.karinibutiik.ee\/toode\/ulipehme-naiste-kampsun\/\",\"name\":\"\u00dclipehme naiste kampsun - Karini Butiik\",\"isPartOf\":{\"@id\":\"https:\/\/www.karinibutiik.ee\/#website\"},\"primaryImageOfPage\":{\"@id\":\"https:\/\/www.karinibutiik.ee\/toode\/ulipehme-naiste-kampsun\/#primaryimage\"},\"image\":{\"@id\":\"https:\/\/www.karinibutiik.ee\/toode\/ulipehme-naiste-kampsun\/#primaryimage\"},\"thumbnailUrl\":\"https:\/\/www.karinibutiik.ee\/wp-content\/uploads\/2026\/02\/C15CA60C-B64F-4001-B9BE-53CC35E91F64-scaled.jpeg\",\"datePublished\":\"2026-02-22T13:44:37+00:00\",\"dateModified\":\"2026-03-12T13:09:06+00:00\",\"description\":\"\u00dclipehme ja mugav naiste kampsun helesinises, valges, roosas ja pastellkollases toonis. Viskoosi- ja villasisaldusega kudum, \u00fcks suurus sobib XS\u2013M kandjale.\",\"breadcrumb\":{\"@id\":\"https:\/\/www.karinibutiik.ee\/toode\/ulipehme-naiste-kampsun\/#breadcrumb\"},\"inLanguage\":\"ru-RU\",\"potentialAction\":[{\"@type\":\"ReadAction\",\"target\":[\"https:\/\/www.karinibutiik.ee\/toode\/ulipehme-naiste-kampsun\/\"]}]},{\"@type\":\"ImageObject\",\"inLanguage\":\"ru-RU\",\"@id\":\"https:\/\/www.karinibutiik.ee\/toode\/ulipehme-naiste-kampsun\/#primaryimage\",\"url\":\"https:\/\/www.karinibutiik.ee\/wp-content\/uploads\/2026\/02\/C15CA60C-B64F-4001-B9BE-53CC35E91F64-scaled.jpeg\",\"contentUrl\":\"https:\/\/www.karinibutiik.ee\/wp-content\/uploads\/2026\/02\/C15CA60C-B64F-4001-B9BE-53CC35E91F64-scaled.jpeg\",\"width\":1920,\"height\":2560,\"caption\":\"\u00dclipehme naiste kampsun \u2013 helesinine, valge, roosa ja pastellkollane (XS\u2013M)\"},{\"@type\":\"BreadcrumbList\",\"@id\":\"https:\/\/www.karinibutiik.ee\/toode\/ulipehme-naiste-kampsun\/#breadcrumb\",\"itemListElement\":[{\"@type\":\"ListItem\",\"position\":1,\"name\":\"Home\",\"item\":\"https:\/\/www.karinibutiik.ee\/\"},{\"@type\":\"ListItem\",\"position\":2,\"name\":\"Pood\",\"item\":\"https:\/\/www.karinibutiik.ee\/pood\/\"},{\"@type\":\"ListItem\",\"position\":3,\"name\":\"\u00dclipehme naiste kampsun\"}]},{\"@type\":\"WebSite\",\"@id\":\"https:\/\/www.karinibutiik.ee\/#website\",\"url\":\"https:\/\/www.karinibutiik.ee\/\",\"name\":\"Karini Butiik\",\"description\":\"\",\"publisher\":{\"@id\":\"https:\/\/www.karinibutiik.ee\/#organization\"},\"potentialAction\":[{\"@type\":\"SearchAction\",\"target\":{\"@type\":\"EntryPoint\",\"urlTemplate\":\"https:\/\/www.karinibutiik.ee\/?s={search_term_string}\"},\"query-input\":{\"@type\":\"PropertyValueSpecification\",\"valueRequired\":true,\"valueName\":\"search_term_string\"}}],\"inLanguage\":\"ru-RU\"},{\"@type\":\"Organization\",\"@id\":\"https:\/\/www.karinibutiik.ee\/#organization\",\"name\":\"Karini Butiik\",\"url\":\"https:\/\/www.karinibutiik.ee\/\",\"logo\":{\"@type\":\"ImageObject\",\"inLanguage\":\"ru-RU\",\"@id\":\"https:\/\/www.karinibutiik.ee\/#\/schema\/logo\/image\/\",\"url\":\"https:\/\/www.karinibutiik.ee\/wp-content\/uploads\/2024\/10\/Kuj.-K-koopia.png\",\"contentUrl\":\"https:\/\/www.karinibutiik.ee\/wp-content\/uploads\/2024\/10\/Kuj.-K-koopia.png\",\"width\":500,\"height\":500,\"caption\":\"Karini Butiik\"},\"image\":{\"@id\":\"https:\/\/www.karinibutiik.ee\/#\/schema\/logo\/image\/\"},\"sameAs\":[\"https:\/\/www.facebook.com\/karinibutiik.ee\",\"https:\/\/www.instagram.com\/karinibutiik\"]}]}<\/script>\n<meta property=\"og:availability\" content=\"instock\" \/>\n<meta property=\"product:availability\" content=\"instock\" \/>\n<meta property=\"product:retailer_item_id\" content=\"5028\" \/>\n<meta property=\"product:condition\" content=\"new\" \/>\n<!-- \/ Yoast SEO plugin. -->","yoast_head_json":{"title":"\u00dclipehme naiste kampsun - Karini Butiik","description":"\u00dclipehme ja mugav naiste kampsun helesinises, valges, roosas ja pastellkollases toonis. Viskoosi- ja villasisaldusega kudum, \u00fcks suurus sobib XS\u2013M kandjale.","robots":{"index":"index","follow":"follow","max-snippet":"max-snippet:-1","max-image-preview":"max-image-preview:large","max-video-preview":"max-video-preview:-1"},"canonical":"https:\/\/www.karinibutiik.ee\/ru\/\u043f\u0440\u043e\u0434\u0443\u043a\u0442\/ulipehme-naiste-kampsun\/","og_locale":"ru_RU","og_type":"article","og_title":"\u00dclipehme naiste kampsun - Karini Butiik","og_description":"\u00dclipehme ja mugav naiste kampsun helesinises, valges, roosas ja pastellkollases toonis. Viskoosi- ja villasisaldusega kudum, \u00fcks suurus sobib XS\u2013M kandjale.","og_url":"https:\/\/www.karinibutiik.ee\/ru\/\u043f\u0440\u043e\u0434\u0443\u043a\u0442\/ulipehme-naiste-kampsun\/","og_site_name":"Karini Butiik","article_publisher":"https:\/\/www.facebook.com\/karinibutiik.ee","article_modified_time":"2026-03-12T13:09:06+00:00","og_image":[{"width":1920,"height":2560,"url":"https:\/\/www.karinibutiik.ee\/wp-content\/uploads\/2026\/02\/C15CA60C-B64F-4001-B9BE-53CC35E91F64-scaled.jpeg","type":"image\/jpeg"}],"twitter_card":"summary_large_image","twitter_misc":{"\u0414\u043e\u0441\u0442\u0443\u043f\u043d\u043e\u0441\u0442\u044c":"\u0412 \u043d\u0430\u043b\u0438\u0447\u0438\u0438"},"schema":{"@context":"https:\/\/schema.org","@graph":[{"@type":"WebPage","@id":"https:\/\/www.karinibutiik.ee\/toode\/ulipehme-naiste-kampsun\/","url":"https:\/\/www.karinibutiik.ee\/toode\/ulipehme-naiste-kampsun\/","name":"\u00dclipehme naiste kampsun - Karini Butiik","isPartOf":{"@id":"https:\/\/www.karinibutiik.ee\/#website"},"primaryImageOfPage":{"@id":"https:\/\/www.karinibutiik.ee\/toode\/ulipehme-naiste-kampsun\/#primaryimage"},"image":{"@id":"https:\/\/www.karinibutiik.ee\/toode\/ulipehme-naiste-kampsun\/#primaryimage"},"thumbnailUrl":"https:\/\/www.karinibutiik.ee\/wp-content\/uploads\/2026\/02\/C15CA60C-B64F-4001-B9BE-53CC35E91F64-scaled.jpeg","datePublished":"2026-02-22T13:44:37+00:00","dateModified":"2026-03-12T13:09:06+00:00","description":"\u00dclipehme ja mugav naiste kampsun helesinises, valges, roosas ja pastellkollases toonis. Viskoosi- ja villasisaldusega kudum, \u00fcks suurus sobib XS\u2013M kandjale.","breadcrumb":{"@id":"https:\/\/www.karinibutiik.ee\/toode\/ulipehme-naiste-kampsun\/#breadcrumb"},"inLanguage":"ru-RU","potentialAction":[{"@type":"ReadAction","target":["https:\/\/www.karinibutiik.ee\/toode\/ulipehme-naiste-kampsun\/"]}]},{"@type":"ImageObject","inLanguage":"ru-RU","@id":"https:\/\/www.karinibutiik.ee\/toode\/ulipehme-naiste-kampsun\/#primaryimage","url":"https:\/\/www.karinibutiik.ee\/wp-content\/uploads\/2026\/02\/C15CA60C-B64F-4001-B9BE-53CC35E91F64-scaled.jpeg","contentUrl":"https:\/\/www.karinibutiik.ee\/wp-content\/uploads\/2026\/02\/C15CA60C-B64F-4001-B9BE-53CC35E91F64-scaled.jpeg","width":1920,"height":2560,"caption":"\u00dclipehme naiste kampsun \u2013 helesinine, valge, roosa ja pastellkollane (XS\u2013M)"},{"@type":"BreadcrumbList","@id":"https:\/\/www.karinibutiik.ee\/toode\/ulipehme-naiste-kampsun\/#breadcrumb","itemListElement":[{"@type":"ListItem","position":1,"name":"Home","item":"https:\/\/www.karinibutiik.ee\/"},{"@type":"ListItem","position":2,"name":"Pood","item":"https:\/\/www.karinibutiik.ee\/pood\/"},{"@type":"ListItem","position":3,"name":"\u00dclipehme naiste kampsun"}]},{"@type":"WebSite","@id":"https:\/\/www.karinibutiik.ee\/#website","url":"https:\/\/www.karinibutiik.ee\/","name":"\u041a\u0430\u0440\u0438\u043d\u0438 \u0411\u0443\u0442\u0438\u043a","description":"","publisher":{"@id":"https:\/\/www.karinibutiik.ee\/#organization"},"potentialAction":[{"@type":"SearchAction","target":{"@type":"EntryPoint","urlTemplate":"https:\/\/www.karinibutiik.ee\/?s={search_term_string}"},"query-input":{"@type":"PropertyValueSpecification","valueRequired":true,"valueName":"search_term_string"}}],"inLanguage":"ru-RU"},{"@type":"Organization","@id":"https:\/\/www.karinibutiik.ee\/#organization","name":"\u041a\u0430\u0440\u0438\u043d\u0438 \u0411\u0443\u0442\u0438\u043a","url":"https:\/\/www.karinibutiik.ee\/","logo":{"@type":"ImageObject","inLanguage":"ru-RU","@id":"https:\/\/www.karinibutiik.ee\/#\/schema\/logo\/image\/","url":"https:\/\/www.karinibutiik.ee\/wp-content\/uploads\/2024\/10\/Kuj.-K-koopia.png","contentUrl":"https:\/\/www.karinibutiik.ee\/wp-content\/uploads\/2024\/10\/Kuj.-K-koopia.png","width":500,"height":500,"caption":"Karini Butiik"},"image":{"@id":"https:\/\/www.karinibutiik.ee\/#\/schema\/logo\/image\/"},"sameAs":["https:\/\/www.facebook.com\/karinibutiik.ee","https:\/\/www.instagram.com\/karinibutiik"]}]},"og_availability":"instock","product_availability":"instock","product_retailer_item_id":"5028","product_condition":"new"},"_links":{"self":[{"href":"https:\/\/www.karinibutiik.ee\/ru\/wp-json\/wp\/v2\/product\/26234","targetHints":{"allow":["GET"]}}],"collection":[{"href":"https:\/\/www.karinibutiik.ee\/ru\/wp-json\/wp\/v2\/product"}],"about":[{"href":"https:\/\/www.karinibutiik.ee\/ru\/wp-json\/wp\/v2\/types\/product"}],"version-history":[{"count":1,"href":"https:\/\/www.karinibutiik.ee\/ru\/wp-json\/wp\/v2\/product\/26234\/revisions"}],"predecessor-version":[{"id":26239,"href":"https:\/\/www.karinibutiik.ee\/ru\/wp-json\/wp\/v2\/product\/26234\/revisions\/26239"}],"wp:featuredmedia":[{"embeddable":true,"href":"https:\/\/www.karinibutiik.ee\/ru\/wp-json\/wp\/v2\/media\/26216"}],"wp:attachment":[{"href":"https:\/\/www.karinibutiik.ee\/ru\/wp-json\/wp\/v2\/media?parent=26234"}],"wp:term":[{"taxonomy":"product_brand","embeddable":true,"href":"https:\/\/www.karinibutiik.ee\/ru\/wp-json\/wp\/v2\/product_brand?post=26234"},{"taxonomy":"product_cat","embeddable":true,"href":"https:\/\/www.karinibutiik.ee\/ru\/wp-json\/wp\/v2\/product_cat?post=26234"},{"taxonomy":"product_tag","embeddable":true,"href":"https:\/\/www.karinibutiik.ee\/ru\/wp-json\/wp\/v2\/product_tag?post=26234"}],"curies":[{"name":"wp","href":"https:\/\/api.w.org\/{rel}","templated":true}]}}