{"id":26240,"date":"2026-02-22T15:52:08","date_gmt":"2026-02-22T13:52:08","guid":{"rendered":"https:\/\/www.karinibutiik.ee\/?post_type=product&#038;p=26240"},"modified":"2026-04-08T11:55:53","modified_gmt":"2026-04-08T08:55:53","slug":"ohuke-suvine-naiste-kampsun","status":"publish","type":"product","link":"https:\/\/www.karinibutiik.ee\/ru\/%d0%bf%d1%80%d0%be%d0%b4%d1%83%d0%ba%d1%82\/ohuke-suvine-naiste-kampsun\/","title":{"rendered":"\u00d5huke suvine naiste kampsun"},"content":{"rendered":"<p data-start=\"407\" data-end=\"678\">See <strong data-start=\"411\" data-end=\"442\">\u00f5huke suvine naiste kampsun<\/strong> on ideaalne valik soojemateks p\u00e4evadeks, kui soovid kergust, hingavust ja naiselikku stiili. Kvaliteetne materjalikoostis \u2013 <strong data-start=\"567\" data-end=\"611\">50% viskoos, 26% nailon ja 24% pol\u00fcester<\/strong> \u2013 tagab pehme tunde naha vastas, hea hingavuse ning vastupidavuse.<\/p>\n<p data-start=\"680\" data-end=\"923\">Kerge kudum langeb kaunilt ja sobib suurep\u00e4raselt nii teksade, seeliku kui ka l\u00fchikeste p\u00fckstega kombineerimiseks. Saadaval kolmes pilkup\u00fc\u00fcdvas toonis \u2013 <strong data-start=\"833\" data-end=\"869\">virsik, fuksia ja pastellkollane<\/strong> \u2013, mis lisavad suvegarderoobile v\u00e4rskust ja energiat.<\/p>\n<p data-start=\"925\" data-end=\"1119\">Universaalne <strong data-start=\"938\" data-end=\"972\">\u00fcks suurus sobib XS\u2013M kandjale<\/strong>, kohandudes t\u00e4nu kudumi elastsusele erinevate kehat\u00fc\u00fcpidega. Ideaalne valik kevad- ja suvehooajaks ning kihiliseks kandmiseks jahedamatel \u00f5htutel.<\/p>","protected":false},"excerpt":{"rendered":"<p>See \u00f5huke suvine naiste kampsun on ideaalne valik soojemateks p\u00e4evadeks, kui soovid kergust, hingavust ja naiselikku stiili. Kvaliteetne materjalikoostis \u2013 [&hellip;]<\/p>\n","protected":false},"featured_media":26225,"template":"","meta":{"site-sidebar-layout":"default","site-content-layout":"","ast-site-content-layout":"default","site-content-style":"default","site-sidebar-style":"default","ast-global-header-display":"","ast-banner-title-visibility":"","ast-main-header-display":"","ast-hfb-above-header-display":"","ast-hfb-below-header-display":"","ast-hfb-mobile-header-display":"","site-post-title":"","ast-breadcrumbs-content":"","ast-featured-img":"","footer-sml-layout":"","ast-disable-related-posts":"","theme-transparent-header-meta":"default","adv-header-id-meta":"","stick-header-meta":"default","header-above-stick-meta":"","header-main-stick-meta":"","header-below-stick-meta":"","astra-migrate-meta-layouts":"set","ast-page-background-enabled":"default","ast-page-background-meta":{"desktop":{"background-color":"var(--ast-global-color-4)","background-image":"","background-repeat":"repeat","background-position":"center center","background-size":"auto","background-attachment":"scroll","background-type":"","background-media":"","overlay-type":"","overlay-color":"","overlay-opacity":"","overlay-gradient":""},"tablet":{"background-color":"","background-image":"","background-repeat":"repeat","background-position":"center center","background-size":"auto","background-attachment":"scroll","background-type":"","background-media":"","overlay-type":"","overlay-color":"","overlay-opacity":"","overlay-gradient":""},"mobile":{"background-color":"","background-image":"","background-repeat":"repeat","background-position":"center center","background-size":"auto","background-attachment":"scroll","background-type":"","background-media":"","overlay-type":"","overlay-color":"","overlay-opacity":"","overlay-gradient":""}},"ast-content-background-meta":{"desktop":{"background-color":"var(--ast-global-color-5)","background-image":"","background-repeat":"repeat","background-position":"center center","background-size":"auto","background-attachment":"scroll","background-type":"","background-media":"","overlay-type":"","overlay-color":"","overlay-opacity":"","overlay-gradient":""},"tablet":{"background-color":"var(--ast-global-color-5)","background-image":"","background-repeat":"repeat","background-position":"center center","background-size":"auto","background-attachment":"scroll","background-type":"","background-media":"","overlay-type":"","overlay-color":"","overlay-opacity":"","overlay-gradient":""},"mobile":{"background-color":"var(--ast-global-color-5)","background-image":"","background-repeat":"repeat","background-position":"center center","background-size":"auto","background-attachment":"scroll","background-type":"","background-media":"","overlay-type":"","overlay-color":"","overlay-opacity":"","overlay-gradient":""}}},"product_brand":[],"product_cat":[370,353,351],"product_tag":[2515,2517,1951,1891,2495,2511,2514,2234,2473,2516,2498],"class_list":{"0":"post-26240","1":"product","2":"type-product","3":"status-publish","4":"has-post-thumbnail","6":"product_cat-kampsunid","7":"product_cat-pluusid","8":"product_cat-uued-tooted","9":"product_tag-fuksia-kampsun","10":"product_tag-kerge-naiste-pluus","11":"product_tag-kevadine-kudum","12":"product_tag-naiste-kampsun","13":"product_tag-ohuke-kampsun","14":"product_tag-pastelne-kampsun","15":"product_tag-suvine-kampsun","16":"product_tag-suvine-kudum","17":"product_tag-uks-suurus-xs-m","18":"product_tag-virsikutooni-kampsun","19":"product_tag-viskooskampsun","20":"desktop-align-center","21":"tablet-align-center","22":"mobile-align-center","23":"ast-product-gallery-layout-horizontal-slider","24":"ast-product-single-variable","25":"ast-product-tabs-layout-horizontal","27":"first","28":"instock","29":"taxable","30":"shipping-taxable","31":"purchasable","32":"product-type-variable"},"supplier_id":null,"supplier_sku":"","barcode":null,"atum_controlled":true,"out_stock_date":null,"out_stock_threshold":null,"inheritable":true,"inbound_stock":null,"stock_on_hold":0,"sold_today":null,"sales_last_days":null,"reserved_stock":0,"customer_returns":null,"warehouse_damage":0,"lost_in_post":null,"other_logs":0,"out_stock_days":null,"lost_sales":null,"has_location":false,"update_date":"2026-02-22T14:10:47","atum_locations":[],"atum_stock_status":"instock","restock_status":false,"low_stock_amount":"","sales_update_date":null,"calc_backorders":null,"yoast_head":"<!-- This site is optimized with the Yoast SEO plugin v26.9 - https:\/\/yoast.com\/product\/yoast-seo-wordpress\/ -->\n<title>\u00d5huke suvine naiste kampsun - Karini Butiik<\/title>\n<meta name=\"description\" content=\"\u00d5huke ja mugav suvine naiste kampsun virsiku, fuksia ja pastellkollases toonis. Viskoosisegu materjal, \u00fcks suurus sobib XS\u2013M kandjale.\" \/>\n<meta name=\"robots\" content=\"index, follow, max-snippet:-1, max-image-preview:large, max-video-preview:-1\" \/>\n<link rel=\"canonical\" href=\"https:\/\/www.karinibutiik.ee\/ru\/\u043f\u0440\u043e\u0434\u0443\u043a\u0442\/ohuke-suvine-naiste-kampsun\/\" \/>\n<meta property=\"og:locale\" content=\"ru_RU\" \/>\n<meta property=\"og:type\" content=\"article\" \/>\n<meta property=\"og:title\" content=\"\u00d5huke suvine naiste kampsun - Karini Butiik\" \/>\n<meta property=\"og:description\" content=\"\u00d5huke ja mugav suvine naiste kampsun virsiku, fuksia ja pastellkollases toonis. Viskoosisegu materjal, \u00fcks suurus sobib XS\u2013M kandjale.\" \/>\n<meta property=\"og:url\" content=\"https:\/\/www.karinibutiik.ee\/ru\/\u043f\u0440\u043e\u0434\u0443\u043a\u0442\/ohuke-suvine-naiste-kampsun\/\" \/>\n<meta property=\"og:site_name\" content=\"Karini Butiik\" \/>\n<meta property=\"article:publisher\" content=\"https:\/\/www.facebook.com\/karinibutiik.ee\" \/>\n<meta property=\"article:modified_time\" content=\"2026-04-08T08:55:53+00:00\" \/>\n<meta property=\"og:image\" content=\"https:\/\/www.karinibutiik.ee\/wp-content\/uploads\/2026\/02\/D13048F2-3670-4655-9064-9F95B83D8E8B-scaled.jpeg\" \/>\n\t<meta property=\"og:image:width\" content=\"1920\" \/>\n\t<meta property=\"og:image:height\" content=\"2560\" \/>\n\t<meta property=\"og:image:type\" content=\"image\/jpeg\" \/>\n<meta name=\"twitter:card\" content=\"summary_large_image\" \/>\n<meta name=\"twitter:label1\" content=\"\u0414\u043e\u0441\u0442\u0443\u043f\u043d\u043e\u0441\u0442\u044c\" \/>\n\t<meta name=\"twitter:data1\" content=\"\u0412 \u043d\u0430\u043b\u0438\u0447\u0438\u0438\" \/>\n<script type=\"application\/ld+json\" class=\"yoast-schema-graph\">{\"@context\":\"https:\/\/schema.org\",\"@graph\":[{\"@type\":\"WebPage\",\"@id\":\"https:\/\/www.karinibutiik.ee\/toode\/ohuke-suvine-naiste-kampsun\/\",\"url\":\"https:\/\/www.karinibutiik.ee\/toode\/ohuke-suvine-naiste-kampsun\/\",\"name\":\"\u00d5huke suvine naiste kampsun - Karini Butiik\",\"isPartOf\":{\"@id\":\"https:\/\/www.karinibutiik.ee\/#website\"},\"primaryImageOfPage\":{\"@id\":\"https:\/\/www.karinibutiik.ee\/toode\/ohuke-suvine-naiste-kampsun\/#primaryimage\"},\"image\":{\"@id\":\"https:\/\/www.karinibutiik.ee\/toode\/ohuke-suvine-naiste-kampsun\/#primaryimage\"},\"thumbnailUrl\":\"https:\/\/www.karinibutiik.ee\/wp-content\/uploads\/2026\/02\/D13048F2-3670-4655-9064-9F95B83D8E8B-scaled.jpeg\",\"datePublished\":\"2026-02-22T13:52:08+00:00\",\"dateModified\":\"2026-04-08T08:55:53+00:00\",\"description\":\"\u00d5huke ja mugav suvine naiste kampsun virsiku, fuksia ja pastellkollases toonis. Viskoosisegu materjal, \u00fcks suurus sobib XS\u2013M kandjale.\",\"breadcrumb\":{\"@id\":\"https:\/\/www.karinibutiik.ee\/toode\/ohuke-suvine-naiste-kampsun\/#breadcrumb\"},\"inLanguage\":\"ru-RU\",\"potentialAction\":[{\"@type\":\"ReadAction\",\"target\":[\"https:\/\/www.karinibutiik.ee\/toode\/ohuke-suvine-naiste-kampsun\/\"]}]},{\"@type\":\"ImageObject\",\"inLanguage\":\"ru-RU\",\"@id\":\"https:\/\/www.karinibutiik.ee\/toode\/ohuke-suvine-naiste-kampsun\/#primaryimage\",\"url\":\"https:\/\/www.karinibutiik.ee\/wp-content\/uploads\/2026\/02\/D13048F2-3670-4655-9064-9F95B83D8E8B-scaled.jpeg\",\"contentUrl\":\"https:\/\/www.karinibutiik.ee\/wp-content\/uploads\/2026\/02\/D13048F2-3670-4655-9064-9F95B83D8E8B-scaled.jpeg\",\"width\":1920,\"height\":2560,\"caption\":\"\u00d5huke suvine naiste kampsun \u2013 virsik, fuksia ja pastellkollane (XS\u2013M)\"},{\"@type\":\"BreadcrumbList\",\"@id\":\"https:\/\/www.karinibutiik.ee\/toode\/ohuke-suvine-naiste-kampsun\/#breadcrumb\",\"itemListElement\":[{\"@type\":\"ListItem\",\"position\":1,\"name\":\"Home\",\"item\":\"https:\/\/www.karinibutiik.ee\/\"},{\"@type\":\"ListItem\",\"position\":2,\"name\":\"Pood\",\"item\":\"https:\/\/www.karinibutiik.ee\/pood\/\"},{\"@type\":\"ListItem\",\"position\":3,\"name\":\"\u00d5huke suvine naiste kampsun\"}]},{\"@type\":\"WebSite\",\"@id\":\"https:\/\/www.karinibutiik.ee\/#website\",\"url\":\"https:\/\/www.karinibutiik.ee\/\",\"name\":\"Karini Butiik\",\"description\":\"\",\"publisher\":{\"@id\":\"https:\/\/www.karinibutiik.ee\/#organization\"},\"potentialAction\":[{\"@type\":\"SearchAction\",\"target\":{\"@type\":\"EntryPoint\",\"urlTemplate\":\"https:\/\/www.karinibutiik.ee\/?s={search_term_string}\"},\"query-input\":{\"@type\":\"PropertyValueSpecification\",\"valueRequired\":true,\"valueName\":\"search_term_string\"}}],\"inLanguage\":\"ru-RU\"},{\"@type\":\"Organization\",\"@id\":\"https:\/\/www.karinibutiik.ee\/#organization\",\"name\":\"Karini Butiik\",\"url\":\"https:\/\/www.karinibutiik.ee\/\",\"logo\":{\"@type\":\"ImageObject\",\"inLanguage\":\"ru-RU\",\"@id\":\"https:\/\/www.karinibutiik.ee\/#\/schema\/logo\/image\/\",\"url\":\"https:\/\/www.karinibutiik.ee\/wp-content\/uploads\/2024\/10\/Kuj.-K-koopia.png\",\"contentUrl\":\"https:\/\/www.karinibutiik.ee\/wp-content\/uploads\/2024\/10\/Kuj.-K-koopia.png\",\"width\":500,\"height\":500,\"caption\":\"Karini Butiik\"},\"image\":{\"@id\":\"https:\/\/www.karinibutiik.ee\/#\/schema\/logo\/image\/\"},\"sameAs\":[\"https:\/\/www.facebook.com\/karinibutiik.ee\",\"https:\/\/www.instagram.com\/karinibutiik\"]}]}<\/script>\n<meta property=\"og:availability\" content=\"instock\" \/>\n<meta property=\"product:availability\" content=\"instock\" \/>\n<meta property=\"product:retailer_item_id\" content=\"5026\" \/>\n<meta property=\"product:condition\" content=\"new\" \/>\n<!-- \/ Yoast SEO plugin. -->","yoast_head_json":{"title":"\u00d5huke suvine naiste kampsun - Karini Butiik","description":"\u00d5huke ja mugav suvine naiste kampsun virsiku, fuksia ja pastellkollases toonis. Viskoosisegu materjal, \u00fcks suurus sobib XS\u2013M kandjale.","robots":{"index":"index","follow":"follow","max-snippet":"max-snippet:-1","max-image-preview":"max-image-preview:large","max-video-preview":"max-video-preview:-1"},"canonical":"https:\/\/www.karinibutiik.ee\/ru\/\u043f\u0440\u043e\u0434\u0443\u043a\u0442\/ohuke-suvine-naiste-kampsun\/","og_locale":"ru_RU","og_type":"article","og_title":"\u00d5huke suvine naiste kampsun - Karini Butiik","og_description":"\u00d5huke ja mugav suvine naiste kampsun virsiku, fuksia ja pastellkollases toonis. Viskoosisegu materjal, \u00fcks suurus sobib XS\u2013M kandjale.","og_url":"https:\/\/www.karinibutiik.ee\/ru\/\u043f\u0440\u043e\u0434\u0443\u043a\u0442\/ohuke-suvine-naiste-kampsun\/","og_site_name":"Karini Butiik","article_publisher":"https:\/\/www.facebook.com\/karinibutiik.ee","article_modified_time":"2026-04-08T08:55:53+00:00","og_image":[{"width":1920,"height":2560,"url":"https:\/\/www.karinibutiik.ee\/wp-content\/uploads\/2026\/02\/D13048F2-3670-4655-9064-9F95B83D8E8B-scaled.jpeg","type":"image\/jpeg"}],"twitter_card":"summary_large_image","twitter_misc":{"\u0414\u043e\u0441\u0442\u0443\u043f\u043d\u043e\u0441\u0442\u044c":"\u0412 \u043d\u0430\u043b\u0438\u0447\u0438\u0438"},"schema":{"@context":"https:\/\/schema.org","@graph":[{"@type":"WebPage","@id":"https:\/\/www.karinibutiik.ee\/toode\/ohuke-suvine-naiste-kampsun\/","url":"https:\/\/www.karinibutiik.ee\/toode\/ohuke-suvine-naiste-kampsun\/","name":"\u00d5huke suvine naiste kampsun - Karini Butiik","isPartOf":{"@id":"https:\/\/www.karinibutiik.ee\/#website"},"primaryImageOfPage":{"@id":"https:\/\/www.karinibutiik.ee\/toode\/ohuke-suvine-naiste-kampsun\/#primaryimage"},"image":{"@id":"https:\/\/www.karinibutiik.ee\/toode\/ohuke-suvine-naiste-kampsun\/#primaryimage"},"thumbnailUrl":"https:\/\/www.karinibutiik.ee\/wp-content\/uploads\/2026\/02\/D13048F2-3670-4655-9064-9F95B83D8E8B-scaled.jpeg","datePublished":"2026-02-22T13:52:08+00:00","dateModified":"2026-04-08T08:55:53+00:00","description":"\u00d5huke ja mugav suvine naiste kampsun virsiku, fuksia ja pastellkollases toonis. Viskoosisegu materjal, \u00fcks suurus sobib XS\u2013M kandjale.","breadcrumb":{"@id":"https:\/\/www.karinibutiik.ee\/toode\/ohuke-suvine-naiste-kampsun\/#breadcrumb"},"inLanguage":"ru-RU","potentialAction":[{"@type":"ReadAction","target":["https:\/\/www.karinibutiik.ee\/toode\/ohuke-suvine-naiste-kampsun\/"]}]},{"@type":"ImageObject","inLanguage":"ru-RU","@id":"https:\/\/www.karinibutiik.ee\/toode\/ohuke-suvine-naiste-kampsun\/#primaryimage","url":"https:\/\/www.karinibutiik.ee\/wp-content\/uploads\/2026\/02\/D13048F2-3670-4655-9064-9F95B83D8E8B-scaled.jpeg","contentUrl":"https:\/\/www.karinibutiik.ee\/wp-content\/uploads\/2026\/02\/D13048F2-3670-4655-9064-9F95B83D8E8B-scaled.jpeg","width":1920,"height":2560,"caption":"\u00d5huke suvine naiste kampsun \u2013 virsik, fuksia ja pastellkollane (XS\u2013M)"},{"@type":"BreadcrumbList","@id":"https:\/\/www.karinibutiik.ee\/toode\/ohuke-suvine-naiste-kampsun\/#breadcrumb","itemListElement":[{"@type":"ListItem","position":1,"name":"Home","item":"https:\/\/www.karinibutiik.ee\/"},{"@type":"ListItem","position":2,"name":"Pood","item":"https:\/\/www.karinibutiik.ee\/pood\/"},{"@type":"ListItem","position":3,"name":"\u00d5huke suvine naiste kampsun"}]},{"@type":"WebSite","@id":"https:\/\/www.karinibutiik.ee\/#website","url":"https:\/\/www.karinibutiik.ee\/","name":"\u041a\u0430\u0440\u0438\u043d\u0438 \u0411\u0443\u0442\u0438\u043a","description":"","publisher":{"@id":"https:\/\/www.karinibutiik.ee\/#organization"},"potentialAction":[{"@type":"SearchAction","target":{"@type":"EntryPoint","urlTemplate":"https:\/\/www.karinibutiik.ee\/?s={search_term_string}"},"query-input":{"@type":"PropertyValueSpecification","valueRequired":true,"valueName":"search_term_string"}}],"inLanguage":"ru-RU"},{"@type":"Organization","@id":"https:\/\/www.karinibutiik.ee\/#organization","name":"\u041a\u0430\u0440\u0438\u043d\u0438 \u0411\u0443\u0442\u0438\u043a","url":"https:\/\/www.karinibutiik.ee\/","logo":{"@type":"ImageObject","inLanguage":"ru-RU","@id":"https:\/\/www.karinibutiik.ee\/#\/schema\/logo\/image\/","url":"https:\/\/www.karinibutiik.ee\/wp-content\/uploads\/2024\/10\/Kuj.-K-koopia.png","contentUrl":"https:\/\/www.karinibutiik.ee\/wp-content\/uploads\/2024\/10\/Kuj.-K-koopia.png","width":500,"height":500,"caption":"Karini Butiik"},"image":{"@id":"https:\/\/www.karinibutiik.ee\/#\/schema\/logo\/image\/"},"sameAs":["https:\/\/www.facebook.com\/karinibutiik.ee","https:\/\/www.instagram.com\/karinibutiik"]}]},"og_availability":"instock","product_availability":"instock","product_retailer_item_id":"5026","product_condition":"new"},"_links":{"self":[{"href":"https:\/\/www.karinibutiik.ee\/ru\/wp-json\/wp\/v2\/product\/26240","targetHints":{"allow":["GET"]}}],"collection":[{"href":"https:\/\/www.karinibutiik.ee\/ru\/wp-json\/wp\/v2\/product"}],"about":[{"href":"https:\/\/www.karinibutiik.ee\/ru\/wp-json\/wp\/v2\/types\/product"}],"version-history":[{"count":1,"href":"https:\/\/www.karinibutiik.ee\/ru\/wp-json\/wp\/v2\/product\/26240\/revisions"}],"predecessor-version":[{"id":26244,"href":"https:\/\/www.karinibutiik.ee\/ru\/wp-json\/wp\/v2\/product\/26240\/revisions\/26244"}],"wp:featuredmedia":[{"embeddable":true,"href":"https:\/\/www.karinibutiik.ee\/ru\/wp-json\/wp\/v2\/media\/26225"}],"wp:attachment":[{"href":"https:\/\/www.karinibutiik.ee\/ru\/wp-json\/wp\/v2\/media?parent=26240"}],"wp:term":[{"taxonomy":"product_brand","embeddable":true,"href":"https:\/\/www.karinibutiik.ee\/ru\/wp-json\/wp\/v2\/product_brand?post=26240"},{"taxonomy":"product_cat","embeddable":true,"href":"https:\/\/www.karinibutiik.ee\/ru\/wp-json\/wp\/v2\/product_cat?post=26240"},{"taxonomy":"product_tag","embeddable":true,"href":"https:\/\/www.karinibutiik.ee\/ru\/wp-json\/wp\/v2\/product_tag?post=26240"}],"curies":[{"name":"wp","href":"https:\/\/api.w.org\/{rel}","templated":true}]}}