{"id":26309,"date":"2026-02-22T18:58:11","date_gmt":"2026-02-22T16:58:11","guid":{"rendered":"https:\/\/www.karinibutiik.ee\/?post_type=product&#038;p=26309"},"modified":"2026-03-28T13:39:54","modified_gmt":"2026-03-28T11:39:54","slug":"trendikad-oversized-paikeseprillid-modernne","status":"publish","type":"product","link":"https:\/\/www.karinibutiik.ee\/ru\/%d0%bf%d1%80%d0%be%d0%b4%d1%83%d0%ba%d1%82\/trendikad-oversized-paikeseprillid-modernne\/","title":{"rendered":"Trendikad oversized p\u00e4ikeseprillid \u2013 modernne"},"content":{"rendered":"<p data-start=\"423\" data-end=\"632\">Need <strong data-start=\"428\" data-end=\"466\">trendikad oversized p\u00e4ikeseprillid<\/strong> on loodud naisele, kes armastab silmapaistvat ja enesekindlat stiili. Julge, kandiline raam lisab modernset karakterit ning muudab iga outfit\u2019i koheselt efektsemaks.<\/p>\n<p data-start=\"634\" data-end=\"877\">Oversized disain r\u00f5hutab n\u00e4ojooni ja loob luksusliku moeliku mulje \u2013 sobides nii linnastiili, rannap\u00e4evade kui ka elegantsemate komplektide juurde. Tegemist on statement-aksessuaariga, mis t\u00e4iendab minimalistlikke kui ka julgeid r\u00f5ivavalikuid.<\/p>\n<p data-start=\"879\" data-end=\"978\">Ideaalne valik kevad- ja suvehooajaks, kui soovid \u00fchendada praktilisuse ja trenditeadliku v\u00e4limuse.<\/p>\n<p data-start=\"879\" data-end=\"978\">KAASAS PRILLIKARP, KAS MUST, BEEZ V\u00d5I HALL ( V\u00c4RVI LISAME ISE )<\/p>","protected":false},"excerpt":{"rendered":"<p>Need trendikad oversized p\u00e4ikeseprillid on loodud naisele, kes armastab silmapaistvat ja enesekindlat stiili. Julge, kandiline raam lisab modernset karakterit ning [&hellip;]<\/p>\n","protected":false},"featured_media":26307,"template":"","meta":{"site-sidebar-layout":"default","site-content-layout":"","ast-site-content-layout":"default","site-content-style":"default","site-sidebar-style":"default","ast-global-header-display":"","ast-banner-title-visibility":"","ast-main-header-display":"","ast-hfb-above-header-display":"","ast-hfb-below-header-display":"","ast-hfb-mobile-header-display":"","site-post-title":"","ast-breadcrumbs-content":"","ast-featured-img":"","footer-sml-layout":"","ast-disable-related-posts":"","theme-transparent-header-meta":"default","adv-header-id-meta":"","stick-header-meta":"default","header-above-stick-meta":"","header-main-stick-meta":"","header-below-stick-meta":"","astra-migrate-meta-layouts":"set","ast-page-background-enabled":"default","ast-page-background-meta":{"desktop":{"background-color":"var(--ast-global-color-4)","background-image":"","background-repeat":"repeat","background-position":"center center","background-size":"auto","background-attachment":"scroll","background-type":"","background-media":"","overlay-type":"","overlay-color":"","overlay-opacity":"","overlay-gradient":""},"tablet":{"background-color":"","background-image":"","background-repeat":"repeat","background-position":"center center","background-size":"auto","background-attachment":"scroll","background-type":"","background-media":"","overlay-type":"","overlay-color":"","overlay-opacity":"","overlay-gradient":""},"mobile":{"background-color":"","background-image":"","background-repeat":"repeat","background-position":"center center","background-size":"auto","background-attachment":"scroll","background-type":"","background-media":"","overlay-type":"","overlay-color":"","overlay-opacity":"","overlay-gradient":""}},"ast-content-background-meta":{"desktop":{"background-color":"var(--ast-global-color-5)","background-image":"","background-repeat":"repeat","background-position":"center center","background-size":"auto","background-attachment":"scroll","background-type":"","background-media":"","overlay-type":"","overlay-color":"","overlay-opacity":"","overlay-gradient":""},"tablet":{"background-color":"var(--ast-global-color-5)","background-image":"","background-repeat":"repeat","background-position":"center center","background-size":"auto","background-attachment":"scroll","background-type":"","background-media":"","overlay-type":"","overlay-color":"","overlay-opacity":"","overlay-gradient":""},"mobile":{"background-color":"var(--ast-global-color-5)","background-image":"","background-repeat":"repeat","background-position":"center center","background-size":"auto","background-attachment":"scroll","background-type":"","background-media":"","overlay-type":"","overlay-color":"","overlay-opacity":"","overlay-gradient":""}}},"product_brand":[],"product_cat":[371,346,351],"product_tag":[2549,2550,2539,2538,2548,2551,2540,2547],"class_list":{"0":"post-26309","1":"product","2":"type-product","3":"status-publish","4":"has-post-thumbnail","6":"product_cat-aksessuaarid","7":"product_cat-naised","8":"product_cat-uued-tooted","9":"product_tag-kandilised-paikeseprillid","10":"product_tag-moekad-prillid","11":"product_tag-naiste-paikeseprillid","12":"product_tag-oversized-paikeseprillid","13":"product_tag-statement-prillid","14":"product_tag-stiilsed-paikeseprillid","15":"product_tag-suvised-aksessuaarid","16":"product_tag-trendikad-paikeseprillid","17":"desktop-align-center","18":"tablet-align-center","19":"mobile-align-center","20":"ast-product-gallery-layout-horizontal-slider","21":"ast-product-single-variable","22":"ast-product-tabs-layout-horizontal","24":"first","25":"instock","26":"taxable","27":"shipping-taxable","28":"purchasable","29":"product-type-variable"},"supplier_id":null,"supplier_sku":"","barcode":null,"atum_controlled":true,"out_stock_date":null,"out_stock_threshold":null,"inheritable":true,"inbound_stock":null,"stock_on_hold":0,"sold_today":null,"sales_last_days":null,"reserved_stock":0,"customer_returns":null,"warehouse_damage":0,"lost_in_post":null,"other_logs":0,"out_stock_days":null,"lost_sales":null,"has_location":false,"update_date":"2026-02-26T10:23:07","atum_locations":[],"atum_stock_status":"instock","restock_status":false,"low_stock_amount":"","sales_update_date":null,"calc_backorders":null,"yoast_head":"<!-- This site is optimized with the Yoast SEO plugin v26.9 - https:\/\/yoast.com\/product\/yoast-seo-wordpress\/ -->\n<title>Trendikad oversized p\u00e4ikeseprillid \u2013 modernne - Karini Butiik<\/title>\n<meta name=\"description\" content=\"Trendikad oversized p\u00e4ikeseprillid modernse ja julge disainiga. Stiilne aksessuaar, mis t\u00e4iendab igat outfiti ja lisab enesekindlat karakterit.\" \/>\n<meta name=\"robots\" content=\"index, follow, max-snippet:-1, max-image-preview:large, max-video-preview:-1\" \/>\n<link rel=\"canonical\" href=\"https:\/\/www.karinibutiik.ee\/ru\/\u043f\u0440\u043e\u0434\u0443\u043a\u0442\/trendikad-oversized-paikeseprillid-modernne\/\" \/>\n<meta property=\"og:locale\" content=\"ru_RU\" \/>\n<meta property=\"og:type\" content=\"article\" \/>\n<meta property=\"og:title\" content=\"Trendikad oversized p\u00e4ikeseprillid \u2013 modernne - Karini Butiik\" \/>\n<meta property=\"og:description\" content=\"Trendikad oversized p\u00e4ikeseprillid modernse ja julge disainiga. Stiilne aksessuaar, mis t\u00e4iendab igat outfiti ja lisab enesekindlat karakterit.\" \/>\n<meta property=\"og:url\" content=\"https:\/\/www.karinibutiik.ee\/ru\/\u043f\u0440\u043e\u0434\u0443\u043a\u0442\/trendikad-oversized-paikeseprillid-modernne\/\" \/>\n<meta property=\"og:site_name\" content=\"Karini Butiik\" \/>\n<meta property=\"article:publisher\" content=\"https:\/\/www.facebook.com\/karinibutiik.ee\" \/>\n<meta property=\"article:modified_time\" content=\"2026-03-28T11:39:54+00:00\" \/>\n<meta property=\"og:image\" content=\"https:\/\/www.karinibutiik.ee\/wp-content\/uploads\/2026\/02\/IMG_9236-1-scaled.jpeg\" \/>\n\t<meta property=\"og:image:width\" content=\"1920\" \/>\n\t<meta property=\"og:image:height\" content=\"2560\" \/>\n\t<meta property=\"og:image:type\" content=\"image\/jpeg\" \/>\n<meta name=\"twitter:card\" content=\"summary_large_image\" \/>\n<meta name=\"twitter:label1\" content=\"\u0414\u043e\u0441\u0442\u0443\u043f\u043d\u043e\u0441\u0442\u044c\" \/>\n\t<meta name=\"twitter:data1\" content=\"\u0412 \u043d\u0430\u043b\u0438\u0447\u0438\u0438\" \/>\n<script type=\"application\/ld+json\" class=\"yoast-schema-graph\">{\"@context\":\"https:\/\/schema.org\",\"@graph\":[{\"@type\":\"WebPage\",\"@id\":\"https:\/\/www.karinibutiik.ee\/toode\/trendikad-oversized-paikeseprillid-modernne\/\",\"url\":\"https:\/\/www.karinibutiik.ee\/toode\/trendikad-oversized-paikeseprillid-modernne\/\",\"name\":\"Trendikad oversized p\u00e4ikeseprillid \u2013 modernne - Karini Butiik\",\"isPartOf\":{\"@id\":\"https:\/\/www.karinibutiik.ee\/#website\"},\"primaryImageOfPage\":{\"@id\":\"https:\/\/www.karinibutiik.ee\/toode\/trendikad-oversized-paikeseprillid-modernne\/#primaryimage\"},\"image\":{\"@id\":\"https:\/\/www.karinibutiik.ee\/toode\/trendikad-oversized-paikeseprillid-modernne\/#primaryimage\"},\"thumbnailUrl\":\"https:\/\/www.karinibutiik.ee\/wp-content\/uploads\/2026\/02\/IMG_9236-1-scaled.jpeg\",\"datePublished\":\"2026-02-22T16:58:11+00:00\",\"dateModified\":\"2026-03-28T11:39:54+00:00\",\"description\":\"Trendikad oversized p\u00e4ikeseprillid modernse ja julge disainiga. Stiilne aksessuaar, mis t\u00e4iendab igat outfiti ja lisab enesekindlat karakterit.\",\"breadcrumb\":{\"@id\":\"https:\/\/www.karinibutiik.ee\/toode\/trendikad-oversized-paikeseprillid-modernne\/#breadcrumb\"},\"inLanguage\":\"ru-RU\",\"potentialAction\":[{\"@type\":\"ReadAction\",\"target\":[\"https:\/\/www.karinibutiik.ee\/toode\/trendikad-oversized-paikeseprillid-modernne\/\"]}]},{\"@type\":\"ImageObject\",\"inLanguage\":\"ru-RU\",\"@id\":\"https:\/\/www.karinibutiik.ee\/toode\/trendikad-oversized-paikeseprillid-modernne\/#primaryimage\",\"url\":\"https:\/\/www.karinibutiik.ee\/wp-content\/uploads\/2026\/02\/IMG_9236-1-scaled.jpeg\",\"contentUrl\":\"https:\/\/www.karinibutiik.ee\/wp-content\/uploads\/2026\/02\/IMG_9236-1-scaled.jpeg\",\"width\":1920,\"height\":2560,\"caption\":\"Trendikad oversized p\u00e4ikeseprillid \u2013 modernne\"},{\"@type\":\"BreadcrumbList\",\"@id\":\"https:\/\/www.karinibutiik.ee\/toode\/trendikad-oversized-paikeseprillid-modernne\/#breadcrumb\",\"itemListElement\":[{\"@type\":\"ListItem\",\"position\":1,\"name\":\"Home\",\"item\":\"https:\/\/www.karinibutiik.ee\/\"},{\"@type\":\"ListItem\",\"position\":2,\"name\":\"Pood\",\"item\":\"https:\/\/www.karinibutiik.ee\/pood\/\"},{\"@type\":\"ListItem\",\"position\":3,\"name\":\"Trendikad oversized p\u00e4ikeseprillid \u2013 modernne\"}]},{\"@type\":\"WebSite\",\"@id\":\"https:\/\/www.karinibutiik.ee\/#website\",\"url\":\"https:\/\/www.karinibutiik.ee\/\",\"name\":\"Karini Butiik\",\"description\":\"\",\"publisher\":{\"@id\":\"https:\/\/www.karinibutiik.ee\/#organization\"},\"potentialAction\":[{\"@type\":\"SearchAction\",\"target\":{\"@type\":\"EntryPoint\",\"urlTemplate\":\"https:\/\/www.karinibutiik.ee\/?s={search_term_string}\"},\"query-input\":{\"@type\":\"PropertyValueSpecification\",\"valueRequired\":true,\"valueName\":\"search_term_string\"}}],\"inLanguage\":\"ru-RU\"},{\"@type\":\"Organization\",\"@id\":\"https:\/\/www.karinibutiik.ee\/#organization\",\"name\":\"Karini Butiik\",\"url\":\"https:\/\/www.karinibutiik.ee\/\",\"logo\":{\"@type\":\"ImageObject\",\"inLanguage\":\"ru-RU\",\"@id\":\"https:\/\/www.karinibutiik.ee\/#\/schema\/logo\/image\/\",\"url\":\"https:\/\/www.karinibutiik.ee\/wp-content\/uploads\/2024\/10\/Kuj.-K-koopia.png\",\"contentUrl\":\"https:\/\/www.karinibutiik.ee\/wp-content\/uploads\/2024\/10\/Kuj.-K-koopia.png\",\"width\":500,\"height\":500,\"caption\":\"Karini Butiik\"},\"image\":{\"@id\":\"https:\/\/www.karinibutiik.ee\/#\/schema\/logo\/image\/\"},\"sameAs\":[\"https:\/\/www.facebook.com\/karinibutiik.ee\",\"https:\/\/www.instagram.com\/karinibutiik\"]}]}<\/script>\n<meta property=\"og:availability\" content=\"instock\" \/>\n<meta property=\"product:availability\" content=\"instock\" \/>\n<meta property=\"product:retailer_item_id\" content=\"5022-PRILLID-2\" \/>\n<meta property=\"product:condition\" content=\"new\" \/>\n<!-- \/ Yoast SEO plugin. -->","yoast_head_json":{"title":"Trendikad oversized p\u00e4ikeseprillid \u2013 modernne - Karini Butiik","description":"Trendikad oversized p\u00e4ikeseprillid modernse ja julge disainiga. Stiilne aksessuaar, mis t\u00e4iendab igat outfiti ja lisab enesekindlat karakterit.","robots":{"index":"index","follow":"follow","max-snippet":"max-snippet:-1","max-image-preview":"max-image-preview:large","max-video-preview":"max-video-preview:-1"},"canonical":"https:\/\/www.karinibutiik.ee\/ru\/\u043f\u0440\u043e\u0434\u0443\u043a\u0442\/trendikad-oversized-paikeseprillid-modernne\/","og_locale":"ru_RU","og_type":"article","og_title":"Trendikad oversized p\u00e4ikeseprillid \u2013 modernne - Karini Butiik","og_description":"Trendikad oversized p\u00e4ikeseprillid modernse ja julge disainiga. Stiilne aksessuaar, mis t\u00e4iendab igat outfiti ja lisab enesekindlat karakterit.","og_url":"https:\/\/www.karinibutiik.ee\/ru\/\u043f\u0440\u043e\u0434\u0443\u043a\u0442\/trendikad-oversized-paikeseprillid-modernne\/","og_site_name":"Karini Butiik","article_publisher":"https:\/\/www.facebook.com\/karinibutiik.ee","article_modified_time":"2026-03-28T11:39:54+00:00","og_image":[{"width":1920,"height":2560,"url":"https:\/\/www.karinibutiik.ee\/wp-content\/uploads\/2026\/02\/IMG_9236-1-scaled.jpeg","type":"image\/jpeg"}],"twitter_card":"summary_large_image","twitter_misc":{"\u0414\u043e\u0441\u0442\u0443\u043f\u043d\u043e\u0441\u0442\u044c":"\u0412 \u043d\u0430\u043b\u0438\u0447\u0438\u0438"},"schema":{"@context":"https:\/\/schema.org","@graph":[{"@type":"WebPage","@id":"https:\/\/www.karinibutiik.ee\/toode\/trendikad-oversized-paikeseprillid-modernne\/","url":"https:\/\/www.karinibutiik.ee\/toode\/trendikad-oversized-paikeseprillid-modernne\/","name":"Trendikad oversized p\u00e4ikeseprillid \u2013 modernne - Karini Butiik","isPartOf":{"@id":"https:\/\/www.karinibutiik.ee\/#website"},"primaryImageOfPage":{"@id":"https:\/\/www.karinibutiik.ee\/toode\/trendikad-oversized-paikeseprillid-modernne\/#primaryimage"},"image":{"@id":"https:\/\/www.karinibutiik.ee\/toode\/trendikad-oversized-paikeseprillid-modernne\/#primaryimage"},"thumbnailUrl":"https:\/\/www.karinibutiik.ee\/wp-content\/uploads\/2026\/02\/IMG_9236-1-scaled.jpeg","datePublished":"2026-02-22T16:58:11+00:00","dateModified":"2026-03-28T11:39:54+00:00","description":"Trendikad oversized p\u00e4ikeseprillid modernse ja julge disainiga. Stiilne aksessuaar, mis t\u00e4iendab igat outfiti ja lisab enesekindlat karakterit.","breadcrumb":{"@id":"https:\/\/www.karinibutiik.ee\/toode\/trendikad-oversized-paikeseprillid-modernne\/#breadcrumb"},"inLanguage":"ru-RU","potentialAction":[{"@type":"ReadAction","target":["https:\/\/www.karinibutiik.ee\/toode\/trendikad-oversized-paikeseprillid-modernne\/"]}]},{"@type":"ImageObject","inLanguage":"ru-RU","@id":"https:\/\/www.karinibutiik.ee\/toode\/trendikad-oversized-paikeseprillid-modernne\/#primaryimage","url":"https:\/\/www.karinibutiik.ee\/wp-content\/uploads\/2026\/02\/IMG_9236-1-scaled.jpeg","contentUrl":"https:\/\/www.karinibutiik.ee\/wp-content\/uploads\/2026\/02\/IMG_9236-1-scaled.jpeg","width":1920,"height":2560,"caption":"Trendikad oversized p\u00e4ikeseprillid \u2013 modernne"},{"@type":"BreadcrumbList","@id":"https:\/\/www.karinibutiik.ee\/toode\/trendikad-oversized-paikeseprillid-modernne\/#breadcrumb","itemListElement":[{"@type":"ListItem","position":1,"name":"Home","item":"https:\/\/www.karinibutiik.ee\/"},{"@type":"ListItem","position":2,"name":"Pood","item":"https:\/\/www.karinibutiik.ee\/pood\/"},{"@type":"ListItem","position":3,"name":"Trendikad oversized p\u00e4ikeseprillid \u2013 modernne"}]},{"@type":"WebSite","@id":"https:\/\/www.karinibutiik.ee\/#website","url":"https:\/\/www.karinibutiik.ee\/","name":"\u041a\u0430\u0440\u0438\u043d\u0438 \u0411\u0443\u0442\u0438\u043a","description":"","publisher":{"@id":"https:\/\/www.karinibutiik.ee\/#organization"},"potentialAction":[{"@type":"SearchAction","target":{"@type":"EntryPoint","urlTemplate":"https:\/\/www.karinibutiik.ee\/?s={search_term_string}"},"query-input":{"@type":"PropertyValueSpecification","valueRequired":true,"valueName":"search_term_string"}}],"inLanguage":"ru-RU"},{"@type":"Organization","@id":"https:\/\/www.karinibutiik.ee\/#organization","name":"\u041a\u0430\u0440\u0438\u043d\u0438 \u0411\u0443\u0442\u0438\u043a","url":"https:\/\/www.karinibutiik.ee\/","logo":{"@type":"ImageObject","inLanguage":"ru-RU","@id":"https:\/\/www.karinibutiik.ee\/#\/schema\/logo\/image\/","url":"https:\/\/www.karinibutiik.ee\/wp-content\/uploads\/2024\/10\/Kuj.-K-koopia.png","contentUrl":"https:\/\/www.karinibutiik.ee\/wp-content\/uploads\/2024\/10\/Kuj.-K-koopia.png","width":500,"height":500,"caption":"Karini Butiik"},"image":{"@id":"https:\/\/www.karinibutiik.ee\/#\/schema\/logo\/image\/"},"sameAs":["https:\/\/www.facebook.com\/karinibutiik.ee","https:\/\/www.instagram.com\/karinibutiik"]}]},"og_availability":"instock","product_availability":"instock","product_retailer_item_id":"5022-PRILLID-2","product_condition":"new"},"_links":{"self":[{"href":"https:\/\/www.karinibutiik.ee\/ru\/wp-json\/wp\/v2\/product\/26309","targetHints":{"allow":["GET"]}}],"collection":[{"href":"https:\/\/www.karinibutiik.ee\/ru\/wp-json\/wp\/v2\/product"}],"about":[{"href":"https:\/\/www.karinibutiik.ee\/ru\/wp-json\/wp\/v2\/types\/product"}],"version-history":[{"count":1,"href":"https:\/\/www.karinibutiik.ee\/ru\/wp-json\/wp\/v2\/product\/26309\/revisions"}],"predecessor-version":[{"id":26318,"href":"https:\/\/www.karinibutiik.ee\/ru\/wp-json\/wp\/v2\/product\/26309\/revisions\/26318"}],"wp:featuredmedia":[{"embeddable":true,"href":"https:\/\/www.karinibutiik.ee\/ru\/wp-json\/wp\/v2\/media\/26307"}],"wp:attachment":[{"href":"https:\/\/www.karinibutiik.ee\/ru\/wp-json\/wp\/v2\/media?parent=26309"}],"wp:term":[{"taxonomy":"product_brand","embeddable":true,"href":"https:\/\/www.karinibutiik.ee\/ru\/wp-json\/wp\/v2\/product_brand?post=26309"},{"taxonomy":"product_cat","embeddable":true,"href":"https:\/\/www.karinibutiik.ee\/ru\/wp-json\/wp\/v2\/product_cat?post=26309"},{"taxonomy":"product_tag","embeddable":true,"href":"https:\/\/www.karinibutiik.ee\/ru\/wp-json\/wp\/v2\/product_tag?post=26309"}],"curies":[{"name":"wp","href":"https:\/\/api.w.org\/{rel}","templated":true}]}}