{"id":26553,"date":"2026-03-06T16:26:06","date_gmt":"2026-03-06T14:26:06","guid":{"rendered":"https:\/\/www.karinibutiik.ee\/?post_type=product&#038;p=26553"},"modified":"2026-03-08T19:54:29","modified_gmt":"2026-03-08T17:54:29","slug":"puuvillane-naiste-pusa","status":"publish","type":"product","link":"https:\/\/www.karinibutiik.ee\/ru\/%d0%bf%d1%80%d0%be%d0%b4%d1%83%d0%ba%d1%82\/puuvillane-naiste-pusa\/","title":{"rendered":"Puuvillane naiste pusa"},"content":{"rendered":"<p data-start=\"309\" data-end=\"583\">See puuvillane naiste pusa on ideaalne valik, kui otsid mugavat ja stiilset dressipluusi igap\u00e4evaseks kandmiseks. Klassikaline ja veidi oversized l\u00f5ige loob pingevaba ning trendika silueti, mis sobib suurep\u00e4raselt nii vabaaja riietuseks kui ka sportlikuks linnastiiliks.<\/p>\n<p data-start=\"585\" data-end=\"813\">Pusa on valmistatud kvaliteetsest ja v\u00e4ga pehmest materjalist, mille koostis on 95% puuvill ja 5% pol\u00fcester. Puuvill tagab hingava ja naha vastas m\u00f5nusa tunde, samas kui pol\u00fcester aitab s\u00e4ilitada kanga vastupidavust ja kuju.<\/p>\n<p data-start=\"815\" data-end=\"1061\">Esik\u00fcljel olev dekoratiivne tekst lisab pusale pilkup\u00fc\u00fcdva ja modernse detaili, mis muudab selle lihtsa r\u00f5iva eriliseks. See pusa sobib ideaalselt teksade, dressip\u00fckste v\u00f5i seelikuga kombineerimiseks ning on mugav valik igap\u00e4evasteks tegemisteks.<\/p>\n<p data-start=\"1063\" data-end=\"1193\">Universaalne l\u00f5ige t\u00e4hendab, et \u00fcks suurus sobib XS\u2013L kandjale, pakkudes avarat ja mugavat istuvust erinevatele kehat\u00fc\u00fcpidele.<\/p>","protected":false},"excerpt":{"rendered":"<p>See puuvillane naiste pusa on ideaalne valik, kui otsid mugavat ja stiilset dressipluusi igap\u00e4evaseks kandmiseks. Klassikaline ja veidi oversized l\u00f5ige [&hellip;]<\/p>\n","protected":false},"featured_media":26519,"template":"","meta":{"site-sidebar-layout":"default","site-content-layout":"","ast-site-content-layout":"default","site-content-style":"default","site-sidebar-style":"default","ast-global-header-display":"","ast-banner-title-visibility":"","ast-main-header-display":"","ast-hfb-above-header-display":"","ast-hfb-below-header-display":"","ast-hfb-mobile-header-display":"","site-post-title":"","ast-breadcrumbs-content":"","ast-featured-img":"","footer-sml-layout":"","ast-disable-related-posts":"","theme-transparent-header-meta":"default","adv-header-id-meta":"","stick-header-meta":"default","header-above-stick-meta":"","header-main-stick-meta":"","header-below-stick-meta":"","astra-migrate-meta-layouts":"set","ast-page-background-enabled":"default","ast-page-background-meta":{"desktop":{"background-color":"var(--ast-global-color-4)","background-image":"","background-repeat":"repeat","background-position":"center center","background-size":"auto","background-attachment":"scroll","background-type":"","background-media":"","overlay-type":"","overlay-color":"","overlay-opacity":"","overlay-gradient":""},"tablet":{"background-color":"","background-image":"","background-repeat":"repeat","background-position":"center center","background-size":"auto","background-attachment":"scroll","background-type":"","background-media":"","overlay-type":"","overlay-color":"","overlay-opacity":"","overlay-gradient":""},"mobile":{"background-color":"","background-image":"","background-repeat":"repeat","background-position":"center center","background-size":"auto","background-attachment":"scroll","background-type":"","background-media":"","overlay-type":"","overlay-color":"","overlay-opacity":"","overlay-gradient":""}},"ast-content-background-meta":{"desktop":{"background-color":"var(--ast-global-color-5)","background-image":"","background-repeat":"repeat","background-position":"center center","background-size":"auto","background-attachment":"scroll","background-type":"","background-media":"","overlay-type":"","overlay-color":"","overlay-opacity":"","overlay-gradient":""},"tablet":{"background-color":"var(--ast-global-color-5)","background-image":"","background-repeat":"repeat","background-position":"center center","background-size":"auto","background-attachment":"scroll","background-type":"","background-media":"","overlay-type":"","overlay-color":"","overlay-opacity":"","overlay-gradient":""},"mobile":{"background-color":"var(--ast-global-color-5)","background-image":"","background-repeat":"repeat","background-position":"center center","background-size":"auto","background-attachment":"scroll","background-type":"","background-media":"","overlay-type":"","overlay-color":"","overlay-opacity":"","overlay-gradient":""}}},"product_brand":[],"product_cat":[389,346,353,351],"product_tag":[2591,2592,2586,2589,2582,2584,2593,2585,2587,2590],"class_list":{"0":"post-26553","1":"product","2":"type-product","3":"status-publish","4":"has-post-thumbnail","6":"product_cat-dressipluusid","7":"product_cat-naised","8":"product_cat-pluusid","9":"product_cat-uued-tooted","10":"product_tag-dressipluus-naistele","11":"product_tag-kirjaga-pusa","12":"product_tag-mugav-pusa","13":"product_tag-naiste-dressipluus","14":"product_tag-naiste-pusa","15":"product_tag-oversized-pusa","16":"product_tag-pehme-dressipluus","17":"product_tag-puuvillane-pusa","18":"product_tag-vabaaja-pusa","19":"product_tag-xs-l-pusa","20":"desktop-align-center","21":"tablet-align-center","22":"mobile-align-center","23":"ast-product-gallery-layout-horizontal-slider","24":"ast-product-single-variable","25":"ast-product-tabs-layout-horizontal","27":"first","28":"instock","29":"taxable","30":"shipping-taxable","31":"purchasable","32":"product-type-variable"},"supplier_id":null,"supplier_sku":"","barcode":null,"atum_controlled":true,"out_stock_date":null,"out_stock_threshold":null,"inheritable":true,"inbound_stock":null,"stock_on_hold":0,"sold_today":null,"sales_last_days":null,"reserved_stock":0,"customer_returns":null,"warehouse_damage":0,"lost_in_post":null,"other_logs":0,"out_stock_days":null,"lost_sales":null,"has_location":false,"update_date":"2026-03-07T09:03:46","atum_locations":[],"atum_stock_status":"instock","restock_status":false,"low_stock_amount":"","sales_update_date":null,"calc_backorders":null,"yoast_head":"<!-- This site is optimized with the Yoast SEO plugin v26.9 - https:\/\/yoast.com\/product\/yoast-seo-wordpress\/ -->\n<title>Puuvillane naiste pusa - Karini Butiik<\/title>\n<meta name=\"description\" content=\"Pehme puuvillane naiste pusa kirjaga. Mugav ja stiilne dressipluus igap\u00e4evaseks kandmiseks. \u00dcks suurus sobib XS\u2013L kandjale.\" \/>\n<meta name=\"robots\" content=\"index, follow, max-snippet:-1, max-image-preview:large, max-video-preview:-1\" \/>\n<link rel=\"canonical\" href=\"https:\/\/www.karinibutiik.ee\/ru\/\u043f\u0440\u043e\u0434\u0443\u043a\u0442\/puuvillane-naiste-pusa\/\" \/>\n<meta property=\"og:locale\" content=\"ru_RU\" \/>\n<meta property=\"og:type\" content=\"article\" \/>\n<meta property=\"og:title\" content=\"Puuvillane naiste pusa - Karini Butiik\" \/>\n<meta property=\"og:description\" content=\"Pehme puuvillane naiste pusa kirjaga. Mugav ja stiilne dressipluus igap\u00e4evaseks kandmiseks. \u00dcks suurus sobib XS\u2013L kandjale.\" \/>\n<meta property=\"og:url\" content=\"https:\/\/www.karinibutiik.ee\/ru\/\u043f\u0440\u043e\u0434\u0443\u043a\u0442\/puuvillane-naiste-pusa\/\" \/>\n<meta property=\"og:site_name\" content=\"Karini Butiik\" \/>\n<meta property=\"article:publisher\" content=\"https:\/\/www.facebook.com\/karinibutiik.ee\" \/>\n<meta property=\"article:modified_time\" content=\"2026-03-08T17:54:29+00:00\" \/>\n<meta property=\"og:image\" content=\"https:\/\/www.karinibutiik.ee\/wp-content\/uploads\/2026\/03\/C330D6D5-8AC2-4A80-A36F-CD4BFFCE8314-scaled.jpeg\" \/>\n\t<meta property=\"og:image:width\" content=\"1920\" \/>\n\t<meta property=\"og:image:height\" content=\"2560\" \/>\n\t<meta property=\"og:image:type\" content=\"image\/jpeg\" \/>\n<meta name=\"twitter:card\" content=\"summary_large_image\" \/>\n<meta name=\"twitter:label1\" content=\"\u0414\u043e\u0441\u0442\u0443\u043f\u043d\u043e\u0441\u0442\u044c\" \/>\n\t<meta name=\"twitter:data1\" content=\"\u0412 \u043d\u0430\u043b\u0438\u0447\u0438\u0438\" \/>\n<script type=\"application\/ld+json\" class=\"yoast-schema-graph\">{\"@context\":\"https:\/\/schema.org\",\"@graph\":[{\"@type\":\"WebPage\",\"@id\":\"https:\/\/www.karinibutiik.ee\/toode\/puuvillane-naiste-pusa\/\",\"url\":\"https:\/\/www.karinibutiik.ee\/toode\/puuvillane-naiste-pusa\/\",\"name\":\"Puuvillane naiste pusa - Karini Butiik\",\"isPartOf\":{\"@id\":\"https:\/\/www.karinibutiik.ee\/#website\"},\"primaryImageOfPage\":{\"@id\":\"https:\/\/www.karinibutiik.ee\/toode\/puuvillane-naiste-pusa\/#primaryimage\"},\"image\":{\"@id\":\"https:\/\/www.karinibutiik.ee\/toode\/puuvillane-naiste-pusa\/#primaryimage\"},\"thumbnailUrl\":\"https:\/\/www.karinibutiik.ee\/wp-content\/uploads\/2026\/03\/C330D6D5-8AC2-4A80-A36F-CD4BFFCE8314-scaled.jpeg\",\"datePublished\":\"2026-03-06T14:26:06+00:00\",\"dateModified\":\"2026-03-08T17:54:29+00:00\",\"description\":\"Pehme puuvillane naiste pusa kirjaga. Mugav ja stiilne dressipluus igap\u00e4evaseks kandmiseks. \u00dcks suurus sobib XS\u2013L kandjale.\",\"breadcrumb\":{\"@id\":\"https:\/\/www.karinibutiik.ee\/toode\/puuvillane-naiste-pusa\/#breadcrumb\"},\"inLanguage\":\"ru-RU\",\"potentialAction\":[{\"@type\":\"ReadAction\",\"target\":[\"https:\/\/www.karinibutiik.ee\/toode\/puuvillane-naiste-pusa\/\"]}]},{\"@type\":\"ImageObject\",\"inLanguage\":\"ru-RU\",\"@id\":\"https:\/\/www.karinibutiik.ee\/toode\/puuvillane-naiste-pusa\/#primaryimage\",\"url\":\"https:\/\/www.karinibutiik.ee\/wp-content\/uploads\/2026\/03\/C330D6D5-8AC2-4A80-A36F-CD4BFFCE8314-scaled.jpeg\",\"contentUrl\":\"https:\/\/www.karinibutiik.ee\/wp-content\/uploads\/2026\/03\/C330D6D5-8AC2-4A80-A36F-CD4BFFCE8314-scaled.jpeg\",\"width\":1920,\"height\":2560,\"caption\":\"Pehme puuvillane naiste pusa kirjaga, mugav oversized dressipluus igap\u00e4evaseks kandmiseks.\"},{\"@type\":\"BreadcrumbList\",\"@id\":\"https:\/\/www.karinibutiik.ee\/toode\/puuvillane-naiste-pusa\/#breadcrumb\",\"itemListElement\":[{\"@type\":\"ListItem\",\"position\":1,\"name\":\"Home\",\"item\":\"https:\/\/www.karinibutiik.ee\/\"},{\"@type\":\"ListItem\",\"position\":2,\"name\":\"Pood\",\"item\":\"https:\/\/www.karinibutiik.ee\/pood\/\"},{\"@type\":\"ListItem\",\"position\":3,\"name\":\"Puuvillane naiste pusa\"}]},{\"@type\":\"WebSite\",\"@id\":\"https:\/\/www.karinibutiik.ee\/#website\",\"url\":\"https:\/\/www.karinibutiik.ee\/\",\"name\":\"Karini Butiik\",\"description\":\"\",\"publisher\":{\"@id\":\"https:\/\/www.karinibutiik.ee\/#organization\"},\"potentialAction\":[{\"@type\":\"SearchAction\",\"target\":{\"@type\":\"EntryPoint\",\"urlTemplate\":\"https:\/\/www.karinibutiik.ee\/?s={search_term_string}\"},\"query-input\":{\"@type\":\"PropertyValueSpecification\",\"valueRequired\":true,\"valueName\":\"search_term_string\"}}],\"inLanguage\":\"ru-RU\"},{\"@type\":\"Organization\",\"@id\":\"https:\/\/www.karinibutiik.ee\/#organization\",\"name\":\"Karini Butiik\",\"url\":\"https:\/\/www.karinibutiik.ee\/\",\"logo\":{\"@type\":\"ImageObject\",\"inLanguage\":\"ru-RU\",\"@id\":\"https:\/\/www.karinibutiik.ee\/#\/schema\/logo\/image\/\",\"url\":\"https:\/\/www.karinibutiik.ee\/wp-content\/uploads\/2024\/10\/Kuj.-K-koopia.png\",\"contentUrl\":\"https:\/\/www.karinibutiik.ee\/wp-content\/uploads\/2024\/10\/Kuj.-K-koopia.png\",\"width\":500,\"height\":500,\"caption\":\"Karini Butiik\"},\"image\":{\"@id\":\"https:\/\/www.karinibutiik.ee\/#\/schema\/logo\/image\/\"},\"sameAs\":[\"https:\/\/www.facebook.com\/karinibutiik.ee\",\"https:\/\/www.instagram.com\/karinibutiik\"]}]}<\/script>\n<meta property=\"og:availability\" content=\"instock\" \/>\n<meta property=\"product:availability\" content=\"instock\" \/>\n<meta property=\"product:retailer_item_id\" content=\"5413\" \/>\n<meta property=\"product:condition\" content=\"new\" \/>\n<!-- \/ Yoast SEO plugin. -->","yoast_head_json":{"title":"Puuvillane naiste pusa - Karini Butiik","description":"Pehme puuvillane naiste pusa kirjaga. Mugav ja stiilne dressipluus igap\u00e4evaseks kandmiseks. \u00dcks suurus sobib XS\u2013L kandjale.","robots":{"index":"index","follow":"follow","max-snippet":"max-snippet:-1","max-image-preview":"max-image-preview:large","max-video-preview":"max-video-preview:-1"},"canonical":"https:\/\/www.karinibutiik.ee\/ru\/\u043f\u0440\u043e\u0434\u0443\u043a\u0442\/puuvillane-naiste-pusa\/","og_locale":"ru_RU","og_type":"article","og_title":"Puuvillane naiste pusa - Karini Butiik","og_description":"Pehme puuvillane naiste pusa kirjaga. Mugav ja stiilne dressipluus igap\u00e4evaseks kandmiseks. \u00dcks suurus sobib XS\u2013L kandjale.","og_url":"https:\/\/www.karinibutiik.ee\/ru\/\u043f\u0440\u043e\u0434\u0443\u043a\u0442\/puuvillane-naiste-pusa\/","og_site_name":"Karini Butiik","article_publisher":"https:\/\/www.facebook.com\/karinibutiik.ee","article_modified_time":"2026-03-08T17:54:29+00:00","og_image":[{"width":1920,"height":2560,"url":"https:\/\/www.karinibutiik.ee\/wp-content\/uploads\/2026\/03\/C330D6D5-8AC2-4A80-A36F-CD4BFFCE8314-scaled.jpeg","type":"image\/jpeg"}],"twitter_card":"summary_large_image","twitter_misc":{"\u0414\u043e\u0441\u0442\u0443\u043f\u043d\u043e\u0441\u0442\u044c":"\u0412 \u043d\u0430\u043b\u0438\u0447\u0438\u0438"},"schema":{"@context":"https:\/\/schema.org","@graph":[{"@type":"WebPage","@id":"https:\/\/www.karinibutiik.ee\/toode\/puuvillane-naiste-pusa\/","url":"https:\/\/www.karinibutiik.ee\/toode\/puuvillane-naiste-pusa\/","name":"Puuvillane naiste pusa - Karini Butiik","isPartOf":{"@id":"https:\/\/www.karinibutiik.ee\/#website"},"primaryImageOfPage":{"@id":"https:\/\/www.karinibutiik.ee\/toode\/puuvillane-naiste-pusa\/#primaryimage"},"image":{"@id":"https:\/\/www.karinibutiik.ee\/toode\/puuvillane-naiste-pusa\/#primaryimage"},"thumbnailUrl":"https:\/\/www.karinibutiik.ee\/wp-content\/uploads\/2026\/03\/C330D6D5-8AC2-4A80-A36F-CD4BFFCE8314-scaled.jpeg","datePublished":"2026-03-06T14:26:06+00:00","dateModified":"2026-03-08T17:54:29+00:00","description":"Pehme puuvillane naiste pusa kirjaga. Mugav ja stiilne dressipluus igap\u00e4evaseks kandmiseks. \u00dcks suurus sobib XS\u2013L kandjale.","breadcrumb":{"@id":"https:\/\/www.karinibutiik.ee\/toode\/puuvillane-naiste-pusa\/#breadcrumb"},"inLanguage":"ru-RU","potentialAction":[{"@type":"ReadAction","target":["https:\/\/www.karinibutiik.ee\/toode\/puuvillane-naiste-pusa\/"]}]},{"@type":"ImageObject","inLanguage":"ru-RU","@id":"https:\/\/www.karinibutiik.ee\/toode\/puuvillane-naiste-pusa\/#primaryimage","url":"https:\/\/www.karinibutiik.ee\/wp-content\/uploads\/2026\/03\/C330D6D5-8AC2-4A80-A36F-CD4BFFCE8314-scaled.jpeg","contentUrl":"https:\/\/www.karinibutiik.ee\/wp-content\/uploads\/2026\/03\/C330D6D5-8AC2-4A80-A36F-CD4BFFCE8314-scaled.jpeg","width":1920,"height":2560,"caption":"Pehme puuvillane naiste pusa kirjaga, mugav oversized dressipluus igap\u00e4evaseks kandmiseks."},{"@type":"BreadcrumbList","@id":"https:\/\/www.karinibutiik.ee\/toode\/puuvillane-naiste-pusa\/#breadcrumb","itemListElement":[{"@type":"ListItem","position":1,"name":"Home","item":"https:\/\/www.karinibutiik.ee\/"},{"@type":"ListItem","position":2,"name":"Pood","item":"https:\/\/www.karinibutiik.ee\/pood\/"},{"@type":"ListItem","position":3,"name":"Puuvillane naiste pusa"}]},{"@type":"WebSite","@id":"https:\/\/www.karinibutiik.ee\/#website","url":"https:\/\/www.karinibutiik.ee\/","name":"\u041a\u0430\u0440\u0438\u043d\u0438 \u0411\u0443\u0442\u0438\u043a","description":"","publisher":{"@id":"https:\/\/www.karinibutiik.ee\/#organization"},"potentialAction":[{"@type":"SearchAction","target":{"@type":"EntryPoint","urlTemplate":"https:\/\/www.karinibutiik.ee\/?s={search_term_string}"},"query-input":{"@type":"PropertyValueSpecification","valueRequired":true,"valueName":"search_term_string"}}],"inLanguage":"ru-RU"},{"@type":"Organization","@id":"https:\/\/www.karinibutiik.ee\/#organization","name":"\u041a\u0430\u0440\u0438\u043d\u0438 \u0411\u0443\u0442\u0438\u043a","url":"https:\/\/www.karinibutiik.ee\/","logo":{"@type":"ImageObject","inLanguage":"ru-RU","@id":"https:\/\/www.karinibutiik.ee\/#\/schema\/logo\/image\/","url":"https:\/\/www.karinibutiik.ee\/wp-content\/uploads\/2024\/10\/Kuj.-K-koopia.png","contentUrl":"https:\/\/www.karinibutiik.ee\/wp-content\/uploads\/2024\/10\/Kuj.-K-koopia.png","width":500,"height":500,"caption":"Karini Butiik"},"image":{"@id":"https:\/\/www.karinibutiik.ee\/#\/schema\/logo\/image\/"},"sameAs":["https:\/\/www.facebook.com\/karinibutiik.ee","https:\/\/www.instagram.com\/karinibutiik"]}]},"og_availability":"instock","product_availability":"instock","product_retailer_item_id":"5413","product_condition":"new"},"_links":{"self":[{"href":"https:\/\/www.karinibutiik.ee\/ru\/wp-json\/wp\/v2\/product\/26553","targetHints":{"allow":["GET"]}}],"collection":[{"href":"https:\/\/www.karinibutiik.ee\/ru\/wp-json\/wp\/v2\/product"}],"about":[{"href":"https:\/\/www.karinibutiik.ee\/ru\/wp-json\/wp\/v2\/types\/product"}],"version-history":[{"count":1,"href":"https:\/\/www.karinibutiik.ee\/ru\/wp-json\/wp\/v2\/product\/26553\/revisions"}],"predecessor-version":[{"id":26555,"href":"https:\/\/www.karinibutiik.ee\/ru\/wp-json\/wp\/v2\/product\/26553\/revisions\/26555"}],"wp:featuredmedia":[{"embeddable":true,"href":"https:\/\/www.karinibutiik.ee\/ru\/wp-json\/wp\/v2\/media\/26519"}],"wp:attachment":[{"href":"https:\/\/www.karinibutiik.ee\/ru\/wp-json\/wp\/v2\/media?parent=26553"}],"wp:term":[{"taxonomy":"product_brand","embeddable":true,"href":"https:\/\/www.karinibutiik.ee\/ru\/wp-json\/wp\/v2\/product_brand?post=26553"},{"taxonomy":"product_cat","embeddable":true,"href":"https:\/\/www.karinibutiik.ee\/ru\/wp-json\/wp\/v2\/product_cat?post=26553"},{"taxonomy":"product_tag","embeddable":true,"href":"https:\/\/www.karinibutiik.ee\/ru\/wp-json\/wp\/v2\/product_tag?post=26553"}],"curies":[{"name":"wp","href":"https:\/\/api.w.org\/{rel}","templated":true}]}}